{"id":31401,"date":"2024-08-28T00:20:02","date_gmt":"2024-08-27T22:20:02","guid":{"rendered":"https:\/\/annette-ahrens.at\/onlineshop\/?post_type=product&#038;p=31401"},"modified":"2024-08-28T00:22:01","modified_gmt":"2024-08-27T22:22:01","slug":"hans-ofner-grosser-jugendstil-henkelkorb-fa-argentor-wien-um-1900-4","status":"publish","type":"product","link":"https:\/\/annette-ahrens.at\/onlineshop\/produkt\/hans-ofner-grosser-jugendstil-henkelkorb-fa-argentor-wien-um-1900-4\/","title":{"rendered":"Hans Ofner, Gro\u00dfer Jugendstil Henkelkorb, Fa. Argentor, Wien, um 1900"},"content":{"rendered":"<p>Gro\u00dfer Jugendstil Henkelkorb<\/p>\n<p>Entwurf von Hans Ofner (St. P\u00f6lten 1880 &#8211; 1939 Salzburg) f\u00fcr Fa. Argentor, Wien, um 1900<\/p>\n<p>Alpacca, versilbert, rund, 4 Beine, runder Henkel mit Perlstab, am Boden gemarkt ARGENTOR A.S., ohne Glaseinsatz, tadelloser Erhaltungszustand<\/p>\n<p>H 20 cm<\/p>\n<p>Dm 21,5 cm<\/p>\n","protected":false},"excerpt":{"rendered":"<p>Annettes Etikette: Hans Ofner (St. P\u00f6lten 1880 \u2013 1939 Salzburg) ist im internationalen Kunsthandel ein beliebter K\u00fcnstler. Kaum wird ihm ein Objekt zugeschrieben, ist die Preisgestaltung entsprechend. Er hatte bei Josef Hoffmann an der Kunstgewerbeschule studiert und zeigte als in St. P\u00f6lten geborener bereits im Alter von 25 Jahren seine Objekte in den St. P\u00f6ltner Stadts\u00e4len. 1908 konnte er sich an der Kunstschau in Wien beteiligen. Seine Entw\u00fcrfe wurden wie hier bei der Firma Argentor, weiters bei Wolkenstein &amp; Gl\u00fcckselig und Bakalowits ausgef\u00fchrt.<\/p>\n","protected":false},"featured_media":31386,"comment_status":"open","ping_status":"closed","template":"","meta":[],"product_brand":[],"product_cat":[276,298,299,292,281,131,53,308,26],"product_tag":[],"class_list":{"0":"post-31401","1":"product","2":"type-product","3":"status-publish","4":"has-post-thumbnail","6":"product_cat-alpacca","7":"product_cat-buffet","8":"product_cat-cocktailparty","9":"product_cat-muttertag","10":"product_cat-tafelaufsatz","11":"product_cat-tafeldekorationen","12":"product_cat-weihnachten","13":"product_cat-weihnachtsgebaeck","14":"product_cat-wiener-melange","16":"first","17":"instock","18":"sold-individually","19":"purchasable","20":"product-type-simple"},"yoast_head":"<!-- This site is optimized with the Yoast SEO Premium plugin v15.8.2 - https:\/\/yoast.com\/wordpress\/plugins\/seo\/ -->\n<title>Hans Ofner, Gro\u00dfer Jugendstil Henkelkorb, Fa. Argentor, Wien, um 1900<\/title>\n<meta name=\"description\" content=\"Hans Ofner, Gro\u00dfer Jugendstil Henkelkorb, Fa. Argentor, Wien, um 1900 \u2665 Antiquit\u00e4ten Online kaufen \u2713 Sichere Lieferung \u2713\" \/>\n<meta name=\"robots\" content=\"index, follow, max-snippet:-1, max-image-preview:large, max-video-preview:-1\" \/>\n<link rel=\"canonical\" href=\"https:\/\/annette-ahrens.at\/onlineshop\/produkt\/hans-ofner-grosser-jugendstil-henkelkorb-fa-argentor-wien-um-1900-4\/\" \/>\n<meta property=\"og:locale\" content=\"de_DE\" \/>\n<meta property=\"og:type\" content=\"article\" \/>\n<meta property=\"og:title\" content=\"Hans Ofner, Gro\u00dfer Jugendstil Henkelkorb, Fa. Argentor, Wien, um 1900\" \/>\n<meta property=\"og:description\" content=\"Hans Ofner, Gro\u00dfer Jugendstil Henkelkorb, Fa. Argentor, Wien, um 1900 \u2665 Antiquit\u00e4ten Online kaufen \u2713 Sichere Lieferung \u2713\" \/>\n<meta property=\"og:url\" content=\"https:\/\/annette-ahrens.at\/onlineshop\/produkt\/hans-ofner-grosser-jugendstil-henkelkorb-fa-argentor-wien-um-1900-4\/\" \/>\n<meta property=\"og:site_name\" content=\"Tafelkultur Onlineshop\" \/>\n<meta property=\"article:publisher\" content=\"https:\/\/www.facebook.com\/AnnetteAhrensTafelkultur\" \/>\n<meta property=\"article:modified_time\" content=\"2024-08-27T22:22:01+00:00\" \/>\n<meta property=\"og:image\" content=\"https:\/\/annette-ahrens.at\/onlineshop\/wp-content\/uploads\/2024\/10\/IMG_0965-scaled.jpeg\" \/>\n\t<meta property=\"og:image:width\" content=\"1920\" \/>\n\t<meta property=\"og:image:height\" content=\"2560\" \/>\n<meta name=\"twitter:card\" content=\"summary_large_image\" \/>\n<meta name=\"twitter:label1\" content=\"Gesch\u00e4tzte Lesezeit\">\n\t<meta name=\"twitter:data1\" content=\"1\u00a0Minute\">\n<script type=\"application\/ld+json\" class=\"yoast-schema-graph\">{\"@context\":\"https:\/\/schema.org\",\"@graph\":[{\"@type\":[\"Person\",\"Organization\"],\"@id\":\"https:\/\/annette-ahrens.at\/onlineshop\/#\/schema\/person\/3e19676faae246bba0cb3b7e15f427d8\",\"name\":\"Annette Ahrens\",\"image\":{\"@type\":\"ImageObject\",\"@id\":\"https:\/\/annette-ahrens.at\/onlineshop\/#personlogo\",\"inLanguage\":\"de\",\"url\":\"https:\/\/annette-ahrens.at\/onlineshop\/wp-content\/uploads\/2020\/04\/aa_logo_End.png\",\"width\":800,\"height\":164,\"caption\":\"Annette Ahrens\"},\"logo\":{\"@id\":\"https:\/\/annette-ahrens.at\/onlineshop\/#personlogo\"},\"sameAs\":[\"https:\/\/annette-ahrens.at\",\"https:\/\/www.facebook.com\/AnnetteAhrensTafelkultur\",\"https:\/\/www.instagram.com\/tafelkulturistin\/\",\"https:\/\/de.wikipedia.org\/wiki\/Annette_Ahrens\"]},{\"@type\":\"WebSite\",\"@id\":\"https:\/\/annette-ahrens.at\/onlineshop\/#website\",\"url\":\"https:\/\/annette-ahrens.at\/onlineshop\/\",\"name\":\"Tafelkultur Onlineshop\",\"description\":\"Annette Ahrens\",\"publisher\":{\"@id\":\"https:\/\/annette-ahrens.at\/onlineshop\/#\/schema\/person\/3e19676faae246bba0cb3b7e15f427d8\"},\"potentialAction\":[{\"@type\":\"SearchAction\",\"target\":\"https:\/\/annette-ahrens.at\/onlineshop\/?s={search_term_string}\",\"query-input\":\"required name=search_term_string\"}],\"inLanguage\":\"de\"},{\"@type\":\"ImageObject\",\"@id\":\"https:\/\/annette-ahrens.at\/onlineshop\/produkt\/hans-ofner-grosser-jugendstil-henkelkorb-fa-argentor-wien-um-1900-4\/#primaryimage\",\"inLanguage\":\"de\",\"url\":\"https:\/\/annette-ahrens.at\/onlineshop\/wp-content\/uploads\/2024\/10\/IMG_0965-scaled.jpeg\",\"width\":1920,\"height\":2560,\"caption\":\"henkelkorb_argentor_ofner\"},{\"@type\":[\"WebPage\",\"ItemPage\"],\"@id\":\"https:\/\/annette-ahrens.at\/onlineshop\/produkt\/hans-ofner-grosser-jugendstil-henkelkorb-fa-argentor-wien-um-1900-4\/#webpage\",\"url\":\"https:\/\/annette-ahrens.at\/onlineshop\/produkt\/hans-ofner-grosser-jugendstil-henkelkorb-fa-argentor-wien-um-1900-4\/\",\"name\":\"Hans Ofner, Gro\\u00dfer Jugendstil Henkelkorb, Fa. Argentor, Wien, um 1900\",\"isPartOf\":{\"@id\":\"https:\/\/annette-ahrens.at\/onlineshop\/#website\"},\"primaryImageOfPage\":{\"@id\":\"https:\/\/annette-ahrens.at\/onlineshop\/produkt\/hans-ofner-grosser-jugendstil-henkelkorb-fa-argentor-wien-um-1900-4\/#primaryimage\"},\"datePublished\":\"2024-08-27T22:20:02+00:00\",\"dateModified\":\"2024-08-27T22:22:01+00:00\",\"description\":\"Hans Ofner, Gro\\u00dfer Jugendstil Henkelkorb, Fa. Argentor, Wien, um 1900 \\u2665 Antiquit\\u00e4ten Online kaufen \\u2713 Sichere Lieferung \\u2713\",\"breadcrumb\":{\"@id\":\"https:\/\/annette-ahrens.at\/onlineshop\/produkt\/hans-ofner-grosser-jugendstil-henkelkorb-fa-argentor-wien-um-1900-4\/#breadcrumb\"},\"inLanguage\":\"de\",\"potentialAction\":[{\"@type\":\"ReadAction\",\"target\":[\"https:\/\/annette-ahrens.at\/onlineshop\/produkt\/hans-ofner-grosser-jugendstil-henkelkorb-fa-argentor-wien-um-1900-4\/\"]}]},{\"@type\":\"BreadcrumbList\",\"@id\":\"https:\/\/annette-ahrens.at\/onlineshop\/produkt\/hans-ofner-grosser-jugendstil-henkelkorb-fa-argentor-wien-um-1900-4\/#breadcrumb\",\"itemListElement\":[{\"@type\":\"ListItem\",\"position\":1,\"item\":{\"@type\":\"WebPage\",\"@id\":\"https:\/\/annette-ahrens.at\/onlineshop\/\",\"url\":\"https:\/\/annette-ahrens.at\/onlineshop\/\",\"name\":\"Home\"}},{\"@type\":\"ListItem\",\"position\":2,\"item\":{\"@type\":\"WebPage\",\"@id\":\"https:\/\/annette-ahrens.at\/onlineshop\/alle-tafelkultur-objekte\/\",\"url\":\"https:\/\/annette-ahrens.at\/onlineshop\/alle-tafelkultur-objekte\/\",\"name\":\"Alle Tafelkultur Objekte\"}},{\"@type\":\"ListItem\",\"position\":3,\"item\":{\"@type\":\"WebPage\",\"@id\":\"https:\/\/annette-ahrens.at\/onlineshop\/produkt\/hans-ofner-grosser-jugendstil-henkelkorb-fa-argentor-wien-um-1900-4\/\",\"url\":\"https:\/\/annette-ahrens.at\/onlineshop\/produkt\/hans-ofner-grosser-jugendstil-henkelkorb-fa-argentor-wien-um-1900-4\/\",\"name\":\"Hans Ofner, Gro\\u00dfer Jugendstil Henkelkorb, Fa. Argentor, Wien, um 1900\"}}]}]}<\/script>\n<!-- \/ Yoast SEO Premium plugin. -->","_links":{"self":[{"href":"https:\/\/annette-ahrens.at\/onlineshop\/wp-json\/wp\/v2\/product\/31401","targetHints":{"allow":["GET"]}}],"collection":[{"href":"https:\/\/annette-ahrens.at\/onlineshop\/wp-json\/wp\/v2\/product"}],"about":[{"href":"https:\/\/annette-ahrens.at\/onlineshop\/wp-json\/wp\/v2\/types\/product"}],"replies":[{"embeddable":true,"href":"https:\/\/annette-ahrens.at\/onlineshop\/wp-json\/wp\/v2\/comments?post=31401"}],"wp:featuredmedia":[{"embeddable":true,"href":"https:\/\/annette-ahrens.at\/onlineshop\/wp-json\/wp\/v2\/media\/31386"}],"wp:attachment":[{"href":"https:\/\/annette-ahrens.at\/onlineshop\/wp-json\/wp\/v2\/media?parent=31401"}],"wp:term":[{"taxonomy":"product_brand","embeddable":true,"href":"https:\/\/annette-ahrens.at\/onlineshop\/wp-json\/wp\/v2\/product_brand?post=31401"},{"taxonomy":"product_cat","embeddable":true,"href":"https:\/\/annette-ahrens.at\/onlineshop\/wp-json\/wp\/v2\/product_cat?post=31401"},{"taxonomy":"product_tag","embeddable":true,"href":"https:\/\/annette-ahrens.at\/onlineshop\/wp-json\/wp\/v2\/product_tag?post=31401"}],"curies":[{"name":"wp","href":"https:\/\/api.w.org\/{rel}","templated":true}]}}