{"id":31521,"date":"2024-09-18T00:42:23","date_gmt":"2024-09-17T22:42:23","guid":{"rendered":"https:\/\/annette-ahrens.at\/onlineshop\/?post_type=product&#038;p=31521"},"modified":"2024-09-17T13:59:50","modified_gmt":"2024-09-17T11:59:50","slug":"art-deco-service-ladislav-sutnar-boehmen-um-1930","status":"publish","type":"product","link":"https:\/\/annette-ahrens.at\/onlineshop\/produkt\/art-deco-service-ladislav-sutnar-boehmen-um-1930\/","title":{"rendered":"Art Deco Service, Ladislav Sutnar, B\u00f6hmen, um 1930"},"content":{"rendered":"<p>Art Deco Service<\/p>\n<p>Entwurf: Ladislav Sutnar (Pilsen 1897 &#8211; 1976 New York) f\u00fcr Kr\u00e1sna jizba, Dru\u017estevn\u00ed pr\u00e1ce,\u00a0B\u00f6hmen, um 1930<\/p>\n<p>Ausf\u00fchrung: Haas &amp; Ciczek, B\u00f6hmen, um 1930<\/p>\n<p>Porzellan, rot bemalt, bestehend aus Kanne mit Deckel, Zuckerdose mit Deckel, Milchkanne, 6 Desserttellern, 6 Teeschalen mit 6 Untertellern, gr\u00fcne Marke f\u00fcr Haas &amp; Ciczek, tadelloser Zustand<\/p>\n<p>Literatur: Alena Adlerov\u00e1, <em>\u010cesk\u00e9 u\u017eit\u00e9 um\u011bn\u00ed 1918\u20131938<\/em>, Praha 1983, s. 124.; <em>Kr\u00e1sn\u00e1 jizba dp 1927-1948: Design for Democracy\u00a0<\/em>(Museum of Decorative Arts, Prague, 13 September 2018 to 3 March 2019)<\/p>\n","protected":false},"excerpt":{"rendered":"<p>Annettes Etikette: Der Designer\u00a0Ladislav Sutnar (Pilsen 1897 \u2013 1976 New York) geh\u00f6rte zur 1908 in Prag gegr\u00fcndeten K\u00fcnstlergenossenschaft\u00a0<span class=\"mw-page-title-main\">Art\u011bl. Auch f\u00fcr die Sch\u00f6ne Stube (\u201c<\/span>Kr\u00e1sna jizba, Dru\u017estevn\u00ed pr\u00e1ce\u201d) sind Entw\u00fcrfe wie vorliegendes Teeservice belegt. Sutnar entwarf dieses einfache, aber zeitlose Design Ende der 1920er als Speise, Mokka- und Teeservice und variierte lediglich den Dekor von einfacher roter oder gr\u00fcner Linie bis zum vollrotem, blauem oder gelben Fond. Ein so komplettes Teeservice mit zugeh\u00f6rigen Tellern ist selten am Markt zu finden.<\/p>\n","protected":false},"featured_media":31821,"comment_status":"open","ping_status":"closed","template":"","meta":[],"product_brand":[],"product_cat":[25,297,32,18,54,38,268],"product_tag":[],"class_list":{"0":"post-31521","1":"product","2":"type-product","3":"status-publish","4":"has-post-thumbnail","6":"product_cat-5o-clock-tea","7":"product_cat-adventjause","8":"product_cat-festefeiern","9":"product_cat-fruehstueck","10":"product_cat-porzellan","11":"product_cat-tee","12":"product_cat-tee-5o-clock-tea","14":"first","15":"instock","16":"sold-individually","17":"purchasable","18":"product-type-simple"},"yoast_head":"<!-- This site is optimized with the Yoast SEO Premium plugin v15.8.2 - https:\/\/yoast.com\/wordpress\/plugins\/seo\/ -->\n<title>Art Deco Service, Ladislav Sutnar, B\u00f6hmen, um 1930<\/title>\n<meta name=\"description\" content=\"Art Deco Service, Ladislav Sutnar, B\u00f6hmen, um 1930 \u2665 Antiquit\u00e4ten Online kaufen \u2713 Sichere Lieferung \u2713\" \/>\n<meta name=\"robots\" content=\"index, follow, max-snippet:-1, max-image-preview:large, max-video-preview:-1\" \/>\n<link rel=\"canonical\" href=\"https:\/\/annette-ahrens.at\/onlineshop\/produkt\/art-deco-service-ladislav-sutnar-boehmen-um-1930\/\" \/>\n<meta property=\"og:locale\" content=\"de_DE\" \/>\n<meta property=\"og:type\" content=\"article\" \/>\n<meta property=\"og:title\" content=\"Art Deco Service, Ladislav Sutnar, B\u00f6hmen, um 1930\" \/>\n<meta property=\"og:description\" content=\"Art Deco Service, Ladislav Sutnar, B\u00f6hmen, um 1930 \u2665 Antiquit\u00e4ten Online kaufen \u2713 Sichere Lieferung \u2713\" \/>\n<meta property=\"og:url\" content=\"https:\/\/annette-ahrens.at\/onlineshop\/produkt\/art-deco-service-ladislav-sutnar-boehmen-um-1930\/\" \/>\n<meta property=\"og:site_name\" content=\"Tafelkultur Onlineshop\" \/>\n<meta property=\"article:publisher\" content=\"https:\/\/www.facebook.com\/AnnetteAhrensTafelkultur\" \/>\n<meta property=\"article:modified_time\" content=\"2024-09-17T11:59:50+00:00\" \/>\n<meta property=\"og:image\" content=\"https:\/\/annette-ahrens.at\/onlineshop\/wp-content\/uploads\/2024\/09\/IMG_1413-scaled.jpeg\" \/>\n\t<meta property=\"og:image:width\" content=\"2560\" \/>\n\t<meta property=\"og:image:height\" content=\"2344\" \/>\n<meta name=\"twitter:card\" content=\"summary_large_image\" \/>\n<meta name=\"twitter:label1\" content=\"Gesch\u00e4tzte Lesezeit\">\n\t<meta name=\"twitter:data1\" content=\"1\u00a0Minute\">\n<script type=\"application\/ld+json\" class=\"yoast-schema-graph\">{\"@context\":\"https:\/\/schema.org\",\"@graph\":[{\"@type\":[\"Person\",\"Organization\"],\"@id\":\"https:\/\/annette-ahrens.at\/onlineshop\/#\/schema\/person\/3e19676faae246bba0cb3b7e15f427d8\",\"name\":\"Annette Ahrens\",\"image\":{\"@type\":\"ImageObject\",\"@id\":\"https:\/\/annette-ahrens.at\/onlineshop\/#personlogo\",\"inLanguage\":\"de\",\"url\":\"https:\/\/annette-ahrens.at\/onlineshop\/wp-content\/uploads\/2020\/04\/aa_logo_End.png\",\"width\":800,\"height\":164,\"caption\":\"Annette Ahrens\"},\"logo\":{\"@id\":\"https:\/\/annette-ahrens.at\/onlineshop\/#personlogo\"},\"sameAs\":[\"https:\/\/annette-ahrens.at\",\"https:\/\/www.facebook.com\/AnnetteAhrensTafelkultur\",\"https:\/\/www.instagram.com\/tafelkulturistin\/\",\"https:\/\/de.wikipedia.org\/wiki\/Annette_Ahrens\"]},{\"@type\":\"WebSite\",\"@id\":\"https:\/\/annette-ahrens.at\/onlineshop\/#website\",\"url\":\"https:\/\/annette-ahrens.at\/onlineshop\/\",\"name\":\"Tafelkultur Onlineshop\",\"description\":\"Annette Ahrens\",\"publisher\":{\"@id\":\"https:\/\/annette-ahrens.at\/onlineshop\/#\/schema\/person\/3e19676faae246bba0cb3b7e15f427d8\"},\"potentialAction\":[{\"@type\":\"SearchAction\",\"target\":\"https:\/\/annette-ahrens.at\/onlineshop\/?s={search_term_string}\",\"query-input\":\"required name=search_term_string\"}],\"inLanguage\":\"de\"},{\"@type\":\"ImageObject\",\"@id\":\"https:\/\/annette-ahrens.at\/onlineshop\/produkt\/art-deco-service-ladislav-sutnar-boehmen-um-1930\/#primaryimage\",\"inLanguage\":\"de\",\"url\":\"https:\/\/annette-ahrens.at\/onlineshop\/wp-content\/uploads\/2024\/09\/IMG_1413-scaled.jpeg\",\"width\":2560,\"height\":2344,\"caption\":\"service_sutnar\"},{\"@type\":[\"WebPage\",\"ItemPage\"],\"@id\":\"https:\/\/annette-ahrens.at\/onlineshop\/produkt\/art-deco-service-ladislav-sutnar-boehmen-um-1930\/#webpage\",\"url\":\"https:\/\/annette-ahrens.at\/onlineshop\/produkt\/art-deco-service-ladislav-sutnar-boehmen-um-1930\/\",\"name\":\"Art Deco Service, Ladislav Sutnar, B\\u00f6hmen, um 1930\",\"isPartOf\":{\"@id\":\"https:\/\/annette-ahrens.at\/onlineshop\/#website\"},\"primaryImageOfPage\":{\"@id\":\"https:\/\/annette-ahrens.at\/onlineshop\/produkt\/art-deco-service-ladislav-sutnar-boehmen-um-1930\/#primaryimage\"},\"datePublished\":\"2024-09-17T22:42:23+00:00\",\"dateModified\":\"2024-09-17T11:59:50+00:00\",\"description\":\"Art Deco Service, Ladislav Sutnar, B\\u00f6hmen, um 1930 \\u2665 Antiquit\\u00e4ten Online kaufen \\u2713 Sichere Lieferung \\u2713\",\"breadcrumb\":{\"@id\":\"https:\/\/annette-ahrens.at\/onlineshop\/produkt\/art-deco-service-ladislav-sutnar-boehmen-um-1930\/#breadcrumb\"},\"inLanguage\":\"de\",\"potentialAction\":[{\"@type\":\"ReadAction\",\"target\":[\"https:\/\/annette-ahrens.at\/onlineshop\/produkt\/art-deco-service-ladislav-sutnar-boehmen-um-1930\/\"]}]},{\"@type\":\"BreadcrumbList\",\"@id\":\"https:\/\/annette-ahrens.at\/onlineshop\/produkt\/art-deco-service-ladislav-sutnar-boehmen-um-1930\/#breadcrumb\",\"itemListElement\":[{\"@type\":\"ListItem\",\"position\":1,\"item\":{\"@type\":\"WebPage\",\"@id\":\"https:\/\/annette-ahrens.at\/onlineshop\/\",\"url\":\"https:\/\/annette-ahrens.at\/onlineshop\/\",\"name\":\"Home\"}},{\"@type\":\"ListItem\",\"position\":2,\"item\":{\"@type\":\"WebPage\",\"@id\":\"https:\/\/annette-ahrens.at\/onlineshop\/alle-tafelkultur-objekte\/\",\"url\":\"https:\/\/annette-ahrens.at\/onlineshop\/alle-tafelkultur-objekte\/\",\"name\":\"Alle Tafelkultur Objekte\"}},{\"@type\":\"ListItem\",\"position\":3,\"item\":{\"@type\":\"WebPage\",\"@id\":\"https:\/\/annette-ahrens.at\/onlineshop\/produkt\/art-deco-service-ladislav-sutnar-boehmen-um-1930\/\",\"url\":\"https:\/\/annette-ahrens.at\/onlineshop\/produkt\/art-deco-service-ladislav-sutnar-boehmen-um-1930\/\",\"name\":\"Art Deco Service, Ladislav Sutnar, B\\u00f6hmen, um 1930\"}}]}]}<\/script>\n<!-- \/ Yoast SEO Premium plugin. -->","_links":{"self":[{"href":"https:\/\/annette-ahrens.at\/onlineshop\/wp-json\/wp\/v2\/product\/31521","targetHints":{"allow":["GET"]}}],"collection":[{"href":"https:\/\/annette-ahrens.at\/onlineshop\/wp-json\/wp\/v2\/product"}],"about":[{"href":"https:\/\/annette-ahrens.at\/onlineshop\/wp-json\/wp\/v2\/types\/product"}],"replies":[{"embeddable":true,"href":"https:\/\/annette-ahrens.at\/onlineshop\/wp-json\/wp\/v2\/comments?post=31521"}],"wp:featuredmedia":[{"embeddable":true,"href":"https:\/\/annette-ahrens.at\/onlineshop\/wp-json\/wp\/v2\/media\/31821"}],"wp:attachment":[{"href":"https:\/\/annette-ahrens.at\/onlineshop\/wp-json\/wp\/v2\/media?parent=31521"}],"wp:term":[{"taxonomy":"product_brand","embeddable":true,"href":"https:\/\/annette-ahrens.at\/onlineshop\/wp-json\/wp\/v2\/product_brand?post=31521"},{"taxonomy":"product_cat","embeddable":true,"href":"https:\/\/annette-ahrens.at\/onlineshop\/wp-json\/wp\/v2\/product_cat?post=31521"},{"taxonomy":"product_tag","embeddable":true,"href":"https:\/\/annette-ahrens.at\/onlineshop\/wp-json\/wp\/v2\/product_tag?post=31521"}],"curies":[{"name":"wp","href":"https:\/\/api.w.org\/{rel}","templated":true}]}}