{"id":31608,"date":"2024-09-02T18:58:55","date_gmt":"2024-09-02T16:58:55","guid":{"rendered":"https:\/\/annette-ahrens.at\/onlineshop\/?post_type=product&#038;p=31608"},"modified":"2026-01-10T16:16:23","modified_gmt":"2026-01-10T15:16:23","slug":"silberne-historismus-zuckerdose-mit-schwan-fa-sandrik-um-1910","status":"publish","type":"product","link":"https:\/\/annette-ahrens.at\/onlineshop\/produkt\/silberne-historismus-zuckerdose-mit-schwan-fa-sandrik-um-1910\/","title":{"rendered":"Silberne Historismus Zuckerdose mit Schwan, Fa. Sandrik, um 1910"},"content":{"rendered":"<p>Silberne Historismus Zuckerdose mit Schwan<\/p>\n<p>Fa. Sandrik, M\u00e4hren, Tschechoslowakei, um 1910<\/p>\n<p>Silber, getrieben, auf vier Volutenf\u00fcsschen, ovaler Gef\u00e4\u00dfk\u00f6rper mit Rokoko-Kartuschen, Innenvergoldung, Scharnierdeckel mit plastischem Knauf, in Gestalt eines schwimmenden Schwanes, gemarkt mit Prager Dianakopfpunze, Firmenzeichen Blume f\u00fcr Sandrik, M\u00e4hrisch-Tr\u00fcbau, funktionierendes Schloss mit Schl\u00fcssel, handpolierter Zustand<\/p>\n<p>L 15 x 12,5 x 15 cm<\/p>\n<p>416 g<\/p>\n","protected":false},"excerpt":{"rendered":"<p>Annettes Etikette: Die Firma Sandrik\/Szandrik wurde von ihrem Namensgeber Jan Sandrik 1895 in Hodrusa-Hamre gegr\u00fcndet. Mit Eintritt des K\u00fcnstlers Jan Peterka (1871 \u2013 1938) 1899 \u00e4nderte die Firma ihre Angebotspalette und reagierte mit der Produktion von plattierter Ware auf die neue Nachfrage leistbarer Objekte der Tafelkultur. Es wurden jedoch auch massiv silberne Tafelger\u00e4te hergestellt wie diese wunderbare Zuckerdose mit plastischem Schwan.<\/p>\n","protected":false},"featured_media":31609,"comment_status":"open","ping_status":"closed","template":"","meta":[],"product_brand":[],"product_cat":[25,297,18,157,158],"product_tag":[],"class_list":{"0":"post-31608","1":"product","2":"type-product","3":"status-publish","4":"has-post-thumbnail","6":"product_cat-5o-clock-tea","7":"product_cat-adventjause","8":"product_cat-fruehstueck","9":"product_cat-zucker-fruehstueck","10":"product_cat-zuckerdose","12":"first","13":"instock","14":"sold-individually","15":"purchasable","16":"product-type-simple"},"yoast_head":"<!-- This site is optimized with the Yoast SEO Premium plugin v15.8.2 - https:\/\/yoast.com\/wordpress\/plugins\/seo\/ -->\n<title>Silberne Historismus Zuckerdose mit Schwan, Fa. Sandrik, um 1910<\/title>\n<meta name=\"description\" content=\"Silberne Historismus Zuckerdose mit Schwan, Fa. Sandrik, um 1910 \u2665 Antiquit\u00e4ten Online kaufen \u2713 Sichere Lieferung \u2713\" \/>\n<meta name=\"robots\" content=\"index, follow, max-snippet:-1, max-image-preview:large, max-video-preview:-1\" \/>\n<link rel=\"canonical\" href=\"https:\/\/annette-ahrens.at\/onlineshop\/produkt\/silberne-historismus-zuckerdose-mit-schwan-fa-sandrik-um-1910\/\" \/>\n<meta property=\"og:locale\" content=\"de_DE\" \/>\n<meta property=\"og:type\" content=\"article\" \/>\n<meta property=\"og:title\" content=\"Silberne Historismus Zuckerdose mit Schwan, Fa. Sandrik, um 1910\" \/>\n<meta property=\"og:description\" content=\"Silberne Historismus Zuckerdose mit Schwan, Fa. Sandrik, um 1910 \u2665 Antiquit\u00e4ten Online kaufen \u2713 Sichere Lieferung \u2713\" \/>\n<meta property=\"og:url\" content=\"https:\/\/annette-ahrens.at\/onlineshop\/produkt\/silberne-historismus-zuckerdose-mit-schwan-fa-sandrik-um-1910\/\" \/>\n<meta property=\"og:site_name\" content=\"Tafelkultur Onlineshop\" \/>\n<meta property=\"article:publisher\" content=\"https:\/\/www.facebook.com\/AnnetteAhrensTafelkultur\" \/>\n<meta property=\"article:modified_time\" content=\"2026-01-10T15:16:23+00:00\" \/>\n<meta property=\"og:image\" content=\"https:\/\/annette-ahrens.at\/onlineshop\/wp-content\/uploads\/2024\/09\/IMG_1210-scaled.jpeg\" \/>\n\t<meta property=\"og:image:width\" content=\"2560\" \/>\n\t<meta property=\"og:image:height\" content=\"2353\" \/>\n<meta name=\"twitter:card\" content=\"summary_large_image\" \/>\n<meta name=\"twitter:label1\" content=\"Gesch\u00e4tzte Lesezeit\">\n\t<meta name=\"twitter:data1\" content=\"1\u00a0Minute\">\n<script type=\"application\/ld+json\" class=\"yoast-schema-graph\">{\"@context\":\"https:\/\/schema.org\",\"@graph\":[{\"@type\":[\"Person\",\"Organization\"],\"@id\":\"https:\/\/annette-ahrens.at\/onlineshop\/#\/schema\/person\/3e19676faae246bba0cb3b7e15f427d8\",\"name\":\"Annette Ahrens\",\"image\":{\"@type\":\"ImageObject\",\"@id\":\"https:\/\/annette-ahrens.at\/onlineshop\/#personlogo\",\"inLanguage\":\"de\",\"url\":\"https:\/\/annette-ahrens.at\/onlineshop\/wp-content\/uploads\/2020\/04\/aa_logo_End.png\",\"width\":800,\"height\":164,\"caption\":\"Annette Ahrens\"},\"logo\":{\"@id\":\"https:\/\/annette-ahrens.at\/onlineshop\/#personlogo\"},\"sameAs\":[\"https:\/\/annette-ahrens.at\",\"https:\/\/www.facebook.com\/AnnetteAhrensTafelkultur\",\"https:\/\/www.instagram.com\/tafelkulturistin\/\",\"https:\/\/de.wikipedia.org\/wiki\/Annette_Ahrens\"]},{\"@type\":\"WebSite\",\"@id\":\"https:\/\/annette-ahrens.at\/onlineshop\/#website\",\"url\":\"https:\/\/annette-ahrens.at\/onlineshop\/\",\"name\":\"Tafelkultur Onlineshop\",\"description\":\"Annette Ahrens\",\"publisher\":{\"@id\":\"https:\/\/annette-ahrens.at\/onlineshop\/#\/schema\/person\/3e19676faae246bba0cb3b7e15f427d8\"},\"potentialAction\":[{\"@type\":\"SearchAction\",\"target\":\"https:\/\/annette-ahrens.at\/onlineshop\/?s={search_term_string}\",\"query-input\":\"required name=search_term_string\"}],\"inLanguage\":\"de\"},{\"@type\":\"ImageObject\",\"@id\":\"https:\/\/annette-ahrens.at\/onlineshop\/produkt\/silberne-historismus-zuckerdose-mit-schwan-fa-sandrik-um-1910\/#primaryimage\",\"inLanguage\":\"de\",\"url\":\"https:\/\/annette-ahrens.at\/onlineshop\/wp-content\/uploads\/2024\/09\/IMG_1210-scaled.jpeg\",\"width\":2560,\"height\":2353,\"caption\":\"zuckerdose_silber_schwan\"},{\"@type\":[\"WebPage\",\"ItemPage\"],\"@id\":\"https:\/\/annette-ahrens.at\/onlineshop\/produkt\/silberne-historismus-zuckerdose-mit-schwan-fa-sandrik-um-1910\/#webpage\",\"url\":\"https:\/\/annette-ahrens.at\/onlineshop\/produkt\/silberne-historismus-zuckerdose-mit-schwan-fa-sandrik-um-1910\/\",\"name\":\"Silberne Historismus Zuckerdose mit Schwan, Fa. Sandrik, um 1910\",\"isPartOf\":{\"@id\":\"https:\/\/annette-ahrens.at\/onlineshop\/#website\"},\"primaryImageOfPage\":{\"@id\":\"https:\/\/annette-ahrens.at\/onlineshop\/produkt\/silberne-historismus-zuckerdose-mit-schwan-fa-sandrik-um-1910\/#primaryimage\"},\"datePublished\":\"2024-09-02T16:58:55+00:00\",\"dateModified\":\"2026-01-10T15:16:23+00:00\",\"description\":\"Silberne Historismus Zuckerdose mit Schwan, Fa. Sandrik, um 1910 \\u2665 Antiquit\\u00e4ten Online kaufen \\u2713 Sichere Lieferung \\u2713\",\"breadcrumb\":{\"@id\":\"https:\/\/annette-ahrens.at\/onlineshop\/produkt\/silberne-historismus-zuckerdose-mit-schwan-fa-sandrik-um-1910\/#breadcrumb\"},\"inLanguage\":\"de\",\"potentialAction\":[{\"@type\":\"ReadAction\",\"target\":[\"https:\/\/annette-ahrens.at\/onlineshop\/produkt\/silberne-historismus-zuckerdose-mit-schwan-fa-sandrik-um-1910\/\"]}]},{\"@type\":\"BreadcrumbList\",\"@id\":\"https:\/\/annette-ahrens.at\/onlineshop\/produkt\/silberne-historismus-zuckerdose-mit-schwan-fa-sandrik-um-1910\/#breadcrumb\",\"itemListElement\":[{\"@type\":\"ListItem\",\"position\":1,\"item\":{\"@type\":\"WebPage\",\"@id\":\"https:\/\/annette-ahrens.at\/onlineshop\/\",\"url\":\"https:\/\/annette-ahrens.at\/onlineshop\/\",\"name\":\"Home\"}},{\"@type\":\"ListItem\",\"position\":2,\"item\":{\"@type\":\"WebPage\",\"@id\":\"https:\/\/annette-ahrens.at\/onlineshop\/alle-tafelkultur-objekte\/\",\"url\":\"https:\/\/annette-ahrens.at\/onlineshop\/alle-tafelkultur-objekte\/\",\"name\":\"Alle Tafelkultur Objekte\"}},{\"@type\":\"ListItem\",\"position\":3,\"item\":{\"@type\":\"WebPage\",\"@id\":\"https:\/\/annette-ahrens.at\/onlineshop\/produkt\/silberne-historismus-zuckerdose-mit-schwan-fa-sandrik-um-1910\/\",\"url\":\"https:\/\/annette-ahrens.at\/onlineshop\/produkt\/silberne-historismus-zuckerdose-mit-schwan-fa-sandrik-um-1910\/\",\"name\":\"Silberne Historismus Zuckerdose mit Schwan, Fa. Sandrik, um 1910\"}}]}]}<\/script>\n<!-- \/ Yoast SEO Premium plugin. -->","_links":{"self":[{"href":"https:\/\/annette-ahrens.at\/onlineshop\/wp-json\/wp\/v2\/product\/31608","targetHints":{"allow":["GET"]}}],"collection":[{"href":"https:\/\/annette-ahrens.at\/onlineshop\/wp-json\/wp\/v2\/product"}],"about":[{"href":"https:\/\/annette-ahrens.at\/onlineshop\/wp-json\/wp\/v2\/types\/product"}],"replies":[{"embeddable":true,"href":"https:\/\/annette-ahrens.at\/onlineshop\/wp-json\/wp\/v2\/comments?post=31608"}],"wp:featuredmedia":[{"embeddable":true,"href":"https:\/\/annette-ahrens.at\/onlineshop\/wp-json\/wp\/v2\/media\/31609"}],"wp:attachment":[{"href":"https:\/\/annette-ahrens.at\/onlineshop\/wp-json\/wp\/v2\/media?parent=31608"}],"wp:term":[{"taxonomy":"product_brand","embeddable":true,"href":"https:\/\/annette-ahrens.at\/onlineshop\/wp-json\/wp\/v2\/product_brand?post=31608"},{"taxonomy":"product_cat","embeddable":true,"href":"https:\/\/annette-ahrens.at\/onlineshop\/wp-json\/wp\/v2\/product_cat?post=31608"},{"taxonomy":"product_tag","embeddable":true,"href":"https:\/\/annette-ahrens.at\/onlineshop\/wp-json\/wp\/v2\/product_tag?post=31608"}],"curies":[{"name":"wp","href":"https:\/\/api.w.org\/{rel}","templated":true}]}}