{"id":32040,"date":"2024-10-03T07:11:01","date_gmt":"2024-10-03T05:11:01","guid":{"rendered":"https:\/\/annette-ahrens.at\/onlineshop\/?post_type=product&#038;p=32040"},"modified":"2024-10-01T16:16:30","modified_gmt":"2024-10-01T14:16:30","slug":"6-midcentury-cognacschwenker-fa-moser-karlsbad-um-1960","status":"publish","type":"product","link":"https:\/\/annette-ahrens.at\/onlineshop\/produkt\/6-midcentury-cognacschwenker-fa-moser-karlsbad-um-1960\/","title":{"rendered":"6 Midcentury Cognacschwenker, Fa. Moser, Karlsbad, um 1960"},"content":{"rendered":"<p>6 Midcentury Cognacschwenker<br \/>\nFa. Moser, Karlsbad, Tschechoslowakei, um 1960<br \/>\nfarbloses Kristallglas, runder Fu\u00df mit gebauchter Kuppa, handgeschliffen, unbesch\u00e4digt und mit sch\u00f6nem Glasglanz, in originalem Geschenkskarton, originaler Firmenkleber auf jedem Glas<\/p>\n<p><span style=\"font-weight: 400;\">H \u00a015 cm<\/span><\/p>\n","protected":false},"excerpt":{"rendered":"<p>Annettes Etikette: Die Firma Moser aus Karlsbad besteht bis heute, eine Reise in die Kurstadt nach Westb\u00f6hmen lohnt, nicht nur wegen eines Rundgangs durch die 1857 von Ludwig Moser gegr\u00fcndete Glasmanufaktur und ihrem Museum. Der besondere Glanz der Mosergl\u00e4ser entsteht durch ihre au\u00dfergew\u00f6hnliche Herstellung: Mundgeblasen, Handgeschliffen und Handpoliert.<\/p>\n","protected":false},"featured_media":32057,"comment_status":"open","ping_status":"closed","template":"","meta":[],"product_brand":[],"product_cat":[212,219,27,215,299,32,300,275,296,53],"product_tag":[],"class_list":{"0":"post-32040","1":"product","2":"type-product","3":"status-publish","4":"has-post-thumbnail","6":"product_cat-apertif","7":"product_cat-barutensilien","8":"product_cat-barware","9":"product_cat-champagnerschalen","10":"product_cat-cocktailparty","11":"product_cat-festefeiern","12":"product_cat-gartenfest","13":"product_cat-glas-fachbuecher","14":"product_cat-silvester","15":"product_cat-weihnachten","17":"first","18":"instock","19":"sold-individually","20":"purchasable","21":"product-type-simple"},"yoast_head":"<!-- This site is optimized with the Yoast SEO Premium plugin v15.8.2 - https:\/\/yoast.com\/wordpress\/plugins\/seo\/ -->\n<title>6 Midcentury Cognacschwenker, Fa. Moser, Karlsbad, um 1960<\/title>\n<meta name=\"description\" content=\"6 Midcentury Cognacschwenker, Fa. Moser, Karlsbad, um 1960 \u2665 Antiquit\u00e4ten Online kaufen \u2713 Sichere Lieferung \u2713\" \/>\n<meta name=\"robots\" content=\"index, follow, max-snippet:-1, max-image-preview:large, max-video-preview:-1\" \/>\n<link rel=\"canonical\" href=\"https:\/\/annette-ahrens.at\/onlineshop\/produkt\/6-midcentury-cognacschwenker-fa-moser-karlsbad-um-1960\/\" \/>\n<meta property=\"og:locale\" content=\"de_DE\" \/>\n<meta property=\"og:type\" content=\"article\" \/>\n<meta property=\"og:title\" content=\"6 Midcentury Cognacschwenker, Fa. Moser, Karlsbad, um 1960\" \/>\n<meta property=\"og:description\" content=\"6 Midcentury Cognacschwenker, Fa. Moser, Karlsbad, um 1960 \u2665 Antiquit\u00e4ten Online kaufen \u2713 Sichere Lieferung \u2713\" \/>\n<meta property=\"og:url\" content=\"https:\/\/annette-ahrens.at\/onlineshop\/produkt\/6-midcentury-cognacschwenker-fa-moser-karlsbad-um-1960\/\" \/>\n<meta property=\"og:site_name\" content=\"Tafelkultur Onlineshop\" \/>\n<meta property=\"article:publisher\" content=\"https:\/\/www.facebook.com\/AnnetteAhrensTafelkultur\" \/>\n<meta property=\"article:modified_time\" content=\"2024-10-01T14:16:30+00:00\" \/>\n<meta property=\"og:image\" content=\"https:\/\/annette-ahrens.at\/onlineshop\/wp-content\/uploads\/2024\/10\/IMG_2056-scaled.jpeg\" \/>\n\t<meta property=\"og:image:width\" content=\"2433\" \/>\n\t<meta property=\"og:image:height\" content=\"2560\" \/>\n<meta name=\"twitter:card\" content=\"summary_large_image\" \/>\n<meta name=\"twitter:label1\" content=\"Gesch\u00e4tzte Lesezeit\">\n\t<meta name=\"twitter:data1\" content=\"1\u00a0Minute\">\n<script type=\"application\/ld+json\" class=\"yoast-schema-graph\">{\"@context\":\"https:\/\/schema.org\",\"@graph\":[{\"@type\":[\"Person\",\"Organization\"],\"@id\":\"https:\/\/annette-ahrens.at\/onlineshop\/#\/schema\/person\/3e19676faae246bba0cb3b7e15f427d8\",\"name\":\"Annette Ahrens\",\"image\":{\"@type\":\"ImageObject\",\"@id\":\"https:\/\/annette-ahrens.at\/onlineshop\/#personlogo\",\"inLanguage\":\"de\",\"url\":\"https:\/\/annette-ahrens.at\/onlineshop\/wp-content\/uploads\/2020\/04\/aa_logo_End.png\",\"width\":800,\"height\":164,\"caption\":\"Annette Ahrens\"},\"logo\":{\"@id\":\"https:\/\/annette-ahrens.at\/onlineshop\/#personlogo\"},\"sameAs\":[\"https:\/\/annette-ahrens.at\",\"https:\/\/www.facebook.com\/AnnetteAhrensTafelkultur\",\"https:\/\/www.instagram.com\/tafelkulturistin\/\",\"https:\/\/de.wikipedia.org\/wiki\/Annette_Ahrens\"]},{\"@type\":\"WebSite\",\"@id\":\"https:\/\/annette-ahrens.at\/onlineshop\/#website\",\"url\":\"https:\/\/annette-ahrens.at\/onlineshop\/\",\"name\":\"Tafelkultur Onlineshop\",\"description\":\"Annette Ahrens\",\"publisher\":{\"@id\":\"https:\/\/annette-ahrens.at\/onlineshop\/#\/schema\/person\/3e19676faae246bba0cb3b7e15f427d8\"},\"potentialAction\":[{\"@type\":\"SearchAction\",\"target\":\"https:\/\/annette-ahrens.at\/onlineshop\/?s={search_term_string}\",\"query-input\":\"required name=search_term_string\"}],\"inLanguage\":\"de\"},{\"@type\":\"ImageObject\",\"@id\":\"https:\/\/annette-ahrens.at\/onlineshop\/produkt\/6-midcentury-cognacschwenker-fa-moser-karlsbad-um-1960\/#primaryimage\",\"inLanguage\":\"de\",\"url\":\"https:\/\/annette-ahrens.at\/onlineshop\/wp-content\/uploads\/2024\/10\/IMG_2056-scaled.jpeg\",\"width\":2433,\"height\":2560,\"caption\":\"cognacgl\\u00e4ser_moser\"},{\"@type\":[\"WebPage\",\"ItemPage\"],\"@id\":\"https:\/\/annette-ahrens.at\/onlineshop\/produkt\/6-midcentury-cognacschwenker-fa-moser-karlsbad-um-1960\/#webpage\",\"url\":\"https:\/\/annette-ahrens.at\/onlineshop\/produkt\/6-midcentury-cognacschwenker-fa-moser-karlsbad-um-1960\/\",\"name\":\"6 Midcentury Cognacschwenker, Fa. Moser, Karlsbad, um 1960\",\"isPartOf\":{\"@id\":\"https:\/\/annette-ahrens.at\/onlineshop\/#website\"},\"primaryImageOfPage\":{\"@id\":\"https:\/\/annette-ahrens.at\/onlineshop\/produkt\/6-midcentury-cognacschwenker-fa-moser-karlsbad-um-1960\/#primaryimage\"},\"datePublished\":\"2024-10-03T05:11:01+00:00\",\"dateModified\":\"2024-10-01T14:16:30+00:00\",\"description\":\"6 Midcentury Cognacschwenker, Fa. Moser, Karlsbad, um 1960 \\u2665 Antiquit\\u00e4ten Online kaufen \\u2713 Sichere Lieferung \\u2713\",\"breadcrumb\":{\"@id\":\"https:\/\/annette-ahrens.at\/onlineshop\/produkt\/6-midcentury-cognacschwenker-fa-moser-karlsbad-um-1960\/#breadcrumb\"},\"inLanguage\":\"de\",\"potentialAction\":[{\"@type\":\"ReadAction\",\"target\":[\"https:\/\/annette-ahrens.at\/onlineshop\/produkt\/6-midcentury-cognacschwenker-fa-moser-karlsbad-um-1960\/\"]}]},{\"@type\":\"BreadcrumbList\",\"@id\":\"https:\/\/annette-ahrens.at\/onlineshop\/produkt\/6-midcentury-cognacschwenker-fa-moser-karlsbad-um-1960\/#breadcrumb\",\"itemListElement\":[{\"@type\":\"ListItem\",\"position\":1,\"item\":{\"@type\":\"WebPage\",\"@id\":\"https:\/\/annette-ahrens.at\/onlineshop\/\",\"url\":\"https:\/\/annette-ahrens.at\/onlineshop\/\",\"name\":\"Home\"}},{\"@type\":\"ListItem\",\"position\":2,\"item\":{\"@type\":\"WebPage\",\"@id\":\"https:\/\/annette-ahrens.at\/onlineshop\/alle-tafelkultur-objekte\/\",\"url\":\"https:\/\/annette-ahrens.at\/onlineshop\/alle-tafelkultur-objekte\/\",\"name\":\"Alle Tafelkultur Objekte\"}},{\"@type\":\"ListItem\",\"position\":3,\"item\":{\"@type\":\"WebPage\",\"@id\":\"https:\/\/annette-ahrens.at\/onlineshop\/produkt\/6-midcentury-cognacschwenker-fa-moser-karlsbad-um-1960\/\",\"url\":\"https:\/\/annette-ahrens.at\/onlineshop\/produkt\/6-midcentury-cognacschwenker-fa-moser-karlsbad-um-1960\/\",\"name\":\"6 Midcentury Cognacschwenker, Fa. Moser, Karlsbad, um 1960\"}}]}]}<\/script>\n<!-- \/ Yoast SEO Premium plugin. -->","_links":{"self":[{"href":"https:\/\/annette-ahrens.at\/onlineshop\/wp-json\/wp\/v2\/product\/32040","targetHints":{"allow":["GET"]}}],"collection":[{"href":"https:\/\/annette-ahrens.at\/onlineshop\/wp-json\/wp\/v2\/product"}],"about":[{"href":"https:\/\/annette-ahrens.at\/onlineshop\/wp-json\/wp\/v2\/types\/product"}],"replies":[{"embeddable":true,"href":"https:\/\/annette-ahrens.at\/onlineshop\/wp-json\/wp\/v2\/comments?post=32040"}],"wp:featuredmedia":[{"embeddable":true,"href":"https:\/\/annette-ahrens.at\/onlineshop\/wp-json\/wp\/v2\/media\/32057"}],"wp:attachment":[{"href":"https:\/\/annette-ahrens.at\/onlineshop\/wp-json\/wp\/v2\/media?parent=32040"}],"wp:term":[{"taxonomy":"product_brand","embeddable":true,"href":"https:\/\/annette-ahrens.at\/onlineshop\/wp-json\/wp\/v2\/product_brand?post=32040"},{"taxonomy":"product_cat","embeddable":true,"href":"https:\/\/annette-ahrens.at\/onlineshop\/wp-json\/wp\/v2\/product_cat?post=32040"},{"taxonomy":"product_tag","embeddable":true,"href":"https:\/\/annette-ahrens.at\/onlineshop\/wp-json\/wp\/v2\/product_tag?post=32040"}],"curies":[{"name":"wp","href":"https:\/\/api.w.org\/{rel}","templated":true}]}}