{"id":32340,"date":"2024-10-13T11:48:18","date_gmt":"2024-10-13T09:48:18","guid":{"rendered":"https:\/\/annette-ahrens.at\/onlineshop\/?post_type=product&#038;p=32340"},"modified":"2025-01-04T18:26:36","modified_gmt":"2025-01-04T17:26:36","slug":"versilberte-jugendstil-zuckerdose-fa-argentor-werke-rust-hetzel-wien-um-1900","status":"publish","type":"product","link":"https:\/\/annette-ahrens.at\/onlineshop\/produkt\/versilberte-jugendstil-zuckerdose-fa-argentor-werke-rust-hetzel-wien-um-1900\/","title":{"rendered":"Versilberte Jugendstil Zuckerdose, Fa. Argentor-Werke Rust &#038; Hetzel, Wien, um 1900"},"content":{"rendered":"<p>Versilberte Jugendstil Zuckerdose<\/p>\n<p>Fa. Argentor &#8211; Werke Rust &amp; Hetzel, Wien, \u00d6sterreich, um 1900<\/p>\n<p>Alpacca, versilbert, Innenvergoldung, ovale Grundform, Wandung mit Kanneluren, ovaler Scharnierdeckel mit Daumenrast, zwei seitliche Henkel, am Boden gemarkt ARGENTOR IG, minimale Alterspuren<\/p>\n<p>B 19 cm<\/p>\n<p>H 12 cm<\/p>\n<p>Vergleiche: Firmenkatalog der Fa. Argentor, Wien, um 1900, &#8222;Zuckerkasten&#8220;<\/p>\n","protected":false},"excerpt":{"rendered":"<p>Annettes Etikette: Die auf der ganzen Welt von Sammlern Wiener Jugendstils gesch\u00e4tzte Firma Argentor-Werke Rust &amp; Hetzel wurde 1902 mit der Vorg\u00e4ngerfirma C.A. M\u00fcnchmeyer &amp; Co in der Kaiserstrasse 83 gegr\u00fcndet und war bis zum Jahre 1970 aktiv. Die erhaltenen Firmenkataloge dieses Metallwarenherstellers mit \u00fcber 9.000 verschiedenen Artikeln zeigen die hohe Qualit\u00e4t an Entw\u00fcrfen. Zwei der Kataloge (Nr. 13 und 30) wurden von Frau Dr. Waltraud Neuwirth wiederaufgelegt und dienen dem Sammler als wichtige Grundlage.<\/p>\n","protected":false},"featured_media":32381,"comment_status":"open","ping_status":"closed","template":"","meta":[],"product_brand":[],"product_cat":[276,131,26,157,158],"product_tag":[],"class_list":{"0":"post-32340","1":"product","2":"type-product","3":"status-publish","4":"has-post-thumbnail","6":"product_cat-alpacca","7":"product_cat-tafeldekorationen","8":"product_cat-wiener-melange","9":"product_cat-zucker-fruehstueck","10":"product_cat-zuckerdose","12":"first","13":"instock","14":"sold-individually","15":"purchasable","16":"product-type-simple"},"yoast_head":"<!-- This site is optimized with the Yoast SEO Premium plugin v15.8.2 - https:\/\/yoast.com\/wordpress\/plugins\/seo\/ -->\n<title>Versilberte Jugendstil Zuckerdose, Fa. Argentor-Werke Rust &amp; Hetzel, Wien, um 1900<\/title>\n<meta name=\"description\" content=\"Versilberte Jugendstil Zuckerdose, Fa. Argentor-Werke Rust &amp; Hetzel, Wien, um 1900 \u2665 Antiquit\u00e4ten Online kaufen \u2713 Sichere Lieferung \u2713\" \/>\n<meta name=\"robots\" content=\"index, follow, max-snippet:-1, max-image-preview:large, max-video-preview:-1\" \/>\n<link rel=\"canonical\" href=\"https:\/\/annette-ahrens.at\/onlineshop\/produkt\/versilberte-jugendstil-zuckerdose-fa-argentor-werke-rust-hetzel-wien-um-1900\/\" \/>\n<meta property=\"og:locale\" content=\"de_DE\" \/>\n<meta property=\"og:type\" content=\"article\" \/>\n<meta property=\"og:title\" content=\"Versilberte Jugendstil Zuckerdose, Fa. Argentor-Werke Rust &amp; Hetzel, Wien, um 1900\" \/>\n<meta property=\"og:description\" content=\"Versilberte Jugendstil Zuckerdose, Fa. Argentor-Werke Rust &amp; Hetzel, Wien, um 1900 \u2665 Antiquit\u00e4ten Online kaufen \u2713 Sichere Lieferung \u2713\" \/>\n<meta property=\"og:url\" content=\"https:\/\/annette-ahrens.at\/onlineshop\/produkt\/versilberte-jugendstil-zuckerdose-fa-argentor-werke-rust-hetzel-wien-um-1900\/\" \/>\n<meta property=\"og:site_name\" content=\"Tafelkultur Onlineshop\" \/>\n<meta property=\"article:publisher\" content=\"https:\/\/www.facebook.com\/AnnetteAhrensTafelkultur\" \/>\n<meta property=\"article:modified_time\" content=\"2025-01-04T17:26:36+00:00\" \/>\n<meta property=\"og:image\" content=\"https:\/\/annette-ahrens.at\/onlineshop\/wp-content\/uploads\/2024\/10\/IMG_2334-scaled.jpeg\" \/>\n\t<meta property=\"og:image:width\" content=\"2560\" \/>\n\t<meta property=\"og:image:height\" content=\"2535\" \/>\n<meta name=\"twitter:card\" content=\"summary_large_image\" \/>\n<meta name=\"twitter:label1\" content=\"Gesch\u00e4tzte Lesezeit\">\n\t<meta name=\"twitter:data1\" content=\"1\u00a0Minute\">\n<script type=\"application\/ld+json\" class=\"yoast-schema-graph\">{\"@context\":\"https:\/\/schema.org\",\"@graph\":[{\"@type\":[\"Person\",\"Organization\"],\"@id\":\"https:\/\/annette-ahrens.at\/onlineshop\/#\/schema\/person\/3e19676faae246bba0cb3b7e15f427d8\",\"name\":\"Annette Ahrens\",\"image\":{\"@type\":\"ImageObject\",\"@id\":\"https:\/\/annette-ahrens.at\/onlineshop\/#personlogo\",\"inLanguage\":\"de\",\"url\":\"https:\/\/annette-ahrens.at\/onlineshop\/wp-content\/uploads\/2020\/04\/aa_logo_End.png\",\"width\":800,\"height\":164,\"caption\":\"Annette Ahrens\"},\"logo\":{\"@id\":\"https:\/\/annette-ahrens.at\/onlineshop\/#personlogo\"},\"sameAs\":[\"https:\/\/annette-ahrens.at\",\"https:\/\/www.facebook.com\/AnnetteAhrensTafelkultur\",\"https:\/\/www.instagram.com\/tafelkulturistin\/\",\"https:\/\/de.wikipedia.org\/wiki\/Annette_Ahrens\"]},{\"@type\":\"WebSite\",\"@id\":\"https:\/\/annette-ahrens.at\/onlineshop\/#website\",\"url\":\"https:\/\/annette-ahrens.at\/onlineshop\/\",\"name\":\"Tafelkultur Onlineshop\",\"description\":\"Annette Ahrens\",\"publisher\":{\"@id\":\"https:\/\/annette-ahrens.at\/onlineshop\/#\/schema\/person\/3e19676faae246bba0cb3b7e15f427d8\"},\"potentialAction\":[{\"@type\":\"SearchAction\",\"target\":\"https:\/\/annette-ahrens.at\/onlineshop\/?s={search_term_string}\",\"query-input\":\"required name=search_term_string\"}],\"inLanguage\":\"de\"},{\"@type\":\"ImageObject\",\"@id\":\"https:\/\/annette-ahrens.at\/onlineshop\/produkt\/versilberte-jugendstil-zuckerdose-fa-argentor-werke-rust-hetzel-wien-um-1900\/#primaryimage\",\"inLanguage\":\"de\",\"url\":\"https:\/\/annette-ahrens.at\/onlineshop\/wp-content\/uploads\/2024\/10\/IMG_2334-scaled.jpeg\",\"width\":2560,\"height\":2535,\"caption\":\"zuckerdose_argentor\"},{\"@type\":[\"WebPage\",\"ItemPage\"],\"@id\":\"https:\/\/annette-ahrens.at\/onlineshop\/produkt\/versilberte-jugendstil-zuckerdose-fa-argentor-werke-rust-hetzel-wien-um-1900\/#webpage\",\"url\":\"https:\/\/annette-ahrens.at\/onlineshop\/produkt\/versilberte-jugendstil-zuckerdose-fa-argentor-werke-rust-hetzel-wien-um-1900\/\",\"name\":\"Versilberte Jugendstil Zuckerdose, Fa. Argentor-Werke Rust & Hetzel, Wien, um 1900\",\"isPartOf\":{\"@id\":\"https:\/\/annette-ahrens.at\/onlineshop\/#website\"},\"primaryImageOfPage\":{\"@id\":\"https:\/\/annette-ahrens.at\/onlineshop\/produkt\/versilberte-jugendstil-zuckerdose-fa-argentor-werke-rust-hetzel-wien-um-1900\/#primaryimage\"},\"datePublished\":\"2024-10-13T09:48:18+00:00\",\"dateModified\":\"2025-01-04T17:26:36+00:00\",\"description\":\"Versilberte Jugendstil Zuckerdose, Fa. Argentor-Werke Rust & Hetzel, Wien, um 1900 \\u2665 Antiquit\\u00e4ten Online kaufen \\u2713 Sichere Lieferung \\u2713\",\"breadcrumb\":{\"@id\":\"https:\/\/annette-ahrens.at\/onlineshop\/produkt\/versilberte-jugendstil-zuckerdose-fa-argentor-werke-rust-hetzel-wien-um-1900\/#breadcrumb\"},\"inLanguage\":\"de\",\"potentialAction\":[{\"@type\":\"ReadAction\",\"target\":[\"https:\/\/annette-ahrens.at\/onlineshop\/produkt\/versilberte-jugendstil-zuckerdose-fa-argentor-werke-rust-hetzel-wien-um-1900\/\"]}]},{\"@type\":\"BreadcrumbList\",\"@id\":\"https:\/\/annette-ahrens.at\/onlineshop\/produkt\/versilberte-jugendstil-zuckerdose-fa-argentor-werke-rust-hetzel-wien-um-1900\/#breadcrumb\",\"itemListElement\":[{\"@type\":\"ListItem\",\"position\":1,\"item\":{\"@type\":\"WebPage\",\"@id\":\"https:\/\/annette-ahrens.at\/onlineshop\/\",\"url\":\"https:\/\/annette-ahrens.at\/onlineshop\/\",\"name\":\"Home\"}},{\"@type\":\"ListItem\",\"position\":2,\"item\":{\"@type\":\"WebPage\",\"@id\":\"https:\/\/annette-ahrens.at\/onlineshop\/alle-tafelkultur-objekte\/\",\"url\":\"https:\/\/annette-ahrens.at\/onlineshop\/alle-tafelkultur-objekte\/\",\"name\":\"Alle Tafelkultur Objekte\"}},{\"@type\":\"ListItem\",\"position\":3,\"item\":{\"@type\":\"WebPage\",\"@id\":\"https:\/\/annette-ahrens.at\/onlineshop\/produkt\/versilberte-jugendstil-zuckerdose-fa-argentor-werke-rust-hetzel-wien-um-1900\/\",\"url\":\"https:\/\/annette-ahrens.at\/onlineshop\/produkt\/versilberte-jugendstil-zuckerdose-fa-argentor-werke-rust-hetzel-wien-um-1900\/\",\"name\":\"Versilberte Jugendstil Zuckerdose, Fa. Argentor-Werke Rust &#038; Hetzel, Wien, um 1900\"}}]}]}<\/script>\n<!-- \/ Yoast SEO Premium plugin. -->","_links":{"self":[{"href":"https:\/\/annette-ahrens.at\/onlineshop\/wp-json\/wp\/v2\/product\/32340","targetHints":{"allow":["GET"]}}],"collection":[{"href":"https:\/\/annette-ahrens.at\/onlineshop\/wp-json\/wp\/v2\/product"}],"about":[{"href":"https:\/\/annette-ahrens.at\/onlineshop\/wp-json\/wp\/v2\/types\/product"}],"replies":[{"embeddable":true,"href":"https:\/\/annette-ahrens.at\/onlineshop\/wp-json\/wp\/v2\/comments?post=32340"}],"wp:featuredmedia":[{"embeddable":true,"href":"https:\/\/annette-ahrens.at\/onlineshop\/wp-json\/wp\/v2\/media\/32381"}],"wp:attachment":[{"href":"https:\/\/annette-ahrens.at\/onlineshop\/wp-json\/wp\/v2\/media?parent=32340"}],"wp:term":[{"taxonomy":"product_brand","embeddable":true,"href":"https:\/\/annette-ahrens.at\/onlineshop\/wp-json\/wp\/v2\/product_brand?post=32340"},{"taxonomy":"product_cat","embeddable":true,"href":"https:\/\/annette-ahrens.at\/onlineshop\/wp-json\/wp\/v2\/product_cat?post=32340"},{"taxonomy":"product_tag","embeddable":true,"href":"https:\/\/annette-ahrens.at\/onlineshop\/wp-json\/wp\/v2\/product_tag?post=32340"}],"curies":[{"name":"wp","href":"https:\/\/api.w.org\/{rel}","templated":true}]}}