{"id":32512,"date":"2024-10-01T06:48:57","date_gmt":"2024-10-01T04:48:57","guid":{"rendered":"https:\/\/annette-ahrens.at\/onlineshop\/?post_type=product&#038;p=32512"},"modified":"2024-10-18T20:23:38","modified_gmt":"2024-10-18T18:23:38","slug":"art-deco-aschenbecher-fa-moser-karlsbad-um-1925","status":"publish","type":"product","link":"https:\/\/annette-ahrens.at\/onlineshop\/produkt\/art-deco-aschenbecher-fa-moser-karlsbad-um-1925\/","title":{"rendered":"Art Deco Aschenbecher, Fa. Moser, Karlsbad, um 1925"},"content":{"rendered":"<p>Art Deco Aschenbecher<br \/>\nFa. Ludwig Moser, Karlsbad, B\u00f6hmen, um 1925<br \/>\nblaues Glas, handgeschliffen, geschwerter Sockel, runde Form mit sch\u00f6nem, typischem Glasglanz, vier Ablagefl\u00e4chen f\u00fcr Zigarren, am Boden \u00c4tzmarke Moser im Oval, tadelloser Erhaltungszustand<\/p>\n<p>Dm 19,2 cm<\/p>\n<p>H 6,3 cm<\/p>\n","protected":false},"excerpt":{"rendered":"<p>Art Deco Aschenbecher Fa. Ludwig Moser, Karlsbad, B\u00f6hmen, um 1925 blaues Glas, handgeschliffen, geschwerter Sockel, runde Form mit sch\u00f6nem, typischem Glasglanz, vier Ablagefl\u00e4chen f\u00fcr Zigarren, am Boden \u00c4tzmarke Moser im Oval, tadelloser Erhaltungszustand Dm 19,2 cm H 6,3 cm<\/p>\n","protected":false},"featured_media":32522,"comment_status":"open","ping_status":"closed","template":"","meta":[],"product_brand":[],"product_cat":[275,28,50],"product_tag":[],"class_list":{"0":"post-32512","1":"product","2":"type-product","3":"status-publish","4":"has-post-thumbnail","6":"product_cat-glas-fachbuecher","7":"product_cat-licht-rauch","8":"product_cat-rauchutensilien","10":"first","11":"instock","12":"sold-individually","13":"purchasable","14":"product-type-simple"},"yoast_head":"<!-- This site is optimized with the Yoast SEO Premium plugin v15.8.2 - https:\/\/yoast.com\/wordpress\/plugins\/seo\/ -->\n<title>Art Deco Aschenbecher, Fa. Moser, Karlsbad, um 1925<\/title>\n<meta name=\"description\" content=\"Art Deco Aschenbecher, Fa. Moser, Karlsbad, um 1925 \u2665 Antiquit\u00e4ten Online kaufen \u2713 Sichere Lieferung \u2713\" \/>\n<meta name=\"robots\" content=\"index, follow, max-snippet:-1, max-image-preview:large, max-video-preview:-1\" \/>\n<link rel=\"canonical\" href=\"https:\/\/annette-ahrens.at\/onlineshop\/produkt\/art-deco-aschenbecher-fa-moser-karlsbad-um-1925\/\" \/>\n<meta property=\"og:locale\" content=\"de_DE\" \/>\n<meta property=\"og:type\" content=\"article\" \/>\n<meta property=\"og:title\" content=\"Art Deco Aschenbecher, Fa. Moser, Karlsbad, um 1925\" \/>\n<meta property=\"og:description\" content=\"Art Deco Aschenbecher, Fa. Moser, Karlsbad, um 1925 \u2665 Antiquit\u00e4ten Online kaufen \u2713 Sichere Lieferung \u2713\" \/>\n<meta property=\"og:url\" content=\"https:\/\/annette-ahrens.at\/onlineshop\/produkt\/art-deco-aschenbecher-fa-moser-karlsbad-um-1925\/\" \/>\n<meta property=\"og:site_name\" content=\"Tafelkultur Onlineshop\" \/>\n<meta property=\"article:publisher\" content=\"https:\/\/www.facebook.com\/AnnetteAhrensTafelkultur\" \/>\n<meta property=\"article:modified_time\" content=\"2024-10-18T18:23:38+00:00\" \/>\n<meta property=\"og:image\" content=\"https:\/\/annette-ahrens.at\/onlineshop\/wp-content\/uploads\/2024\/10\/IMG_2468.jpeg\" \/>\n\t<meta property=\"og:image:width\" content=\"2544\" \/>\n\t<meta property=\"og:image:height\" content=\"2372\" \/>\n<meta name=\"twitter:card\" content=\"summary_large_image\" \/>\n<meta name=\"twitter:label1\" content=\"Gesch\u00e4tzte Lesezeit\">\n\t<meta name=\"twitter:data1\" content=\"1\u00a0Minute\">\n<script type=\"application\/ld+json\" class=\"yoast-schema-graph\">{\"@context\":\"https:\/\/schema.org\",\"@graph\":[{\"@type\":[\"Person\",\"Organization\"],\"@id\":\"https:\/\/annette-ahrens.at\/onlineshop\/#\/schema\/person\/3e19676faae246bba0cb3b7e15f427d8\",\"name\":\"Annette Ahrens\",\"image\":{\"@type\":\"ImageObject\",\"@id\":\"https:\/\/annette-ahrens.at\/onlineshop\/#personlogo\",\"inLanguage\":\"de\",\"url\":\"https:\/\/annette-ahrens.at\/onlineshop\/wp-content\/uploads\/2020\/04\/aa_logo_End.png\",\"width\":800,\"height\":164,\"caption\":\"Annette Ahrens\"},\"logo\":{\"@id\":\"https:\/\/annette-ahrens.at\/onlineshop\/#personlogo\"},\"sameAs\":[\"https:\/\/annette-ahrens.at\",\"https:\/\/www.facebook.com\/AnnetteAhrensTafelkultur\",\"https:\/\/www.instagram.com\/tafelkulturistin\/\",\"https:\/\/de.wikipedia.org\/wiki\/Annette_Ahrens\"]},{\"@type\":\"WebSite\",\"@id\":\"https:\/\/annette-ahrens.at\/onlineshop\/#website\",\"url\":\"https:\/\/annette-ahrens.at\/onlineshop\/\",\"name\":\"Tafelkultur Onlineshop\",\"description\":\"Annette Ahrens\",\"publisher\":{\"@id\":\"https:\/\/annette-ahrens.at\/onlineshop\/#\/schema\/person\/3e19676faae246bba0cb3b7e15f427d8\"},\"potentialAction\":[{\"@type\":\"SearchAction\",\"target\":\"https:\/\/annette-ahrens.at\/onlineshop\/?s={search_term_string}\",\"query-input\":\"required name=search_term_string\"}],\"inLanguage\":\"de\"},{\"@type\":\"ImageObject\",\"@id\":\"https:\/\/annette-ahrens.at\/onlineshop\/produkt\/art-deco-aschenbecher-fa-moser-karlsbad-um-1925\/#primaryimage\",\"inLanguage\":\"de\",\"url\":\"https:\/\/annette-ahrens.at\/onlineshop\/wp-content\/uploads\/2024\/10\/IMG_2468.jpeg\",\"width\":2544,\"height\":2372,\"caption\":\"aschenbecher_moser\"},{\"@type\":[\"WebPage\",\"ItemPage\"],\"@id\":\"https:\/\/annette-ahrens.at\/onlineshop\/produkt\/art-deco-aschenbecher-fa-moser-karlsbad-um-1925\/#webpage\",\"url\":\"https:\/\/annette-ahrens.at\/onlineshop\/produkt\/art-deco-aschenbecher-fa-moser-karlsbad-um-1925\/\",\"name\":\"Art Deco Aschenbecher, Fa. Moser, Karlsbad, um 1925\",\"isPartOf\":{\"@id\":\"https:\/\/annette-ahrens.at\/onlineshop\/#website\"},\"primaryImageOfPage\":{\"@id\":\"https:\/\/annette-ahrens.at\/onlineshop\/produkt\/art-deco-aschenbecher-fa-moser-karlsbad-um-1925\/#primaryimage\"},\"datePublished\":\"2024-10-01T04:48:57+00:00\",\"dateModified\":\"2024-10-18T18:23:38+00:00\",\"description\":\"Art Deco Aschenbecher, Fa. Moser, Karlsbad, um 1925 \\u2665 Antiquit\\u00e4ten Online kaufen \\u2713 Sichere Lieferung \\u2713\",\"breadcrumb\":{\"@id\":\"https:\/\/annette-ahrens.at\/onlineshop\/produkt\/art-deco-aschenbecher-fa-moser-karlsbad-um-1925\/#breadcrumb\"},\"inLanguage\":\"de\",\"potentialAction\":[{\"@type\":\"ReadAction\",\"target\":[\"https:\/\/annette-ahrens.at\/onlineshop\/produkt\/art-deco-aschenbecher-fa-moser-karlsbad-um-1925\/\"]}]},{\"@type\":\"BreadcrumbList\",\"@id\":\"https:\/\/annette-ahrens.at\/onlineshop\/produkt\/art-deco-aschenbecher-fa-moser-karlsbad-um-1925\/#breadcrumb\",\"itemListElement\":[{\"@type\":\"ListItem\",\"position\":1,\"item\":{\"@type\":\"WebPage\",\"@id\":\"https:\/\/annette-ahrens.at\/onlineshop\/\",\"url\":\"https:\/\/annette-ahrens.at\/onlineshop\/\",\"name\":\"Home\"}},{\"@type\":\"ListItem\",\"position\":2,\"item\":{\"@type\":\"WebPage\",\"@id\":\"https:\/\/annette-ahrens.at\/onlineshop\/alle-tafelkultur-objekte\/\",\"url\":\"https:\/\/annette-ahrens.at\/onlineshop\/alle-tafelkultur-objekte\/\",\"name\":\"Alle Tafelkultur Objekte\"}},{\"@type\":\"ListItem\",\"position\":3,\"item\":{\"@type\":\"WebPage\",\"@id\":\"https:\/\/annette-ahrens.at\/onlineshop\/produkt\/art-deco-aschenbecher-fa-moser-karlsbad-um-1925\/\",\"url\":\"https:\/\/annette-ahrens.at\/onlineshop\/produkt\/art-deco-aschenbecher-fa-moser-karlsbad-um-1925\/\",\"name\":\"Art Deco Aschenbecher, Fa. Moser, Karlsbad, um 1925\"}}]}]}<\/script>\n<!-- \/ Yoast SEO Premium plugin. -->","_links":{"self":[{"href":"https:\/\/annette-ahrens.at\/onlineshop\/wp-json\/wp\/v2\/product\/32512","targetHints":{"allow":["GET"]}}],"collection":[{"href":"https:\/\/annette-ahrens.at\/onlineshop\/wp-json\/wp\/v2\/product"}],"about":[{"href":"https:\/\/annette-ahrens.at\/onlineshop\/wp-json\/wp\/v2\/types\/product"}],"replies":[{"embeddable":true,"href":"https:\/\/annette-ahrens.at\/onlineshop\/wp-json\/wp\/v2\/comments?post=32512"}],"wp:featuredmedia":[{"embeddable":true,"href":"https:\/\/annette-ahrens.at\/onlineshop\/wp-json\/wp\/v2\/media\/32522"}],"wp:attachment":[{"href":"https:\/\/annette-ahrens.at\/onlineshop\/wp-json\/wp\/v2\/media?parent=32512"}],"wp:term":[{"taxonomy":"product_brand","embeddable":true,"href":"https:\/\/annette-ahrens.at\/onlineshop\/wp-json\/wp\/v2\/product_brand?post=32512"},{"taxonomy":"product_cat","embeddable":true,"href":"https:\/\/annette-ahrens.at\/onlineshop\/wp-json\/wp\/v2\/product_cat?post=32512"},{"taxonomy":"product_tag","embeddable":true,"href":"https:\/\/annette-ahrens.at\/onlineshop\/wp-json\/wp\/v2\/product_tag?post=32512"}],"curies":[{"name":"wp","href":"https:\/\/api.w.org\/{rel}","templated":true}]}}