{"id":32550,"date":"2024-10-16T23:30:07","date_gmt":"2024-10-16T21:30:07","guid":{"rendered":"https:\/\/annette-ahrens.at\/onlineshop\/?post_type=product&#038;p=32550"},"modified":"2026-03-02T13:54:57","modified_gmt":"2026-03-02T12:54:57","slug":"silberne-jugendstil-jardiniere-fa-gedlicka-soehne-wien-um-1900","status":"publish","type":"product","link":"https:\/\/annette-ahrens.at\/onlineshop\/produkt\/silberne-jugendstil-jardiniere-fa-gedlicka-soehne-wien-um-1900\/","title":{"rendered":"Silberne Jugendstil Jardini\u00e8re, Fa. Gedlicka &#038; S\u00f6hne, Wien, um 1900"},"content":{"rendered":"<p>Silberne Jugendstil Jardini\u00e8re<\/p>\n<p>Fa. Gedlicka &amp; S\u00f6hne, Wien, \u00d6sterreich &#8211; Ungarische Monarchie, um 1900<\/p>\n<p>Silber, Innenvergoldung, ovaler Gef\u00e4\u00dfk\u00f6rper auf vier Voltenf\u00fc\u00dfchen, Wandung mit Kanneluren, zwei kantige Henkeln, originaler Glaseinsatz aus farblosem, aufwendig geschliffenen Glas, Bodenschliffstern, gemarkt mit Wiener Dianakopfpunze und Firmenzeichen MG im Rechteck f\u00fcr Fa. Gedlicka &amp; S\u00f6hne, Wien (Siehe Neuwirth 1977, Band I\/203), tadelloser, handpolierter Erha\u00f6ltungszustand<\/p>\n<p>L\u00e4nge 30 x 15,5 cm<\/p>\n<p>H\u00f6he 11 cm<\/p>\n","protected":false},"excerpt":{"rendered":"<p>Annettes Etikette: Sch\u00f6n, sich zu \u00fcberlegen woher das Wort &#8222;Jardini\u00e8re&#8220; kommt: nat\u00fcrlich nimmt der Begriff Bezug auf den Garten, den &#8222;Jardin&#8220; im Franz\u00f6sischen und holt quasi das Gr\u00fcn als Hauptdarsteller mitten auf die Tafel!<\/p>\n","protected":false},"featured_media":32563,"comment_status":"open","ping_status":"closed","template":"","meta":[],"product_brand":[],"product_cat":[291,282,160,21,273,132,131,53],"product_tag":[],"class_list":{"0":"post-32550","1":"product","2":"type-product","3":"status-publish","4":"has-post-thumbnail","6":"product_cat-hochzeit","7":"product_cat-jardiniere","8":"product_cat-obst","9":"product_cat-obst-gemuese","10":"product_cat-silber-fachbuecher","11":"product_cat-silber","12":"product_cat-tafeldekorationen","13":"product_cat-weihnachten","15":"first","16":"instock","17":"sold-individually","18":"purchasable","19":"product-type-simple"},"yoast_head":"<!-- This site is optimized with the Yoast SEO Premium plugin v15.8.2 - https:\/\/yoast.com\/wordpress\/plugins\/seo\/ -->\n<title>Silberne Jugendstil Jardini\u00e8re, Fa. Gedlicka &amp; S\u00f6hne, Wien, um 1900<\/title>\n<meta name=\"description\" content=\"Silberne Jugendstil Jardini\u00e8re, Fa. Gedlicka &amp; S\u00f6hne, Wien, um 1900 \u2665 Antiquit\u00e4ten Online kaufen \u2713 Sichere Lieferung \u2713\" \/>\n<meta name=\"robots\" content=\"index, follow, max-snippet:-1, max-image-preview:large, max-video-preview:-1\" \/>\n<link rel=\"canonical\" href=\"https:\/\/annette-ahrens.at\/onlineshop\/produkt\/silberne-jugendstil-jardiniere-fa-gedlicka-soehne-wien-um-1900\/\" \/>\n<meta property=\"og:locale\" content=\"de_DE\" \/>\n<meta property=\"og:type\" content=\"article\" \/>\n<meta property=\"og:title\" content=\"Silberne Jugendstil Jardini\u00e8re, Fa. Gedlicka &amp; S\u00f6hne, Wien, um 1900\" \/>\n<meta property=\"og:description\" content=\"Silberne Jugendstil Jardini\u00e8re, Fa. Gedlicka &amp; S\u00f6hne, Wien, um 1900 \u2665 Antiquit\u00e4ten Online kaufen \u2713 Sichere Lieferung \u2713\" \/>\n<meta property=\"og:url\" content=\"https:\/\/annette-ahrens.at\/onlineshop\/produkt\/silberne-jugendstil-jardiniere-fa-gedlicka-soehne-wien-um-1900\/\" \/>\n<meta property=\"og:site_name\" content=\"Tafelkultur Onlineshop\" \/>\n<meta property=\"article:publisher\" content=\"https:\/\/www.facebook.com\/AnnetteAhrensTafelkultur\" \/>\n<meta property=\"article:modified_time\" content=\"2026-03-02T12:54:57+00:00\" \/>\n<meta property=\"og:image\" content=\"https:\/\/annette-ahrens.at\/onlineshop\/wp-content\/uploads\/2024\/10\/IMG_2495-scaled.jpeg\" \/>\n\t<meta property=\"og:image:width\" content=\"2560\" \/>\n\t<meta property=\"og:image:height\" content=\"1985\" \/>\n<meta name=\"twitter:card\" content=\"summary_large_image\" \/>\n<meta name=\"twitter:label1\" content=\"Gesch\u00e4tzte Lesezeit\">\n\t<meta name=\"twitter:data1\" content=\"1\u00a0Minute\">\n<script type=\"application\/ld+json\" class=\"yoast-schema-graph\">{\"@context\":\"https:\/\/schema.org\",\"@graph\":[{\"@type\":[\"Person\",\"Organization\"],\"@id\":\"https:\/\/annette-ahrens.at\/onlineshop\/#\/schema\/person\/3e19676faae246bba0cb3b7e15f427d8\",\"name\":\"Annette Ahrens\",\"image\":{\"@type\":\"ImageObject\",\"@id\":\"https:\/\/annette-ahrens.at\/onlineshop\/#personlogo\",\"inLanguage\":\"de\",\"url\":\"https:\/\/annette-ahrens.at\/onlineshop\/wp-content\/uploads\/2020\/04\/aa_logo_End.png\",\"width\":800,\"height\":164,\"caption\":\"Annette Ahrens\"},\"logo\":{\"@id\":\"https:\/\/annette-ahrens.at\/onlineshop\/#personlogo\"},\"sameAs\":[\"https:\/\/annette-ahrens.at\",\"https:\/\/www.facebook.com\/AnnetteAhrensTafelkultur\",\"https:\/\/www.instagram.com\/tafelkulturistin\/\",\"https:\/\/de.wikipedia.org\/wiki\/Annette_Ahrens\"]},{\"@type\":\"WebSite\",\"@id\":\"https:\/\/annette-ahrens.at\/onlineshop\/#website\",\"url\":\"https:\/\/annette-ahrens.at\/onlineshop\/\",\"name\":\"Tafelkultur Onlineshop\",\"description\":\"Annette Ahrens\",\"publisher\":{\"@id\":\"https:\/\/annette-ahrens.at\/onlineshop\/#\/schema\/person\/3e19676faae246bba0cb3b7e15f427d8\"},\"potentialAction\":[{\"@type\":\"SearchAction\",\"target\":\"https:\/\/annette-ahrens.at\/onlineshop\/?s={search_term_string}\",\"query-input\":\"required name=search_term_string\"}],\"inLanguage\":\"de\"},{\"@type\":\"ImageObject\",\"@id\":\"https:\/\/annette-ahrens.at\/onlineshop\/produkt\/silberne-jugendstil-jardiniere-fa-gedlicka-soehne-wien-um-1900\/#primaryimage\",\"inLanguage\":\"de\",\"url\":\"https:\/\/annette-ahrens.at\/onlineshop\/wp-content\/uploads\/2024\/10\/IMG_2495-scaled.jpeg\",\"width\":2560,\"height\":1985,\"caption\":\"jardiniere_silber_gedlicka\"},{\"@type\":[\"WebPage\",\"ItemPage\"],\"@id\":\"https:\/\/annette-ahrens.at\/onlineshop\/produkt\/silberne-jugendstil-jardiniere-fa-gedlicka-soehne-wien-um-1900\/#webpage\",\"url\":\"https:\/\/annette-ahrens.at\/onlineshop\/produkt\/silberne-jugendstil-jardiniere-fa-gedlicka-soehne-wien-um-1900\/\",\"name\":\"Silberne Jugendstil Jardini\\u00e8re, Fa. Gedlicka & S\\u00f6hne, Wien, um 1900\",\"isPartOf\":{\"@id\":\"https:\/\/annette-ahrens.at\/onlineshop\/#website\"},\"primaryImageOfPage\":{\"@id\":\"https:\/\/annette-ahrens.at\/onlineshop\/produkt\/silberne-jugendstil-jardiniere-fa-gedlicka-soehne-wien-um-1900\/#primaryimage\"},\"datePublished\":\"2024-10-16T21:30:07+00:00\",\"dateModified\":\"2026-03-02T12:54:57+00:00\",\"description\":\"Silberne Jugendstil Jardini\\u00e8re, Fa. Gedlicka & S\\u00f6hne, Wien, um 1900 \\u2665 Antiquit\\u00e4ten Online kaufen \\u2713 Sichere Lieferung \\u2713\",\"breadcrumb\":{\"@id\":\"https:\/\/annette-ahrens.at\/onlineshop\/produkt\/silberne-jugendstil-jardiniere-fa-gedlicka-soehne-wien-um-1900\/#breadcrumb\"},\"inLanguage\":\"de\",\"potentialAction\":[{\"@type\":\"ReadAction\",\"target\":[\"https:\/\/annette-ahrens.at\/onlineshop\/produkt\/silberne-jugendstil-jardiniere-fa-gedlicka-soehne-wien-um-1900\/\"]}]},{\"@type\":\"BreadcrumbList\",\"@id\":\"https:\/\/annette-ahrens.at\/onlineshop\/produkt\/silberne-jugendstil-jardiniere-fa-gedlicka-soehne-wien-um-1900\/#breadcrumb\",\"itemListElement\":[{\"@type\":\"ListItem\",\"position\":1,\"item\":{\"@type\":\"WebPage\",\"@id\":\"https:\/\/annette-ahrens.at\/onlineshop\/\",\"url\":\"https:\/\/annette-ahrens.at\/onlineshop\/\",\"name\":\"Home\"}},{\"@type\":\"ListItem\",\"position\":2,\"item\":{\"@type\":\"WebPage\",\"@id\":\"https:\/\/annette-ahrens.at\/onlineshop\/alle-tafelkultur-objekte\/\",\"url\":\"https:\/\/annette-ahrens.at\/onlineshop\/alle-tafelkultur-objekte\/\",\"name\":\"Alle Tafelkultur Objekte\"}},{\"@type\":\"ListItem\",\"position\":3,\"item\":{\"@type\":\"WebPage\",\"@id\":\"https:\/\/annette-ahrens.at\/onlineshop\/produkt\/silberne-jugendstil-jardiniere-fa-gedlicka-soehne-wien-um-1900\/\",\"url\":\"https:\/\/annette-ahrens.at\/onlineshop\/produkt\/silberne-jugendstil-jardiniere-fa-gedlicka-soehne-wien-um-1900\/\",\"name\":\"Silberne Jugendstil Jardini\\u00e8re, Fa. Gedlicka &#038; S\\u00f6hne, Wien, um 1900\"}}]}]}<\/script>\n<!-- \/ Yoast SEO Premium plugin. -->","_links":{"self":[{"href":"https:\/\/annette-ahrens.at\/onlineshop\/wp-json\/wp\/v2\/product\/32550","targetHints":{"allow":["GET"]}}],"collection":[{"href":"https:\/\/annette-ahrens.at\/onlineshop\/wp-json\/wp\/v2\/product"}],"about":[{"href":"https:\/\/annette-ahrens.at\/onlineshop\/wp-json\/wp\/v2\/types\/product"}],"replies":[{"embeddable":true,"href":"https:\/\/annette-ahrens.at\/onlineshop\/wp-json\/wp\/v2\/comments?post=32550"}],"wp:featuredmedia":[{"embeddable":true,"href":"https:\/\/annette-ahrens.at\/onlineshop\/wp-json\/wp\/v2\/media\/32563"}],"wp:attachment":[{"href":"https:\/\/annette-ahrens.at\/onlineshop\/wp-json\/wp\/v2\/media?parent=32550"}],"wp:term":[{"taxonomy":"product_brand","embeddable":true,"href":"https:\/\/annette-ahrens.at\/onlineshop\/wp-json\/wp\/v2\/product_brand?post=32550"},{"taxonomy":"product_cat","embeddable":true,"href":"https:\/\/annette-ahrens.at\/onlineshop\/wp-json\/wp\/v2\/product_cat?post=32550"},{"taxonomy":"product_tag","embeddable":true,"href":"https:\/\/annette-ahrens.at\/onlineshop\/wp-json\/wp\/v2\/product_tag?post=32550"}],"curies":[{"name":"wp","href":"https:\/\/api.w.org\/{rel}","templated":true}]}}