{"id":32735,"date":"2024-10-20T11:44:30","date_gmt":"2024-10-20T09:44:30","guid":{"rendered":"https:\/\/annette-ahrens.at\/onlineshop\/?post_type=product&#038;p=32735"},"modified":"2025-11-20T22:27:35","modified_gmt":"2025-11-20T21:27:35","slug":"spaetbiedermeier-jardiniere-kaiserliche-porzellanmanufaktur-wien-1847","status":"publish","type":"product","link":"https:\/\/annette-ahrens.at\/onlineshop\/produkt\/spaetbiedermeier-jardiniere-kaiserliche-porzellanmanufaktur-wien-1847\/","title":{"rendered":"Sp\u00e4tbiedermeier Jardini\u00e8re, Kaiserliche Porzellanmanufaktur Wien, 1847"},"content":{"rendered":"<p>Sp\u00e4tbiedermeier Jardini\u00e8re<\/p>\n<p>Kaiserliche Porzellanmanufaktur Wien, 1847<\/p>\n<p>Porzellan, glasiert, mehrpassige Form, Wandung mit Kanneluren, kobaltblau und schwarz bemalt, vergoldete Palmetten, am Boden gemarkt mit eingepresstem Bindenschild, eingepresste Jahreszahl (1)847, Weissdreherzahl 34, Malernummer 11. in Blau, tadelloser Erhaltungszustand<\/p>\n<p>L 29 x 19 cm<\/p>\n<p>H 11,5 cm<\/p>\n<p>&nbsp;<\/p>\n","protected":false},"excerpt":{"rendered":"<p>Annettes Etikette: Der Verwendungszweck dieses \u00fcberaus reizvollen, denn aufgrund seiner Malerei so modern anmutenden Tafelger\u00e4ts der Wiener Porzellanmanufaktur schwankt zwischen Blumenschale und K\u00fchlgef\u00e4\u00df. Einerseits war das K\u00fchlen von Getr\u00e4nken in der Zeit nicht mehr so en vougue, auch gibt es darin keine Trennwand. Das Stecken von Blumen musste mit Hilfe von einem Steckschwamm gut m\u00f6glich sein.<\/p>\n","protected":false},"featured_media":32744,"comment_status":"open","ping_status":"closed","template":"","meta":[],"product_brand":[],"product_cat":[130,282,20,274,131],"product_tag":[],"class_list":{"0":"post-32735","1":"product","2":"type-product","3":"status-publish","4":"has-post-thumbnail","6":"product_cat-abendessen","7":"product_cat-jardiniere","8":"product_cat-lunchtime","9":"product_cat-porzellan-fachbuecher","10":"product_cat-tafeldekorationen","12":"first","13":"instock","14":"sold-individually","15":"purchasable","16":"product-type-simple"},"yoast_head":"<!-- This site is optimized with the Yoast SEO Premium plugin v15.8.2 - https:\/\/yoast.com\/wordpress\/plugins\/seo\/ -->\n<title>Sp\u00e4tbiedermeier Jardini\u00e8re, Kaiserliche Porzellanmanufaktur Wien, 1847<\/title>\n<meta name=\"description\" content=\"Sp\u00e4tbiedermeier Jardini\u00e8re, Kaiserliche Porzellanmanufaktur Wien, 1847 \u2665 Antiquit\u00e4ten Online kaufen \u2713 Sichere Lieferung \u2713\" \/>\n<meta name=\"robots\" content=\"index, follow, max-snippet:-1, max-image-preview:large, max-video-preview:-1\" \/>\n<link rel=\"canonical\" href=\"https:\/\/annette-ahrens.at\/onlineshop\/produkt\/spaetbiedermeier-jardiniere-kaiserliche-porzellanmanufaktur-wien-1847\/\" \/>\n<meta property=\"og:locale\" content=\"de_DE\" \/>\n<meta property=\"og:type\" content=\"article\" \/>\n<meta property=\"og:title\" content=\"Sp\u00e4tbiedermeier Jardini\u00e8re, Kaiserliche Porzellanmanufaktur Wien, 1847\" \/>\n<meta property=\"og:description\" content=\"Sp\u00e4tbiedermeier Jardini\u00e8re, Kaiserliche Porzellanmanufaktur Wien, 1847 \u2665 Antiquit\u00e4ten Online kaufen \u2713 Sichere Lieferung \u2713\" \/>\n<meta property=\"og:url\" content=\"https:\/\/annette-ahrens.at\/onlineshop\/produkt\/spaetbiedermeier-jardiniere-kaiserliche-porzellanmanufaktur-wien-1847\/\" \/>\n<meta property=\"og:site_name\" content=\"Tafelkultur Onlineshop\" \/>\n<meta property=\"article:publisher\" content=\"https:\/\/www.facebook.com\/AnnetteAhrensTafelkultur\" \/>\n<meta property=\"article:modified_time\" content=\"2025-11-20T21:27:35+00:00\" \/>\n<meta property=\"og:image\" content=\"https:\/\/annette-ahrens.at\/onlineshop\/wp-content\/uploads\/2024\/10\/IMG_2671-scaled.jpeg\" \/>\n\t<meta property=\"og:image:width\" content=\"2560\" \/>\n\t<meta property=\"og:image:height\" content=\"2422\" \/>\n<meta name=\"twitter:card\" content=\"summary_large_image\" \/>\n<meta name=\"twitter:label1\" content=\"Gesch\u00e4tzte Lesezeit\">\n\t<meta name=\"twitter:data1\" content=\"1\u00a0Minute\">\n<script type=\"application\/ld+json\" class=\"yoast-schema-graph\">{\"@context\":\"https:\/\/schema.org\",\"@graph\":[{\"@type\":[\"Person\",\"Organization\"],\"@id\":\"https:\/\/annette-ahrens.at\/onlineshop\/#\/schema\/person\/3e19676faae246bba0cb3b7e15f427d8\",\"name\":\"Annette Ahrens\",\"image\":{\"@type\":\"ImageObject\",\"@id\":\"https:\/\/annette-ahrens.at\/onlineshop\/#personlogo\",\"inLanguage\":\"de\",\"url\":\"https:\/\/annette-ahrens.at\/onlineshop\/wp-content\/uploads\/2020\/04\/aa_logo_End.png\",\"width\":800,\"height\":164,\"caption\":\"Annette Ahrens\"},\"logo\":{\"@id\":\"https:\/\/annette-ahrens.at\/onlineshop\/#personlogo\"},\"sameAs\":[\"https:\/\/annette-ahrens.at\",\"https:\/\/www.facebook.com\/AnnetteAhrensTafelkultur\",\"https:\/\/www.instagram.com\/tafelkulturistin\/\",\"https:\/\/de.wikipedia.org\/wiki\/Annette_Ahrens\"]},{\"@type\":\"WebSite\",\"@id\":\"https:\/\/annette-ahrens.at\/onlineshop\/#website\",\"url\":\"https:\/\/annette-ahrens.at\/onlineshop\/\",\"name\":\"Tafelkultur Onlineshop\",\"description\":\"Annette Ahrens\",\"publisher\":{\"@id\":\"https:\/\/annette-ahrens.at\/onlineshop\/#\/schema\/person\/3e19676faae246bba0cb3b7e15f427d8\"},\"potentialAction\":[{\"@type\":\"SearchAction\",\"target\":\"https:\/\/annette-ahrens.at\/onlineshop\/?s={search_term_string}\",\"query-input\":\"required name=search_term_string\"}],\"inLanguage\":\"de\"},{\"@type\":\"ImageObject\",\"@id\":\"https:\/\/annette-ahrens.at\/onlineshop\/produkt\/spaetbiedermeier-jardiniere-kaiserliche-porzellanmanufaktur-wien-1847\/#primaryimage\",\"inLanguage\":\"de\",\"url\":\"https:\/\/annette-ahrens.at\/onlineshop\/wp-content\/uploads\/2024\/10\/IMG_2671-scaled.jpeg\",\"width\":2560,\"height\":2422,\"caption\":\"jardiniere_wien_1847\"},{\"@type\":[\"WebPage\",\"ItemPage\"],\"@id\":\"https:\/\/annette-ahrens.at\/onlineshop\/produkt\/spaetbiedermeier-jardiniere-kaiserliche-porzellanmanufaktur-wien-1847\/#webpage\",\"url\":\"https:\/\/annette-ahrens.at\/onlineshop\/produkt\/spaetbiedermeier-jardiniere-kaiserliche-porzellanmanufaktur-wien-1847\/\",\"name\":\"Sp\\u00e4tbiedermeier Jardini\\u00e8re, Kaiserliche Porzellanmanufaktur Wien, 1847\",\"isPartOf\":{\"@id\":\"https:\/\/annette-ahrens.at\/onlineshop\/#website\"},\"primaryImageOfPage\":{\"@id\":\"https:\/\/annette-ahrens.at\/onlineshop\/produkt\/spaetbiedermeier-jardiniere-kaiserliche-porzellanmanufaktur-wien-1847\/#primaryimage\"},\"datePublished\":\"2024-10-20T09:44:30+00:00\",\"dateModified\":\"2025-11-20T21:27:35+00:00\",\"description\":\"Sp\\u00e4tbiedermeier Jardini\\u00e8re, Kaiserliche Porzellanmanufaktur Wien, 1847 \\u2665 Antiquit\\u00e4ten Online kaufen \\u2713 Sichere Lieferung \\u2713\",\"breadcrumb\":{\"@id\":\"https:\/\/annette-ahrens.at\/onlineshop\/produkt\/spaetbiedermeier-jardiniere-kaiserliche-porzellanmanufaktur-wien-1847\/#breadcrumb\"},\"inLanguage\":\"de\",\"potentialAction\":[{\"@type\":\"ReadAction\",\"target\":[\"https:\/\/annette-ahrens.at\/onlineshop\/produkt\/spaetbiedermeier-jardiniere-kaiserliche-porzellanmanufaktur-wien-1847\/\"]}]},{\"@type\":\"BreadcrumbList\",\"@id\":\"https:\/\/annette-ahrens.at\/onlineshop\/produkt\/spaetbiedermeier-jardiniere-kaiserliche-porzellanmanufaktur-wien-1847\/#breadcrumb\",\"itemListElement\":[{\"@type\":\"ListItem\",\"position\":1,\"item\":{\"@type\":\"WebPage\",\"@id\":\"https:\/\/annette-ahrens.at\/onlineshop\/\",\"url\":\"https:\/\/annette-ahrens.at\/onlineshop\/\",\"name\":\"Home\"}},{\"@type\":\"ListItem\",\"position\":2,\"item\":{\"@type\":\"WebPage\",\"@id\":\"https:\/\/annette-ahrens.at\/onlineshop\/alle-tafelkultur-objekte\/\",\"url\":\"https:\/\/annette-ahrens.at\/onlineshop\/alle-tafelkultur-objekte\/\",\"name\":\"Alle Tafelkultur Objekte\"}},{\"@type\":\"ListItem\",\"position\":3,\"item\":{\"@type\":\"WebPage\",\"@id\":\"https:\/\/annette-ahrens.at\/onlineshop\/produkt\/spaetbiedermeier-jardiniere-kaiserliche-porzellanmanufaktur-wien-1847\/\",\"url\":\"https:\/\/annette-ahrens.at\/onlineshop\/produkt\/spaetbiedermeier-jardiniere-kaiserliche-porzellanmanufaktur-wien-1847\/\",\"name\":\"Sp\\u00e4tbiedermeier Jardini\\u00e8re, Kaiserliche Porzellanmanufaktur Wien, 1847\"}}]}]}<\/script>\n<!-- \/ Yoast SEO Premium plugin. -->","_links":{"self":[{"href":"https:\/\/annette-ahrens.at\/onlineshop\/wp-json\/wp\/v2\/product\/32735","targetHints":{"allow":["GET"]}}],"collection":[{"href":"https:\/\/annette-ahrens.at\/onlineshop\/wp-json\/wp\/v2\/product"}],"about":[{"href":"https:\/\/annette-ahrens.at\/onlineshop\/wp-json\/wp\/v2\/types\/product"}],"replies":[{"embeddable":true,"href":"https:\/\/annette-ahrens.at\/onlineshop\/wp-json\/wp\/v2\/comments?post=32735"}],"wp:featuredmedia":[{"embeddable":true,"href":"https:\/\/annette-ahrens.at\/onlineshop\/wp-json\/wp\/v2\/media\/32744"}],"wp:attachment":[{"href":"https:\/\/annette-ahrens.at\/onlineshop\/wp-json\/wp\/v2\/media?parent=32735"}],"wp:term":[{"taxonomy":"product_brand","embeddable":true,"href":"https:\/\/annette-ahrens.at\/onlineshop\/wp-json\/wp\/v2\/product_brand?post=32735"},{"taxonomy":"product_cat","embeddable":true,"href":"https:\/\/annette-ahrens.at\/onlineshop\/wp-json\/wp\/v2\/product_cat?post=32735"},{"taxonomy":"product_tag","embeddable":true,"href":"https:\/\/annette-ahrens.at\/onlineshop\/wp-json\/wp\/v2\/product_tag?post=32735"}],"curies":[{"name":"wp","href":"https:\/\/api.w.org\/{rel}","templated":true}]}}