{"id":32857,"date":"2024-10-31T07:24:17","date_gmt":"2024-10-31T06:24:17","guid":{"rendered":"https:\/\/annette-ahrens.at\/onlineshop\/?post_type=product&#038;p=32857"},"modified":"2024-10-31T09:07:35","modified_gmt":"2024-10-31T08:07:35","slug":"jugendstil-kristallkrug-mit-silbermontierung-birmingham-england-um-1910","status":"publish","type":"product","link":"https:\/\/annette-ahrens.at\/onlineshop\/produkt\/jugendstil-kristallkrug-mit-silbermontierung-birmingham-england-um-1910\/","title":{"rendered":"Jugendstil Kristallkrug mit Silbermontierung, Birmingham, England, um 1910"},"content":{"rendered":"<p>Jugendstil Kristallkrug mit Silbermontierung<\/p>\n<p>Birmingham, England, um 1910<\/p>\n<p>zylindrischer Kristallglaskrug mit aufwendigem Schliff, Bodenschliffstern, hochgezogener Henkel, Silbermontierung, seitlich gemarkt mit englischem Beschauzeichen schreitender L\u00f6we, Stadtmarke Anker f\u00fcr Birmingham, Jahrsbuchstabe k f\u00fcr 1909 und Herstellersignet GM &amp; Co, Widmungsgravur: &#8222;Delamere Forest Golf Club SPRING MEETING 1913, 3rd HANDICAP PRIZE&#8220;, tadelloser Erhaltungszustand<\/p>\n<p>H 26 cm<\/p>\n<p>F\u00fcllverm\u00f6gen 750 ml<\/p>\n<p>&nbsp;<\/p>\n","protected":false},"excerpt":{"rendered":"<p>Jugendstil Kristallkrug mit Silbermontierung Birmingham, England, um 1910 zylindrischer Kristallglaskrug mit aufwendigem Schliff, Bodenschliffstern, hochgezogener Henkel, Silbermontierung, seitlich gemarkt mit englischem Beschauzeichen schreitender L\u00f6we, Stadtmarke Anker f\u00fcr Birmingham, Jahrsbuchstabe k f\u00fcr 1909 und Herstellersignet GM &amp; Co, Widmungsgravur: &#8222;Delamere Forest Golf Club SPRING MEETING 1913, 3rd HANDICAP PRIZE&#8220;, tadelloser Erhaltungszustand H 26 cm F\u00fcllverm\u00f6gen 750 [&hellip;]<\/p>\n","protected":false},"featured_media":32837,"comment_status":"open","ping_status":"closed","template":"","meta":[],"product_brand":[],"product_cat":[212,219,27,299,19,300,275,295,222,292,273,53,213],"product_tag":[],"class_list":{"0":"post-32857","1":"product","2":"type-product","3":"status-publish","4":"has-post-thumbnail","6":"product_cat-apertif","7":"product_cat-barutensilien","8":"product_cat-barware","9":"product_cat-cocktailparty","10":"product_cat-gabelfruehstueck","11":"product_cat-gartenfest","12":"product_cat-glas-fachbuecher","13":"product_cat-jagdeinladung","14":"product_cat-karaffe","15":"product_cat-muttertag","16":"product_cat-silber-fachbuecher","17":"product_cat-weihnachten","18":"product_cat-wein","20":"first","21":"instock","22":"sold-individually","23":"purchasable","24":"product-type-simple"},"yoast_head":"<!-- This site is optimized with the Yoast SEO Premium plugin v15.8.2 - https:\/\/yoast.com\/wordpress\/plugins\/seo\/ -->\n<title>Jugendstil Kristallkrug mit Silbermontierung, Birmingham, England, um 1910<\/title>\n<meta name=\"description\" content=\"Jugendstil Kristallkrug mit Silbermontierung, Birmingham, England, um 1910 \u2665 Antiquit\u00e4ten Online kaufen \u2713 Sichere Lieferung \u2713\" \/>\n<meta name=\"robots\" content=\"index, follow, max-snippet:-1, max-image-preview:large, max-video-preview:-1\" \/>\n<link rel=\"canonical\" href=\"https:\/\/annette-ahrens.at\/onlineshop\/produkt\/jugendstil-kristallkrug-mit-silbermontierung-birmingham-england-um-1910\/\" \/>\n<meta property=\"og:locale\" content=\"de_DE\" \/>\n<meta property=\"og:type\" content=\"article\" \/>\n<meta property=\"og:title\" content=\"Jugendstil Kristallkrug mit Silbermontierung, Birmingham, England, um 1910\" \/>\n<meta property=\"og:description\" content=\"Jugendstil Kristallkrug mit Silbermontierung, Birmingham, England, um 1910 \u2665 Antiquit\u00e4ten Online kaufen \u2713 Sichere Lieferung \u2713\" \/>\n<meta property=\"og:url\" content=\"https:\/\/annette-ahrens.at\/onlineshop\/produkt\/jugendstil-kristallkrug-mit-silbermontierung-birmingham-england-um-1910\/\" \/>\n<meta property=\"og:site_name\" content=\"Tafelkultur Onlineshop\" \/>\n<meta property=\"article:publisher\" content=\"https:\/\/www.facebook.com\/AnnetteAhrensTafelkultur\" \/>\n<meta property=\"article:modified_time\" content=\"2024-10-31T08:07:35+00:00\" \/>\n<meta property=\"og:image\" content=\"https:\/\/annette-ahrens.at\/onlineshop\/wp-content\/uploads\/2024\/10\/IMG_2760-scaled.jpeg\" \/>\n\t<meta property=\"og:image:width\" content=\"1695\" \/>\n\t<meta property=\"og:image:height\" content=\"2560\" \/>\n<meta name=\"twitter:card\" content=\"summary_large_image\" \/>\n<meta name=\"twitter:label1\" content=\"Gesch\u00e4tzte Lesezeit\">\n\t<meta name=\"twitter:data1\" content=\"1\u00a0Minute\">\n<script type=\"application\/ld+json\" class=\"yoast-schema-graph\">{\"@context\":\"https:\/\/schema.org\",\"@graph\":[{\"@type\":[\"Person\",\"Organization\"],\"@id\":\"https:\/\/annette-ahrens.at\/onlineshop\/#\/schema\/person\/3e19676faae246bba0cb3b7e15f427d8\",\"name\":\"Annette Ahrens\",\"image\":{\"@type\":\"ImageObject\",\"@id\":\"https:\/\/annette-ahrens.at\/onlineshop\/#personlogo\",\"inLanguage\":\"de\",\"url\":\"https:\/\/annette-ahrens.at\/onlineshop\/wp-content\/uploads\/2020\/04\/aa_logo_End.png\",\"width\":800,\"height\":164,\"caption\":\"Annette Ahrens\"},\"logo\":{\"@id\":\"https:\/\/annette-ahrens.at\/onlineshop\/#personlogo\"},\"sameAs\":[\"https:\/\/annette-ahrens.at\",\"https:\/\/www.facebook.com\/AnnetteAhrensTafelkultur\",\"https:\/\/www.instagram.com\/tafelkulturistin\/\",\"https:\/\/de.wikipedia.org\/wiki\/Annette_Ahrens\"]},{\"@type\":\"WebSite\",\"@id\":\"https:\/\/annette-ahrens.at\/onlineshop\/#website\",\"url\":\"https:\/\/annette-ahrens.at\/onlineshop\/\",\"name\":\"Tafelkultur Onlineshop\",\"description\":\"Annette Ahrens\",\"publisher\":{\"@id\":\"https:\/\/annette-ahrens.at\/onlineshop\/#\/schema\/person\/3e19676faae246bba0cb3b7e15f427d8\"},\"potentialAction\":[{\"@type\":\"SearchAction\",\"target\":\"https:\/\/annette-ahrens.at\/onlineshop\/?s={search_term_string}\",\"query-input\":\"required name=search_term_string\"}],\"inLanguage\":\"de\"},{\"@type\":\"ImageObject\",\"@id\":\"https:\/\/annette-ahrens.at\/onlineshop\/produkt\/jugendstil-kristallkrug-mit-silbermontierung-birmingham-england-um-1910\/#primaryimage\",\"inLanguage\":\"de\",\"url\":\"https:\/\/annette-ahrens.at\/onlineshop\/wp-content\/uploads\/2024\/10\/IMG_2760-scaled.jpeg\",\"width\":1695,\"height\":2560,\"caption\":\"kristallkrug_silber_england\"},{\"@type\":[\"WebPage\",\"ItemPage\"],\"@id\":\"https:\/\/annette-ahrens.at\/onlineshop\/produkt\/jugendstil-kristallkrug-mit-silbermontierung-birmingham-england-um-1910\/#webpage\",\"url\":\"https:\/\/annette-ahrens.at\/onlineshop\/produkt\/jugendstil-kristallkrug-mit-silbermontierung-birmingham-england-um-1910\/\",\"name\":\"Jugendstil Kristallkrug mit Silbermontierung, Birmingham, England, um 1910\",\"isPartOf\":{\"@id\":\"https:\/\/annette-ahrens.at\/onlineshop\/#website\"},\"primaryImageOfPage\":{\"@id\":\"https:\/\/annette-ahrens.at\/onlineshop\/produkt\/jugendstil-kristallkrug-mit-silbermontierung-birmingham-england-um-1910\/#primaryimage\"},\"datePublished\":\"2024-10-31T06:24:17+00:00\",\"dateModified\":\"2024-10-31T08:07:35+00:00\",\"description\":\"Jugendstil Kristallkrug mit Silbermontierung, Birmingham, England, um 1910 \\u2665 Antiquit\\u00e4ten Online kaufen \\u2713 Sichere Lieferung \\u2713\",\"breadcrumb\":{\"@id\":\"https:\/\/annette-ahrens.at\/onlineshop\/produkt\/jugendstil-kristallkrug-mit-silbermontierung-birmingham-england-um-1910\/#breadcrumb\"},\"inLanguage\":\"de\",\"potentialAction\":[{\"@type\":\"ReadAction\",\"target\":[\"https:\/\/annette-ahrens.at\/onlineshop\/produkt\/jugendstil-kristallkrug-mit-silbermontierung-birmingham-england-um-1910\/\"]}]},{\"@type\":\"BreadcrumbList\",\"@id\":\"https:\/\/annette-ahrens.at\/onlineshop\/produkt\/jugendstil-kristallkrug-mit-silbermontierung-birmingham-england-um-1910\/#breadcrumb\",\"itemListElement\":[{\"@type\":\"ListItem\",\"position\":1,\"item\":{\"@type\":\"WebPage\",\"@id\":\"https:\/\/annette-ahrens.at\/onlineshop\/\",\"url\":\"https:\/\/annette-ahrens.at\/onlineshop\/\",\"name\":\"Home\"}},{\"@type\":\"ListItem\",\"position\":2,\"item\":{\"@type\":\"WebPage\",\"@id\":\"https:\/\/annette-ahrens.at\/onlineshop\/alle-tafelkultur-objekte\/\",\"url\":\"https:\/\/annette-ahrens.at\/onlineshop\/alle-tafelkultur-objekte\/\",\"name\":\"Alle Tafelkultur Objekte\"}},{\"@type\":\"ListItem\",\"position\":3,\"item\":{\"@type\":\"WebPage\",\"@id\":\"https:\/\/annette-ahrens.at\/onlineshop\/produkt\/jugendstil-kristallkrug-mit-silbermontierung-birmingham-england-um-1910\/\",\"url\":\"https:\/\/annette-ahrens.at\/onlineshop\/produkt\/jugendstil-kristallkrug-mit-silbermontierung-birmingham-england-um-1910\/\",\"name\":\"Jugendstil Kristallkrug mit Silbermontierung, Birmingham, England, um 1910\"}}]}]}<\/script>\n<!-- \/ Yoast SEO Premium plugin. -->","_links":{"self":[{"href":"https:\/\/annette-ahrens.at\/onlineshop\/wp-json\/wp\/v2\/product\/32857","targetHints":{"allow":["GET"]}}],"collection":[{"href":"https:\/\/annette-ahrens.at\/onlineshop\/wp-json\/wp\/v2\/product"}],"about":[{"href":"https:\/\/annette-ahrens.at\/onlineshop\/wp-json\/wp\/v2\/types\/product"}],"replies":[{"embeddable":true,"href":"https:\/\/annette-ahrens.at\/onlineshop\/wp-json\/wp\/v2\/comments?post=32857"}],"wp:featuredmedia":[{"embeddable":true,"href":"https:\/\/annette-ahrens.at\/onlineshop\/wp-json\/wp\/v2\/media\/32837"}],"wp:attachment":[{"href":"https:\/\/annette-ahrens.at\/onlineshop\/wp-json\/wp\/v2\/media?parent=32857"}],"wp:term":[{"taxonomy":"product_brand","embeddable":true,"href":"https:\/\/annette-ahrens.at\/onlineshop\/wp-json\/wp\/v2\/product_brand?post=32857"},{"taxonomy":"product_cat","embeddable":true,"href":"https:\/\/annette-ahrens.at\/onlineshop\/wp-json\/wp\/v2\/product_cat?post=32857"},{"taxonomy":"product_tag","embeddable":true,"href":"https:\/\/annette-ahrens.at\/onlineshop\/wp-json\/wp\/v2\/product_tag?post=32857"}],"curies":[{"name":"wp","href":"https:\/\/api.w.org\/{rel}","templated":true}]}}