{"id":3296,"date":"2020-10-11T21:15:26","date_gmt":"2020-10-11T19:15:26","guid":{"rendered":"https:\/\/annette-ahrens.at\/onlineshop\/?post_type=product&#038;p=3296"},"modified":"2026-01-08T22:59:14","modified_gmt":"2026-01-08T21:59:14","slug":"72-teiliges-silber-besteck-alt-spaten-fuer-6-personen-fa-robbe-berking-flensburg-um-1980","status":"publish","type":"product","link":"https:\/\/annette-ahrens.at\/onlineshop\/produkt\/72-teiliges-silber-besteck-alt-spaten-fuer-6-personen-fa-robbe-berking-flensburg-um-1980\/","title":{"rendered":"72 teiliges Silber-Besteck\u00a0\u201eAlt-Spaten\u201c f\u00fcr 6 Personen, Fa. Robbe &#038; Berking, Flensburg, um 1980"},"content":{"rendered":"<p>Besteck\u00a0\u201eAlt-Spaten\u201c f\u00fcr 6 Personen<\/p>\n<p>Fa. Robbe &amp; Berking, Flensburg, um 1980<\/p>\n<p>Silber, 72 Teile, alle Teile gemarkt mit Firmenmarke R &amp; B, deutschem Beschauzeichen Halbmond und Krone, Feingehaltszeichen 800<\/p>\n<p>3.675g<\/p>\n<p>E\u00dfbesteck:<\/p>\n<p>6 Menugabeln<\/p>\n<p>6 Menumessern<\/p>\n<p>6 Kaffeel\u00f6ffeln<\/p>\n<p>6 Vorspeisgabeln<\/p>\n<p>6 Vorspeismessern<\/p>\n<p>6 Fischmesser<\/p>\n<p>6 Fischgabeln<\/p>\n<p>6 Bouillonl\u00f6ffel<\/p>\n<p>6 Kuchengabeln<\/p>\n<p>Vorleger:<\/p>\n<p>1 gr. Sch\u00f6pfkelle<\/p>\n<p>1 Fleischgabel<\/p>\n<p>2 Aufschnittgabeln<\/p>\n<p>2 Kabarettgabeln<\/p>\n<p>1 Tortenheber<\/p>\n<p>1 Br\u00f6tchenheber<\/p>\n<p>2 Vorlegel\u00f6ffel<\/p>\n<p>1 Saucenl\u00f6ffel<\/p>\n<p>2 Buttermesser<\/p>\n<p>1 K\u00e4sespachtel<\/p>\n<p>1 Buttermeser<\/p>\n<p>1 Fischvorlegemesser<\/p>\n<p>2 Salatvorleger<\/p>\n","protected":false},"excerpt":{"rendered":"<p>Besteck\u00a0\u201eAlt-Spaten\u201c f\u00fcr 6 Personen Fa. Robbe &amp; Berking, Flensburg, um 1980 Silber, 72 Teile, alle Teile gemarkt mit Firmenmarke R &amp; B, deutschem Beschauzeichen Halbmond und Krone, Feingehaltszeichen 800 3.675g E\u00dfbesteck: 6 Menugabeln 6 Menumessern 6 Kaffeel\u00f6ffeln 6 Vorspeisgabeln 6 Vorspeismessern 6 Fischmesser 6 Fischgabeln 6 Bouillonl\u00f6ffel 6 Kuchengabeln Vorleger: 1 gr. Sch\u00f6pfkelle 1 Fleischgabel [&hellip;]<\/p>\n","protected":false},"featured_media":4858,"comment_status":"open","ping_status":"closed","template":"","meta":[],"product_brand":[],"product_cat":[30,249,240,235,236,237,239],"product_tag":[],"class_list":{"0":"post-3296","1":"product","2":"type-product","3":"status-publish","4":"has-post-thumbnail","6":"product_cat-besteck","7":"product_cat-bouillonloeffel","8":"product_cat-fischbesteck","9":"product_cat-gabeln","10":"product_cat-loeffel","11":"product_cat-messer","12":"product_cat-spezialbestecke","14":"first","15":"instock","16":"purchasable","17":"product-type-simple"},"yoast_head":"<!-- This site is optimized with the Yoast SEO Premium plugin v15.8.2 - https:\/\/yoast.com\/wordpress\/plugins\/seo\/ -->\n<title>72 teiliges Silber-Besteck\u00a0\u201eAlt-Spaten\u201c f\u00fcr 6 Personen, Fa. Robbe &amp; Berking, Flensburg, um 1980<\/title>\n<meta name=\"description\" content=\"72 teiliges Silber-Besteck\u00a0\u201eAlt-Spaten\u201c f\u00fcr 6 Personen, Fa. Robbe &amp; Berking, Flensburg, um 1980 \u2665 Antiquit\u00e4ten Online kaufen \u2713 Sichere Lieferung \u2713\" \/>\n<meta name=\"robots\" content=\"index, follow, max-snippet:-1, max-image-preview:large, max-video-preview:-1\" \/>\n<link rel=\"canonical\" href=\"https:\/\/annette-ahrens.at\/onlineshop\/produkt\/72-teiliges-silber-besteck-alt-spaten-fuer-6-personen-fa-robbe-berking-flensburg-um-1980\/\" \/>\n<meta property=\"og:locale\" content=\"de_DE\" \/>\n<meta property=\"og:type\" content=\"article\" \/>\n<meta property=\"og:title\" content=\"72 teiliges Silber-Besteck\u00a0\u201eAlt-Spaten\u201c f\u00fcr 6 Personen, Fa. Robbe &amp; Berking, Flensburg, um 1980\" \/>\n<meta property=\"og:description\" content=\"72 teiliges Silber-Besteck\u00a0\u201eAlt-Spaten\u201c f\u00fcr 6 Personen, Fa. Robbe &amp; Berking, Flensburg, um 1980 \u2665 Antiquit\u00e4ten Online kaufen \u2713 Sichere Lieferung \u2713\" \/>\n<meta property=\"og:url\" content=\"https:\/\/annette-ahrens.at\/onlineshop\/produkt\/72-teiliges-silber-besteck-alt-spaten-fuer-6-personen-fa-robbe-berking-flensburg-um-1980\/\" \/>\n<meta property=\"og:site_name\" content=\"Tafelkultur Onlineshop\" \/>\n<meta property=\"article:publisher\" content=\"https:\/\/www.facebook.com\/AnnetteAhrensTafelkultur\" \/>\n<meta property=\"article:modified_time\" content=\"2026-01-08T21:59:14+00:00\" \/>\n<meta property=\"og:image\" content=\"https:\/\/annette-ahrens.at\/onlineshop\/wp-content\/uploads\/2020\/10\/IMG_4769-scaled.jpeg\" \/>\n\t<meta property=\"og:image:width\" content=\"2560\" \/>\n\t<meta property=\"og:image:height\" content=\"2560\" \/>\n<meta name=\"twitter:card\" content=\"summary_large_image\" \/>\n<script type=\"application\/ld+json\" class=\"yoast-schema-graph\">{\"@context\":\"https:\/\/schema.org\",\"@graph\":[{\"@type\":[\"Person\",\"Organization\"],\"@id\":\"https:\/\/annette-ahrens.at\/onlineshop\/#\/schema\/person\/3e19676faae246bba0cb3b7e15f427d8\",\"name\":\"Annette Ahrens\",\"image\":{\"@type\":\"ImageObject\",\"@id\":\"https:\/\/annette-ahrens.at\/onlineshop\/#personlogo\",\"inLanguage\":\"de\",\"url\":\"https:\/\/annette-ahrens.at\/onlineshop\/wp-content\/uploads\/2020\/04\/aa_logo_End.png\",\"width\":800,\"height\":164,\"caption\":\"Annette Ahrens\"},\"logo\":{\"@id\":\"https:\/\/annette-ahrens.at\/onlineshop\/#personlogo\"},\"sameAs\":[\"https:\/\/annette-ahrens.at\",\"https:\/\/www.facebook.com\/AnnetteAhrensTafelkultur\",\"https:\/\/www.instagram.com\/tafelkulturistin\/\",\"https:\/\/de.wikipedia.org\/wiki\/Annette_Ahrens\"]},{\"@type\":\"WebSite\",\"@id\":\"https:\/\/annette-ahrens.at\/onlineshop\/#website\",\"url\":\"https:\/\/annette-ahrens.at\/onlineshop\/\",\"name\":\"Tafelkultur Onlineshop\",\"description\":\"Annette Ahrens\",\"publisher\":{\"@id\":\"https:\/\/annette-ahrens.at\/onlineshop\/#\/schema\/person\/3e19676faae246bba0cb3b7e15f427d8\"},\"potentialAction\":[{\"@type\":\"SearchAction\",\"target\":\"https:\/\/annette-ahrens.at\/onlineshop\/?s={search_term_string}\",\"query-input\":\"required name=search_term_string\"}],\"inLanguage\":\"de\"},{\"@type\":\"ImageObject\",\"@id\":\"https:\/\/annette-ahrens.at\/onlineshop\/produkt\/72-teiliges-silber-besteck-alt-spaten-fuer-6-personen-fa-robbe-berking-flensburg-um-1980\/#primaryimage\",\"inLanguage\":\"de\",\"url\":\"https:\/\/annette-ahrens.at\/onlineshop\/wp-content\/uploads\/2020\/10\/IMG_4769-scaled.jpeg\",\"width\":2560,\"height\":2560,\"caption\":\"robbe&berking\"},{\"@type\":[\"WebPage\",\"ItemPage\"],\"@id\":\"https:\/\/annette-ahrens.at\/onlineshop\/produkt\/72-teiliges-silber-besteck-alt-spaten-fuer-6-personen-fa-robbe-berking-flensburg-um-1980\/#webpage\",\"url\":\"https:\/\/annette-ahrens.at\/onlineshop\/produkt\/72-teiliges-silber-besteck-alt-spaten-fuer-6-personen-fa-robbe-berking-flensburg-um-1980\/\",\"name\":\"72 teiliges Silber-Besteck\\u00a0\\u201eAlt-Spaten\\u201c f\\u00fcr 6 Personen, Fa. Robbe & Berking, Flensburg, um 1980\",\"isPartOf\":{\"@id\":\"https:\/\/annette-ahrens.at\/onlineshop\/#website\"},\"primaryImageOfPage\":{\"@id\":\"https:\/\/annette-ahrens.at\/onlineshop\/produkt\/72-teiliges-silber-besteck-alt-spaten-fuer-6-personen-fa-robbe-berking-flensburg-um-1980\/#primaryimage\"},\"datePublished\":\"2020-10-11T19:15:26+00:00\",\"dateModified\":\"2026-01-08T21:59:14+00:00\",\"description\":\"72 teiliges Silber-Besteck\\u00a0\\u201eAlt-Spaten\\u201c f\\u00fcr 6 Personen, Fa. Robbe & Berking, Flensburg, um 1980 \\u2665 Antiquit\\u00e4ten Online kaufen \\u2713 Sichere Lieferung \\u2713\",\"breadcrumb\":{\"@id\":\"https:\/\/annette-ahrens.at\/onlineshop\/produkt\/72-teiliges-silber-besteck-alt-spaten-fuer-6-personen-fa-robbe-berking-flensburg-um-1980\/#breadcrumb\"},\"inLanguage\":\"de\",\"potentialAction\":[{\"@type\":\"ReadAction\",\"target\":[\"https:\/\/annette-ahrens.at\/onlineshop\/produkt\/72-teiliges-silber-besteck-alt-spaten-fuer-6-personen-fa-robbe-berking-flensburg-um-1980\/\"]}]},{\"@type\":\"BreadcrumbList\",\"@id\":\"https:\/\/annette-ahrens.at\/onlineshop\/produkt\/72-teiliges-silber-besteck-alt-spaten-fuer-6-personen-fa-robbe-berking-flensburg-um-1980\/#breadcrumb\",\"itemListElement\":[{\"@type\":\"ListItem\",\"position\":1,\"item\":{\"@type\":\"WebPage\",\"@id\":\"https:\/\/annette-ahrens.at\/onlineshop\/\",\"url\":\"https:\/\/annette-ahrens.at\/onlineshop\/\",\"name\":\"Home\"}},{\"@type\":\"ListItem\",\"position\":2,\"item\":{\"@type\":\"WebPage\",\"@id\":\"https:\/\/annette-ahrens.at\/onlineshop\/alle-tafelkultur-objekte\/\",\"url\":\"https:\/\/annette-ahrens.at\/onlineshop\/alle-tafelkultur-objekte\/\",\"name\":\"Alle Tafelkultur Objekte\"}},{\"@type\":\"ListItem\",\"position\":3,\"item\":{\"@type\":\"WebPage\",\"@id\":\"https:\/\/annette-ahrens.at\/onlineshop\/produkt\/72-teiliges-silber-besteck-alt-spaten-fuer-6-personen-fa-robbe-berking-flensburg-um-1980\/\",\"url\":\"https:\/\/annette-ahrens.at\/onlineshop\/produkt\/72-teiliges-silber-besteck-alt-spaten-fuer-6-personen-fa-robbe-berking-flensburg-um-1980\/\",\"name\":\"72 teiliges Silber-Besteck\\u00a0\\u201eAlt-Spaten\\u201c f\\u00fcr 6 Personen, Fa. Robbe &#038; Berking, Flensburg, um 1980\"}}]}]}<\/script>\n<!-- \/ Yoast SEO Premium plugin. -->","_links":{"self":[{"href":"https:\/\/annette-ahrens.at\/onlineshop\/wp-json\/wp\/v2\/product\/3296","targetHints":{"allow":["GET"]}}],"collection":[{"href":"https:\/\/annette-ahrens.at\/onlineshop\/wp-json\/wp\/v2\/product"}],"about":[{"href":"https:\/\/annette-ahrens.at\/onlineshop\/wp-json\/wp\/v2\/types\/product"}],"replies":[{"embeddable":true,"href":"https:\/\/annette-ahrens.at\/onlineshop\/wp-json\/wp\/v2\/comments?post=3296"}],"wp:featuredmedia":[{"embeddable":true,"href":"https:\/\/annette-ahrens.at\/onlineshop\/wp-json\/wp\/v2\/media\/4858"}],"wp:attachment":[{"href":"https:\/\/annette-ahrens.at\/onlineshop\/wp-json\/wp\/v2\/media?parent=3296"}],"wp:term":[{"taxonomy":"product_brand","embeddable":true,"href":"https:\/\/annette-ahrens.at\/onlineshop\/wp-json\/wp\/v2\/product_brand?post=3296"},{"taxonomy":"product_cat","embeddable":true,"href":"https:\/\/annette-ahrens.at\/onlineshop\/wp-json\/wp\/v2\/product_cat?post=3296"},{"taxonomy":"product_tag","embeddable":true,"href":"https:\/\/annette-ahrens.at\/onlineshop\/wp-json\/wp\/v2\/product_tag?post=3296"}],"curies":[{"name":"wp","href":"https:\/\/api.w.org\/{rel}","templated":true}]}}