{"id":33015,"date":"2024-11-09T06:49:56","date_gmt":"2024-11-09T05:49:56","guid":{"rendered":"https:\/\/annette-ahrens.at\/onlineshop\/?post_type=product&#038;p=33015"},"modified":"2024-11-07T13:35:20","modified_gmt":"2024-11-07T12:35:20","slug":"silberner-vorlegeloeffel-nr-fa-jarosinski-vaugoin-wien-nach-1922","status":"publish","type":"product","link":"https:\/\/annette-ahrens.at\/onlineshop\/produkt\/silberner-vorlegeloeffel-nr-fa-jarosinski-vaugoin-wien-nach-1922\/","title":{"rendered":"Silberner Vorlegel\u00f6ffel, Fa. Jarosinski &#038; Vaugoin, Wien nach 1922"},"content":{"rendered":"<p>Silberner Kartoffelvorlegel\u00f6ffel<\/p>\n<p>Fa. Jarosinski &amp; Vaugoin, Wien, nach 1922<\/p>\n<p>Silber, Rokoko-Ornamentik, gemarkt mit Wiener Tukankopfpunze verwendet nach 1922 f\u00fcr Feingehalt 800, Firmenzeichen Kelch f\u00fcr Jarosinski &amp; Vaugoin, handpolierter Zustand<\/p>\n<p>L\u00e4nge 23,8 cm<\/p>\n<p>130 g<\/p>\n","protected":false},"excerpt":{"rendered":"<p>Annettes Etikette: Die renommierte, noch bestehende Wiener Silberschmiede Jarosinski &amp; Vaugoin wurde vor 170 Jahren von Carl Vaugoin in Wien Neubau gegr\u00fcndet. 1901 tritt Ladislaus Jarosinski in die Firma ein, der auf die Herstellung von schweren, handgeschlagenen Bestecken spezialisiert war. Bis zu 200 verschiedene Besteckmuster k\u00f6nnen auch heute noch nach originalen Stanzen bestellt werden. Der Handwerksbetrieb wird in f\u00fcnfter Generation von Jean-Paul Vaugoin geleitet. Er hat mir auch verraten, dass dieser L\u00f6ffel als Kartoffel- oder Reisvorlegel\u00f6ffel angeboten wird.<\/p>\n","protected":false},"featured_media":33001,"comment_status":"open","ping_status":"closed","template":"","meta":[],"product_brand":[],"product_cat":[30,236,239,238],"product_tag":[],"class_list":{"0":"post-33015","1":"product","2":"type-product","3":"status-publish","4":"has-post-thumbnail","6":"product_cat-besteck","7":"product_cat-loeffel","8":"product_cat-spezialbestecke","9":"product_cat-vorleger","11":"first","12":"instock","13":"sold-individually","14":"purchasable","15":"product-type-simple"},"yoast_head":"<!-- This site is optimized with the Yoast SEO Premium plugin v15.8.2 - https:\/\/yoast.com\/wordpress\/plugins\/seo\/ -->\n<title>Silberner Vorlegel\u00f6ffel, Fa. Jarosinski &amp; Vaugoin, Wien nach 1922<\/title>\n<meta name=\"description\" content=\"Silberner Vorlegel\u00f6ffel, Fa. Jarosinski &amp; Vaugoin, Wien nach 1922 \u2665 Antiquit\u00e4ten Online kaufen \u2713 Sichere Lieferung \u2713\" \/>\n<meta name=\"robots\" content=\"index, follow, max-snippet:-1, max-image-preview:large, max-video-preview:-1\" \/>\n<link rel=\"canonical\" href=\"https:\/\/annette-ahrens.at\/onlineshop\/produkt\/silberner-vorlegeloeffel-nr-fa-jarosinski-vaugoin-wien-nach-1922\/\" \/>\n<meta property=\"og:locale\" content=\"de_DE\" \/>\n<meta property=\"og:type\" content=\"article\" \/>\n<meta property=\"og:title\" content=\"Silberner Vorlegel\u00f6ffel, Fa. Jarosinski &amp; Vaugoin, Wien nach 1922\" \/>\n<meta property=\"og:description\" content=\"Silberner Vorlegel\u00f6ffel, Fa. Jarosinski &amp; Vaugoin, Wien nach 1922 \u2665 Antiquit\u00e4ten Online kaufen \u2713 Sichere Lieferung \u2713\" \/>\n<meta property=\"og:url\" content=\"https:\/\/annette-ahrens.at\/onlineshop\/produkt\/silberner-vorlegeloeffel-nr-fa-jarosinski-vaugoin-wien-nach-1922\/\" \/>\n<meta property=\"og:site_name\" content=\"Tafelkultur Onlineshop\" \/>\n<meta property=\"article:publisher\" content=\"https:\/\/www.facebook.com\/AnnetteAhrensTafelkultur\" \/>\n<meta property=\"article:modified_time\" content=\"2024-11-07T12:35:20+00:00\" \/>\n<meta property=\"og:image\" content=\"https:\/\/annette-ahrens.at\/onlineshop\/wp-content\/uploads\/2024\/11\/IMG_2888-scaled.jpeg\" \/>\n\t<meta property=\"og:image:width\" content=\"1920\" \/>\n\t<meta property=\"og:image:height\" content=\"2560\" \/>\n<meta name=\"twitter:card\" content=\"summary_large_image\" \/>\n<meta name=\"twitter:label1\" content=\"Gesch\u00e4tzte Lesezeit\">\n\t<meta name=\"twitter:data1\" content=\"1\u00a0Minute\">\n<script type=\"application\/ld+json\" class=\"yoast-schema-graph\">{\"@context\":\"https:\/\/schema.org\",\"@graph\":[{\"@type\":[\"Person\",\"Organization\"],\"@id\":\"https:\/\/annette-ahrens.at\/onlineshop\/#\/schema\/person\/3e19676faae246bba0cb3b7e15f427d8\",\"name\":\"Annette Ahrens\",\"image\":{\"@type\":\"ImageObject\",\"@id\":\"https:\/\/annette-ahrens.at\/onlineshop\/#personlogo\",\"inLanguage\":\"de\",\"url\":\"https:\/\/annette-ahrens.at\/onlineshop\/wp-content\/uploads\/2020\/04\/aa_logo_End.png\",\"width\":800,\"height\":164,\"caption\":\"Annette Ahrens\"},\"logo\":{\"@id\":\"https:\/\/annette-ahrens.at\/onlineshop\/#personlogo\"},\"sameAs\":[\"https:\/\/annette-ahrens.at\",\"https:\/\/www.facebook.com\/AnnetteAhrensTafelkultur\",\"https:\/\/www.instagram.com\/tafelkulturistin\/\",\"https:\/\/de.wikipedia.org\/wiki\/Annette_Ahrens\"]},{\"@type\":\"WebSite\",\"@id\":\"https:\/\/annette-ahrens.at\/onlineshop\/#website\",\"url\":\"https:\/\/annette-ahrens.at\/onlineshop\/\",\"name\":\"Tafelkultur Onlineshop\",\"description\":\"Annette Ahrens\",\"publisher\":{\"@id\":\"https:\/\/annette-ahrens.at\/onlineshop\/#\/schema\/person\/3e19676faae246bba0cb3b7e15f427d8\"},\"potentialAction\":[{\"@type\":\"SearchAction\",\"target\":\"https:\/\/annette-ahrens.at\/onlineshop\/?s={search_term_string}\",\"query-input\":\"required name=search_term_string\"}],\"inLanguage\":\"de\"},{\"@type\":\"ImageObject\",\"@id\":\"https:\/\/annette-ahrens.at\/onlineshop\/produkt\/silberner-vorlegeloeffel-nr-fa-jarosinski-vaugoin-wien-nach-1922\/#primaryimage\",\"inLanguage\":\"de\",\"url\":\"https:\/\/annette-ahrens.at\/onlineshop\/wp-content\/uploads\/2024\/11\/IMG_2888-scaled.jpeg\",\"width\":1920,\"height\":2560,\"caption\":\"vorlegel\\u00f6ffel_silber\"},{\"@type\":[\"WebPage\",\"ItemPage\"],\"@id\":\"https:\/\/annette-ahrens.at\/onlineshop\/produkt\/silberner-vorlegeloeffel-nr-fa-jarosinski-vaugoin-wien-nach-1922\/#webpage\",\"url\":\"https:\/\/annette-ahrens.at\/onlineshop\/produkt\/silberner-vorlegeloeffel-nr-fa-jarosinski-vaugoin-wien-nach-1922\/\",\"name\":\"Silberner Vorlegel\\u00f6ffel, Fa. Jarosinski & Vaugoin, Wien nach 1922\",\"isPartOf\":{\"@id\":\"https:\/\/annette-ahrens.at\/onlineshop\/#website\"},\"primaryImageOfPage\":{\"@id\":\"https:\/\/annette-ahrens.at\/onlineshop\/produkt\/silberner-vorlegeloeffel-nr-fa-jarosinski-vaugoin-wien-nach-1922\/#primaryimage\"},\"datePublished\":\"2024-11-09T05:49:56+00:00\",\"dateModified\":\"2024-11-07T12:35:20+00:00\",\"description\":\"Silberner Vorlegel\\u00f6ffel, Fa. Jarosinski & Vaugoin, Wien nach 1922 \\u2665 Antiquit\\u00e4ten Online kaufen \\u2713 Sichere Lieferung \\u2713\",\"breadcrumb\":{\"@id\":\"https:\/\/annette-ahrens.at\/onlineshop\/produkt\/silberner-vorlegeloeffel-nr-fa-jarosinski-vaugoin-wien-nach-1922\/#breadcrumb\"},\"inLanguage\":\"de\",\"potentialAction\":[{\"@type\":\"ReadAction\",\"target\":[\"https:\/\/annette-ahrens.at\/onlineshop\/produkt\/silberner-vorlegeloeffel-nr-fa-jarosinski-vaugoin-wien-nach-1922\/\"]}]},{\"@type\":\"BreadcrumbList\",\"@id\":\"https:\/\/annette-ahrens.at\/onlineshop\/produkt\/silberner-vorlegeloeffel-nr-fa-jarosinski-vaugoin-wien-nach-1922\/#breadcrumb\",\"itemListElement\":[{\"@type\":\"ListItem\",\"position\":1,\"item\":{\"@type\":\"WebPage\",\"@id\":\"https:\/\/annette-ahrens.at\/onlineshop\/\",\"url\":\"https:\/\/annette-ahrens.at\/onlineshop\/\",\"name\":\"Home\"}},{\"@type\":\"ListItem\",\"position\":2,\"item\":{\"@type\":\"WebPage\",\"@id\":\"https:\/\/annette-ahrens.at\/onlineshop\/alle-tafelkultur-objekte\/\",\"url\":\"https:\/\/annette-ahrens.at\/onlineshop\/alle-tafelkultur-objekte\/\",\"name\":\"Alle Tafelkultur Objekte\"}},{\"@type\":\"ListItem\",\"position\":3,\"item\":{\"@type\":\"WebPage\",\"@id\":\"https:\/\/annette-ahrens.at\/onlineshop\/produkt\/silberner-vorlegeloeffel-nr-fa-jarosinski-vaugoin-wien-nach-1922\/\",\"url\":\"https:\/\/annette-ahrens.at\/onlineshop\/produkt\/silberner-vorlegeloeffel-nr-fa-jarosinski-vaugoin-wien-nach-1922\/\",\"name\":\"Silberner Vorlegel\\u00f6ffel, Fa. Jarosinski &#038; Vaugoin, Wien nach 1922\"}}]}]}<\/script>\n<!-- \/ Yoast SEO Premium plugin. -->","_links":{"self":[{"href":"https:\/\/annette-ahrens.at\/onlineshop\/wp-json\/wp\/v2\/product\/33015","targetHints":{"allow":["GET"]}}],"collection":[{"href":"https:\/\/annette-ahrens.at\/onlineshop\/wp-json\/wp\/v2\/product"}],"about":[{"href":"https:\/\/annette-ahrens.at\/onlineshop\/wp-json\/wp\/v2\/types\/product"}],"replies":[{"embeddable":true,"href":"https:\/\/annette-ahrens.at\/onlineshop\/wp-json\/wp\/v2\/comments?post=33015"}],"wp:featuredmedia":[{"embeddable":true,"href":"https:\/\/annette-ahrens.at\/onlineshop\/wp-json\/wp\/v2\/media\/33001"}],"wp:attachment":[{"href":"https:\/\/annette-ahrens.at\/onlineshop\/wp-json\/wp\/v2\/media?parent=33015"}],"wp:term":[{"taxonomy":"product_brand","embeddable":true,"href":"https:\/\/annette-ahrens.at\/onlineshop\/wp-json\/wp\/v2\/product_brand?post=33015"},{"taxonomy":"product_cat","embeddable":true,"href":"https:\/\/annette-ahrens.at\/onlineshop\/wp-json\/wp\/v2\/product_cat?post=33015"},{"taxonomy":"product_tag","embeddable":true,"href":"https:\/\/annette-ahrens.at\/onlineshop\/wp-json\/wp\/v2\/product_tag?post=33015"}],"curies":[{"name":"wp","href":"https:\/\/api.w.org\/{rel}","templated":true}]}}