{"id":33079,"date":"2024-11-11T17:53:40","date_gmt":"2024-11-11T16:53:40","guid":{"rendered":"https:\/\/annette-ahrens.at\/onlineshop\/?post_type=product&#038;p=33079"},"modified":"2026-01-10T16:14:23","modified_gmt":"2026-01-10T15:14:23","slug":"paar-silberne-spaetbiedermeier-kerzenleuchter-fa-mayerhofer-klinkosch-wien-1866","status":"publish","type":"product","link":"https:\/\/annette-ahrens.at\/onlineshop\/produkt\/paar-silberne-spaetbiedermeier-kerzenleuchter-fa-mayerhofer-klinkosch-wien-1866\/","title":{"rendered":"Paar silberne Sp\u00e4tbiedermeier Kerzenleuchter, Fa. Mayerhofer &#038; Klinkosch, Wien, 1866"},"content":{"rendered":"<p>Paar silberne Sp\u00e4tbiedermeier Kerzenleuchter<\/p>\n<p>Fa. Mayerhofer &amp; Klinkosch, Wien, \u00d6sterreich &#8211; Ungarische Monarchie, 1866<\/p>\n<p>Silber, mehrpassiger Fu\u00df mit Faltenz\u00fcgen, Schaft mit Balusterringen, fixe Kerzent\u00fclle, dreiflammige Armleuchtereins\u00e4tze, Leuchter gemarkt mit Wiener Radpunze 1866, Meisterzeichen M &amp; K f\u00fcr Fa. Mayerhofer &amp; Klinkosch, Girandolen gemarkt mit der Meistermarke Schiffer, handpolierter, tadelloser Erhaltungszustand<\/p>\n<p>H 43 cm, B 36 cm<\/p>\n<p>1.381 g<\/p>\n","protected":false},"excerpt":{"rendered":"<p>Annettes Etikette: Diese Wiener Kerzenleuchter faszinieren mich mit ihrem hochwertig gearbeiteten Faltenz\u00fcgen, die auch von innen die Hammerschlagtechnik sichtbar machen. Die Silberschmiede von Mayerhofer &amp; Klinkosch z\u00e4hlen zu den Besten Wiens.<\/p>\n","protected":false},"featured_media":34281,"comment_status":"open","ping_status":"closed","template":"","meta":[],"product_brand":[],"product_cat":[31,48,278,28,289,131,53],"product_tag":[],"class_list":{"0":"post-33079","1":"product","2":"type-product","3":"status-publish","4":"has-post-thumbnail","6":"product_cat-gastgeschenke","7":"product_cat-kerzenleuchter","8":"product_cat-kerzenleuchter-tafeldekorationen","9":"product_cat-licht-rauch","10":"product_cat-paar-leuchter","11":"product_cat-tafeldekorationen","12":"product_cat-weihnachten","14":"first","15":"instock","16":"sold-individually","17":"purchasable","18":"product-type-simple"},"yoast_head":"<!-- This site is optimized with the Yoast SEO Premium plugin v15.8.2 - https:\/\/yoast.com\/wordpress\/plugins\/seo\/ -->\n<title>Paar silberne Sp\u00e4tbiedermeier Kerzenleuchter, Fa. Mayerhofer &amp; Klinkosch, Wien, 1866<\/title>\n<meta name=\"description\" content=\"Paar silberne Sp\u00e4tbiedermeier Kerzenleuchter, Fa. Mayerhofer &amp; Klinkosch, Wien, 1866 \u2665 Antiquit\u00e4ten Online kaufen \u2713 Sichere Lieferung \u2713\" \/>\n<meta name=\"robots\" content=\"index, follow, max-snippet:-1, max-image-preview:large, max-video-preview:-1\" \/>\n<link rel=\"canonical\" href=\"https:\/\/annette-ahrens.at\/onlineshop\/produkt\/paar-silberne-spaetbiedermeier-kerzenleuchter-fa-mayerhofer-klinkosch-wien-1866\/\" \/>\n<meta property=\"og:locale\" content=\"de_DE\" \/>\n<meta property=\"og:type\" content=\"article\" \/>\n<meta property=\"og:title\" content=\"Paar silberne Sp\u00e4tbiedermeier Kerzenleuchter, Fa. Mayerhofer &amp; Klinkosch, Wien, 1866\" \/>\n<meta property=\"og:description\" content=\"Paar silberne Sp\u00e4tbiedermeier Kerzenleuchter, Fa. Mayerhofer &amp; Klinkosch, Wien, 1866 \u2665 Antiquit\u00e4ten Online kaufen \u2713 Sichere Lieferung \u2713\" \/>\n<meta property=\"og:url\" content=\"https:\/\/annette-ahrens.at\/onlineshop\/produkt\/paar-silberne-spaetbiedermeier-kerzenleuchter-fa-mayerhofer-klinkosch-wien-1866\/\" \/>\n<meta property=\"og:site_name\" content=\"Tafelkultur Onlineshop\" \/>\n<meta property=\"article:publisher\" content=\"https:\/\/www.facebook.com\/AnnetteAhrensTafelkultur\" \/>\n<meta property=\"article:modified_time\" content=\"2026-01-10T15:14:23+00:00\" \/>\n<meta property=\"og:image\" content=\"https:\/\/annette-ahrens.at\/onlineshop\/wp-content\/uploads\/2024\/11\/IMG_4132-scaled.jpeg\" \/>\n\t<meta property=\"og:image:width\" content=\"2293\" \/>\n\t<meta property=\"og:image:height\" content=\"2560\" \/>\n<meta name=\"twitter:card\" content=\"summary_large_image\" \/>\n<meta name=\"twitter:label1\" content=\"Gesch\u00e4tzte Lesezeit\">\n\t<meta name=\"twitter:data1\" content=\"1\u00a0Minute\">\n<script type=\"application\/ld+json\" class=\"yoast-schema-graph\">{\"@context\":\"https:\/\/schema.org\",\"@graph\":[{\"@type\":[\"Person\",\"Organization\"],\"@id\":\"https:\/\/annette-ahrens.at\/onlineshop\/#\/schema\/person\/3e19676faae246bba0cb3b7e15f427d8\",\"name\":\"Annette Ahrens\",\"image\":{\"@type\":\"ImageObject\",\"@id\":\"https:\/\/annette-ahrens.at\/onlineshop\/#personlogo\",\"inLanguage\":\"de\",\"url\":\"https:\/\/annette-ahrens.at\/onlineshop\/wp-content\/uploads\/2020\/04\/aa_logo_End.png\",\"width\":800,\"height\":164,\"caption\":\"Annette Ahrens\"},\"logo\":{\"@id\":\"https:\/\/annette-ahrens.at\/onlineshop\/#personlogo\"},\"sameAs\":[\"https:\/\/annette-ahrens.at\",\"https:\/\/www.facebook.com\/AnnetteAhrensTafelkultur\",\"https:\/\/www.instagram.com\/tafelkulturistin\/\",\"https:\/\/de.wikipedia.org\/wiki\/Annette_Ahrens\"]},{\"@type\":\"WebSite\",\"@id\":\"https:\/\/annette-ahrens.at\/onlineshop\/#website\",\"url\":\"https:\/\/annette-ahrens.at\/onlineshop\/\",\"name\":\"Tafelkultur Onlineshop\",\"description\":\"Annette Ahrens\",\"publisher\":{\"@id\":\"https:\/\/annette-ahrens.at\/onlineshop\/#\/schema\/person\/3e19676faae246bba0cb3b7e15f427d8\"},\"potentialAction\":[{\"@type\":\"SearchAction\",\"target\":\"https:\/\/annette-ahrens.at\/onlineshop\/?s={search_term_string}\",\"query-input\":\"required name=search_term_string\"}],\"inLanguage\":\"de\"},{\"@type\":\"ImageObject\",\"@id\":\"https:\/\/annette-ahrens.at\/onlineshop\/produkt\/paar-silberne-spaetbiedermeier-kerzenleuchter-fa-mayerhofer-klinkosch-wien-1866\/#primaryimage\",\"inLanguage\":\"de\",\"url\":\"https:\/\/annette-ahrens.at\/onlineshop\/wp-content\/uploads\/2024\/11\/IMG_4132-scaled.jpeg\",\"width\":2293,\"height\":2560,\"caption\":\"kerzenleuchter_silber_wien_M&K\"},{\"@type\":[\"WebPage\",\"ItemPage\"],\"@id\":\"https:\/\/annette-ahrens.at\/onlineshop\/produkt\/paar-silberne-spaetbiedermeier-kerzenleuchter-fa-mayerhofer-klinkosch-wien-1866\/#webpage\",\"url\":\"https:\/\/annette-ahrens.at\/onlineshop\/produkt\/paar-silberne-spaetbiedermeier-kerzenleuchter-fa-mayerhofer-klinkosch-wien-1866\/\",\"name\":\"Paar silberne Sp\\u00e4tbiedermeier Kerzenleuchter, Fa. Mayerhofer & Klinkosch, Wien, 1866\",\"isPartOf\":{\"@id\":\"https:\/\/annette-ahrens.at\/onlineshop\/#website\"},\"primaryImageOfPage\":{\"@id\":\"https:\/\/annette-ahrens.at\/onlineshop\/produkt\/paar-silberne-spaetbiedermeier-kerzenleuchter-fa-mayerhofer-klinkosch-wien-1866\/#primaryimage\"},\"datePublished\":\"2024-11-11T16:53:40+00:00\",\"dateModified\":\"2026-01-10T15:14:23+00:00\",\"description\":\"Paar silberne Sp\\u00e4tbiedermeier Kerzenleuchter, Fa. Mayerhofer & Klinkosch, Wien, 1866 \\u2665 Antiquit\\u00e4ten Online kaufen \\u2713 Sichere Lieferung \\u2713\",\"breadcrumb\":{\"@id\":\"https:\/\/annette-ahrens.at\/onlineshop\/produkt\/paar-silberne-spaetbiedermeier-kerzenleuchter-fa-mayerhofer-klinkosch-wien-1866\/#breadcrumb\"},\"inLanguage\":\"de\",\"potentialAction\":[{\"@type\":\"ReadAction\",\"target\":[\"https:\/\/annette-ahrens.at\/onlineshop\/produkt\/paar-silberne-spaetbiedermeier-kerzenleuchter-fa-mayerhofer-klinkosch-wien-1866\/\"]}]},{\"@type\":\"BreadcrumbList\",\"@id\":\"https:\/\/annette-ahrens.at\/onlineshop\/produkt\/paar-silberne-spaetbiedermeier-kerzenleuchter-fa-mayerhofer-klinkosch-wien-1866\/#breadcrumb\",\"itemListElement\":[{\"@type\":\"ListItem\",\"position\":1,\"item\":{\"@type\":\"WebPage\",\"@id\":\"https:\/\/annette-ahrens.at\/onlineshop\/\",\"url\":\"https:\/\/annette-ahrens.at\/onlineshop\/\",\"name\":\"Home\"}},{\"@type\":\"ListItem\",\"position\":2,\"item\":{\"@type\":\"WebPage\",\"@id\":\"https:\/\/annette-ahrens.at\/onlineshop\/alle-tafelkultur-objekte\/\",\"url\":\"https:\/\/annette-ahrens.at\/onlineshop\/alle-tafelkultur-objekte\/\",\"name\":\"Alle Tafelkultur Objekte\"}},{\"@type\":\"ListItem\",\"position\":3,\"item\":{\"@type\":\"WebPage\",\"@id\":\"https:\/\/annette-ahrens.at\/onlineshop\/produkt\/paar-silberne-spaetbiedermeier-kerzenleuchter-fa-mayerhofer-klinkosch-wien-1866\/\",\"url\":\"https:\/\/annette-ahrens.at\/onlineshop\/produkt\/paar-silberne-spaetbiedermeier-kerzenleuchter-fa-mayerhofer-klinkosch-wien-1866\/\",\"name\":\"Paar silberne Sp\\u00e4tbiedermeier Kerzenleuchter, Fa. Mayerhofer &#038; Klinkosch, Wien, 1866\"}}]}]}<\/script>\n<!-- \/ Yoast SEO Premium plugin. -->","_links":{"self":[{"href":"https:\/\/annette-ahrens.at\/onlineshop\/wp-json\/wp\/v2\/product\/33079","targetHints":{"allow":["GET"]}}],"collection":[{"href":"https:\/\/annette-ahrens.at\/onlineshop\/wp-json\/wp\/v2\/product"}],"about":[{"href":"https:\/\/annette-ahrens.at\/onlineshop\/wp-json\/wp\/v2\/types\/product"}],"replies":[{"embeddable":true,"href":"https:\/\/annette-ahrens.at\/onlineshop\/wp-json\/wp\/v2\/comments?post=33079"}],"wp:featuredmedia":[{"embeddable":true,"href":"https:\/\/annette-ahrens.at\/onlineshop\/wp-json\/wp\/v2\/media\/34281"}],"wp:attachment":[{"href":"https:\/\/annette-ahrens.at\/onlineshop\/wp-json\/wp\/v2\/media?parent=33079"}],"wp:term":[{"taxonomy":"product_brand","embeddable":true,"href":"https:\/\/annette-ahrens.at\/onlineshop\/wp-json\/wp\/v2\/product_brand?post=33079"},{"taxonomy":"product_cat","embeddable":true,"href":"https:\/\/annette-ahrens.at\/onlineshop\/wp-json\/wp\/v2\/product_cat?post=33079"},{"taxonomy":"product_tag","embeddable":true,"href":"https:\/\/annette-ahrens.at\/onlineshop\/wp-json\/wp\/v2\/product_tag?post=33079"}],"curies":[{"name":"wp","href":"https:\/\/api.w.org\/{rel}","templated":true}]}}