{"id":33095,"date":"2024-11-13T06:56:39","date_gmt":"2024-11-13T05:56:39","guid":{"rendered":"https:\/\/annette-ahrens.at\/onlineshop\/?post_type=product&#038;p=33095"},"modified":"2026-01-29T12:43:29","modified_gmt":"2026-01-29T11:43:29","slug":"6-versilberte-bouillonloeffel-diamant-o-v-mogensen-daenemark-um-1950","status":"publish","type":"product","link":"https:\/\/annette-ahrens.at\/onlineshop\/produkt\/6-versilberte-bouillonloeffel-diamant-o-v-mogensen-daenemark-um-1950\/","title":{"rendered":"6 versilberte Bouillonl\u00f6ffel &#8222;Diamant&#8220;, O.V. Mogensen, D\u00e4nemark, um 1950"},"content":{"rendered":"<p>6 versilberte Bouillonl\u00f6ffel &#8222;Diamant&#8220;<\/p>\n<p>Entwurf: Silberschmiedin Orla Vagn Mogensen (t\u00e4tig in Kopenhagen 1949-1975), D\u00e4nemark, um 1950<\/p>\n<p>Alpacca, versilbert, Art Deco Dekor, d\u00e4nische Herstellermarke, Gebrauchsspuren<\/p>\n<p>L 18 cm<\/p>\n<p>Ein zugeh\u00f6riges Menubesteck ist auch noch im Angebot.<\/p>\n<p>&nbsp;<\/p>\n","protected":false},"excerpt":{"rendered":"<p>Annettes Etikette: Dieses dekorative Besteck wurde unter dem klingenden Namen &#8222;Diamant&#8220; von der d\u00e4nischen Silberschmiedin Orla Vagn Mogensen (t\u00e4tig in Kopenhagen 1949-1975) entworfen. Da es relativ selten ist, kann sich der neue Besitzer \u00fcber diesen sch\u00f6nen Fund genauso freuen wie ich beim Ankauf! \u00a0Der Bouillonl\u00f6ffel ist etwas kleiner als der klassische Suppenl\u00f6ffel. Findige Gastgeber servieren den Bouillonl\u00f6ffel bei einer in der Henkelschale servierten klaren Suppe. Gebundene Suppen sollten in einem flachen Suppenteller kredenzt werden.<\/p>\n","protected":false},"featured_media":33112,"comment_status":"open","ping_status":"closed","template":"","meta":[],"product_brand":[],"product_cat":[30,249,236],"product_tag":[],"class_list":{"0":"post-33095","1":"product","2":"type-product","3":"status-publish","4":"has-post-thumbnail","6":"product_cat-besteck","7":"product_cat-bouillonloeffel","8":"product_cat-loeffel","10":"first","11":"instock","12":"sold-individually","13":"purchasable","14":"product-type-simple"},"yoast_head":"<!-- This site is optimized with the Yoast SEO Premium plugin v15.8.2 - https:\/\/yoast.com\/wordpress\/plugins\/seo\/ -->\n<title>6 versilberte Bouillonl\u00f6ffel &quot;Diamant&quot;, O.V. Mogensen, D\u00e4nemark, um 1950<\/title>\n<meta name=\"description\" content=\"6 versilberte Bouillonl\u00f6ffel &quot;Diamant&quot;, O.V. Mogensen, D\u00e4nemark, um 1950 \u2665 Antiquit\u00e4ten Online kaufen \u2713 Sichere Lieferung \u2713\" \/>\n<meta name=\"robots\" content=\"index, follow, max-snippet:-1, max-image-preview:large, max-video-preview:-1\" \/>\n<link rel=\"canonical\" href=\"https:\/\/annette-ahrens.at\/onlineshop\/produkt\/6-versilberte-bouillonloeffel-diamant-o-v-mogensen-daenemark-um-1950\/\" \/>\n<meta property=\"og:locale\" content=\"de_DE\" \/>\n<meta property=\"og:type\" content=\"article\" \/>\n<meta property=\"og:title\" content=\"6 versilberte Bouillonl\u00f6ffel &quot;Diamant&quot;, O.V. Mogensen, D\u00e4nemark, um 1950\" \/>\n<meta property=\"og:description\" content=\"6 versilberte Bouillonl\u00f6ffel &quot;Diamant&quot;, O.V. Mogensen, D\u00e4nemark, um 1950 \u2665 Antiquit\u00e4ten Online kaufen \u2713 Sichere Lieferung \u2713\" \/>\n<meta property=\"og:url\" content=\"https:\/\/annette-ahrens.at\/onlineshop\/produkt\/6-versilberte-bouillonloeffel-diamant-o-v-mogensen-daenemark-um-1950\/\" \/>\n<meta property=\"og:site_name\" content=\"Tafelkultur Onlineshop\" \/>\n<meta property=\"article:publisher\" content=\"https:\/\/www.facebook.com\/AnnetteAhrensTafelkultur\" \/>\n<meta property=\"article:modified_time\" content=\"2026-01-29T11:43:29+00:00\" \/>\n<meta property=\"og:image\" content=\"https:\/\/annette-ahrens.at\/onlineshop\/wp-content\/uploads\/2024\/11\/IMG_2974-scaled.jpeg\" \/>\n\t<meta property=\"og:image:width\" content=\"2560\" \/>\n\t<meta property=\"og:image:height\" content=\"2528\" \/>\n<meta name=\"twitter:card\" content=\"summary_large_image\" \/>\n<meta name=\"twitter:label1\" content=\"Gesch\u00e4tzte Lesezeit\">\n\t<meta name=\"twitter:data1\" content=\"1\u00a0Minute\">\n<script type=\"application\/ld+json\" class=\"yoast-schema-graph\">{\"@context\":\"https:\/\/schema.org\",\"@graph\":[{\"@type\":[\"Person\",\"Organization\"],\"@id\":\"https:\/\/annette-ahrens.at\/onlineshop\/#\/schema\/person\/3e19676faae246bba0cb3b7e15f427d8\",\"name\":\"Annette Ahrens\",\"image\":{\"@type\":\"ImageObject\",\"@id\":\"https:\/\/annette-ahrens.at\/onlineshop\/#personlogo\",\"inLanguage\":\"de\",\"url\":\"https:\/\/annette-ahrens.at\/onlineshop\/wp-content\/uploads\/2020\/04\/aa_logo_End.png\",\"width\":800,\"height\":164,\"caption\":\"Annette Ahrens\"},\"logo\":{\"@id\":\"https:\/\/annette-ahrens.at\/onlineshop\/#personlogo\"},\"sameAs\":[\"https:\/\/annette-ahrens.at\",\"https:\/\/www.facebook.com\/AnnetteAhrensTafelkultur\",\"https:\/\/www.instagram.com\/tafelkulturistin\/\",\"https:\/\/de.wikipedia.org\/wiki\/Annette_Ahrens\"]},{\"@type\":\"WebSite\",\"@id\":\"https:\/\/annette-ahrens.at\/onlineshop\/#website\",\"url\":\"https:\/\/annette-ahrens.at\/onlineshop\/\",\"name\":\"Tafelkultur Onlineshop\",\"description\":\"Annette Ahrens\",\"publisher\":{\"@id\":\"https:\/\/annette-ahrens.at\/onlineshop\/#\/schema\/person\/3e19676faae246bba0cb3b7e15f427d8\"},\"potentialAction\":[{\"@type\":\"SearchAction\",\"target\":\"https:\/\/annette-ahrens.at\/onlineshop\/?s={search_term_string}\",\"query-input\":\"required name=search_term_string\"}],\"inLanguage\":\"de\"},{\"@type\":\"ImageObject\",\"@id\":\"https:\/\/annette-ahrens.at\/onlineshop\/produkt\/6-versilberte-bouillonloeffel-diamant-o-v-mogensen-daenemark-um-1950\/#primaryimage\",\"inLanguage\":\"de\",\"url\":\"https:\/\/annette-ahrens.at\/onlineshop\/wp-content\/uploads\/2024\/11\/IMG_2974-scaled.jpeg\",\"width\":2560,\"height\":2528,\"caption\":\"bouillonl\\u00f6ffel_diamant\"},{\"@type\":[\"WebPage\",\"ItemPage\"],\"@id\":\"https:\/\/annette-ahrens.at\/onlineshop\/produkt\/6-versilberte-bouillonloeffel-diamant-o-v-mogensen-daenemark-um-1950\/#webpage\",\"url\":\"https:\/\/annette-ahrens.at\/onlineshop\/produkt\/6-versilberte-bouillonloeffel-diamant-o-v-mogensen-daenemark-um-1950\/\",\"name\":\"6 versilberte Bouillonl\\u00f6ffel \\\"Diamant\\\", O.V. Mogensen, D\\u00e4nemark, um 1950\",\"isPartOf\":{\"@id\":\"https:\/\/annette-ahrens.at\/onlineshop\/#website\"},\"primaryImageOfPage\":{\"@id\":\"https:\/\/annette-ahrens.at\/onlineshop\/produkt\/6-versilberte-bouillonloeffel-diamant-o-v-mogensen-daenemark-um-1950\/#primaryimage\"},\"datePublished\":\"2024-11-13T05:56:39+00:00\",\"dateModified\":\"2026-01-29T11:43:29+00:00\",\"description\":\"6 versilberte Bouillonl\\u00f6ffel \\\"Diamant\\\", O.V. Mogensen, D\\u00e4nemark, um 1950 \\u2665 Antiquit\\u00e4ten Online kaufen \\u2713 Sichere Lieferung \\u2713\",\"breadcrumb\":{\"@id\":\"https:\/\/annette-ahrens.at\/onlineshop\/produkt\/6-versilberte-bouillonloeffel-diamant-o-v-mogensen-daenemark-um-1950\/#breadcrumb\"},\"inLanguage\":\"de\",\"potentialAction\":[{\"@type\":\"ReadAction\",\"target\":[\"https:\/\/annette-ahrens.at\/onlineshop\/produkt\/6-versilberte-bouillonloeffel-diamant-o-v-mogensen-daenemark-um-1950\/\"]}]},{\"@type\":\"BreadcrumbList\",\"@id\":\"https:\/\/annette-ahrens.at\/onlineshop\/produkt\/6-versilberte-bouillonloeffel-diamant-o-v-mogensen-daenemark-um-1950\/#breadcrumb\",\"itemListElement\":[{\"@type\":\"ListItem\",\"position\":1,\"item\":{\"@type\":\"WebPage\",\"@id\":\"https:\/\/annette-ahrens.at\/onlineshop\/\",\"url\":\"https:\/\/annette-ahrens.at\/onlineshop\/\",\"name\":\"Home\"}},{\"@type\":\"ListItem\",\"position\":2,\"item\":{\"@type\":\"WebPage\",\"@id\":\"https:\/\/annette-ahrens.at\/onlineshop\/alle-tafelkultur-objekte\/\",\"url\":\"https:\/\/annette-ahrens.at\/onlineshop\/alle-tafelkultur-objekte\/\",\"name\":\"Alle Tafelkultur Objekte\"}},{\"@type\":\"ListItem\",\"position\":3,\"item\":{\"@type\":\"WebPage\",\"@id\":\"https:\/\/annette-ahrens.at\/onlineshop\/produkt\/6-versilberte-bouillonloeffel-diamant-o-v-mogensen-daenemark-um-1950\/\",\"url\":\"https:\/\/annette-ahrens.at\/onlineshop\/produkt\/6-versilberte-bouillonloeffel-diamant-o-v-mogensen-daenemark-um-1950\/\",\"name\":\"6 versilberte Bouillonl\\u00f6ffel &#8222;Diamant&#8220;, O.V. Mogensen, D\\u00e4nemark, um 1950\"}}]}]}<\/script>\n<!-- \/ Yoast SEO Premium plugin. -->","_links":{"self":[{"href":"https:\/\/annette-ahrens.at\/onlineshop\/wp-json\/wp\/v2\/product\/33095","targetHints":{"allow":["GET"]}}],"collection":[{"href":"https:\/\/annette-ahrens.at\/onlineshop\/wp-json\/wp\/v2\/product"}],"about":[{"href":"https:\/\/annette-ahrens.at\/onlineshop\/wp-json\/wp\/v2\/types\/product"}],"replies":[{"embeddable":true,"href":"https:\/\/annette-ahrens.at\/onlineshop\/wp-json\/wp\/v2\/comments?post=33095"}],"wp:featuredmedia":[{"embeddable":true,"href":"https:\/\/annette-ahrens.at\/onlineshop\/wp-json\/wp\/v2\/media\/33112"}],"wp:attachment":[{"href":"https:\/\/annette-ahrens.at\/onlineshop\/wp-json\/wp\/v2\/media?parent=33095"}],"wp:term":[{"taxonomy":"product_brand","embeddable":true,"href":"https:\/\/annette-ahrens.at\/onlineshop\/wp-json\/wp\/v2\/product_brand?post=33095"},{"taxonomy":"product_cat","embeddable":true,"href":"https:\/\/annette-ahrens.at\/onlineshop\/wp-json\/wp\/v2\/product_cat?post=33095"},{"taxonomy":"product_tag","embeddable":true,"href":"https:\/\/annette-ahrens.at\/onlineshop\/wp-json\/wp\/v2\/product_tag?post=33095"}],"curies":[{"name":"wp","href":"https:\/\/api.w.org\/{rel}","templated":true}]}}