{"id":33204,"date":"2024-11-18T20:48:25","date_gmt":"2024-11-18T19:48:25","guid":{"rendered":"https:\/\/annette-ahrens.at\/onlineshop\/?post_type=product&#038;p=33204"},"modified":"2025-09-24T21:58:21","modified_gmt":"2025-09-24T19:58:21","slug":"versilbertes-jugendstil-fischbesteck-fuer-12-personen-fa-a-koehler-wmf-wien-um-1880","status":"publish","type":"product","link":"https:\/\/annette-ahrens.at\/onlineshop\/produkt\/versilbertes-jugendstil-fischbesteck-fuer-12-personen-fa-a-koehler-wmf-wien-um-1880\/","title":{"rendered":"Versilbertes Jugendstil Fischbesteck &#8222;Efeu&#8220; f\u00fcr 12 Personen, Fa. A.K\u00f6hler (WMF), Wien, um 1903"},"content":{"rendered":"<p>Versilbertes Jugendstil Fischbesteck &#8222;Efeu&#8220; f\u00fcr 12 Personen<\/p>\n<p>Fa. Adolph K\u00f6hler (WMF), Wien, um 1903<\/p>\n<p>Alpacca, stark versilbert; 24 Teile; Hohlhefte mit Jugendstil-Ornamentik Modell 29 von WMF, genannt &#8222;Efeu&#8220;, alle Teile gemarkt mit Firmenzeichen A.K. &amp; Cie NO; in originaler, zweilagiger Besteck-Kassette, Innentapezierung aus gr\u00fcnem Satin; tadelloser Erhaltungszustand;<\/p>\n<p>12 Fischgabeln L 17,8 cm<\/p>\n<p>12 Fischmesser L 19,8 cm<\/p>\n<p>&nbsp;<\/p>\n","protected":false},"excerpt":{"rendered":"<p>Annettes Etikette: Selten gelingt es mir einen derart stilvollendetes Fischbesteck des Jugendstils anzukaufen und somit auch anbieten zu k\u00f6nnen. Es wird bei WMF seit 1903 unter der Nummer 29 und dem Namen &#8222;Efeu&#8220; gef\u00fchrt. Die Wiener Alpaccafabrik von Adolph K\u00f6hler &amp; Cie. wurde 1879 vom Esslinger Unternehmer A. Ritter &amp; Co gegr\u00fcndet, bereits 1880 ging die Firma in den Besitz von WMF \u00fcber. Um die hohen Importz\u00f6lle f\u00fcr Silberwaren nach \u00d6sterreich zu umgehen, wurde die Wiener Firma als Zweigstelle von WMF weitergef\u00fchrt. Die Produktion ist bis 1914 belegt.\u00a0Der abgek\u00fcrzte Namen A. bezieht sich auf Adolph und nicht Albert, wie mir sein Urenkel mitteilte.<\/p>\n<p>&nbsp;<\/p>\n","protected":false},"featured_media":33208,"comment_status":"open","ping_status":"closed","template":"","meta":[],"product_brand":[],"product_cat":[276,30,203,240,291,295,296,53],"product_tag":[],"class_list":{"0":"post-33204","1":"product","2":"type-product","3":"status-publish","4":"has-post-thumbnail","6":"product_cat-alpacca","7":"product_cat-besteck","8":"product_cat-fisch-speisen","9":"product_cat-fischbesteck","10":"product_cat-hochzeit","11":"product_cat-jagdeinladung","12":"product_cat-silvester","13":"product_cat-weihnachten","15":"first","16":"instock","17":"sold-individually","18":"purchasable","19":"product-type-simple"},"yoast_head":"<!-- This site is optimized with the Yoast SEO Premium plugin v15.8.2 - https:\/\/yoast.com\/wordpress\/plugins\/seo\/ -->\n<title>Versilbertes Jugendstil Fischbesteck &quot;Efeu&quot; f\u00fcr 12 Personen, Fa. A.K\u00f6hler (WMF), Wien, um 1903<\/title>\n<meta name=\"description\" content=\"Versilbertes Jugendstil Fischbesteck &quot;Efeu&quot; f\u00fcr 12 Personen, Fa. A.K\u00f6hler (WMF), Wien, um 1903 \u2665 Antiquit\u00e4ten Online kaufen \u2713 Sichere Lieferung \u2713\" \/>\n<meta name=\"robots\" content=\"index, follow, max-snippet:-1, max-image-preview:large, max-video-preview:-1\" \/>\n<link rel=\"canonical\" href=\"https:\/\/annette-ahrens.at\/onlineshop\/produkt\/versilbertes-jugendstil-fischbesteck-fuer-12-personen-fa-a-koehler-wmf-wien-um-1880\/\" \/>\n<meta property=\"og:locale\" content=\"de_DE\" \/>\n<meta property=\"og:type\" content=\"article\" \/>\n<meta property=\"og:title\" content=\"Versilbertes Jugendstil Fischbesteck &quot;Efeu&quot; f\u00fcr 12 Personen, Fa. A.K\u00f6hler (WMF), Wien, um 1903\" \/>\n<meta property=\"og:description\" content=\"Versilbertes Jugendstil Fischbesteck &quot;Efeu&quot; f\u00fcr 12 Personen, Fa. A.K\u00f6hler (WMF), Wien, um 1903 \u2665 Antiquit\u00e4ten Online kaufen \u2713 Sichere Lieferung \u2713\" \/>\n<meta property=\"og:url\" content=\"https:\/\/annette-ahrens.at\/onlineshop\/produkt\/versilbertes-jugendstil-fischbesteck-fuer-12-personen-fa-a-koehler-wmf-wien-um-1880\/\" \/>\n<meta property=\"og:site_name\" content=\"Tafelkultur Onlineshop\" \/>\n<meta property=\"article:publisher\" content=\"https:\/\/www.facebook.com\/AnnetteAhrensTafelkultur\" \/>\n<meta property=\"article:modified_time\" content=\"2025-09-24T19:58:21+00:00\" \/>\n<meta property=\"og:image\" content=\"https:\/\/annette-ahrens.at\/onlineshop\/wp-content\/uploads\/2024\/11\/IMG_3079-scaled.jpeg\" \/>\n\t<meta property=\"og:image:width\" content=\"1920\" \/>\n\t<meta property=\"og:image:height\" content=\"2560\" \/>\n<meta name=\"twitter:card\" content=\"summary_large_image\" \/>\n<meta name=\"twitter:label1\" content=\"Gesch\u00e4tzte Lesezeit\">\n\t<meta name=\"twitter:data1\" content=\"1\u00a0Minute\">\n<script type=\"application\/ld+json\" class=\"yoast-schema-graph\">{\"@context\":\"https:\/\/schema.org\",\"@graph\":[{\"@type\":[\"Person\",\"Organization\"],\"@id\":\"https:\/\/annette-ahrens.at\/onlineshop\/#\/schema\/person\/3e19676faae246bba0cb3b7e15f427d8\",\"name\":\"Annette Ahrens\",\"image\":{\"@type\":\"ImageObject\",\"@id\":\"https:\/\/annette-ahrens.at\/onlineshop\/#personlogo\",\"inLanguage\":\"de\",\"url\":\"https:\/\/annette-ahrens.at\/onlineshop\/wp-content\/uploads\/2020\/04\/aa_logo_End.png\",\"width\":800,\"height\":164,\"caption\":\"Annette Ahrens\"},\"logo\":{\"@id\":\"https:\/\/annette-ahrens.at\/onlineshop\/#personlogo\"},\"sameAs\":[\"https:\/\/annette-ahrens.at\",\"https:\/\/www.facebook.com\/AnnetteAhrensTafelkultur\",\"https:\/\/www.instagram.com\/tafelkulturistin\/\",\"https:\/\/de.wikipedia.org\/wiki\/Annette_Ahrens\"]},{\"@type\":\"WebSite\",\"@id\":\"https:\/\/annette-ahrens.at\/onlineshop\/#website\",\"url\":\"https:\/\/annette-ahrens.at\/onlineshop\/\",\"name\":\"Tafelkultur Onlineshop\",\"description\":\"Annette Ahrens\",\"publisher\":{\"@id\":\"https:\/\/annette-ahrens.at\/onlineshop\/#\/schema\/person\/3e19676faae246bba0cb3b7e15f427d8\"},\"potentialAction\":[{\"@type\":\"SearchAction\",\"target\":\"https:\/\/annette-ahrens.at\/onlineshop\/?s={search_term_string}\",\"query-input\":\"required name=search_term_string\"}],\"inLanguage\":\"de\"},{\"@type\":\"ImageObject\",\"@id\":\"https:\/\/annette-ahrens.at\/onlineshop\/produkt\/versilbertes-jugendstil-fischbesteck-fuer-12-personen-fa-a-koehler-wmf-wien-um-1880\/#primaryimage\",\"inLanguage\":\"de\",\"url\":\"https:\/\/annette-ahrens.at\/onlineshop\/wp-content\/uploads\/2024\/11\/IMG_3079-scaled.jpeg\",\"width\":1920,\"height\":2560,\"caption\":\"fischbesteck_versilbert_k\\u00f6hler\"},{\"@type\":[\"WebPage\",\"ItemPage\"],\"@id\":\"https:\/\/annette-ahrens.at\/onlineshop\/produkt\/versilbertes-jugendstil-fischbesteck-fuer-12-personen-fa-a-koehler-wmf-wien-um-1880\/#webpage\",\"url\":\"https:\/\/annette-ahrens.at\/onlineshop\/produkt\/versilbertes-jugendstil-fischbesteck-fuer-12-personen-fa-a-koehler-wmf-wien-um-1880\/\",\"name\":\"Versilbertes Jugendstil Fischbesteck \\\"Efeu\\\" f\\u00fcr 12 Personen, Fa. A.K\\u00f6hler (WMF), Wien, um 1903\",\"isPartOf\":{\"@id\":\"https:\/\/annette-ahrens.at\/onlineshop\/#website\"},\"primaryImageOfPage\":{\"@id\":\"https:\/\/annette-ahrens.at\/onlineshop\/produkt\/versilbertes-jugendstil-fischbesteck-fuer-12-personen-fa-a-koehler-wmf-wien-um-1880\/#primaryimage\"},\"datePublished\":\"2024-11-18T19:48:25+00:00\",\"dateModified\":\"2025-09-24T19:58:21+00:00\",\"description\":\"Versilbertes Jugendstil Fischbesteck \\\"Efeu\\\" f\\u00fcr 12 Personen, Fa. A.K\\u00f6hler (WMF), Wien, um 1903 \\u2665 Antiquit\\u00e4ten Online kaufen \\u2713 Sichere Lieferung \\u2713\",\"breadcrumb\":{\"@id\":\"https:\/\/annette-ahrens.at\/onlineshop\/produkt\/versilbertes-jugendstil-fischbesteck-fuer-12-personen-fa-a-koehler-wmf-wien-um-1880\/#breadcrumb\"},\"inLanguage\":\"de\",\"potentialAction\":[{\"@type\":\"ReadAction\",\"target\":[\"https:\/\/annette-ahrens.at\/onlineshop\/produkt\/versilbertes-jugendstil-fischbesteck-fuer-12-personen-fa-a-koehler-wmf-wien-um-1880\/\"]}]},{\"@type\":\"BreadcrumbList\",\"@id\":\"https:\/\/annette-ahrens.at\/onlineshop\/produkt\/versilbertes-jugendstil-fischbesteck-fuer-12-personen-fa-a-koehler-wmf-wien-um-1880\/#breadcrumb\",\"itemListElement\":[{\"@type\":\"ListItem\",\"position\":1,\"item\":{\"@type\":\"WebPage\",\"@id\":\"https:\/\/annette-ahrens.at\/onlineshop\/\",\"url\":\"https:\/\/annette-ahrens.at\/onlineshop\/\",\"name\":\"Home\"}},{\"@type\":\"ListItem\",\"position\":2,\"item\":{\"@type\":\"WebPage\",\"@id\":\"https:\/\/annette-ahrens.at\/onlineshop\/alle-tafelkultur-objekte\/\",\"url\":\"https:\/\/annette-ahrens.at\/onlineshop\/alle-tafelkultur-objekte\/\",\"name\":\"Alle Tafelkultur Objekte\"}},{\"@type\":\"ListItem\",\"position\":3,\"item\":{\"@type\":\"WebPage\",\"@id\":\"https:\/\/annette-ahrens.at\/onlineshop\/produkt\/versilbertes-jugendstil-fischbesteck-fuer-12-personen-fa-a-koehler-wmf-wien-um-1880\/\",\"url\":\"https:\/\/annette-ahrens.at\/onlineshop\/produkt\/versilbertes-jugendstil-fischbesteck-fuer-12-personen-fa-a-koehler-wmf-wien-um-1880\/\",\"name\":\"Versilbertes Jugendstil Fischbesteck &#8222;Efeu&#8220; f\\u00fcr 12 Personen, Fa. A.K\\u00f6hler (WMF), Wien, um 1903\"}}]}]}<\/script>\n<!-- \/ Yoast SEO Premium plugin. -->","_links":{"self":[{"href":"https:\/\/annette-ahrens.at\/onlineshop\/wp-json\/wp\/v2\/product\/33204","targetHints":{"allow":["GET"]}}],"collection":[{"href":"https:\/\/annette-ahrens.at\/onlineshop\/wp-json\/wp\/v2\/product"}],"about":[{"href":"https:\/\/annette-ahrens.at\/onlineshop\/wp-json\/wp\/v2\/types\/product"}],"replies":[{"embeddable":true,"href":"https:\/\/annette-ahrens.at\/onlineshop\/wp-json\/wp\/v2\/comments?post=33204"}],"wp:featuredmedia":[{"embeddable":true,"href":"https:\/\/annette-ahrens.at\/onlineshop\/wp-json\/wp\/v2\/media\/33208"}],"wp:attachment":[{"href":"https:\/\/annette-ahrens.at\/onlineshop\/wp-json\/wp\/v2\/media?parent=33204"}],"wp:term":[{"taxonomy":"product_brand","embeddable":true,"href":"https:\/\/annette-ahrens.at\/onlineshop\/wp-json\/wp\/v2\/product_brand?post=33204"},{"taxonomy":"product_cat","embeddable":true,"href":"https:\/\/annette-ahrens.at\/onlineshop\/wp-json\/wp\/v2\/product_cat?post=33204"},{"taxonomy":"product_tag","embeddable":true,"href":"https:\/\/annette-ahrens.at\/onlineshop\/wp-json\/wp\/v2\/product_tag?post=33204"}],"curies":[{"name":"wp","href":"https:\/\/api.w.org\/{rel}","templated":true}]}}