{"id":33307,"date":"2024-11-26T13:41:05","date_gmt":"2024-11-26T12:41:05","guid":{"rendered":"https:\/\/annette-ahrens.at\/onlineshop\/?post_type=product&#038;p=33307"},"modified":"2025-01-07T18:41:35","modified_gmt":"2025-01-07T17:41:35","slug":"wilhelm-wagenfeld-paar-kleiner-eierkocher-fuer-die-fa-schott-jena-um-1933","status":"publish","type":"product","link":"https:\/\/annette-ahrens.at\/onlineshop\/produkt\/wilhelm-wagenfeld-paar-kleiner-eierkocher-fuer-die-fa-schott-jena-um-1933\/","title":{"rendered":"Wilhelm Wagenfeld, Paar kleiner Eierkocher f\u00fcr die Fa. Schott, Jena, um 1933"},"content":{"rendered":"<p>Paar kleiner Eierkocher<\/p>\n<p>Entwurf: Wilhelm Wagenfeld f\u00fcr die Fa. Schott, Jena, um 1933<\/p>\n<p>gebauchter Gef\u00e4\u00dfk\u00f6rper aus hitzebest\u00e4ndigen Borosilikatglas auf drei F\u00fc\u00dfen, runder Deckel mit Rillen, originale geschwungene Metall-Klammer<\/p>\n<p>H 8,5 cm<\/p>\n<p>Dm 6,5 cm<\/p>\n","protected":false},"excerpt":{"rendered":"<p>Annettes Etikette: Die Eierkocher von Wilhelm Wagenfeld wurden in zwei Gr\u00f6ssen f\u00fcr 1 oder 2 Eier hergestellt. Das feuerfeste Jenaer Glas h\u00e4lt das Ei lange warm.<\/p>\n","protected":false},"featured_media":33301,"comment_status":"open","ping_status":"closed","template":"","meta":[],"product_brand":[],"product_cat":[143,142,18],"product_tag":[],"class_list":{"0":"post-33307","1":"product","2":"type-product","3":"status-publish","4":"has-post-thumbnail","6":"product_cat-ei-im-glas","7":"product_cat-eier","8":"product_cat-fruehstueck","10":"first","11":"instock","12":"sold-individually","13":"purchasable","14":"product-type-simple"},"yoast_head":"<!-- This site is optimized with the Yoast SEO Premium plugin v15.8.2 - https:\/\/yoast.com\/wordpress\/plugins\/seo\/ -->\n<title>Wilhelm Wagenfeld, Paar kleiner Eierkocher f\u00fcr die Fa. Schott, Jena, um 1933<\/title>\n<meta name=\"description\" content=\"Wilhelm Wagenfeld, Paar kleiner Eierkocher f\u00fcr die Fa. Schott, Jena, um 1933 \u2665 Antiquit\u00e4ten Online kaufen \u2713 Sichere Lieferung \u2713\" \/>\n<meta name=\"robots\" content=\"index, follow, max-snippet:-1, max-image-preview:large, max-video-preview:-1\" \/>\n<link rel=\"canonical\" href=\"https:\/\/annette-ahrens.at\/onlineshop\/produkt\/wilhelm-wagenfeld-paar-kleiner-eierkocher-fuer-die-fa-schott-jena-um-1933\/\" \/>\n<meta property=\"og:locale\" content=\"de_DE\" \/>\n<meta property=\"og:type\" content=\"article\" \/>\n<meta property=\"og:title\" content=\"Wilhelm Wagenfeld, Paar kleiner Eierkocher f\u00fcr die Fa. Schott, Jena, um 1933\" \/>\n<meta property=\"og:description\" content=\"Wilhelm Wagenfeld, Paar kleiner Eierkocher f\u00fcr die Fa. Schott, Jena, um 1933 \u2665 Antiquit\u00e4ten Online kaufen \u2713 Sichere Lieferung \u2713\" \/>\n<meta property=\"og:url\" content=\"https:\/\/annette-ahrens.at\/onlineshop\/produkt\/wilhelm-wagenfeld-paar-kleiner-eierkocher-fuer-die-fa-schott-jena-um-1933\/\" \/>\n<meta property=\"og:site_name\" content=\"Tafelkultur Onlineshop\" \/>\n<meta property=\"article:publisher\" content=\"https:\/\/www.facebook.com\/AnnetteAhrensTafelkultur\" \/>\n<meta property=\"article:modified_time\" content=\"2025-01-07T17:41:35+00:00\" \/>\n<meta property=\"og:image\" content=\"https:\/\/annette-ahrens.at\/onlineshop\/wp-content\/uploads\/2024\/11\/IMG_3154-scaled.jpeg\" \/>\n\t<meta property=\"og:image:width\" content=\"2560\" \/>\n\t<meta property=\"og:image:height\" content=\"2119\" \/>\n<meta name=\"twitter:card\" content=\"summary_large_image\" \/>\n<meta name=\"twitter:label1\" content=\"Gesch\u00e4tzte Lesezeit\">\n\t<meta name=\"twitter:data1\" content=\"1\u00a0Minute\">\n<script type=\"application\/ld+json\" class=\"yoast-schema-graph\">{\"@context\":\"https:\/\/schema.org\",\"@graph\":[{\"@type\":[\"Person\",\"Organization\"],\"@id\":\"https:\/\/annette-ahrens.at\/onlineshop\/#\/schema\/person\/3e19676faae246bba0cb3b7e15f427d8\",\"name\":\"Annette Ahrens\",\"image\":{\"@type\":\"ImageObject\",\"@id\":\"https:\/\/annette-ahrens.at\/onlineshop\/#personlogo\",\"inLanguage\":\"de\",\"url\":\"https:\/\/annette-ahrens.at\/onlineshop\/wp-content\/uploads\/2020\/04\/aa_logo_End.png\",\"width\":800,\"height\":164,\"caption\":\"Annette Ahrens\"},\"logo\":{\"@id\":\"https:\/\/annette-ahrens.at\/onlineshop\/#personlogo\"},\"sameAs\":[\"https:\/\/annette-ahrens.at\",\"https:\/\/www.facebook.com\/AnnetteAhrensTafelkultur\",\"https:\/\/www.instagram.com\/tafelkulturistin\/\",\"https:\/\/de.wikipedia.org\/wiki\/Annette_Ahrens\"]},{\"@type\":\"WebSite\",\"@id\":\"https:\/\/annette-ahrens.at\/onlineshop\/#website\",\"url\":\"https:\/\/annette-ahrens.at\/onlineshop\/\",\"name\":\"Tafelkultur Onlineshop\",\"description\":\"Annette Ahrens\",\"publisher\":{\"@id\":\"https:\/\/annette-ahrens.at\/onlineshop\/#\/schema\/person\/3e19676faae246bba0cb3b7e15f427d8\"},\"potentialAction\":[{\"@type\":\"SearchAction\",\"target\":\"https:\/\/annette-ahrens.at\/onlineshop\/?s={search_term_string}\",\"query-input\":\"required name=search_term_string\"}],\"inLanguage\":\"de\"},{\"@type\":\"ImageObject\",\"@id\":\"https:\/\/annette-ahrens.at\/onlineshop\/produkt\/wilhelm-wagenfeld-paar-kleiner-eierkocher-fuer-die-fa-schott-jena-um-1933\/#primaryimage\",\"inLanguage\":\"de\",\"url\":\"https:\/\/annette-ahrens.at\/onlineshop\/wp-content\/uploads\/2024\/11\/IMG_3154-scaled.jpeg\",\"width\":2560,\"height\":2119,\"caption\":\"eierkoch_wagenfeld\"},{\"@type\":[\"WebPage\",\"ItemPage\"],\"@id\":\"https:\/\/annette-ahrens.at\/onlineshop\/produkt\/wilhelm-wagenfeld-paar-kleiner-eierkocher-fuer-die-fa-schott-jena-um-1933\/#webpage\",\"url\":\"https:\/\/annette-ahrens.at\/onlineshop\/produkt\/wilhelm-wagenfeld-paar-kleiner-eierkocher-fuer-die-fa-schott-jena-um-1933\/\",\"name\":\"Wilhelm Wagenfeld, Paar kleiner Eierkocher f\\u00fcr die Fa. Schott, Jena, um 1933\",\"isPartOf\":{\"@id\":\"https:\/\/annette-ahrens.at\/onlineshop\/#website\"},\"primaryImageOfPage\":{\"@id\":\"https:\/\/annette-ahrens.at\/onlineshop\/produkt\/wilhelm-wagenfeld-paar-kleiner-eierkocher-fuer-die-fa-schott-jena-um-1933\/#primaryimage\"},\"datePublished\":\"2024-11-26T12:41:05+00:00\",\"dateModified\":\"2025-01-07T17:41:35+00:00\",\"description\":\"Wilhelm Wagenfeld, Paar kleiner Eierkocher f\\u00fcr die Fa. Schott, Jena, um 1933 \\u2665 Antiquit\\u00e4ten Online kaufen \\u2713 Sichere Lieferung \\u2713\",\"breadcrumb\":{\"@id\":\"https:\/\/annette-ahrens.at\/onlineshop\/produkt\/wilhelm-wagenfeld-paar-kleiner-eierkocher-fuer-die-fa-schott-jena-um-1933\/#breadcrumb\"},\"inLanguage\":\"de\",\"potentialAction\":[{\"@type\":\"ReadAction\",\"target\":[\"https:\/\/annette-ahrens.at\/onlineshop\/produkt\/wilhelm-wagenfeld-paar-kleiner-eierkocher-fuer-die-fa-schott-jena-um-1933\/\"]}]},{\"@type\":\"BreadcrumbList\",\"@id\":\"https:\/\/annette-ahrens.at\/onlineshop\/produkt\/wilhelm-wagenfeld-paar-kleiner-eierkocher-fuer-die-fa-schott-jena-um-1933\/#breadcrumb\",\"itemListElement\":[{\"@type\":\"ListItem\",\"position\":1,\"item\":{\"@type\":\"WebPage\",\"@id\":\"https:\/\/annette-ahrens.at\/onlineshop\/\",\"url\":\"https:\/\/annette-ahrens.at\/onlineshop\/\",\"name\":\"Home\"}},{\"@type\":\"ListItem\",\"position\":2,\"item\":{\"@type\":\"WebPage\",\"@id\":\"https:\/\/annette-ahrens.at\/onlineshop\/alle-tafelkultur-objekte\/\",\"url\":\"https:\/\/annette-ahrens.at\/onlineshop\/alle-tafelkultur-objekte\/\",\"name\":\"Alle Tafelkultur Objekte\"}},{\"@type\":\"ListItem\",\"position\":3,\"item\":{\"@type\":\"WebPage\",\"@id\":\"https:\/\/annette-ahrens.at\/onlineshop\/produkt\/wilhelm-wagenfeld-paar-kleiner-eierkocher-fuer-die-fa-schott-jena-um-1933\/\",\"url\":\"https:\/\/annette-ahrens.at\/onlineshop\/produkt\/wilhelm-wagenfeld-paar-kleiner-eierkocher-fuer-die-fa-schott-jena-um-1933\/\",\"name\":\"Wilhelm Wagenfeld, Paar kleiner Eierkocher f\\u00fcr die Fa. Schott, Jena, um 1933\"}}]}]}<\/script>\n<!-- \/ Yoast SEO Premium plugin. -->","_links":{"self":[{"href":"https:\/\/annette-ahrens.at\/onlineshop\/wp-json\/wp\/v2\/product\/33307","targetHints":{"allow":["GET"]}}],"collection":[{"href":"https:\/\/annette-ahrens.at\/onlineshop\/wp-json\/wp\/v2\/product"}],"about":[{"href":"https:\/\/annette-ahrens.at\/onlineshop\/wp-json\/wp\/v2\/types\/product"}],"replies":[{"embeddable":true,"href":"https:\/\/annette-ahrens.at\/onlineshop\/wp-json\/wp\/v2\/comments?post=33307"}],"wp:featuredmedia":[{"embeddable":true,"href":"https:\/\/annette-ahrens.at\/onlineshop\/wp-json\/wp\/v2\/media\/33301"}],"wp:attachment":[{"href":"https:\/\/annette-ahrens.at\/onlineshop\/wp-json\/wp\/v2\/media?parent=33307"}],"wp:term":[{"taxonomy":"product_brand","embeddable":true,"href":"https:\/\/annette-ahrens.at\/onlineshop\/wp-json\/wp\/v2\/product_brand?post=33307"},{"taxonomy":"product_cat","embeddable":true,"href":"https:\/\/annette-ahrens.at\/onlineshop\/wp-json\/wp\/v2\/product_cat?post=33307"},{"taxonomy":"product_tag","embeddable":true,"href":"https:\/\/annette-ahrens.at\/onlineshop\/wp-json\/wp\/v2\/product_tag?post=33307"}],"curies":[{"name":"wp","href":"https:\/\/api.w.org\/{rel}","templated":true}]}}