{"id":33434,"date":"2024-11-29T06:45:49","date_gmt":"2024-11-29T05:45:49","guid":{"rendered":"https:\/\/annette-ahrens.at\/onlineshop\/?post_type=product&#038;p=33434"},"modified":"2024-11-28T09:51:27","modified_gmt":"2024-11-28T08:51:27","slug":"versilbertes-fischbesteck-chinon-fuer-6-personen-fa-christofle-paris-20-jahrhundert","status":"publish","type":"product","link":"https:\/\/annette-ahrens.at\/onlineshop\/produkt\/versilbertes-fischbesteck-chinon-fuer-6-personen-fa-christofle-paris-20-jahrhundert\/","title":{"rendered":"Versilbertes Fischbesteck &#8222;Chinon&#8220; f\u00fcr 6 Personen, Fa. Christofle, Paris, um 1900"},"content":{"rendered":"<p>Versilbertes Fischbesteck &#8222;Chinon&#8220; f\u00fcr 6 Personen<\/p>\n<p>Fa. Christofle, Paris, Frankreich, um 1900<\/p>\n<p>Alpacca, stark versilbert, Facon &#8222;Chinon&#8220; oder &#8222;Augsburger Faden&#8220; genannt, ornamentale Gravur, gemarkt mit der Firmenmarke von Christofle, Paris, France, insgesamt 12 Teile, handpolierter, tadelloser Erhaltungszustand<\/p>\n<p>Fischmesser L 19,8 cm<\/p>\n<p>Fischgabel L 16,8 cm<\/p>\n","protected":false},"excerpt":{"rendered":"<p>Annettes Etikette: Die Form &#8222;Cluny&#8220; geht auf das 18. Jahrhundert in Frankreich zur\u00fcck und leitet seinen Namen von der Abtei Cluny ab. Das Besteck wurde jedoch im Jahre 1964 vom Hause Christofle redesigned. Die glatte Oberfl\u00e4che bietet gut Platz f\u00fcr die Individualisierung mit einer Monogramm- Gravur. Die international sehr gesuchte Firma Christofle geh\u00f6rt f\u00fcr mich zum &#8222;Mercedes&#8220; der Silberschmiede und ich bin stolz ein so umfangreiches Fischbesteck aus dieser Serie anbieten zu k\u00f6nnen.<\/p>\n","protected":false},"featured_media":33429,"comment_status":"open","ping_status":"closed","template":"","meta":[],"product_brand":[],"product_cat":[130,276,30,167,309,240,267,295,47,23,239,238,53],"product_tag":[],"class_list":{"0":"post-33434","1":"product","2":"type-product","3":"status-publish","4":"has-post-thumbnail","6":"product_cat-abendessen","7":"product_cat-alpacca","8":"product_cat-besteck","9":"product_cat-fisch","10":"product_cat-fisch-weihnachten","11":"product_cat-fischbesteck","12":"product_cat-fischvorleger","13":"product_cat-jagdeinladung","14":"product_cat-meerestiere","15":"product_cat-nicht-fisch-nicht-fleisch","16":"product_cat-spezialbestecke","17":"product_cat-vorleger","18":"product_cat-weihnachten","20":"first","21":"instock","22":"sold-individually","23":"purchasable","24":"product-type-simple"},"yoast_head":"<!-- This site is optimized with the Yoast SEO Premium plugin v15.8.2 - https:\/\/yoast.com\/wordpress\/plugins\/seo\/ -->\n<title>Versilbertes Fischbesteck &quot;Chinon&quot; f\u00fcr 6 Personen, Fa. Christofle, Paris, um 1900<\/title>\n<meta name=\"description\" content=\"Versilbertes Fischbesteck &quot;Chinon&quot; f\u00fcr 6 Personen, Fa. Christofle, Paris, um 1900 \u2665 Antiquit\u00e4ten Online kaufen \u2713 Sichere Lieferung \u2713\" \/>\n<meta name=\"robots\" content=\"index, follow, max-snippet:-1, max-image-preview:large, max-video-preview:-1\" \/>\n<link rel=\"canonical\" href=\"https:\/\/annette-ahrens.at\/onlineshop\/produkt\/versilbertes-fischbesteck-chinon-fuer-6-personen-fa-christofle-paris-20-jahrhundert\/\" \/>\n<meta property=\"og:locale\" content=\"de_DE\" \/>\n<meta property=\"og:type\" content=\"article\" \/>\n<meta property=\"og:title\" content=\"Versilbertes Fischbesteck &quot;Chinon&quot; f\u00fcr 6 Personen, Fa. Christofle, Paris, um 1900\" \/>\n<meta property=\"og:description\" content=\"Versilbertes Fischbesteck &quot;Chinon&quot; f\u00fcr 6 Personen, Fa. Christofle, Paris, um 1900 \u2665 Antiquit\u00e4ten Online kaufen \u2713 Sichere Lieferung \u2713\" \/>\n<meta property=\"og:url\" content=\"https:\/\/annette-ahrens.at\/onlineshop\/produkt\/versilbertes-fischbesteck-chinon-fuer-6-personen-fa-christofle-paris-20-jahrhundert\/\" \/>\n<meta property=\"og:site_name\" content=\"Tafelkultur Onlineshop\" \/>\n<meta property=\"article:publisher\" content=\"https:\/\/www.facebook.com\/AnnetteAhrensTafelkultur\" \/>\n<meta property=\"article:modified_time\" content=\"2024-11-28T08:51:27+00:00\" \/>\n<meta property=\"og:image\" content=\"https:\/\/annette-ahrens.at\/onlineshop\/wp-content\/uploads\/2024\/10\/IMG_3301-scaled.jpeg\" \/>\n\t<meta property=\"og:image:width\" content=\"1920\" \/>\n\t<meta property=\"og:image:height\" content=\"2560\" \/>\n<meta name=\"twitter:card\" content=\"summary_large_image\" \/>\n<meta name=\"twitter:label1\" content=\"Gesch\u00e4tzte Lesezeit\">\n\t<meta name=\"twitter:data1\" content=\"1\u00a0Minute\">\n<script type=\"application\/ld+json\" class=\"yoast-schema-graph\">{\"@context\":\"https:\/\/schema.org\",\"@graph\":[{\"@type\":[\"Person\",\"Organization\"],\"@id\":\"https:\/\/annette-ahrens.at\/onlineshop\/#\/schema\/person\/3e19676faae246bba0cb3b7e15f427d8\",\"name\":\"Annette Ahrens\",\"image\":{\"@type\":\"ImageObject\",\"@id\":\"https:\/\/annette-ahrens.at\/onlineshop\/#personlogo\",\"inLanguage\":\"de\",\"url\":\"https:\/\/annette-ahrens.at\/onlineshop\/wp-content\/uploads\/2020\/04\/aa_logo_End.png\",\"width\":800,\"height\":164,\"caption\":\"Annette Ahrens\"},\"logo\":{\"@id\":\"https:\/\/annette-ahrens.at\/onlineshop\/#personlogo\"},\"sameAs\":[\"https:\/\/annette-ahrens.at\",\"https:\/\/www.facebook.com\/AnnetteAhrensTafelkultur\",\"https:\/\/www.instagram.com\/tafelkulturistin\/\",\"https:\/\/de.wikipedia.org\/wiki\/Annette_Ahrens\"]},{\"@type\":\"WebSite\",\"@id\":\"https:\/\/annette-ahrens.at\/onlineshop\/#website\",\"url\":\"https:\/\/annette-ahrens.at\/onlineshop\/\",\"name\":\"Tafelkultur Onlineshop\",\"description\":\"Annette Ahrens\",\"publisher\":{\"@id\":\"https:\/\/annette-ahrens.at\/onlineshop\/#\/schema\/person\/3e19676faae246bba0cb3b7e15f427d8\"},\"potentialAction\":[{\"@type\":\"SearchAction\",\"target\":\"https:\/\/annette-ahrens.at\/onlineshop\/?s={search_term_string}\",\"query-input\":\"required name=search_term_string\"}],\"inLanguage\":\"de\"},{\"@type\":\"ImageObject\",\"@id\":\"https:\/\/annette-ahrens.at\/onlineshop\/produkt\/versilbertes-fischbesteck-chinon-fuer-6-personen-fa-christofle-paris-20-jahrhundert\/#primaryimage\",\"inLanguage\":\"de\",\"url\":\"https:\/\/annette-ahrens.at\/onlineshop\/wp-content\/uploads\/2024\/10\/IMG_3301-scaled.jpeg\",\"width\":1920,\"height\":2560,\"caption\":\"fischbesteck_christofle_chinon\"},{\"@type\":[\"WebPage\",\"ItemPage\"],\"@id\":\"https:\/\/annette-ahrens.at\/onlineshop\/produkt\/versilbertes-fischbesteck-chinon-fuer-6-personen-fa-christofle-paris-20-jahrhundert\/#webpage\",\"url\":\"https:\/\/annette-ahrens.at\/onlineshop\/produkt\/versilbertes-fischbesteck-chinon-fuer-6-personen-fa-christofle-paris-20-jahrhundert\/\",\"name\":\"Versilbertes Fischbesteck \\\"Chinon\\\" f\\u00fcr 6 Personen, Fa. Christofle, Paris, um 1900\",\"isPartOf\":{\"@id\":\"https:\/\/annette-ahrens.at\/onlineshop\/#website\"},\"primaryImageOfPage\":{\"@id\":\"https:\/\/annette-ahrens.at\/onlineshop\/produkt\/versilbertes-fischbesteck-chinon-fuer-6-personen-fa-christofle-paris-20-jahrhundert\/#primaryimage\"},\"datePublished\":\"2024-11-29T05:45:49+00:00\",\"dateModified\":\"2024-11-28T08:51:27+00:00\",\"description\":\"Versilbertes Fischbesteck \\\"Chinon\\\" f\\u00fcr 6 Personen, Fa. Christofle, Paris, um 1900 \\u2665 Antiquit\\u00e4ten Online kaufen \\u2713 Sichere Lieferung \\u2713\",\"breadcrumb\":{\"@id\":\"https:\/\/annette-ahrens.at\/onlineshop\/produkt\/versilbertes-fischbesteck-chinon-fuer-6-personen-fa-christofle-paris-20-jahrhundert\/#breadcrumb\"},\"inLanguage\":\"de\",\"potentialAction\":[{\"@type\":\"ReadAction\",\"target\":[\"https:\/\/annette-ahrens.at\/onlineshop\/produkt\/versilbertes-fischbesteck-chinon-fuer-6-personen-fa-christofle-paris-20-jahrhundert\/\"]}]},{\"@type\":\"BreadcrumbList\",\"@id\":\"https:\/\/annette-ahrens.at\/onlineshop\/produkt\/versilbertes-fischbesteck-chinon-fuer-6-personen-fa-christofle-paris-20-jahrhundert\/#breadcrumb\",\"itemListElement\":[{\"@type\":\"ListItem\",\"position\":1,\"item\":{\"@type\":\"WebPage\",\"@id\":\"https:\/\/annette-ahrens.at\/onlineshop\/\",\"url\":\"https:\/\/annette-ahrens.at\/onlineshop\/\",\"name\":\"Home\"}},{\"@type\":\"ListItem\",\"position\":2,\"item\":{\"@type\":\"WebPage\",\"@id\":\"https:\/\/annette-ahrens.at\/onlineshop\/alle-tafelkultur-objekte\/\",\"url\":\"https:\/\/annette-ahrens.at\/onlineshop\/alle-tafelkultur-objekte\/\",\"name\":\"Alle Tafelkultur Objekte\"}},{\"@type\":\"ListItem\",\"position\":3,\"item\":{\"@type\":\"WebPage\",\"@id\":\"https:\/\/annette-ahrens.at\/onlineshop\/produkt\/versilbertes-fischbesteck-chinon-fuer-6-personen-fa-christofle-paris-20-jahrhundert\/\",\"url\":\"https:\/\/annette-ahrens.at\/onlineshop\/produkt\/versilbertes-fischbesteck-chinon-fuer-6-personen-fa-christofle-paris-20-jahrhundert\/\",\"name\":\"Versilbertes Fischbesteck &#8220;Chinon&#8221; f\\u00fcr 6 Personen, Fa. Christofle, Paris, um 1900\"}}]}]}<\/script>\n<!-- \/ Yoast SEO Premium plugin. -->","_links":{"self":[{"href":"https:\/\/annette-ahrens.at\/onlineshop\/wp-json\/wp\/v2\/product\/33434","targetHints":{"allow":["GET"]}}],"collection":[{"href":"https:\/\/annette-ahrens.at\/onlineshop\/wp-json\/wp\/v2\/product"}],"about":[{"href":"https:\/\/annette-ahrens.at\/onlineshop\/wp-json\/wp\/v2\/types\/product"}],"replies":[{"embeddable":true,"href":"https:\/\/annette-ahrens.at\/onlineshop\/wp-json\/wp\/v2\/comments?post=33434"}],"wp:featuredmedia":[{"embeddable":true,"href":"https:\/\/annette-ahrens.at\/onlineshop\/wp-json\/wp\/v2\/media\/33429"}],"wp:attachment":[{"href":"https:\/\/annette-ahrens.at\/onlineshop\/wp-json\/wp\/v2\/media?parent=33434"}],"wp:term":[{"taxonomy":"product_brand","embeddable":true,"href":"https:\/\/annette-ahrens.at\/onlineshop\/wp-json\/wp\/v2\/product_brand?post=33434"},{"taxonomy":"product_cat","embeddable":true,"href":"https:\/\/annette-ahrens.at\/onlineshop\/wp-json\/wp\/v2\/product_cat?post=33434"},{"taxonomy":"product_tag","embeddable":true,"href":"https:\/\/annette-ahrens.at\/onlineshop\/wp-json\/wp\/v2\/product_tag?post=33434"}],"curies":[{"name":"wp","href":"https:\/\/api.w.org\/{rel}","templated":true}]}}