{"id":33627,"date":"2024-12-04T08:30:12","date_gmt":"2024-12-04T07:30:12","guid":{"rendered":"https:\/\/annette-ahrens.at\/onlineshop\/?post_type=product&#038;p=33627"},"modified":"2024-12-04T09:13:56","modified_gmt":"2024-12-04T08:13:56","slug":"silbernes-buttermesser-classic-fa-wilkens-bremen-um-1960","status":"publish","type":"product","link":"https:\/\/annette-ahrens.at\/onlineshop\/produkt\/silbernes-buttermesser-classic-fa-wilkens-bremen-um-1960\/","title":{"rendered":"Silbernes Buttermesser &#8222;Classic&#8220;, Fa. Wilkens, Bremen, um 1960"},"content":{"rendered":"<p>Silbernes Buttermesser &#8222;Classic&#8220;<\/p>\n<p>Fa. Wilkens, Bremen, Deutschland, um 1960<\/p>\n<p>Silber, kantiges Hohlheft, runde Stahlklinge, gemarkt Firmenzeichen Fa. Wilkens, Bremen, Feingehaltszeichen 800, deutsches Staatszeichen ab 1888 Halbmond und Krone<\/p>\n<p>L 17,5 cm<\/p>\n<p>44 g (brutto)<\/p>\n","protected":false},"excerpt":{"rendered":"<p>Annettes Etikette: Die renommierte Silberwarenfabrik M.H. Wilkens &amp; S\u00f6hne wurde bereits 1810 vom Goldschmied Martin Heinrich Wilkens (1782 &#8211; 1869) in Bremen gegr\u00fcndet. 1859 wurde die Produktion nach Hemelingen verlegt. Ein Gl\u00fccksfall, dass sich bei Wilkens die Auftragsb\u00fccher seit 1866 erhalten haben. Hier kann die weite Verbreitung und Produktvielfalt nachvollzogen werden, die oftmals nur mit einer Modellnummer auf den tats\u00e4chlichen Produzenten hinweist. Seit 1886 fungiert die Punzierung einer Spindelpresse als Markenzeichen. Um 1900 z\u00e4hlt die Firma neben Bruckmann &amp; S\u00f6hne (gegr\u00fcndet 1805) und Koch &amp; Bergfeld (gegr\u00fcndet 1829) zu den drei bedeutendsten Silberwarenfabrikanten. Der Urenkel des Gr\u00fcnders <a title=\"Martin-Heinrich Wilkens\" href=\"https:\/\/de.wikipedia.org\/wiki\/Martin-Heinrich_Wilkens\">Martin-Heinrich Wilkens<\/a> (1888\u20131966) \u00a0\u00fcbernahm 1917 das Unternehmen. Nach 185 Jahren wurde \u00a0die Firma 1995 unter Helmut Wilkens (1929 &#8211; 2004) geschlossen, um 2006 neu gegr\u00fcndet zu werden. Bei dieser Facon gibt es auf Wunsch eine Nachkaufgarantie bis 2050.<\/p>\n","protected":false},"featured_media":33641,"comment_status":"open","ping_status":"closed","template":"","meta":[],"product_brand":[],"product_cat":[130,30,203,240,267,265,263,132,239,190,195,193],"product_tag":[],"class_list":{"0":"post-33627","1":"product","2":"type-product","3":"status-publish","4":"has-post-thumbnail","6":"product_cat-abendessen","7":"product_cat-besteck","8":"product_cat-fisch-speisen","9":"product_cat-fischbesteck","10":"product_cat-fischvorleger","11":"product_cat-heber","12":"product_cat-sardinenheber","13":"product_cat-silber","14":"product_cat-spezialbestecke","15":"product_cat-suppe","16":"product_cat-suppenschoepfer","17":"product_cat-suppenterrrine","19":"first","20":"instock","21":"sold-individually","22":"purchasable","23":"product-type-simple"},"yoast_head":"<!-- This site is optimized with the Yoast SEO Premium plugin v15.8.2 - https:\/\/yoast.com\/wordpress\/plugins\/seo\/ -->\n<title>Silbernes Buttermesser &quot;Classic&quot;, Fa. Wilkens, Bremen, um 1960<\/title>\n<meta name=\"description\" content=\"Silbernes Buttermesser &quot;Classic&quot;, Fa. Wilkens, Bremen, um 1960 \u2665 Antiquit\u00e4ten Online kaufen \u2713 Sichere Lieferung \u2713\" \/>\n<meta name=\"robots\" content=\"index, follow, max-snippet:-1, max-image-preview:large, max-video-preview:-1\" \/>\n<link rel=\"canonical\" href=\"https:\/\/annette-ahrens.at\/onlineshop\/produkt\/silbernes-buttermesser-classic-fa-wilkens-bremen-um-1960\/\" \/>\n<meta property=\"og:locale\" content=\"de_DE\" \/>\n<meta property=\"og:type\" content=\"article\" \/>\n<meta property=\"og:title\" content=\"Silbernes Buttermesser &quot;Classic&quot;, Fa. Wilkens, Bremen, um 1960\" \/>\n<meta property=\"og:description\" content=\"Silbernes Buttermesser &quot;Classic&quot;, Fa. Wilkens, Bremen, um 1960 \u2665 Antiquit\u00e4ten Online kaufen \u2713 Sichere Lieferung \u2713\" \/>\n<meta property=\"og:url\" content=\"https:\/\/annette-ahrens.at\/onlineshop\/produkt\/silbernes-buttermesser-classic-fa-wilkens-bremen-um-1960\/\" \/>\n<meta property=\"og:site_name\" content=\"Tafelkultur Onlineshop\" \/>\n<meta property=\"article:publisher\" content=\"https:\/\/www.facebook.com\/AnnetteAhrensTafelkultur\" \/>\n<meta property=\"article:modified_time\" content=\"2024-12-04T08:13:56+00:00\" \/>\n<meta property=\"og:image\" content=\"https:\/\/annette-ahrens.at\/onlineshop\/wp-content\/uploads\/2024\/12\/IMG_3462.jpeg\" \/>\n\t<meta property=\"og:image:width\" content=\"2482\" \/>\n\t<meta property=\"og:image:height\" content=\"2211\" \/>\n<meta name=\"twitter:card\" content=\"summary_large_image\" \/>\n<meta name=\"twitter:label1\" content=\"Gesch\u00e4tzte Lesezeit\">\n\t<meta name=\"twitter:data1\" content=\"1\u00a0Minute\">\n<script type=\"application\/ld+json\" class=\"yoast-schema-graph\">{\"@context\":\"https:\/\/schema.org\",\"@graph\":[{\"@type\":[\"Person\",\"Organization\"],\"@id\":\"https:\/\/annette-ahrens.at\/onlineshop\/#\/schema\/person\/3e19676faae246bba0cb3b7e15f427d8\",\"name\":\"Annette Ahrens\",\"image\":{\"@type\":\"ImageObject\",\"@id\":\"https:\/\/annette-ahrens.at\/onlineshop\/#personlogo\",\"inLanguage\":\"de\",\"url\":\"https:\/\/annette-ahrens.at\/onlineshop\/wp-content\/uploads\/2020\/04\/aa_logo_End.png\",\"width\":800,\"height\":164,\"caption\":\"Annette Ahrens\"},\"logo\":{\"@id\":\"https:\/\/annette-ahrens.at\/onlineshop\/#personlogo\"},\"sameAs\":[\"https:\/\/annette-ahrens.at\",\"https:\/\/www.facebook.com\/AnnetteAhrensTafelkultur\",\"https:\/\/www.instagram.com\/tafelkulturistin\/\",\"https:\/\/de.wikipedia.org\/wiki\/Annette_Ahrens\"]},{\"@type\":\"WebSite\",\"@id\":\"https:\/\/annette-ahrens.at\/onlineshop\/#website\",\"url\":\"https:\/\/annette-ahrens.at\/onlineshop\/\",\"name\":\"Tafelkultur Onlineshop\",\"description\":\"Annette Ahrens\",\"publisher\":{\"@id\":\"https:\/\/annette-ahrens.at\/onlineshop\/#\/schema\/person\/3e19676faae246bba0cb3b7e15f427d8\"},\"potentialAction\":[{\"@type\":\"SearchAction\",\"target\":\"https:\/\/annette-ahrens.at\/onlineshop\/?s={search_term_string}\",\"query-input\":\"required name=search_term_string\"}],\"inLanguage\":\"de\"},{\"@type\":\"ImageObject\",\"@id\":\"https:\/\/annette-ahrens.at\/onlineshop\/produkt\/silbernes-buttermesser-classic-fa-wilkens-bremen-um-1960\/#primaryimage\",\"inLanguage\":\"de\",\"url\":\"https:\/\/annette-ahrens.at\/onlineshop\/wp-content\/uploads\/2024\/12\/IMG_3462.jpeg\",\"width\":2482,\"height\":2211,\"caption\":\"buttermesser_wilkens_classic\"},{\"@type\":[\"WebPage\",\"ItemPage\"],\"@id\":\"https:\/\/annette-ahrens.at\/onlineshop\/produkt\/silbernes-buttermesser-classic-fa-wilkens-bremen-um-1960\/#webpage\",\"url\":\"https:\/\/annette-ahrens.at\/onlineshop\/produkt\/silbernes-buttermesser-classic-fa-wilkens-bremen-um-1960\/\",\"name\":\"Silbernes Buttermesser \\\"Classic\\\", Fa. Wilkens, Bremen, um 1960\",\"isPartOf\":{\"@id\":\"https:\/\/annette-ahrens.at\/onlineshop\/#website\"},\"primaryImageOfPage\":{\"@id\":\"https:\/\/annette-ahrens.at\/onlineshop\/produkt\/silbernes-buttermesser-classic-fa-wilkens-bremen-um-1960\/#primaryimage\"},\"datePublished\":\"2024-12-04T07:30:12+00:00\",\"dateModified\":\"2024-12-04T08:13:56+00:00\",\"description\":\"Silbernes Buttermesser \\\"Classic\\\", Fa. Wilkens, Bremen, um 1960 \\u2665 Antiquit\\u00e4ten Online kaufen \\u2713 Sichere Lieferung \\u2713\",\"breadcrumb\":{\"@id\":\"https:\/\/annette-ahrens.at\/onlineshop\/produkt\/silbernes-buttermesser-classic-fa-wilkens-bremen-um-1960\/#breadcrumb\"},\"inLanguage\":\"de\",\"potentialAction\":[{\"@type\":\"ReadAction\",\"target\":[\"https:\/\/annette-ahrens.at\/onlineshop\/produkt\/silbernes-buttermesser-classic-fa-wilkens-bremen-um-1960\/\"]}]},{\"@type\":\"BreadcrumbList\",\"@id\":\"https:\/\/annette-ahrens.at\/onlineshop\/produkt\/silbernes-buttermesser-classic-fa-wilkens-bremen-um-1960\/#breadcrumb\",\"itemListElement\":[{\"@type\":\"ListItem\",\"position\":1,\"item\":{\"@type\":\"WebPage\",\"@id\":\"https:\/\/annette-ahrens.at\/onlineshop\/\",\"url\":\"https:\/\/annette-ahrens.at\/onlineshop\/\",\"name\":\"Home\"}},{\"@type\":\"ListItem\",\"position\":2,\"item\":{\"@type\":\"WebPage\",\"@id\":\"https:\/\/annette-ahrens.at\/onlineshop\/alle-tafelkultur-objekte\/\",\"url\":\"https:\/\/annette-ahrens.at\/onlineshop\/alle-tafelkultur-objekte\/\",\"name\":\"Alle Tafelkultur Objekte\"}},{\"@type\":\"ListItem\",\"position\":3,\"item\":{\"@type\":\"WebPage\",\"@id\":\"https:\/\/annette-ahrens.at\/onlineshop\/produkt\/silbernes-buttermesser-classic-fa-wilkens-bremen-um-1960\/\",\"url\":\"https:\/\/annette-ahrens.at\/onlineshop\/produkt\/silbernes-buttermesser-classic-fa-wilkens-bremen-um-1960\/\",\"name\":\"Silbernes Buttermesser &#8220;Classic&#8221;, Fa. Wilkens, Bremen, um 1960\"}}]}]}<\/script>\n<!-- \/ Yoast SEO Premium plugin. -->","_links":{"self":[{"href":"https:\/\/annette-ahrens.at\/onlineshop\/wp-json\/wp\/v2\/product\/33627","targetHints":{"allow":["GET"]}}],"collection":[{"href":"https:\/\/annette-ahrens.at\/onlineshop\/wp-json\/wp\/v2\/product"}],"about":[{"href":"https:\/\/annette-ahrens.at\/onlineshop\/wp-json\/wp\/v2\/types\/product"}],"replies":[{"embeddable":true,"href":"https:\/\/annette-ahrens.at\/onlineshop\/wp-json\/wp\/v2\/comments?post=33627"}],"wp:featuredmedia":[{"embeddable":true,"href":"https:\/\/annette-ahrens.at\/onlineshop\/wp-json\/wp\/v2\/media\/33641"}],"wp:attachment":[{"href":"https:\/\/annette-ahrens.at\/onlineshop\/wp-json\/wp\/v2\/media?parent=33627"}],"wp:term":[{"taxonomy":"product_brand","embeddable":true,"href":"https:\/\/annette-ahrens.at\/onlineshop\/wp-json\/wp\/v2\/product_brand?post=33627"},{"taxonomy":"product_cat","embeddable":true,"href":"https:\/\/annette-ahrens.at\/onlineshop\/wp-json\/wp\/v2\/product_cat?post=33627"},{"taxonomy":"product_tag","embeddable":true,"href":"https:\/\/annette-ahrens.at\/onlineshop\/wp-json\/wp\/v2\/product_tag?post=33627"}],"curies":[{"name":"wp","href":"https:\/\/api.w.org\/{rel}","templated":true}]}}