{"id":33657,"date":"2024-12-04T17:13:05","date_gmt":"2024-12-04T16:13:05","guid":{"rendered":"https:\/\/annette-ahrens.at\/onlineshop\/?post_type=product&#038;p=33657"},"modified":"2024-12-07T23:03:13","modified_gmt":"2024-12-07T22:03:13","slug":"biedermeier-zuckerdose-silbermontierung-wien-1852","status":"publish","type":"product","link":"https:\/\/annette-ahrens.at\/onlineshop\/produkt\/biedermeier-zuckerdose-silbermontierung-wien-1852\/","title":{"rendered":"Biedermeier Zuckerdose Silbermontierung, Wien, 1852"},"content":{"rendered":"<p>Biedermeier Zuckerdose mit Silbermontierung<\/p>\n<p>Wien, 1852<\/p>\n<p>Kristallglas, hand geschliffen, achtkantig, Wandung mit Kanneluren, Montierung aus Silber, gemarkt mit Wiener Beschauzeichen 1852, Scharnierdeckel, frontseitiges Schl\u00fcsselschild, funktionierendes Schloss mit Schl\u00fcssel, tadelloser Erhaltungszustand<\/p>\n<p>12,8 x 9,5 x 11,3 cm<\/p>\n","protected":false},"excerpt":{"rendered":"<p>Annettes Etikette: Fast allen Zuckerdosen der Biedermeierzeit ist ein Detail gemeinsam: das Schloss mit Schl\u00fcssel. Zucker war so kostbar, dass es einst vor dem Personal verschlossen wurde. Eine Tradition, die noch aus der Biedermeierzeit herr\u00fchrt, als das begehrte S\u00fcssmittel aus S\u00fcdamerika eingef\u00fchrt werden musste und die Zuckerr\u00fcbe bei uns unbekannt war.<\/p>\n","protected":false},"featured_media":33665,"comment_status":"open","ping_status":"closed","template":"","meta":[],"product_brand":[],"product_cat":[25,297,276,32,18,19,291,292,26,44,157,158],"product_tag":[],"class_list":{"0":"post-33657","1":"product","2":"type-product","3":"status-publish","4":"has-post-thumbnail","6":"product_cat-5o-clock-tea","7":"product_cat-adventjause","8":"product_cat-alpacca","9":"product_cat-festefeiern","10":"product_cat-fruehstueck","11":"product_cat-gabelfruehstueck","12":"product_cat-hochzeit","13":"product_cat-muttertag","14":"product_cat-wiener-melange","15":"product_cat-zucker","16":"product_cat-zucker-fruehstueck","17":"product_cat-zuckerdose","19":"first","20":"instock","21":"sold-individually","22":"purchasable","23":"product-type-simple"},"yoast_head":"<!-- This site is optimized with the Yoast SEO Premium plugin v15.8.2 - https:\/\/yoast.com\/wordpress\/plugins\/seo\/ -->\n<title>Biedermeier Zuckerdose Silbermontierung, Wien, 1852<\/title>\n<meta name=\"description\" content=\"Biedermeier Zuckerdose Silbermontierung, Wien, 1852 \u2665 Antiquit\u00e4ten Online kaufen \u2713 Sichere Lieferung \u2713\" \/>\n<meta name=\"robots\" content=\"index, follow, max-snippet:-1, max-image-preview:large, max-video-preview:-1\" \/>\n<link rel=\"canonical\" href=\"https:\/\/annette-ahrens.at\/onlineshop\/produkt\/biedermeier-zuckerdose-silbermontierung-wien-1852\/\" \/>\n<meta property=\"og:locale\" content=\"de_DE\" \/>\n<meta property=\"og:type\" content=\"article\" \/>\n<meta property=\"og:title\" content=\"Biedermeier Zuckerdose Silbermontierung, Wien, 1852\" \/>\n<meta property=\"og:description\" content=\"Biedermeier Zuckerdose Silbermontierung, Wien, 1852 \u2665 Antiquit\u00e4ten Online kaufen \u2713 Sichere Lieferung \u2713\" \/>\n<meta property=\"og:url\" content=\"https:\/\/annette-ahrens.at\/onlineshop\/produkt\/biedermeier-zuckerdose-silbermontierung-wien-1852\/\" \/>\n<meta property=\"og:site_name\" content=\"Tafelkultur Onlineshop\" \/>\n<meta property=\"article:publisher\" content=\"https:\/\/www.facebook.com\/AnnetteAhrensTafelkultur\" \/>\n<meta property=\"article:modified_time\" content=\"2024-12-07T22:03:13+00:00\" \/>\n<meta property=\"og:image\" content=\"https:\/\/annette-ahrens.at\/onlineshop\/wp-content\/uploads\/2024\/12\/IMG_3495-scaled.jpeg\" \/>\n\t<meta property=\"og:image:width\" content=\"2424\" \/>\n\t<meta property=\"og:image:height\" content=\"2560\" \/>\n<meta name=\"twitter:card\" content=\"summary_large_image\" \/>\n<meta name=\"twitter:label1\" content=\"Gesch\u00e4tzte Lesezeit\">\n\t<meta name=\"twitter:data1\" content=\"1\u00a0Minute\">\n<script type=\"application\/ld+json\" class=\"yoast-schema-graph\">{\"@context\":\"https:\/\/schema.org\",\"@graph\":[{\"@type\":[\"Person\",\"Organization\"],\"@id\":\"https:\/\/annette-ahrens.at\/onlineshop\/#\/schema\/person\/3e19676faae246bba0cb3b7e15f427d8\",\"name\":\"Annette Ahrens\",\"image\":{\"@type\":\"ImageObject\",\"@id\":\"https:\/\/annette-ahrens.at\/onlineshop\/#personlogo\",\"inLanguage\":\"de\",\"url\":\"https:\/\/annette-ahrens.at\/onlineshop\/wp-content\/uploads\/2020\/04\/aa_logo_End.png\",\"width\":800,\"height\":164,\"caption\":\"Annette Ahrens\"},\"logo\":{\"@id\":\"https:\/\/annette-ahrens.at\/onlineshop\/#personlogo\"},\"sameAs\":[\"https:\/\/annette-ahrens.at\",\"https:\/\/www.facebook.com\/AnnetteAhrensTafelkultur\",\"https:\/\/www.instagram.com\/tafelkulturistin\/\",\"https:\/\/de.wikipedia.org\/wiki\/Annette_Ahrens\"]},{\"@type\":\"WebSite\",\"@id\":\"https:\/\/annette-ahrens.at\/onlineshop\/#website\",\"url\":\"https:\/\/annette-ahrens.at\/onlineshop\/\",\"name\":\"Tafelkultur Onlineshop\",\"description\":\"Annette Ahrens\",\"publisher\":{\"@id\":\"https:\/\/annette-ahrens.at\/onlineshop\/#\/schema\/person\/3e19676faae246bba0cb3b7e15f427d8\"},\"potentialAction\":[{\"@type\":\"SearchAction\",\"target\":\"https:\/\/annette-ahrens.at\/onlineshop\/?s={search_term_string}\",\"query-input\":\"required name=search_term_string\"}],\"inLanguage\":\"de\"},{\"@type\":\"ImageObject\",\"@id\":\"https:\/\/annette-ahrens.at\/onlineshop\/produkt\/biedermeier-zuckerdose-silbermontierung-wien-1852\/#primaryimage\",\"inLanguage\":\"de\",\"url\":\"https:\/\/annette-ahrens.at\/onlineshop\/wp-content\/uploads\/2024\/12\/IMG_3495-scaled.jpeg\",\"width\":2424,\"height\":2560,\"caption\":\"biedermeier_zuckerdose_wien_1852\"},{\"@type\":[\"WebPage\",\"ItemPage\"],\"@id\":\"https:\/\/annette-ahrens.at\/onlineshop\/produkt\/biedermeier-zuckerdose-silbermontierung-wien-1852\/#webpage\",\"url\":\"https:\/\/annette-ahrens.at\/onlineshop\/produkt\/biedermeier-zuckerdose-silbermontierung-wien-1852\/\",\"name\":\"Biedermeier Zuckerdose Silbermontierung, Wien, 1852\",\"isPartOf\":{\"@id\":\"https:\/\/annette-ahrens.at\/onlineshop\/#website\"},\"primaryImageOfPage\":{\"@id\":\"https:\/\/annette-ahrens.at\/onlineshop\/produkt\/biedermeier-zuckerdose-silbermontierung-wien-1852\/#primaryimage\"},\"datePublished\":\"2024-12-04T16:13:05+00:00\",\"dateModified\":\"2024-12-07T22:03:13+00:00\",\"description\":\"Biedermeier Zuckerdose Silbermontierung, Wien, 1852 \\u2665 Antiquit\\u00e4ten Online kaufen \\u2713 Sichere Lieferung \\u2713\",\"breadcrumb\":{\"@id\":\"https:\/\/annette-ahrens.at\/onlineshop\/produkt\/biedermeier-zuckerdose-silbermontierung-wien-1852\/#breadcrumb\"},\"inLanguage\":\"de\",\"potentialAction\":[{\"@type\":\"ReadAction\",\"target\":[\"https:\/\/annette-ahrens.at\/onlineshop\/produkt\/biedermeier-zuckerdose-silbermontierung-wien-1852\/\"]}]},{\"@type\":\"BreadcrumbList\",\"@id\":\"https:\/\/annette-ahrens.at\/onlineshop\/produkt\/biedermeier-zuckerdose-silbermontierung-wien-1852\/#breadcrumb\",\"itemListElement\":[{\"@type\":\"ListItem\",\"position\":1,\"item\":{\"@type\":\"WebPage\",\"@id\":\"https:\/\/annette-ahrens.at\/onlineshop\/\",\"url\":\"https:\/\/annette-ahrens.at\/onlineshop\/\",\"name\":\"Home\"}},{\"@type\":\"ListItem\",\"position\":2,\"item\":{\"@type\":\"WebPage\",\"@id\":\"https:\/\/annette-ahrens.at\/onlineshop\/alle-tafelkultur-objekte\/\",\"url\":\"https:\/\/annette-ahrens.at\/onlineshop\/alle-tafelkultur-objekte\/\",\"name\":\"Alle Tafelkultur Objekte\"}},{\"@type\":\"ListItem\",\"position\":3,\"item\":{\"@type\":\"WebPage\",\"@id\":\"https:\/\/annette-ahrens.at\/onlineshop\/produkt\/biedermeier-zuckerdose-silbermontierung-wien-1852\/\",\"url\":\"https:\/\/annette-ahrens.at\/onlineshop\/produkt\/biedermeier-zuckerdose-silbermontierung-wien-1852\/\",\"name\":\"Biedermeier Zuckerdose Silbermontierung, Wien, 1852\"}}]}]}<\/script>\n<!-- \/ Yoast SEO Premium plugin. -->","_links":{"self":[{"href":"https:\/\/annette-ahrens.at\/onlineshop\/wp-json\/wp\/v2\/product\/33657","targetHints":{"allow":["GET"]}}],"collection":[{"href":"https:\/\/annette-ahrens.at\/onlineshop\/wp-json\/wp\/v2\/product"}],"about":[{"href":"https:\/\/annette-ahrens.at\/onlineshop\/wp-json\/wp\/v2\/types\/product"}],"replies":[{"embeddable":true,"href":"https:\/\/annette-ahrens.at\/onlineshop\/wp-json\/wp\/v2\/comments?post=33657"}],"wp:featuredmedia":[{"embeddable":true,"href":"https:\/\/annette-ahrens.at\/onlineshop\/wp-json\/wp\/v2\/media\/33665"}],"wp:attachment":[{"href":"https:\/\/annette-ahrens.at\/onlineshop\/wp-json\/wp\/v2\/media?parent=33657"}],"wp:term":[{"taxonomy":"product_brand","embeddable":true,"href":"https:\/\/annette-ahrens.at\/onlineshop\/wp-json\/wp\/v2\/product_brand?post=33657"},{"taxonomy":"product_cat","embeddable":true,"href":"https:\/\/annette-ahrens.at\/onlineshop\/wp-json\/wp\/v2\/product_cat?post=33657"},{"taxonomy":"product_tag","embeddable":true,"href":"https:\/\/annette-ahrens.at\/onlineshop\/wp-json\/wp\/v2\/product_tag?post=33657"}],"curies":[{"name":"wp","href":"https:\/\/api.w.org\/{rel}","templated":true}]}}