{"id":33666,"date":"2024-12-05T06:22:08","date_gmt":"2024-12-05T05:22:08","guid":{"rendered":"https:\/\/annette-ahrens.at\/onlineshop\/?post_type=product&#038;p=33666"},"modified":"2024-12-05T11:28:20","modified_gmt":"2024-12-05T10:28:20","slug":"midcentury-mixed-pickle-glas-skandinavien-um-1960","status":"publish","type":"product","link":"https:\/\/annette-ahrens.at\/onlineshop\/produkt\/midcentury-mixed-pickle-glas-skandinavien-um-1960\/","title":{"rendered":"Midcentury Mixed Pickle Glas, Skandinavien, um 1960"},"content":{"rendered":"<p>Midcentury Mixed Pickle Glas<\/p>\n<p>Skandinavien, um 1960<\/p>\n<p>runder Gef\u00e4\u00dfk\u00f6rper aus violettem Glas, ungemarkt, Abrissnarbe am Boden, runder Deckel und Gabel aus versilberter Alpacca, Gabel gemarkt EPNS (Electro Plated Nickel Silver)<\/p>\n<p>H\u00f6he 14,5 cm<\/p>\n<p>Dm 6,5 cm<\/p>\n","protected":false},"excerpt":{"rendered":"<p>Midcentury Mixed Pickle Glas Skandinavien, um 1960 runder Gef\u00e4\u00dfk\u00f6rper aus violettem Glas, ungemarkt, Abrissnarbe am Boden, runder Deckel und Gabel aus versilberter Alpacca, Gabel gemarkt EPNS (Electro Plated Nickel Silver) H\u00f6he 14,5 cm Dm 6,5 cm<\/p>\n","protected":false},"featured_media":33652,"comment_status":"open","ping_status":"closed","template":"","meta":[],"product_brand":[],"product_cat":[276,219,27,298,299,32,300,294,291,231,131],"product_tag":[],"class_list":{"0":"post-33666","1":"product","2":"type-product","3":"status-publish","4":"has-post-thumbnail","6":"product_cat-alpacca","7":"product_cat-barutensilien","8":"product_cat-barware","9":"product_cat-buffet","10":"product_cat-cocktailparty","11":"product_cat-festefeiern","12":"product_cat-gartenfest","13":"product_cat-geburtstag","14":"product_cat-hochzeit","15":"product_cat-sektkuehler","16":"product_cat-tafeldekorationen","18":"first","19":"instock","20":"sold-individually","21":"purchasable","22":"product-type-simple"},"yoast_head":"<!-- This site is optimized with the Yoast SEO Premium plugin v15.8.2 - https:\/\/yoast.com\/wordpress\/plugins\/seo\/ -->\n<title>Midcentury Mixed Pickle Glas, Skandinavien, um 1960<\/title>\n<meta name=\"description\" content=\"Midcentury Mixed Pickle Glas, Skandinavien, um 1960 \u2665 Antiquit\u00e4ten Online kaufen \u2713 Sichere Lieferung \u2713\" \/>\n<meta name=\"robots\" content=\"index, follow, max-snippet:-1, max-image-preview:large, max-video-preview:-1\" \/>\n<link rel=\"canonical\" href=\"https:\/\/annette-ahrens.at\/onlineshop\/produkt\/midcentury-mixed-pickle-glas-skandinavien-um-1960\/\" \/>\n<meta property=\"og:locale\" content=\"de_DE\" \/>\n<meta property=\"og:type\" content=\"article\" \/>\n<meta property=\"og:title\" content=\"Midcentury Mixed Pickle Glas, Skandinavien, um 1960\" \/>\n<meta property=\"og:description\" content=\"Midcentury Mixed Pickle Glas, Skandinavien, um 1960 \u2665 Antiquit\u00e4ten Online kaufen \u2713 Sichere Lieferung \u2713\" \/>\n<meta property=\"og:url\" content=\"https:\/\/annette-ahrens.at\/onlineshop\/produkt\/midcentury-mixed-pickle-glas-skandinavien-um-1960\/\" \/>\n<meta property=\"og:site_name\" content=\"Tafelkultur Onlineshop\" \/>\n<meta property=\"article:publisher\" content=\"https:\/\/www.facebook.com\/AnnetteAhrensTafelkultur\" \/>\n<meta property=\"article:modified_time\" content=\"2024-12-05T10:28:20+00:00\" \/>\n<meta property=\"og:image\" content=\"https:\/\/annette-ahrens.at\/onlineshop\/wp-content\/uploads\/2024\/12\/IMG_3481-scaled.jpeg\" \/>\n\t<meta property=\"og:image:width\" content=\"1920\" \/>\n\t<meta property=\"og:image:height\" content=\"2560\" \/>\n<meta name=\"twitter:card\" content=\"summary_large_image\" \/>\n<meta name=\"twitter:label1\" content=\"Gesch\u00e4tzte Lesezeit\">\n\t<meta name=\"twitter:data1\" content=\"1\u00a0Minute\">\n<script type=\"application\/ld+json\" class=\"yoast-schema-graph\">{\"@context\":\"https:\/\/schema.org\",\"@graph\":[{\"@type\":[\"Person\",\"Organization\"],\"@id\":\"https:\/\/annette-ahrens.at\/onlineshop\/#\/schema\/person\/3e19676faae246bba0cb3b7e15f427d8\",\"name\":\"Annette Ahrens\",\"image\":{\"@type\":\"ImageObject\",\"@id\":\"https:\/\/annette-ahrens.at\/onlineshop\/#personlogo\",\"inLanguage\":\"de\",\"url\":\"https:\/\/annette-ahrens.at\/onlineshop\/wp-content\/uploads\/2020\/04\/aa_logo_End.png\",\"width\":800,\"height\":164,\"caption\":\"Annette Ahrens\"},\"logo\":{\"@id\":\"https:\/\/annette-ahrens.at\/onlineshop\/#personlogo\"},\"sameAs\":[\"https:\/\/annette-ahrens.at\",\"https:\/\/www.facebook.com\/AnnetteAhrensTafelkultur\",\"https:\/\/www.instagram.com\/tafelkulturistin\/\",\"https:\/\/de.wikipedia.org\/wiki\/Annette_Ahrens\"]},{\"@type\":\"WebSite\",\"@id\":\"https:\/\/annette-ahrens.at\/onlineshop\/#website\",\"url\":\"https:\/\/annette-ahrens.at\/onlineshop\/\",\"name\":\"Tafelkultur Onlineshop\",\"description\":\"Annette Ahrens\",\"publisher\":{\"@id\":\"https:\/\/annette-ahrens.at\/onlineshop\/#\/schema\/person\/3e19676faae246bba0cb3b7e15f427d8\"},\"potentialAction\":[{\"@type\":\"SearchAction\",\"target\":\"https:\/\/annette-ahrens.at\/onlineshop\/?s={search_term_string}\",\"query-input\":\"required name=search_term_string\"}],\"inLanguage\":\"de\"},{\"@type\":\"ImageObject\",\"@id\":\"https:\/\/annette-ahrens.at\/onlineshop\/produkt\/midcentury-mixed-pickle-glas-skandinavien-um-1960\/#primaryimage\",\"inLanguage\":\"de\",\"url\":\"https:\/\/annette-ahrens.at\/onlineshop\/wp-content\/uploads\/2024\/12\/IMG_3481-scaled.jpeg\",\"width\":1920,\"height\":2560,\"caption\":\"mixed_pickle_glas\"},{\"@type\":[\"WebPage\",\"ItemPage\"],\"@id\":\"https:\/\/annette-ahrens.at\/onlineshop\/produkt\/midcentury-mixed-pickle-glas-skandinavien-um-1960\/#webpage\",\"url\":\"https:\/\/annette-ahrens.at\/onlineshop\/produkt\/midcentury-mixed-pickle-glas-skandinavien-um-1960\/\",\"name\":\"Midcentury Mixed Pickle Glas, Skandinavien, um 1960\",\"isPartOf\":{\"@id\":\"https:\/\/annette-ahrens.at\/onlineshop\/#website\"},\"primaryImageOfPage\":{\"@id\":\"https:\/\/annette-ahrens.at\/onlineshop\/produkt\/midcentury-mixed-pickle-glas-skandinavien-um-1960\/#primaryimage\"},\"datePublished\":\"2024-12-05T05:22:08+00:00\",\"dateModified\":\"2024-12-05T10:28:20+00:00\",\"description\":\"Midcentury Mixed Pickle Glas, Skandinavien, um 1960 \\u2665 Antiquit\\u00e4ten Online kaufen \\u2713 Sichere Lieferung \\u2713\",\"breadcrumb\":{\"@id\":\"https:\/\/annette-ahrens.at\/onlineshop\/produkt\/midcentury-mixed-pickle-glas-skandinavien-um-1960\/#breadcrumb\"},\"inLanguage\":\"de\",\"potentialAction\":[{\"@type\":\"ReadAction\",\"target\":[\"https:\/\/annette-ahrens.at\/onlineshop\/produkt\/midcentury-mixed-pickle-glas-skandinavien-um-1960\/\"]}]},{\"@type\":\"BreadcrumbList\",\"@id\":\"https:\/\/annette-ahrens.at\/onlineshop\/produkt\/midcentury-mixed-pickle-glas-skandinavien-um-1960\/#breadcrumb\",\"itemListElement\":[{\"@type\":\"ListItem\",\"position\":1,\"item\":{\"@type\":\"WebPage\",\"@id\":\"https:\/\/annette-ahrens.at\/onlineshop\/\",\"url\":\"https:\/\/annette-ahrens.at\/onlineshop\/\",\"name\":\"Home\"}},{\"@type\":\"ListItem\",\"position\":2,\"item\":{\"@type\":\"WebPage\",\"@id\":\"https:\/\/annette-ahrens.at\/onlineshop\/alle-tafelkultur-objekte\/\",\"url\":\"https:\/\/annette-ahrens.at\/onlineshop\/alle-tafelkultur-objekte\/\",\"name\":\"Alle Tafelkultur Objekte\"}},{\"@type\":\"ListItem\",\"position\":3,\"item\":{\"@type\":\"WebPage\",\"@id\":\"https:\/\/annette-ahrens.at\/onlineshop\/produkt\/midcentury-mixed-pickle-glas-skandinavien-um-1960\/\",\"url\":\"https:\/\/annette-ahrens.at\/onlineshop\/produkt\/midcentury-mixed-pickle-glas-skandinavien-um-1960\/\",\"name\":\"Midcentury Mixed Pickle Glas, Skandinavien, um 1960\"}}]}]}<\/script>\n<!-- \/ Yoast SEO Premium plugin. -->","_links":{"self":[{"href":"https:\/\/annette-ahrens.at\/onlineshop\/wp-json\/wp\/v2\/product\/33666","targetHints":{"allow":["GET"]}}],"collection":[{"href":"https:\/\/annette-ahrens.at\/onlineshop\/wp-json\/wp\/v2\/product"}],"about":[{"href":"https:\/\/annette-ahrens.at\/onlineshop\/wp-json\/wp\/v2\/types\/product"}],"replies":[{"embeddable":true,"href":"https:\/\/annette-ahrens.at\/onlineshop\/wp-json\/wp\/v2\/comments?post=33666"}],"wp:featuredmedia":[{"embeddable":true,"href":"https:\/\/annette-ahrens.at\/onlineshop\/wp-json\/wp\/v2\/media\/33652"}],"wp:attachment":[{"href":"https:\/\/annette-ahrens.at\/onlineshop\/wp-json\/wp\/v2\/media?parent=33666"}],"wp:term":[{"taxonomy":"product_brand","embeddable":true,"href":"https:\/\/annette-ahrens.at\/onlineshop\/wp-json\/wp\/v2\/product_brand?post=33666"},{"taxonomy":"product_cat","embeddable":true,"href":"https:\/\/annette-ahrens.at\/onlineshop\/wp-json\/wp\/v2\/product_cat?post=33666"},{"taxonomy":"product_tag","embeddable":true,"href":"https:\/\/annette-ahrens.at\/onlineshop\/wp-json\/wp\/v2\/product_tag?post=33666"}],"curies":[{"name":"wp","href":"https:\/\/api.w.org\/{rel}","templated":true}]}}