{"id":33693,"date":"2024-12-06T09:03:42","date_gmt":"2024-12-06T08:03:42","guid":{"rendered":"https:\/\/annette-ahrens.at\/onlineshop\/?post_type=product&#038;p=33693"},"modified":"2024-12-06T09:17:38","modified_gmt":"2024-12-06T08:17:38","slug":"seltene-biedermeier-teedose-mit-silbermontierung-wien-1813","status":"publish","type":"product","link":"https:\/\/annette-ahrens.at\/onlineshop\/produkt\/seltene-biedermeier-teedose-mit-silbermontierung-wien-1813\/","title":{"rendered":"Seltene Biedermeier Teedose mit Silbermontierung, Wien, 1813"},"content":{"rendered":"<p>Biedermeier Teedose mit Silbermontierung<\/p>\n<p>Wien, 1813<\/p>\n<p>Kristallglas, hand geschliffen, achtkantig, Wandung mit bombierten Kanneluren, Deckel und Boden mit Schliffstern, Montierung aus Silber, gemarkt mit Wiener Beschauzeichen 1813, Wiener Taxfreistempel und Meisterpunze MA im Oval, Scharnierdeckel, frontseitiges Schl\u00fcsselschild, funktionierendes Schloss mit Schl\u00fcssel, tadelloser Erhaltungszustand<\/p>\n<p>12,5 x 9 x 9 cm<\/p>\n","protected":false},"excerpt":{"rendered":"<p>Annettes Etikette: Fast allen Zuckerdosen der Biedermeierzeit ist ein Detail gemeinsam: das Schloss mit Schl\u00fcssel. Zucker war so kostbar, dass es einst vor dem Personal verschlossen wurde. Eine Tradition, die noch aus der Biedermeierzeit herr\u00fchrt, als das begehrte S\u00fcssmittel aus S\u00fcdamerika eingef\u00fchrt werden musste und die Zuckerr\u00fcbe bei uns unbekannt war.<\/p>\n","protected":false},"featured_media":33669,"comment_status":"open","ping_status":"closed","template":"","meta":[],"product_brand":[],"product_cat":[25,297,32,18,273,268,38,153,26,44,157,158],"product_tag":[],"class_list":{"0":"post-33693","1":"product","2":"type-product","3":"status-publish","4":"has-post-thumbnail","6":"product_cat-5o-clock-tea","7":"product_cat-adventjause","8":"product_cat-festefeiern","9":"product_cat-fruehstueck","10":"product_cat-silber-fachbuecher","11":"product_cat-tee-5o-clock-tea","12":"product_cat-tee","13":"product_cat-teedose","14":"product_cat-wiener-melange","15":"product_cat-zucker","16":"product_cat-zucker-fruehstueck","17":"product_cat-zuckerdose","19":"first","20":"instock","21":"sold-individually","22":"purchasable","23":"product-type-simple"},"yoast_head":"<!-- This site is optimized with the Yoast SEO Premium plugin v15.8.2 - https:\/\/yoast.com\/wordpress\/plugins\/seo\/ -->\n<title>Seltene Biedermeier Teedose mit Silbermontierung, Wien, 1813<\/title>\n<meta name=\"description\" content=\"Seltene Biedermeier Teedose mit Silbermontierung, Wien, 1813 \u2665 Antiquit\u00e4ten Online kaufen \u2713 Sichere Lieferung \u2713\" \/>\n<meta name=\"robots\" content=\"index, follow, max-snippet:-1, max-image-preview:large, max-video-preview:-1\" \/>\n<link rel=\"canonical\" href=\"https:\/\/annette-ahrens.at\/onlineshop\/produkt\/seltene-biedermeier-teedose-mit-silbermontierung-wien-1813\/\" \/>\n<meta property=\"og:locale\" content=\"de_DE\" \/>\n<meta property=\"og:type\" content=\"article\" \/>\n<meta property=\"og:title\" content=\"Seltene Biedermeier Teedose mit Silbermontierung, Wien, 1813\" \/>\n<meta property=\"og:description\" content=\"Seltene Biedermeier Teedose mit Silbermontierung, Wien, 1813 \u2665 Antiquit\u00e4ten Online kaufen \u2713 Sichere Lieferung \u2713\" \/>\n<meta property=\"og:url\" content=\"https:\/\/annette-ahrens.at\/onlineshop\/produkt\/seltene-biedermeier-teedose-mit-silbermontierung-wien-1813\/\" \/>\n<meta property=\"og:site_name\" content=\"Tafelkultur Onlineshop\" \/>\n<meta property=\"article:publisher\" content=\"https:\/\/www.facebook.com\/AnnetteAhrensTafelkultur\" \/>\n<meta property=\"article:modified_time\" content=\"2024-12-06T08:17:38+00:00\" \/>\n<meta property=\"og:image\" content=\"https:\/\/annette-ahrens.at\/onlineshop\/wp-content\/uploads\/2024\/12\/IMG_3530-scaled.jpeg\" \/>\n\t<meta property=\"og:image:width\" content=\"2560\" \/>\n\t<meta property=\"og:image:height\" content=\"2476\" \/>\n<meta name=\"twitter:card\" content=\"summary_large_image\" \/>\n<meta name=\"twitter:label1\" content=\"Gesch\u00e4tzte Lesezeit\">\n\t<meta name=\"twitter:data1\" content=\"1\u00a0Minute\">\n<script type=\"application\/ld+json\" class=\"yoast-schema-graph\">{\"@context\":\"https:\/\/schema.org\",\"@graph\":[{\"@type\":[\"Person\",\"Organization\"],\"@id\":\"https:\/\/annette-ahrens.at\/onlineshop\/#\/schema\/person\/3e19676faae246bba0cb3b7e15f427d8\",\"name\":\"Annette Ahrens\",\"image\":{\"@type\":\"ImageObject\",\"@id\":\"https:\/\/annette-ahrens.at\/onlineshop\/#personlogo\",\"inLanguage\":\"de\",\"url\":\"https:\/\/annette-ahrens.at\/onlineshop\/wp-content\/uploads\/2020\/04\/aa_logo_End.png\",\"width\":800,\"height\":164,\"caption\":\"Annette Ahrens\"},\"logo\":{\"@id\":\"https:\/\/annette-ahrens.at\/onlineshop\/#personlogo\"},\"sameAs\":[\"https:\/\/annette-ahrens.at\",\"https:\/\/www.facebook.com\/AnnetteAhrensTafelkultur\",\"https:\/\/www.instagram.com\/tafelkulturistin\/\",\"https:\/\/de.wikipedia.org\/wiki\/Annette_Ahrens\"]},{\"@type\":\"WebSite\",\"@id\":\"https:\/\/annette-ahrens.at\/onlineshop\/#website\",\"url\":\"https:\/\/annette-ahrens.at\/onlineshop\/\",\"name\":\"Tafelkultur Onlineshop\",\"description\":\"Annette Ahrens\",\"publisher\":{\"@id\":\"https:\/\/annette-ahrens.at\/onlineshop\/#\/schema\/person\/3e19676faae246bba0cb3b7e15f427d8\"},\"potentialAction\":[{\"@type\":\"SearchAction\",\"target\":\"https:\/\/annette-ahrens.at\/onlineshop\/?s={search_term_string}\",\"query-input\":\"required name=search_term_string\"}],\"inLanguage\":\"de\"},{\"@type\":\"ImageObject\",\"@id\":\"https:\/\/annette-ahrens.at\/onlineshop\/produkt\/seltene-biedermeier-teedose-mit-silbermontierung-wien-1813\/#primaryimage\",\"inLanguage\":\"de\",\"url\":\"https:\/\/annette-ahrens.at\/onlineshop\/wp-content\/uploads\/2024\/12\/IMG_3530-scaled.jpeg\",\"width\":2560,\"height\":2476,\"caption\":\"biedermeier_teedose_wien\"},{\"@type\":[\"WebPage\",\"ItemPage\"],\"@id\":\"https:\/\/annette-ahrens.at\/onlineshop\/produkt\/seltene-biedermeier-teedose-mit-silbermontierung-wien-1813\/#webpage\",\"url\":\"https:\/\/annette-ahrens.at\/onlineshop\/produkt\/seltene-biedermeier-teedose-mit-silbermontierung-wien-1813\/\",\"name\":\"Seltene Biedermeier Teedose mit Silbermontierung, Wien, 1813\",\"isPartOf\":{\"@id\":\"https:\/\/annette-ahrens.at\/onlineshop\/#website\"},\"primaryImageOfPage\":{\"@id\":\"https:\/\/annette-ahrens.at\/onlineshop\/produkt\/seltene-biedermeier-teedose-mit-silbermontierung-wien-1813\/#primaryimage\"},\"datePublished\":\"2024-12-06T08:03:42+00:00\",\"dateModified\":\"2024-12-06T08:17:38+00:00\",\"description\":\"Seltene Biedermeier Teedose mit Silbermontierung, Wien, 1813 \\u2665 Antiquit\\u00e4ten Online kaufen \\u2713 Sichere Lieferung \\u2713\",\"breadcrumb\":{\"@id\":\"https:\/\/annette-ahrens.at\/onlineshop\/produkt\/seltene-biedermeier-teedose-mit-silbermontierung-wien-1813\/#breadcrumb\"},\"inLanguage\":\"de\",\"potentialAction\":[{\"@type\":\"ReadAction\",\"target\":[\"https:\/\/annette-ahrens.at\/onlineshop\/produkt\/seltene-biedermeier-teedose-mit-silbermontierung-wien-1813\/\"]}]},{\"@type\":\"BreadcrumbList\",\"@id\":\"https:\/\/annette-ahrens.at\/onlineshop\/produkt\/seltene-biedermeier-teedose-mit-silbermontierung-wien-1813\/#breadcrumb\",\"itemListElement\":[{\"@type\":\"ListItem\",\"position\":1,\"item\":{\"@type\":\"WebPage\",\"@id\":\"https:\/\/annette-ahrens.at\/onlineshop\/\",\"url\":\"https:\/\/annette-ahrens.at\/onlineshop\/\",\"name\":\"Home\"}},{\"@type\":\"ListItem\",\"position\":2,\"item\":{\"@type\":\"WebPage\",\"@id\":\"https:\/\/annette-ahrens.at\/onlineshop\/alle-tafelkultur-objekte\/\",\"url\":\"https:\/\/annette-ahrens.at\/onlineshop\/alle-tafelkultur-objekte\/\",\"name\":\"Alle Tafelkultur Objekte\"}},{\"@type\":\"ListItem\",\"position\":3,\"item\":{\"@type\":\"WebPage\",\"@id\":\"https:\/\/annette-ahrens.at\/onlineshop\/produkt\/seltene-biedermeier-teedose-mit-silbermontierung-wien-1813\/\",\"url\":\"https:\/\/annette-ahrens.at\/onlineshop\/produkt\/seltene-biedermeier-teedose-mit-silbermontierung-wien-1813\/\",\"name\":\"Seltene Biedermeier Teedose mit Silbermontierung, Wien, 1813\"}}]}]}<\/script>\n<!-- \/ Yoast SEO Premium plugin. -->","_links":{"self":[{"href":"https:\/\/annette-ahrens.at\/onlineshop\/wp-json\/wp\/v2\/product\/33693","targetHints":{"allow":["GET"]}}],"collection":[{"href":"https:\/\/annette-ahrens.at\/onlineshop\/wp-json\/wp\/v2\/product"}],"about":[{"href":"https:\/\/annette-ahrens.at\/onlineshop\/wp-json\/wp\/v2\/types\/product"}],"replies":[{"embeddable":true,"href":"https:\/\/annette-ahrens.at\/onlineshop\/wp-json\/wp\/v2\/comments?post=33693"}],"wp:featuredmedia":[{"embeddable":true,"href":"https:\/\/annette-ahrens.at\/onlineshop\/wp-json\/wp\/v2\/media\/33669"}],"wp:attachment":[{"href":"https:\/\/annette-ahrens.at\/onlineshop\/wp-json\/wp\/v2\/media?parent=33693"}],"wp:term":[{"taxonomy":"product_brand","embeddable":true,"href":"https:\/\/annette-ahrens.at\/onlineshop\/wp-json\/wp\/v2\/product_brand?post=33693"},{"taxonomy":"product_cat","embeddable":true,"href":"https:\/\/annette-ahrens.at\/onlineshop\/wp-json\/wp\/v2\/product_cat?post=33693"},{"taxonomy":"product_tag","embeddable":true,"href":"https:\/\/annette-ahrens.at\/onlineshop\/wp-json\/wp\/v2\/product_tag?post=33693"}],"curies":[{"name":"wp","href":"https:\/\/api.w.org\/{rel}","templated":true}]}}