{"id":33695,"date":"2024-12-06T09:07:53","date_gmt":"2024-12-06T08:07:53","guid":{"rendered":"https:\/\/annette-ahrens.at\/onlineshop\/?post_type=product&#038;p=33695"},"modified":"2024-12-06T09:14:38","modified_gmt":"2024-12-06T08:14:38","slug":"paar-versilberte-jugendstil-tafelaufsaetze-frankreich-um-1900","status":"publish","type":"product","link":"https:\/\/annette-ahrens.at\/onlineshop\/produkt\/paar-versilberte-jugendstil-tafelaufsaetze-frankreich-um-1900\/","title":{"rendered":"Paar versilberte Jugendstil Tafelaufs\u00e4tze, Frankreich, um 1900"},"content":{"rendered":"<p>Paar versilberte Jugendstil Tafelaufs\u00e4tze<\/p>\n<p>Frankreich, um 1900<\/p>\n<p>Alpacca, versilbert, runder Fuss mit godronniertem Rand, Muschelmotiv, Tulpenf\u00f6rmiger Fuss mit runder Aufsatzschale in korrespondierendem Dekor, an der Fahne gemarkt mit franz\u00f6sischer Herstellermarke, handpolierter Erhaltungszustand mit altersbedingtem Abrieb<\/p>\n<p>H 14,5 cm<\/p>\n<p>Dm 22,7 cm (Teller)<\/p>\n","protected":false},"excerpt":{"rendered":"<p>Annettes Etikette: So ein charmantes P\u00e4rchen von Jugendstil Tafelaufs\u00e4tzen habe ich selten. Es macht sicherlich Freude darauf kleine H\u00e4ppchen f\u00fcr beide Tischenden oder aber unterschiedliche Geschmacksrichtungen wie Sauer und S\u00fcss stilvoll zu servieren. Das Muschelmotiv wird im Franz\u00f6sischen &#8222;Coquillage&#8220; genannt. Gerne erinnere ich mich an den Ankaufsort dieser Tafelaufs\u00e4tze: S\u00fcdfrankreich<\/p>\n","protected":false},"featured_media":33719,"comment_status":"open","ping_status":"closed","template":"","meta":[],"product_brand":[],"product_cat":[25,298,192,19,300,291,198,20,292,24,281,131,311,302,26],"product_tag":[],"class_list":{"0":"post-33695","1":"product","2":"type-product","3":"status-publish","4":"has-post-thumbnail","6":"product_cat-5o-clock-tea","7":"product_cat-buffet","8":"product_cat-dessert","9":"product_cat-gabelfruehstueck","10":"product_cat-gartenfest","11":"product_cat-hochzeit","12":"product_cat-kuchen","13":"product_cat-lunchtime","14":"product_cat-muttertag","15":"product_cat-patisserie","16":"product_cat-tafelaufsatz","17":"product_cat-tafeldekorationen","18":"product_cat-tafelinventar","19":"product_cat-torte","20":"product_cat-wiener-melange","22":"first","23":"instock","24":"sold-individually","25":"purchasable","26":"product-type-simple"},"yoast_head":"<!-- This site is optimized with the Yoast SEO Premium plugin v15.8.2 - https:\/\/yoast.com\/wordpress\/plugins\/seo\/ -->\n<title>Paar versilberte Jugendstil Tafelaufs\u00e4tze, Frankreich, um 1900<\/title>\n<meta name=\"description\" content=\"Paar versilberte Jugendstil Tafelaufs\u00e4tze, Frankreich, um 1900 \u2665 Antiquit\u00e4ten Online kaufen \u2713 Sichere Lieferung \u2713\" \/>\n<meta name=\"robots\" content=\"index, follow, max-snippet:-1, max-image-preview:large, max-video-preview:-1\" \/>\n<link rel=\"canonical\" href=\"https:\/\/annette-ahrens.at\/onlineshop\/produkt\/paar-versilberte-jugendstil-tafelaufsaetze-frankreich-um-1900\/\" \/>\n<meta property=\"og:locale\" content=\"de_DE\" \/>\n<meta property=\"og:type\" content=\"article\" \/>\n<meta property=\"og:title\" content=\"Paar versilberte Jugendstil Tafelaufs\u00e4tze, Frankreich, um 1900\" \/>\n<meta property=\"og:description\" content=\"Paar versilberte Jugendstil Tafelaufs\u00e4tze, Frankreich, um 1900 \u2665 Antiquit\u00e4ten Online kaufen \u2713 Sichere Lieferung \u2713\" \/>\n<meta property=\"og:url\" content=\"https:\/\/annette-ahrens.at\/onlineshop\/produkt\/paar-versilberte-jugendstil-tafelaufsaetze-frankreich-um-1900\/\" \/>\n<meta property=\"og:site_name\" content=\"Tafelkultur Onlineshop\" \/>\n<meta property=\"article:publisher\" content=\"https:\/\/www.facebook.com\/AnnetteAhrensTafelkultur\" \/>\n<meta property=\"article:modified_time\" content=\"2024-12-06T08:14:38+00:00\" \/>\n<meta property=\"og:image\" content=\"https:\/\/annette-ahrens.at\/onlineshop\/wp-content\/uploads\/2024\/12\/IMG_3531-scaled.jpeg\" \/>\n\t<meta property=\"og:image:width\" content=\"2130\" \/>\n\t<meta property=\"og:image:height\" content=\"2560\" \/>\n<meta name=\"twitter:card\" content=\"summary_large_image\" \/>\n<meta name=\"twitter:label1\" content=\"Gesch\u00e4tzte Lesezeit\">\n\t<meta name=\"twitter:data1\" content=\"1\u00a0Minute\">\n<script type=\"application\/ld+json\" class=\"yoast-schema-graph\">{\"@context\":\"https:\/\/schema.org\",\"@graph\":[{\"@type\":[\"Person\",\"Organization\"],\"@id\":\"https:\/\/annette-ahrens.at\/onlineshop\/#\/schema\/person\/3e19676faae246bba0cb3b7e15f427d8\",\"name\":\"Annette Ahrens\",\"image\":{\"@type\":\"ImageObject\",\"@id\":\"https:\/\/annette-ahrens.at\/onlineshop\/#personlogo\",\"inLanguage\":\"de\",\"url\":\"https:\/\/annette-ahrens.at\/onlineshop\/wp-content\/uploads\/2020\/04\/aa_logo_End.png\",\"width\":800,\"height\":164,\"caption\":\"Annette Ahrens\"},\"logo\":{\"@id\":\"https:\/\/annette-ahrens.at\/onlineshop\/#personlogo\"},\"sameAs\":[\"https:\/\/annette-ahrens.at\",\"https:\/\/www.facebook.com\/AnnetteAhrensTafelkultur\",\"https:\/\/www.instagram.com\/tafelkulturistin\/\",\"https:\/\/de.wikipedia.org\/wiki\/Annette_Ahrens\"]},{\"@type\":\"WebSite\",\"@id\":\"https:\/\/annette-ahrens.at\/onlineshop\/#website\",\"url\":\"https:\/\/annette-ahrens.at\/onlineshop\/\",\"name\":\"Tafelkultur Onlineshop\",\"description\":\"Annette Ahrens\",\"publisher\":{\"@id\":\"https:\/\/annette-ahrens.at\/onlineshop\/#\/schema\/person\/3e19676faae246bba0cb3b7e15f427d8\"},\"potentialAction\":[{\"@type\":\"SearchAction\",\"target\":\"https:\/\/annette-ahrens.at\/onlineshop\/?s={search_term_string}\",\"query-input\":\"required name=search_term_string\"}],\"inLanguage\":\"de\"},{\"@type\":\"ImageObject\",\"@id\":\"https:\/\/annette-ahrens.at\/onlineshop\/produkt\/paar-versilberte-jugendstil-tafelaufsaetze-frankreich-um-1900\/#primaryimage\",\"inLanguage\":\"de\",\"url\":\"https:\/\/annette-ahrens.at\/onlineshop\/wp-content\/uploads\/2024\/12\/IMG_3531-scaled.jpeg\",\"width\":2130,\"height\":2560,\"caption\":\"tafelaufs\\u00e4tze_frankreich\"},{\"@type\":[\"WebPage\",\"ItemPage\"],\"@id\":\"https:\/\/annette-ahrens.at\/onlineshop\/produkt\/paar-versilberte-jugendstil-tafelaufsaetze-frankreich-um-1900\/#webpage\",\"url\":\"https:\/\/annette-ahrens.at\/onlineshop\/produkt\/paar-versilberte-jugendstil-tafelaufsaetze-frankreich-um-1900\/\",\"name\":\"Paar versilberte Jugendstil Tafelaufs\\u00e4tze, Frankreich, um 1900\",\"isPartOf\":{\"@id\":\"https:\/\/annette-ahrens.at\/onlineshop\/#website\"},\"primaryImageOfPage\":{\"@id\":\"https:\/\/annette-ahrens.at\/onlineshop\/produkt\/paar-versilberte-jugendstil-tafelaufsaetze-frankreich-um-1900\/#primaryimage\"},\"datePublished\":\"2024-12-06T08:07:53+00:00\",\"dateModified\":\"2024-12-06T08:14:38+00:00\",\"description\":\"Paar versilberte Jugendstil Tafelaufs\\u00e4tze, Frankreich, um 1900 \\u2665 Antiquit\\u00e4ten Online kaufen \\u2713 Sichere Lieferung \\u2713\",\"breadcrumb\":{\"@id\":\"https:\/\/annette-ahrens.at\/onlineshop\/produkt\/paar-versilberte-jugendstil-tafelaufsaetze-frankreich-um-1900\/#breadcrumb\"},\"inLanguage\":\"de\",\"potentialAction\":[{\"@type\":\"ReadAction\",\"target\":[\"https:\/\/annette-ahrens.at\/onlineshop\/produkt\/paar-versilberte-jugendstil-tafelaufsaetze-frankreich-um-1900\/\"]}]},{\"@type\":\"BreadcrumbList\",\"@id\":\"https:\/\/annette-ahrens.at\/onlineshop\/produkt\/paar-versilberte-jugendstil-tafelaufsaetze-frankreich-um-1900\/#breadcrumb\",\"itemListElement\":[{\"@type\":\"ListItem\",\"position\":1,\"item\":{\"@type\":\"WebPage\",\"@id\":\"https:\/\/annette-ahrens.at\/onlineshop\/\",\"url\":\"https:\/\/annette-ahrens.at\/onlineshop\/\",\"name\":\"Home\"}},{\"@type\":\"ListItem\",\"position\":2,\"item\":{\"@type\":\"WebPage\",\"@id\":\"https:\/\/annette-ahrens.at\/onlineshop\/alle-tafelkultur-objekte\/\",\"url\":\"https:\/\/annette-ahrens.at\/onlineshop\/alle-tafelkultur-objekte\/\",\"name\":\"Alle Tafelkultur Objekte\"}},{\"@type\":\"ListItem\",\"position\":3,\"item\":{\"@type\":\"WebPage\",\"@id\":\"https:\/\/annette-ahrens.at\/onlineshop\/produkt\/paar-versilberte-jugendstil-tafelaufsaetze-frankreich-um-1900\/\",\"url\":\"https:\/\/annette-ahrens.at\/onlineshop\/produkt\/paar-versilberte-jugendstil-tafelaufsaetze-frankreich-um-1900\/\",\"name\":\"Paar versilberte Jugendstil Tafelaufs\\u00e4tze, Frankreich, um 1900\"}}]}]}<\/script>\n<!-- \/ Yoast SEO Premium plugin. -->","_links":{"self":[{"href":"https:\/\/annette-ahrens.at\/onlineshop\/wp-json\/wp\/v2\/product\/33695","targetHints":{"allow":["GET"]}}],"collection":[{"href":"https:\/\/annette-ahrens.at\/onlineshop\/wp-json\/wp\/v2\/product"}],"about":[{"href":"https:\/\/annette-ahrens.at\/onlineshop\/wp-json\/wp\/v2\/types\/product"}],"replies":[{"embeddable":true,"href":"https:\/\/annette-ahrens.at\/onlineshop\/wp-json\/wp\/v2\/comments?post=33695"}],"wp:featuredmedia":[{"embeddable":true,"href":"https:\/\/annette-ahrens.at\/onlineshop\/wp-json\/wp\/v2\/media\/33719"}],"wp:attachment":[{"href":"https:\/\/annette-ahrens.at\/onlineshop\/wp-json\/wp\/v2\/media?parent=33695"}],"wp:term":[{"taxonomy":"product_brand","embeddable":true,"href":"https:\/\/annette-ahrens.at\/onlineshop\/wp-json\/wp\/v2\/product_brand?post=33695"},{"taxonomy":"product_cat","embeddable":true,"href":"https:\/\/annette-ahrens.at\/onlineshop\/wp-json\/wp\/v2\/product_cat?post=33695"},{"taxonomy":"product_tag","embeddable":true,"href":"https:\/\/annette-ahrens.at\/onlineshop\/wp-json\/wp\/v2\/product_tag?post=33695"}],"curies":[{"name":"wp","href":"https:\/\/api.w.org\/{rel}","templated":true}]}}