{"id":33883,"date":"2024-12-12T10:50:00","date_gmt":"2024-12-12T09:50:00","guid":{"rendered":"https:\/\/annette-ahrens.at\/onlineshop\/?post_type=product&#038;p=33883"},"modified":"2026-04-11T15:51:31","modified_gmt":"2026-04-11T13:51:31","slug":"12-seltene-silberne-art-deco-spargelfingerzangen-fa-jarosinski-vaugoin-wien-um-1930","status":"publish","type":"product","link":"https:\/\/annette-ahrens.at\/onlineshop\/produkt\/12-seltene-silberne-art-deco-spargelfingerzangen-fa-jarosinski-vaugoin-wien-um-1930\/","title":{"rendered":"12 seltene, silberne Art Deco Spargelfingerzangen, Fa. Jarosinski &#038; Vaugoin, Wien, um 1930"},"content":{"rendered":"<p>12 seltene, silberne Art Deco Spargelfingerzangen<\/p>\n<p>Fa. Jarosinski &amp; Vaugoin, Wien, \u00d6sterreich, um 1930<\/p>\n<p>Silber, 12 Spargelfingerzangen mit Federspannung, Facon Nr. 15, gemarkt mit Feingehalt 800 und Firmenzeichen Kelch f\u00fcr Fa. Jarosinski &amp; Vaugoin, bezeichnet: HANDGESCHMIEDET, in schwarzer Geschenkskassette, innen mit hellgelbem Jersey tapeziert, tadelloser, handpolierter Erhaltungszustand<\/p>\n<p>L\u00e4nge 10,8 cm<\/p>\n<p>437 g<\/p>\n","protected":false},"excerpt":{"rendered":"<p>Annettes Etikette: Spargelfingerzangen sind seltene, historische Spezialbestecke (oft um 1900\u20131930, Jugendstil\/Art D\u00e9co), die als filigrane Einzelgreifer f\u00fcr den Verzehr von Spargel mit den Fingern dienen. Die meist versilberten Zangen erm\u00f6glichen es, einzelne Stangen sauber zu halten und sind oft als Spargelmotiv gestaltet. Dieses Set ist aus massivem Silber und wurde bei meiner Lieblingsfirma Jarosinski &amp; Vaugoin in Wien gefertigt: &#8222;Handgeschmiedet&#8220;, wie speziell auf jedem Teil vermerkt.<\/p>\n","protected":false},"featured_media":33889,"comment_status":"open","ping_status":"closed","template":"","meta":[],"product_brand":[],"product_cat":[30,262,239],"product_tag":[],"class_list":{"0":"post-33883","1":"product","2":"type-product","3":"status-publish","4":"has-post-thumbnail","6":"product_cat-besteck","7":"product_cat-spargelzange","8":"product_cat-spezialbestecke","10":"first","11":"instock","12":"sold-individually","13":"purchasable","14":"product-type-simple"},"yoast_head":"<!-- This site is optimized with the Yoast SEO Premium plugin v15.8.2 - https:\/\/yoast.com\/wordpress\/plugins\/seo\/ -->\n<title>12 seltene, silberne Art Deco Spargelfingerzangen, Fa. Jarosinski &amp; Vaugoin, Wien, um 1930<\/title>\n<meta name=\"description\" content=\"12 seltene, silberne Art Deco Spargelfingerzangen, Fa. Jarosinski &amp; Vaugoin, Wien, um 1930 \u2665 Antiquit\u00e4ten Online kaufen \u2713 Sichere Lieferung \u2713\" \/>\n<meta name=\"robots\" content=\"index, follow, max-snippet:-1, max-image-preview:large, max-video-preview:-1\" \/>\n<link rel=\"canonical\" href=\"https:\/\/annette-ahrens.at\/onlineshop\/produkt\/12-seltene-silberne-art-deco-spargelfingerzangen-fa-jarosinski-vaugoin-wien-um-1930\/\" \/>\n<meta property=\"og:locale\" content=\"de_DE\" \/>\n<meta property=\"og:type\" content=\"article\" \/>\n<meta property=\"og:title\" content=\"12 seltene, silberne Art Deco Spargelfingerzangen, Fa. Jarosinski &amp; Vaugoin, Wien, um 1930\" \/>\n<meta property=\"og:description\" content=\"12 seltene, silberne Art Deco Spargelfingerzangen, Fa. Jarosinski &amp; Vaugoin, Wien, um 1930 \u2665 Antiquit\u00e4ten Online kaufen \u2713 Sichere Lieferung \u2713\" \/>\n<meta property=\"og:url\" content=\"https:\/\/annette-ahrens.at\/onlineshop\/produkt\/12-seltene-silberne-art-deco-spargelfingerzangen-fa-jarosinski-vaugoin-wien-um-1930\/\" \/>\n<meta property=\"og:site_name\" content=\"Tafelkultur Onlineshop\" \/>\n<meta property=\"article:publisher\" content=\"https:\/\/www.facebook.com\/AnnetteAhrensTafelkultur\" \/>\n<meta property=\"article:modified_time\" content=\"2026-04-11T13:51:31+00:00\" \/>\n<meta property=\"og:image\" content=\"https:\/\/annette-ahrens.at\/onlineshop\/wp-content\/uploads\/2024\/12\/IMG_3708.jpeg\" \/>\n\t<meta property=\"og:image:width\" content=\"2293\" \/>\n\t<meta property=\"og:image:height\" content=\"1714\" \/>\n<meta name=\"twitter:card\" content=\"summary_large_image\" \/>\n<meta name=\"twitter:label1\" content=\"Gesch\u00e4tzte Lesezeit\">\n\t<meta name=\"twitter:data1\" content=\"1\u00a0Minute\">\n<script type=\"application\/ld+json\" class=\"yoast-schema-graph\">{\"@context\":\"https:\/\/schema.org\",\"@graph\":[{\"@type\":[\"Person\",\"Organization\"],\"@id\":\"https:\/\/annette-ahrens.at\/onlineshop\/#\/schema\/person\/3e19676faae246bba0cb3b7e15f427d8\",\"name\":\"Annette Ahrens\",\"image\":{\"@type\":\"ImageObject\",\"@id\":\"https:\/\/annette-ahrens.at\/onlineshop\/#personlogo\",\"inLanguage\":\"de\",\"url\":\"https:\/\/annette-ahrens.at\/onlineshop\/wp-content\/uploads\/2020\/04\/aa_logo_End.png\",\"width\":800,\"height\":164,\"caption\":\"Annette Ahrens\"},\"logo\":{\"@id\":\"https:\/\/annette-ahrens.at\/onlineshop\/#personlogo\"},\"sameAs\":[\"https:\/\/annette-ahrens.at\",\"https:\/\/www.facebook.com\/AnnetteAhrensTafelkultur\",\"https:\/\/www.instagram.com\/tafelkulturistin\/\",\"https:\/\/de.wikipedia.org\/wiki\/Annette_Ahrens\"]},{\"@type\":\"WebSite\",\"@id\":\"https:\/\/annette-ahrens.at\/onlineshop\/#website\",\"url\":\"https:\/\/annette-ahrens.at\/onlineshop\/\",\"name\":\"Tafelkultur Onlineshop\",\"description\":\"Annette Ahrens\",\"publisher\":{\"@id\":\"https:\/\/annette-ahrens.at\/onlineshop\/#\/schema\/person\/3e19676faae246bba0cb3b7e15f427d8\"},\"potentialAction\":[{\"@type\":\"SearchAction\",\"target\":\"https:\/\/annette-ahrens.at\/onlineshop\/?s={search_term_string}\",\"query-input\":\"required name=search_term_string\"}],\"inLanguage\":\"de\"},{\"@type\":\"ImageObject\",\"@id\":\"https:\/\/annette-ahrens.at\/onlineshop\/produkt\/12-seltene-silberne-art-deco-spargelfingerzangen-fa-jarosinski-vaugoin-wien-um-1930\/#primaryimage\",\"inLanguage\":\"de\",\"url\":\"https:\/\/annette-ahrens.at\/onlineshop\/wp-content\/uploads\/2024\/12\/IMG_3708.jpeg\",\"width\":2293,\"height\":1714,\"caption\":\"spargelfingerzangen_silber_vaugoin\"},{\"@type\":[\"WebPage\",\"ItemPage\"],\"@id\":\"https:\/\/annette-ahrens.at\/onlineshop\/produkt\/12-seltene-silberne-art-deco-spargelfingerzangen-fa-jarosinski-vaugoin-wien-um-1930\/#webpage\",\"url\":\"https:\/\/annette-ahrens.at\/onlineshop\/produkt\/12-seltene-silberne-art-deco-spargelfingerzangen-fa-jarosinski-vaugoin-wien-um-1930\/\",\"name\":\"12 seltene, silberne Art Deco Spargelfingerzangen, Fa. Jarosinski & Vaugoin, Wien, um 1930\",\"isPartOf\":{\"@id\":\"https:\/\/annette-ahrens.at\/onlineshop\/#website\"},\"primaryImageOfPage\":{\"@id\":\"https:\/\/annette-ahrens.at\/onlineshop\/produkt\/12-seltene-silberne-art-deco-spargelfingerzangen-fa-jarosinski-vaugoin-wien-um-1930\/#primaryimage\"},\"datePublished\":\"2024-12-12T09:50:00+00:00\",\"dateModified\":\"2026-04-11T13:51:31+00:00\",\"description\":\"12 seltene, silberne Art Deco Spargelfingerzangen, Fa. Jarosinski & Vaugoin, Wien, um 1930 \\u2665 Antiquit\\u00e4ten Online kaufen \\u2713 Sichere Lieferung \\u2713\",\"breadcrumb\":{\"@id\":\"https:\/\/annette-ahrens.at\/onlineshop\/produkt\/12-seltene-silberne-art-deco-spargelfingerzangen-fa-jarosinski-vaugoin-wien-um-1930\/#breadcrumb\"},\"inLanguage\":\"de\",\"potentialAction\":[{\"@type\":\"ReadAction\",\"target\":[\"https:\/\/annette-ahrens.at\/onlineshop\/produkt\/12-seltene-silberne-art-deco-spargelfingerzangen-fa-jarosinski-vaugoin-wien-um-1930\/\"]}]},{\"@type\":\"BreadcrumbList\",\"@id\":\"https:\/\/annette-ahrens.at\/onlineshop\/produkt\/12-seltene-silberne-art-deco-spargelfingerzangen-fa-jarosinski-vaugoin-wien-um-1930\/#breadcrumb\",\"itemListElement\":[{\"@type\":\"ListItem\",\"position\":1,\"item\":{\"@type\":\"WebPage\",\"@id\":\"https:\/\/annette-ahrens.at\/onlineshop\/\",\"url\":\"https:\/\/annette-ahrens.at\/onlineshop\/\",\"name\":\"Home\"}},{\"@type\":\"ListItem\",\"position\":2,\"item\":{\"@type\":\"WebPage\",\"@id\":\"https:\/\/annette-ahrens.at\/onlineshop\/alle-tafelkultur-objekte\/\",\"url\":\"https:\/\/annette-ahrens.at\/onlineshop\/alle-tafelkultur-objekte\/\",\"name\":\"Alle Tafelkultur Objekte\"}},{\"@type\":\"ListItem\",\"position\":3,\"item\":{\"@type\":\"WebPage\",\"@id\":\"https:\/\/annette-ahrens.at\/onlineshop\/produkt\/12-seltene-silberne-art-deco-spargelfingerzangen-fa-jarosinski-vaugoin-wien-um-1930\/\",\"url\":\"https:\/\/annette-ahrens.at\/onlineshop\/produkt\/12-seltene-silberne-art-deco-spargelfingerzangen-fa-jarosinski-vaugoin-wien-um-1930\/\",\"name\":\"12 seltene, silberne Art Deco Spargelfingerzangen, Fa. Jarosinski &#038; Vaugoin, Wien, um 1930\"}}]}]}<\/script>\n<!-- \/ Yoast SEO Premium plugin. -->","_links":{"self":[{"href":"https:\/\/annette-ahrens.at\/onlineshop\/wp-json\/wp\/v2\/product\/33883","targetHints":{"allow":["GET"]}}],"collection":[{"href":"https:\/\/annette-ahrens.at\/onlineshop\/wp-json\/wp\/v2\/product"}],"about":[{"href":"https:\/\/annette-ahrens.at\/onlineshop\/wp-json\/wp\/v2\/types\/product"}],"replies":[{"embeddable":true,"href":"https:\/\/annette-ahrens.at\/onlineshop\/wp-json\/wp\/v2\/comments?post=33883"}],"wp:featuredmedia":[{"embeddable":true,"href":"https:\/\/annette-ahrens.at\/onlineshop\/wp-json\/wp\/v2\/media\/33889"}],"wp:attachment":[{"href":"https:\/\/annette-ahrens.at\/onlineshop\/wp-json\/wp\/v2\/media?parent=33883"}],"wp:term":[{"taxonomy":"product_brand","embeddable":true,"href":"https:\/\/annette-ahrens.at\/onlineshop\/wp-json\/wp\/v2\/product_brand?post=33883"},{"taxonomy":"product_cat","embeddable":true,"href":"https:\/\/annette-ahrens.at\/onlineshop\/wp-json\/wp\/v2\/product_cat?post=33883"},{"taxonomy":"product_tag","embeddable":true,"href":"https:\/\/annette-ahrens.at\/onlineshop\/wp-json\/wp\/v2\/product_tag?post=33883"}],"curies":[{"name":"wp","href":"https:\/\/api.w.org\/{rel}","templated":true}]}}