{"id":34007,"date":"2024-12-15T14:46:38","date_gmt":"2024-12-15T13:46:38","guid":{"rendered":"https:\/\/annette-ahrens.at\/onlineshop\/?post_type=product&#038;p=34007"},"modified":"2024-12-15T17:48:22","modified_gmt":"2024-12-15T16:48:22","slug":"biedermeier-sammeltasse-mit-seltenem-holzdekor-porzellanmanufaktur-wien-um-1830","status":"publish","type":"product","link":"https:\/\/annette-ahrens.at\/onlineshop\/produkt\/biedermeier-sammeltasse-mit-seltenem-holzdekor-porzellanmanufaktur-wien-um-1830\/","title":{"rendered":"Biedermeier Sammeltasse mit seltenem &#8222;D\u00e9cor bois&#8220;, Porzellanmanufaktur Wien, um 1830"},"content":{"rendered":"<p>Biedermeier Tasse mit Untertasse mit seltenem Holzdekor<\/p>\n<p>Kaiserliche Porzellanmanufaktur Wien, um 1830<\/p>\n<p>Porzellan, glasiert, abgesetzter Standring, zylindrische &#8222;gleichweite&#8220; Wandung mit aufwendiger Bemalung eine Holzmaserung imitierend (frz.&#8220;D\u00e9cor bois&#8220;), Stiche imitierende Malerei im Tellerspiegel und auf der Tassenfront, vergoldeter Lippenrand, runder, vergoldeter Henkel, beide Teile gemarkt mit unterglasurblauer Bindenschild-Marke, Untertasse mit eingepresstem Jahrestempel (1)827, eingepresste Weissdrehernummer 37, zugeh\u00f6rige Tasse mit eingepresstem Jahrestempel (1)8??, eingepresste Weissdrehernummer, tadelloser Erhaltungszustand<\/p>\n<p>H 6,2 cm, Dm 6,3 cm (Tasse)<\/p>\n<p>Dm 13 cm<\/p>\n<p>Vergleiche: LIECHTENSTEIN. The Princely Collections, Vaduz-Vienna, Inv. Nr. PO 2581<\/p>\n","protected":false},"excerpt":{"rendered":"<div class=\"page\" title=\"Page 12\">\n<div class=\"section\">\n<div class=\"layoutArea\">\n<div class=\"column\">\n<p>Annettes Etikette: Die kostbaren und hei\u00dfen Modegetra\u0308nke wie Kaffee und Schokolade sollten in den geschmacksneutralen und Wa\u0308rme schlecht leitenden Porzellantassen, mit welchen man sich im Gegensatz zu den zuvor u\u0308blichen Metallgefa\u0308\u00dfen die Finger nicht verbrannte, serviert werden. Dieser Dekor, eine Holzoberfl\u00e4che imitierend, geh\u00f6rt zu den originellsten und beliebtesten Ideen der Manufakturen um 1800.<\/p>\n<\/div>\n<\/div>\n<\/div>\n<\/div>\n","protected":false},"featured_media":33974,"comment_status":"open","ping_status":"closed","template":"","meta":[],"product_brand":[],"product_cat":[25,217,37,226,147,274,26],"product_tag":[],"class_list":{"0":"post-34007","1":"product","2":"type-product","3":"status-publish","4":"has-post-thumbnail","6":"product_cat-5o-clock-tea","7":"product_cat-heissgetraenke","8":"product_cat-kaffee","9":"product_cat-kaffee-tee","10":"product_cat-moccatassen","11":"product_cat-porzellan-fachbuecher","12":"product_cat-wiener-melange","14":"first","15":"instock","16":"sold-individually","17":"purchasable","18":"product-type-simple"},"yoast_head":"<!-- This site is optimized with the Yoast SEO Premium plugin v15.8.2 - https:\/\/yoast.com\/wordpress\/plugins\/seo\/ -->\n<title>Biedermeier Sammeltasse mit seltenem &quot;D\u00e9cor bois&quot;, Porzellanmanufaktur Wien, um 1830<\/title>\n<meta name=\"description\" content=\"Biedermeier Sammeltasse mit seltenem &quot;D\u00e9cor bois&quot;, Porzellanmanufaktur Wien, um 1830 \u2665 Antiquit\u00e4ten Online kaufen \u2713 Sichere Lieferung \u2713\" \/>\n<meta name=\"robots\" content=\"index, follow, max-snippet:-1, max-image-preview:large, max-video-preview:-1\" \/>\n<link rel=\"canonical\" href=\"https:\/\/annette-ahrens.at\/onlineshop\/produkt\/biedermeier-sammeltasse-mit-seltenem-holzdekor-porzellanmanufaktur-wien-um-1830\/\" \/>\n<meta property=\"og:locale\" content=\"de_DE\" \/>\n<meta property=\"og:type\" content=\"article\" \/>\n<meta property=\"og:title\" content=\"Biedermeier Sammeltasse mit seltenem &quot;D\u00e9cor bois&quot;, Porzellanmanufaktur Wien, um 1830\" \/>\n<meta property=\"og:description\" content=\"Biedermeier Sammeltasse mit seltenem &quot;D\u00e9cor bois&quot;, Porzellanmanufaktur Wien, um 1830 \u2665 Antiquit\u00e4ten Online kaufen \u2713 Sichere Lieferung \u2713\" \/>\n<meta property=\"og:url\" content=\"https:\/\/annette-ahrens.at\/onlineshop\/produkt\/biedermeier-sammeltasse-mit-seltenem-holzdekor-porzellanmanufaktur-wien-um-1830\/\" \/>\n<meta property=\"og:site_name\" content=\"Tafelkultur Onlineshop\" \/>\n<meta property=\"article:publisher\" content=\"https:\/\/www.facebook.com\/AnnetteAhrensTafelkultur\" \/>\n<meta property=\"article:modified_time\" content=\"2024-12-15T16:48:22+00:00\" \/>\n<meta property=\"og:image\" content=\"https:\/\/annette-ahrens.at\/onlineshop\/wp-content\/uploads\/2024\/12\/IMG_3864-scaled.jpeg\" \/>\n\t<meta property=\"og:image:width\" content=\"2560\" \/>\n\t<meta property=\"og:image:height\" content=\"2341\" \/>\n<meta name=\"twitter:card\" content=\"summary_large_image\" \/>\n<meta name=\"twitter:label1\" content=\"Gesch\u00e4tzte Lesezeit\">\n\t<meta name=\"twitter:data1\" content=\"1\u00a0Minute\">\n<script type=\"application\/ld+json\" class=\"yoast-schema-graph\">{\"@context\":\"https:\/\/schema.org\",\"@graph\":[{\"@type\":[\"Person\",\"Organization\"],\"@id\":\"https:\/\/annette-ahrens.at\/onlineshop\/#\/schema\/person\/3e19676faae246bba0cb3b7e15f427d8\",\"name\":\"Annette Ahrens\",\"image\":{\"@type\":\"ImageObject\",\"@id\":\"https:\/\/annette-ahrens.at\/onlineshop\/#personlogo\",\"inLanguage\":\"de\",\"url\":\"https:\/\/annette-ahrens.at\/onlineshop\/wp-content\/uploads\/2020\/04\/aa_logo_End.png\",\"width\":800,\"height\":164,\"caption\":\"Annette Ahrens\"},\"logo\":{\"@id\":\"https:\/\/annette-ahrens.at\/onlineshop\/#personlogo\"},\"sameAs\":[\"https:\/\/annette-ahrens.at\",\"https:\/\/www.facebook.com\/AnnetteAhrensTafelkultur\",\"https:\/\/www.instagram.com\/tafelkulturistin\/\",\"https:\/\/de.wikipedia.org\/wiki\/Annette_Ahrens\"]},{\"@type\":\"WebSite\",\"@id\":\"https:\/\/annette-ahrens.at\/onlineshop\/#website\",\"url\":\"https:\/\/annette-ahrens.at\/onlineshop\/\",\"name\":\"Tafelkultur Onlineshop\",\"description\":\"Annette Ahrens\",\"publisher\":{\"@id\":\"https:\/\/annette-ahrens.at\/onlineshop\/#\/schema\/person\/3e19676faae246bba0cb3b7e15f427d8\"},\"potentialAction\":[{\"@type\":\"SearchAction\",\"target\":\"https:\/\/annette-ahrens.at\/onlineshop\/?s={search_term_string}\",\"query-input\":\"required name=search_term_string\"}],\"inLanguage\":\"de\"},{\"@type\":\"ImageObject\",\"@id\":\"https:\/\/annette-ahrens.at\/onlineshop\/produkt\/biedermeier-sammeltasse-mit-seltenem-holzdekor-porzellanmanufaktur-wien-um-1830\/#primaryimage\",\"inLanguage\":\"de\",\"url\":\"https:\/\/annette-ahrens.at\/onlineshop\/wp-content\/uploads\/2024\/12\/IMG_3864-scaled.jpeg\",\"width\":2560,\"height\":2341,\"caption\":\"tasse_alt_wien\"},{\"@type\":[\"WebPage\",\"ItemPage\"],\"@id\":\"https:\/\/annette-ahrens.at\/onlineshop\/produkt\/biedermeier-sammeltasse-mit-seltenem-holzdekor-porzellanmanufaktur-wien-um-1830\/#webpage\",\"url\":\"https:\/\/annette-ahrens.at\/onlineshop\/produkt\/biedermeier-sammeltasse-mit-seltenem-holzdekor-porzellanmanufaktur-wien-um-1830\/\",\"name\":\"Biedermeier Sammeltasse mit seltenem \\\"D\\u00e9cor bois\\\", Porzellanmanufaktur Wien, um 1830\",\"isPartOf\":{\"@id\":\"https:\/\/annette-ahrens.at\/onlineshop\/#website\"},\"primaryImageOfPage\":{\"@id\":\"https:\/\/annette-ahrens.at\/onlineshop\/produkt\/biedermeier-sammeltasse-mit-seltenem-holzdekor-porzellanmanufaktur-wien-um-1830\/#primaryimage\"},\"datePublished\":\"2024-12-15T13:46:38+00:00\",\"dateModified\":\"2024-12-15T16:48:22+00:00\",\"description\":\"Biedermeier Sammeltasse mit seltenem \\\"D\\u00e9cor bois\\\", Porzellanmanufaktur Wien, um 1830 \\u2665 Antiquit\\u00e4ten Online kaufen \\u2713 Sichere Lieferung \\u2713\",\"breadcrumb\":{\"@id\":\"https:\/\/annette-ahrens.at\/onlineshop\/produkt\/biedermeier-sammeltasse-mit-seltenem-holzdekor-porzellanmanufaktur-wien-um-1830\/#breadcrumb\"},\"inLanguage\":\"de\",\"potentialAction\":[{\"@type\":\"ReadAction\",\"target\":[\"https:\/\/annette-ahrens.at\/onlineshop\/produkt\/biedermeier-sammeltasse-mit-seltenem-holzdekor-porzellanmanufaktur-wien-um-1830\/\"]}]},{\"@type\":\"BreadcrumbList\",\"@id\":\"https:\/\/annette-ahrens.at\/onlineshop\/produkt\/biedermeier-sammeltasse-mit-seltenem-holzdekor-porzellanmanufaktur-wien-um-1830\/#breadcrumb\",\"itemListElement\":[{\"@type\":\"ListItem\",\"position\":1,\"item\":{\"@type\":\"WebPage\",\"@id\":\"https:\/\/annette-ahrens.at\/onlineshop\/\",\"url\":\"https:\/\/annette-ahrens.at\/onlineshop\/\",\"name\":\"Home\"}},{\"@type\":\"ListItem\",\"position\":2,\"item\":{\"@type\":\"WebPage\",\"@id\":\"https:\/\/annette-ahrens.at\/onlineshop\/alle-tafelkultur-objekte\/\",\"url\":\"https:\/\/annette-ahrens.at\/onlineshop\/alle-tafelkultur-objekte\/\",\"name\":\"Alle Tafelkultur Objekte\"}},{\"@type\":\"ListItem\",\"position\":3,\"item\":{\"@type\":\"WebPage\",\"@id\":\"https:\/\/annette-ahrens.at\/onlineshop\/produkt\/biedermeier-sammeltasse-mit-seltenem-holzdekor-porzellanmanufaktur-wien-um-1830\/\",\"url\":\"https:\/\/annette-ahrens.at\/onlineshop\/produkt\/biedermeier-sammeltasse-mit-seltenem-holzdekor-porzellanmanufaktur-wien-um-1830\/\",\"name\":\"Biedermeier Sammeltasse mit seltenem &#8220;D\\u00e9cor bois&#8221;, Porzellanmanufaktur Wien, um 1830\"}}]}]}<\/script>\n<!-- \/ Yoast SEO Premium plugin. -->","_links":{"self":[{"href":"https:\/\/annette-ahrens.at\/onlineshop\/wp-json\/wp\/v2\/product\/34007","targetHints":{"allow":["GET"]}}],"collection":[{"href":"https:\/\/annette-ahrens.at\/onlineshop\/wp-json\/wp\/v2\/product"}],"about":[{"href":"https:\/\/annette-ahrens.at\/onlineshop\/wp-json\/wp\/v2\/types\/product"}],"replies":[{"embeddable":true,"href":"https:\/\/annette-ahrens.at\/onlineshop\/wp-json\/wp\/v2\/comments?post=34007"}],"wp:featuredmedia":[{"embeddable":true,"href":"https:\/\/annette-ahrens.at\/onlineshop\/wp-json\/wp\/v2\/media\/33974"}],"wp:attachment":[{"href":"https:\/\/annette-ahrens.at\/onlineshop\/wp-json\/wp\/v2\/media?parent=34007"}],"wp:term":[{"taxonomy":"product_brand","embeddable":true,"href":"https:\/\/annette-ahrens.at\/onlineshop\/wp-json\/wp\/v2\/product_brand?post=34007"},{"taxonomy":"product_cat","embeddable":true,"href":"https:\/\/annette-ahrens.at\/onlineshop\/wp-json\/wp\/v2\/product_cat?post=34007"},{"taxonomy":"product_tag","embeddable":true,"href":"https:\/\/annette-ahrens.at\/onlineshop\/wp-json\/wp\/v2\/product_tag?post=34007"}],"curies":[{"name":"wp","href":"https:\/\/api.w.org\/{rel}","templated":true}]}}