{"id":34076,"date":"2024-12-16T21:26:19","date_gmt":"2024-12-16T20:26:19","guid":{"rendered":"https:\/\/annette-ahrens.at\/onlineshop\/?post_type=product&#038;p=34076"},"modified":"2024-12-16T22:09:49","modified_gmt":"2024-12-16T21:09:49","slug":"silbernes-perlmutt-fischbesteck-fuer-6-personen-sheffield-england-1927","status":"publish","type":"product","link":"https:\/\/annette-ahrens.at\/onlineshop\/produkt\/silbernes-perlmutt-fischbesteck-fuer-6-personen-sheffield-england-1927\/","title":{"rendered":"Silbernes Perlmutt-Fischbesteck f\u00fcr 6 Personen, Sheffield, England, 1927"},"content":{"rendered":"<p>Silbernes Fischbesteck mit Perlmuttheft<\/p>\n<p>Fa. Mappin &amp; Webb, Sheffield, England, 1927<\/p>\n<p>sechs Fischmesser und sechs Fischgabeln aus massivem Silber, dekorative Halteringe, alle Hefte aus poliertem Perlmutt, Silber gemarkt mit schreitendem L\u00f6wen, Krone f\u00fcr Sheffield, Jahresbuchstabe k f\u00fcr 1927, englischer Herstellermarke M &amp; W f\u00fcr Fa. Mappin &amp; Webb, in gr\u00fcner Kassette mit Jugendstil-Ornamentik, innen mit schwarzem Samt tapeziert, tadelloser Zustand ( ein Heft mit Haarriss)<\/p>\n<p>L\u00e4nge 17 cm (Fischgabel)<\/p>\n<p>L\u00e4nge 19,8 cm (Fischmesser)<\/p>\n","protected":false},"excerpt":{"rendered":"<p>Annettes Etikette: Dieses dekorative Fischbesteck besticht durch seine handpolierten Griffe aus Perlmutt. Das niveauvolle Filettieren von Fisch ist mit diesem wunderbaren Besteck watschen einfach. In Silber habe ich dies selten im Angebot.<\/p>\n","protected":false},"featured_media":34083,"comment_status":"open","ping_status":"closed","template":"","meta":[],"product_brand":[],"product_cat":[30,267,47,273,52],"product_tag":[],"class_list":{"0":"post-34076","1":"product","2":"type-product","3":"status-publish","4":"has-post-thumbnail","6":"product_cat-besteck","7":"product_cat-fischvorleger","8":"product_cat-meerestiere","9":"product_cat-silber-fachbuecher","10":"product_cat-thanksgiving","12":"first","13":"instock","14":"sold-individually","15":"purchasable","16":"product-type-simple"},"yoast_head":"<!-- This site is optimized with the Yoast SEO Premium plugin v15.8.2 - https:\/\/yoast.com\/wordpress\/plugins\/seo\/ -->\n<title>Silbernes Perlmutt-Fischbesteck f\u00fcr 6 Personen, Sheffield, England, 1927<\/title>\n<meta name=\"description\" content=\"Silbernes Perlmutt-Fischbesteck f\u00fcr 6 Personen, Sheffield, England, 1927 \u2665 Antiquit\u00e4ten Online kaufen \u2713 Sichere Lieferung \u2713\" \/>\n<meta name=\"robots\" content=\"index, follow, max-snippet:-1, max-image-preview:large, max-video-preview:-1\" \/>\n<link rel=\"canonical\" href=\"https:\/\/annette-ahrens.at\/onlineshop\/produkt\/silbernes-perlmutt-fischbesteck-fuer-6-personen-sheffield-england-1927\/\" \/>\n<meta property=\"og:locale\" content=\"de_DE\" \/>\n<meta property=\"og:type\" content=\"article\" \/>\n<meta property=\"og:title\" content=\"Silbernes Perlmutt-Fischbesteck f\u00fcr 6 Personen, Sheffield, England, 1927\" \/>\n<meta property=\"og:description\" content=\"Silbernes Perlmutt-Fischbesteck f\u00fcr 6 Personen, Sheffield, England, 1927 \u2665 Antiquit\u00e4ten Online kaufen \u2713 Sichere Lieferung \u2713\" \/>\n<meta property=\"og:url\" content=\"https:\/\/annette-ahrens.at\/onlineshop\/produkt\/silbernes-perlmutt-fischbesteck-fuer-6-personen-sheffield-england-1927\/\" \/>\n<meta property=\"og:site_name\" content=\"Tafelkultur Onlineshop\" \/>\n<meta property=\"article:publisher\" content=\"https:\/\/www.facebook.com\/AnnetteAhrensTafelkultur\" \/>\n<meta property=\"article:modified_time\" content=\"2024-12-16T21:09:49+00:00\" \/>\n<meta property=\"og:image\" content=\"https:\/\/annette-ahrens.at\/onlineshop\/wp-content\/uploads\/2024\/12\/IMG_3930-scaled.jpeg\" \/>\n\t<meta property=\"og:image:width\" content=\"2560\" \/>\n\t<meta property=\"og:image:height\" content=\"2337\" \/>\n<meta name=\"twitter:card\" content=\"summary_large_image\" \/>\n<meta name=\"twitter:label1\" content=\"Gesch\u00e4tzte Lesezeit\">\n\t<meta name=\"twitter:data1\" content=\"1\u00a0Minute\">\n<script type=\"application\/ld+json\" class=\"yoast-schema-graph\">{\"@context\":\"https:\/\/schema.org\",\"@graph\":[{\"@type\":[\"Person\",\"Organization\"],\"@id\":\"https:\/\/annette-ahrens.at\/onlineshop\/#\/schema\/person\/3e19676faae246bba0cb3b7e15f427d8\",\"name\":\"Annette Ahrens\",\"image\":{\"@type\":\"ImageObject\",\"@id\":\"https:\/\/annette-ahrens.at\/onlineshop\/#personlogo\",\"inLanguage\":\"de\",\"url\":\"https:\/\/annette-ahrens.at\/onlineshop\/wp-content\/uploads\/2020\/04\/aa_logo_End.png\",\"width\":800,\"height\":164,\"caption\":\"Annette Ahrens\"},\"logo\":{\"@id\":\"https:\/\/annette-ahrens.at\/onlineshop\/#personlogo\"},\"sameAs\":[\"https:\/\/annette-ahrens.at\",\"https:\/\/www.facebook.com\/AnnetteAhrensTafelkultur\",\"https:\/\/www.instagram.com\/tafelkulturistin\/\",\"https:\/\/de.wikipedia.org\/wiki\/Annette_Ahrens\"]},{\"@type\":\"WebSite\",\"@id\":\"https:\/\/annette-ahrens.at\/onlineshop\/#website\",\"url\":\"https:\/\/annette-ahrens.at\/onlineshop\/\",\"name\":\"Tafelkultur Onlineshop\",\"description\":\"Annette Ahrens\",\"publisher\":{\"@id\":\"https:\/\/annette-ahrens.at\/onlineshop\/#\/schema\/person\/3e19676faae246bba0cb3b7e15f427d8\"},\"potentialAction\":[{\"@type\":\"SearchAction\",\"target\":\"https:\/\/annette-ahrens.at\/onlineshop\/?s={search_term_string}\",\"query-input\":\"required name=search_term_string\"}],\"inLanguage\":\"de\"},{\"@type\":\"ImageObject\",\"@id\":\"https:\/\/annette-ahrens.at\/onlineshop\/produkt\/silbernes-perlmutt-fischbesteck-fuer-6-personen-sheffield-england-1927\/#primaryimage\",\"inLanguage\":\"de\",\"url\":\"https:\/\/annette-ahrens.at\/onlineshop\/wp-content\/uploads\/2024\/12\/IMG_3930-scaled.jpeg\",\"width\":2560,\"height\":2337,\"caption\":\"fischbesteck_silber_perlmutt\"},{\"@type\":[\"WebPage\",\"ItemPage\"],\"@id\":\"https:\/\/annette-ahrens.at\/onlineshop\/produkt\/silbernes-perlmutt-fischbesteck-fuer-6-personen-sheffield-england-1927\/#webpage\",\"url\":\"https:\/\/annette-ahrens.at\/onlineshop\/produkt\/silbernes-perlmutt-fischbesteck-fuer-6-personen-sheffield-england-1927\/\",\"name\":\"Silbernes Perlmutt-Fischbesteck f\\u00fcr 6 Personen, Sheffield, England, 1927\",\"isPartOf\":{\"@id\":\"https:\/\/annette-ahrens.at\/onlineshop\/#website\"},\"primaryImageOfPage\":{\"@id\":\"https:\/\/annette-ahrens.at\/onlineshop\/produkt\/silbernes-perlmutt-fischbesteck-fuer-6-personen-sheffield-england-1927\/#primaryimage\"},\"datePublished\":\"2024-12-16T20:26:19+00:00\",\"dateModified\":\"2024-12-16T21:09:49+00:00\",\"description\":\"Silbernes Perlmutt-Fischbesteck f\\u00fcr 6 Personen, Sheffield, England, 1927 \\u2665 Antiquit\\u00e4ten Online kaufen \\u2713 Sichere Lieferung \\u2713\",\"breadcrumb\":{\"@id\":\"https:\/\/annette-ahrens.at\/onlineshop\/produkt\/silbernes-perlmutt-fischbesteck-fuer-6-personen-sheffield-england-1927\/#breadcrumb\"},\"inLanguage\":\"de\",\"potentialAction\":[{\"@type\":\"ReadAction\",\"target\":[\"https:\/\/annette-ahrens.at\/onlineshop\/produkt\/silbernes-perlmutt-fischbesteck-fuer-6-personen-sheffield-england-1927\/\"]}]},{\"@type\":\"BreadcrumbList\",\"@id\":\"https:\/\/annette-ahrens.at\/onlineshop\/produkt\/silbernes-perlmutt-fischbesteck-fuer-6-personen-sheffield-england-1927\/#breadcrumb\",\"itemListElement\":[{\"@type\":\"ListItem\",\"position\":1,\"item\":{\"@type\":\"WebPage\",\"@id\":\"https:\/\/annette-ahrens.at\/onlineshop\/\",\"url\":\"https:\/\/annette-ahrens.at\/onlineshop\/\",\"name\":\"Home\"}},{\"@type\":\"ListItem\",\"position\":2,\"item\":{\"@type\":\"WebPage\",\"@id\":\"https:\/\/annette-ahrens.at\/onlineshop\/alle-tafelkultur-objekte\/\",\"url\":\"https:\/\/annette-ahrens.at\/onlineshop\/alle-tafelkultur-objekte\/\",\"name\":\"Alle Tafelkultur Objekte\"}},{\"@type\":\"ListItem\",\"position\":3,\"item\":{\"@type\":\"WebPage\",\"@id\":\"https:\/\/annette-ahrens.at\/onlineshop\/produkt\/silbernes-perlmutt-fischbesteck-fuer-6-personen-sheffield-england-1927\/\",\"url\":\"https:\/\/annette-ahrens.at\/onlineshop\/produkt\/silbernes-perlmutt-fischbesteck-fuer-6-personen-sheffield-england-1927\/\",\"name\":\"Silbernes Perlmutt-Fischbesteck f\\u00fcr 6 Personen, Sheffield, England, 1927\"}}]}]}<\/script>\n<!-- \/ Yoast SEO Premium plugin. -->","_links":{"self":[{"href":"https:\/\/annette-ahrens.at\/onlineshop\/wp-json\/wp\/v2\/product\/34076","targetHints":{"allow":["GET"]}}],"collection":[{"href":"https:\/\/annette-ahrens.at\/onlineshop\/wp-json\/wp\/v2\/product"}],"about":[{"href":"https:\/\/annette-ahrens.at\/onlineshop\/wp-json\/wp\/v2\/types\/product"}],"replies":[{"embeddable":true,"href":"https:\/\/annette-ahrens.at\/onlineshop\/wp-json\/wp\/v2\/comments?post=34076"}],"wp:featuredmedia":[{"embeddable":true,"href":"https:\/\/annette-ahrens.at\/onlineshop\/wp-json\/wp\/v2\/media\/34083"}],"wp:attachment":[{"href":"https:\/\/annette-ahrens.at\/onlineshop\/wp-json\/wp\/v2\/media?parent=34076"}],"wp:term":[{"taxonomy":"product_brand","embeddable":true,"href":"https:\/\/annette-ahrens.at\/onlineshop\/wp-json\/wp\/v2\/product_brand?post=34076"},{"taxonomy":"product_cat","embeddable":true,"href":"https:\/\/annette-ahrens.at\/onlineshop\/wp-json\/wp\/v2\/product_cat?post=34076"},{"taxonomy":"product_tag","embeddable":true,"href":"https:\/\/annette-ahrens.at\/onlineshop\/wp-json\/wp\/v2\/product_tag?post=34076"}],"curies":[{"name":"wp","href":"https:\/\/api.w.org\/{rel}","templated":true}]}}