{"id":34077,"date":"2024-12-17T06:58:52","date_gmt":"2024-12-17T05:58:52","guid":{"rendered":"https:\/\/annette-ahrens.at\/onlineshop\/?post_type=product&#038;p=34077"},"modified":"2026-01-10T16:10:47","modified_gmt":"2026-01-10T15:10:47","slug":"20-teiliges-silbernes-dessertbesteck-eselsruecken-t-dub-wien-1872-1922","status":"publish","type":"product","link":"https:\/\/annette-ahrens.at\/onlineshop\/produkt\/20-teiliges-silbernes-dessertbesteck-eselsruecken-t-dub-wien-1872-1922\/","title":{"rendered":"20 teiliges silbernes Dessertbesteck &#8222;Eselsr\u00fccken&#8220;, T. Dub, Wien, 1872 &#8211; 1922"},"content":{"rendered":"<p>Silbernes Dessertbesteck &#8222;Eselsr\u00fccken&#8220;<\/p>\n<p>Thomas Dub, Wien, 1872 &#8211; 1922<\/p>\n<p>Silber, Facon Eselsr\u00fccken, Bestehend aus 6 Gabeln, 6 Dessertl\u00f6ffel, 6 Obstmesser, 1 Vorlegel\u00f6ffel und 1 Vorlegegabel, Messer mit vollsilbernen Klingen, alle 20 Teile gemarkt mit Wiener Beschauzeichen Dianakopf, verwendet in den Jahren 1872 &#8211; 1922, Meisterzeichen TD f\u00fcr Thomas Dub, Wien, handpolierter Erhaltungszustand, in originaler, schwarzer Leder-Kassette, innen mit hellblauem Satin tapeziert, versperrbares Schlo\u00df mit Schl\u00fcssel<\/p>\n<p>1.230 g<\/p>\n<p>&nbsp;<\/p>\n<p>&nbsp;<\/p>\n","protected":false},"excerpt":{"rendered":"<p>Annettes Etikette: Der Vater des Wiener Silberschmieds Vincenz Carl Dub (1852 \u2013 1924) Thomas Dub erhielt 1838 seine Gewerbsverleihung und war auf kunstgewerbliche Gegenst\u00e4nde sowie Silberbesteck spezialisiert. Die Werkst\u00e4tte residierte in der Zieglergasse 25.<\/p>\n","protected":false},"featured_media":34092,"comment_status":"open","ping_status":"closed","template":"","meta":[],"product_brand":[],"product_cat":[30,19,235,291,236,237,21,266,273,239,53,26],"product_tag":[],"class_list":{"0":"post-34077","1":"product","2":"type-product","3":"status-publish","4":"has-post-thumbnail","6":"product_cat-besteck","7":"product_cat-gabelfruehstueck","8":"product_cat-gabeln","9":"product_cat-hochzeit","10":"product_cat-loeffel","11":"product_cat-messer","12":"product_cat-obst-gemuese","13":"product_cat-schoepfer","14":"product_cat-silber-fachbuecher","15":"product_cat-spezialbestecke","16":"product_cat-weihnachten","17":"product_cat-wiener-melange","19":"first","20":"instock","21":"sold-individually","22":"purchasable","23":"product-type-simple"},"yoast_head":"<!-- This site is optimized with the Yoast SEO Premium plugin v15.8.2 - https:\/\/yoast.com\/wordpress\/plugins\/seo\/ -->\n<title>20 teiliges silbernes Dessertbesteck &quot;Eselsr\u00fccken&quot;, T. Dub, Wien, 1872 - 1922<\/title>\n<meta name=\"description\" content=\"20 teiliges silbernes Dessertbesteck &quot;Eselsr\u00fccken&quot;, T. Dub, Wien, 1872 - 1922 \u2665 Antiquit\u00e4ten Online kaufen \u2713 Sichere Lieferung \u2713\" \/>\n<meta name=\"robots\" content=\"index, follow, max-snippet:-1, max-image-preview:large, max-video-preview:-1\" \/>\n<link rel=\"canonical\" href=\"https:\/\/annette-ahrens.at\/onlineshop\/produkt\/20-teiliges-silbernes-dessertbesteck-eselsruecken-t-dub-wien-1872-1922\/\" \/>\n<meta property=\"og:locale\" content=\"de_DE\" \/>\n<meta property=\"og:type\" content=\"article\" \/>\n<meta property=\"og:title\" content=\"20 teiliges silbernes Dessertbesteck &quot;Eselsr\u00fccken&quot;, T. Dub, Wien, 1872 - 1922\" \/>\n<meta property=\"og:description\" content=\"20 teiliges silbernes Dessertbesteck &quot;Eselsr\u00fccken&quot;, T. Dub, Wien, 1872 - 1922 \u2665 Antiquit\u00e4ten Online kaufen \u2713 Sichere Lieferung \u2713\" \/>\n<meta property=\"og:url\" content=\"https:\/\/annette-ahrens.at\/onlineshop\/produkt\/20-teiliges-silbernes-dessertbesteck-eselsruecken-t-dub-wien-1872-1922\/\" \/>\n<meta property=\"og:site_name\" content=\"Tafelkultur Onlineshop\" \/>\n<meta property=\"article:publisher\" content=\"https:\/\/www.facebook.com\/AnnetteAhrensTafelkultur\" \/>\n<meta property=\"article:modified_time\" content=\"2026-01-10T15:10:47+00:00\" \/>\n<meta property=\"og:image\" content=\"https:\/\/annette-ahrens.at\/onlineshop\/wp-content\/uploads\/2024\/12\/IMG_3947-scaled.jpeg\" \/>\n\t<meta property=\"og:image:width\" content=\"2234\" \/>\n\t<meta property=\"og:image:height\" content=\"2560\" \/>\n<meta name=\"twitter:card\" content=\"summary_large_image\" \/>\n<meta name=\"twitter:label1\" content=\"Gesch\u00e4tzte Lesezeit\">\n\t<meta name=\"twitter:data1\" content=\"1\u00a0Minute\">\n<script type=\"application\/ld+json\" class=\"yoast-schema-graph\">{\"@context\":\"https:\/\/schema.org\",\"@graph\":[{\"@type\":[\"Person\",\"Organization\"],\"@id\":\"https:\/\/annette-ahrens.at\/onlineshop\/#\/schema\/person\/3e19676faae246bba0cb3b7e15f427d8\",\"name\":\"Annette Ahrens\",\"image\":{\"@type\":\"ImageObject\",\"@id\":\"https:\/\/annette-ahrens.at\/onlineshop\/#personlogo\",\"inLanguage\":\"de\",\"url\":\"https:\/\/annette-ahrens.at\/onlineshop\/wp-content\/uploads\/2020\/04\/aa_logo_End.png\",\"width\":800,\"height\":164,\"caption\":\"Annette Ahrens\"},\"logo\":{\"@id\":\"https:\/\/annette-ahrens.at\/onlineshop\/#personlogo\"},\"sameAs\":[\"https:\/\/annette-ahrens.at\",\"https:\/\/www.facebook.com\/AnnetteAhrensTafelkultur\",\"https:\/\/www.instagram.com\/tafelkulturistin\/\",\"https:\/\/de.wikipedia.org\/wiki\/Annette_Ahrens\"]},{\"@type\":\"WebSite\",\"@id\":\"https:\/\/annette-ahrens.at\/onlineshop\/#website\",\"url\":\"https:\/\/annette-ahrens.at\/onlineshop\/\",\"name\":\"Tafelkultur Onlineshop\",\"description\":\"Annette Ahrens\",\"publisher\":{\"@id\":\"https:\/\/annette-ahrens.at\/onlineshop\/#\/schema\/person\/3e19676faae246bba0cb3b7e15f427d8\"},\"potentialAction\":[{\"@type\":\"SearchAction\",\"target\":\"https:\/\/annette-ahrens.at\/onlineshop\/?s={search_term_string}\",\"query-input\":\"required name=search_term_string\"}],\"inLanguage\":\"de\"},{\"@type\":\"ImageObject\",\"@id\":\"https:\/\/annette-ahrens.at\/onlineshop\/produkt\/20-teiliges-silbernes-dessertbesteck-eselsruecken-t-dub-wien-1872-1922\/#primaryimage\",\"inLanguage\":\"de\",\"url\":\"https:\/\/annette-ahrens.at\/onlineshop\/wp-content\/uploads\/2024\/12\/IMG_3947-scaled.jpeg\",\"width\":2234,\"height\":2560,\"caption\":\"dessertbesteck_silber_dub\"},{\"@type\":[\"WebPage\",\"ItemPage\"],\"@id\":\"https:\/\/annette-ahrens.at\/onlineshop\/produkt\/20-teiliges-silbernes-dessertbesteck-eselsruecken-t-dub-wien-1872-1922\/#webpage\",\"url\":\"https:\/\/annette-ahrens.at\/onlineshop\/produkt\/20-teiliges-silbernes-dessertbesteck-eselsruecken-t-dub-wien-1872-1922\/\",\"name\":\"20 teiliges silbernes Dessertbesteck \\\"Eselsr\\u00fccken\\\", T. Dub, Wien, 1872 - 1922\",\"isPartOf\":{\"@id\":\"https:\/\/annette-ahrens.at\/onlineshop\/#website\"},\"primaryImageOfPage\":{\"@id\":\"https:\/\/annette-ahrens.at\/onlineshop\/produkt\/20-teiliges-silbernes-dessertbesteck-eselsruecken-t-dub-wien-1872-1922\/#primaryimage\"},\"datePublished\":\"2024-12-17T05:58:52+00:00\",\"dateModified\":\"2026-01-10T15:10:47+00:00\",\"description\":\"20 teiliges silbernes Dessertbesteck \\\"Eselsr\\u00fccken\\\", T. Dub, Wien, 1872 - 1922 \\u2665 Antiquit\\u00e4ten Online kaufen \\u2713 Sichere Lieferung \\u2713\",\"breadcrumb\":{\"@id\":\"https:\/\/annette-ahrens.at\/onlineshop\/produkt\/20-teiliges-silbernes-dessertbesteck-eselsruecken-t-dub-wien-1872-1922\/#breadcrumb\"},\"inLanguage\":\"de\",\"potentialAction\":[{\"@type\":\"ReadAction\",\"target\":[\"https:\/\/annette-ahrens.at\/onlineshop\/produkt\/20-teiliges-silbernes-dessertbesteck-eselsruecken-t-dub-wien-1872-1922\/\"]}]},{\"@type\":\"BreadcrumbList\",\"@id\":\"https:\/\/annette-ahrens.at\/onlineshop\/produkt\/20-teiliges-silbernes-dessertbesteck-eselsruecken-t-dub-wien-1872-1922\/#breadcrumb\",\"itemListElement\":[{\"@type\":\"ListItem\",\"position\":1,\"item\":{\"@type\":\"WebPage\",\"@id\":\"https:\/\/annette-ahrens.at\/onlineshop\/\",\"url\":\"https:\/\/annette-ahrens.at\/onlineshop\/\",\"name\":\"Home\"}},{\"@type\":\"ListItem\",\"position\":2,\"item\":{\"@type\":\"WebPage\",\"@id\":\"https:\/\/annette-ahrens.at\/onlineshop\/alle-tafelkultur-objekte\/\",\"url\":\"https:\/\/annette-ahrens.at\/onlineshop\/alle-tafelkultur-objekte\/\",\"name\":\"Alle Tafelkultur Objekte\"}},{\"@type\":\"ListItem\",\"position\":3,\"item\":{\"@type\":\"WebPage\",\"@id\":\"https:\/\/annette-ahrens.at\/onlineshop\/produkt\/20-teiliges-silbernes-dessertbesteck-eselsruecken-t-dub-wien-1872-1922\/\",\"url\":\"https:\/\/annette-ahrens.at\/onlineshop\/produkt\/20-teiliges-silbernes-dessertbesteck-eselsruecken-t-dub-wien-1872-1922\/\",\"name\":\"20 teiliges silbernes Dessertbesteck &#8222;Eselsr\\u00fccken&#8220;, T. Dub, Wien, 1872 &#8211; 1922\"}}]}]}<\/script>\n<!-- \/ Yoast SEO Premium plugin. -->","_links":{"self":[{"href":"https:\/\/annette-ahrens.at\/onlineshop\/wp-json\/wp\/v2\/product\/34077","targetHints":{"allow":["GET"]}}],"collection":[{"href":"https:\/\/annette-ahrens.at\/onlineshop\/wp-json\/wp\/v2\/product"}],"about":[{"href":"https:\/\/annette-ahrens.at\/onlineshop\/wp-json\/wp\/v2\/types\/product"}],"replies":[{"embeddable":true,"href":"https:\/\/annette-ahrens.at\/onlineshop\/wp-json\/wp\/v2\/comments?post=34077"}],"wp:featuredmedia":[{"embeddable":true,"href":"https:\/\/annette-ahrens.at\/onlineshop\/wp-json\/wp\/v2\/media\/34092"}],"wp:attachment":[{"href":"https:\/\/annette-ahrens.at\/onlineshop\/wp-json\/wp\/v2\/media?parent=34077"}],"wp:term":[{"taxonomy":"product_brand","embeddable":true,"href":"https:\/\/annette-ahrens.at\/onlineshop\/wp-json\/wp\/v2\/product_brand?post=34077"},{"taxonomy":"product_cat","embeddable":true,"href":"https:\/\/annette-ahrens.at\/onlineshop\/wp-json\/wp\/v2\/product_cat?post=34077"},{"taxonomy":"product_tag","embeddable":true,"href":"https:\/\/annette-ahrens.at\/onlineshop\/wp-json\/wp\/v2\/product_tag?post=34077"}],"curies":[{"name":"wp","href":"https:\/\/api.w.org\/{rel}","templated":true}]}}