{"id":34225,"date":"2024-12-25T06:53:19","date_gmt":"2024-12-25T05:53:19","guid":{"rendered":"https:\/\/annette-ahrens.at\/onlineshop\/?post_type=product&#038;p=34225"},"modified":"2024-12-24T00:23:03","modified_gmt":"2024-12-23T23:23:03","slug":"flaschenkuehler-fuer-drei-flaschen-gebrueder-hepp-pforzheim-um-1920","status":"publish","type":"product","link":"https:\/\/annette-ahrens.at\/onlineshop\/produkt\/flaschenkuehler-fuer-drei-flaschen-gebrueder-hepp-pforzheim-um-1920\/","title":{"rendered":"Gro\u00dfer Flaschenk\u00fchler f\u00fcr drei Flaschen, Gebr\u00fcder Hepp, Pforzheim, um 1920"},"content":{"rendered":"<p>Gro\u00dfer versilberter Flaschenk\u00fchler f\u00fcr drei Flaschen<\/p>\n<p>Gebr\u00fcder Hepp, Pforzheim, Deutschland, um 1920<\/p>\n<p>Alpacca, versilbert, rund, zylindrische Wandung, frontseitige Gravur mit Turmansicht und Bezeichnung: &#8222;STADTHALLE&#8220;, zwei seitliche Henkel, am Boden gemarkt GEBR. HEPP 90 X, altersbedingte Gebrauchsspuren<\/p>\n<p>H 22 cm<\/p>\n<p>Dm 19,4 cm<\/p>\n","protected":false},"excerpt":{"rendered":"<p>Annettes Etikette: Die Silberwarenfabrik der Gebr\u00fcder Carl und Otto Hepp wurde 1863 in Pforzheim gegr\u00fcndet und bestand in Familienbesitz bis 1931. Als Ausstatter der gehobenen Gastronomie war das bereits im Jahre 1871 entwickelte Versilberungs-Verfahren sicherlich von Vorteil. 1988 wurde das Unternehmen von der W\u00fcrttemberg\u00b4schen Metallwarenfabrik mit den neu errichteten Werkhallen in Birkenfeld \u00fcbernommen.<\/p>\n","protected":false},"featured_media":34227,"comment_status":"open","ping_status":"closed","template":"","meta":[],"product_brand":[],"product_cat":[130,276,27,298,32,301,20],"product_tag":[],"class_list":{"0":"post-34225","1":"product","2":"type-product","3":"status-publish","4":"has-post-thumbnail","6":"product_cat-abendessen","7":"product_cat-alpacca","8":"product_cat-barware","9":"product_cat-buffet","10":"product_cat-festefeiern","11":"product_cat-fondue","12":"product_cat-lunchtime","14":"first","15":"instock","16":"purchasable","17":"product-type-simple"},"yoast_head":"<!-- This site is optimized with the Yoast SEO Premium plugin v15.8.2 - https:\/\/yoast.com\/wordpress\/plugins\/seo\/ -->\n<title>Gro\u00dfer Flaschenk\u00fchler f\u00fcr drei Flaschen, Gebr\u00fcder Hepp, Pforzheim, um 1920<\/title>\n<meta name=\"description\" content=\"Gro\u00dfer Flaschenk\u00fchler f\u00fcr drei Flaschen, Gebr\u00fcder Hepp, Pforzheim, um 1920 \u2665 Antiquit\u00e4ten Online kaufen \u2713 Sichere Lieferung \u2713\" \/>\n<meta name=\"robots\" content=\"index, follow, max-snippet:-1, max-image-preview:large, max-video-preview:-1\" \/>\n<link rel=\"canonical\" href=\"https:\/\/annette-ahrens.at\/onlineshop\/produkt\/flaschenkuehler-fuer-drei-flaschen-gebrueder-hepp-pforzheim-um-1920\/\" \/>\n<meta property=\"og:locale\" content=\"de_DE\" \/>\n<meta property=\"og:type\" content=\"article\" \/>\n<meta property=\"og:title\" content=\"Gro\u00dfer Flaschenk\u00fchler f\u00fcr drei Flaschen, Gebr\u00fcder Hepp, Pforzheim, um 1920\" \/>\n<meta property=\"og:description\" content=\"Gro\u00dfer Flaschenk\u00fchler f\u00fcr drei Flaschen, Gebr\u00fcder Hepp, Pforzheim, um 1920 \u2665 Antiquit\u00e4ten Online kaufen \u2713 Sichere Lieferung \u2713\" \/>\n<meta property=\"og:url\" content=\"https:\/\/annette-ahrens.at\/onlineshop\/produkt\/flaschenkuehler-fuer-drei-flaschen-gebrueder-hepp-pforzheim-um-1920\/\" \/>\n<meta property=\"og:site_name\" content=\"Tafelkultur Onlineshop\" \/>\n<meta property=\"article:publisher\" content=\"https:\/\/www.facebook.com\/AnnetteAhrensTafelkultur\" \/>\n<meta property=\"article:modified_time\" content=\"2024-12-23T23:23:03+00:00\" \/>\n<meta property=\"og:image\" content=\"https:\/\/annette-ahrens.at\/onlineshop\/wp-content\/uploads\/2024\/12\/IMG_4071-scaled.jpeg\" \/>\n\t<meta property=\"og:image:width\" content=\"2143\" \/>\n\t<meta property=\"og:image:height\" content=\"2560\" \/>\n<meta name=\"twitter:card\" content=\"summary_large_image\" \/>\n<meta name=\"twitter:label1\" content=\"Gesch\u00e4tzte Lesezeit\">\n\t<meta name=\"twitter:data1\" content=\"1\u00a0Minute\">\n<script type=\"application\/ld+json\" class=\"yoast-schema-graph\">{\"@context\":\"https:\/\/schema.org\",\"@graph\":[{\"@type\":[\"Person\",\"Organization\"],\"@id\":\"https:\/\/annette-ahrens.at\/onlineshop\/#\/schema\/person\/3e19676faae246bba0cb3b7e15f427d8\",\"name\":\"Annette Ahrens\",\"image\":{\"@type\":\"ImageObject\",\"@id\":\"https:\/\/annette-ahrens.at\/onlineshop\/#personlogo\",\"inLanguage\":\"de\",\"url\":\"https:\/\/annette-ahrens.at\/onlineshop\/wp-content\/uploads\/2020\/04\/aa_logo_End.png\",\"width\":800,\"height\":164,\"caption\":\"Annette Ahrens\"},\"logo\":{\"@id\":\"https:\/\/annette-ahrens.at\/onlineshop\/#personlogo\"},\"sameAs\":[\"https:\/\/annette-ahrens.at\",\"https:\/\/www.facebook.com\/AnnetteAhrensTafelkultur\",\"https:\/\/www.instagram.com\/tafelkulturistin\/\",\"https:\/\/de.wikipedia.org\/wiki\/Annette_Ahrens\"]},{\"@type\":\"WebSite\",\"@id\":\"https:\/\/annette-ahrens.at\/onlineshop\/#website\",\"url\":\"https:\/\/annette-ahrens.at\/onlineshop\/\",\"name\":\"Tafelkultur Onlineshop\",\"description\":\"Annette Ahrens\",\"publisher\":{\"@id\":\"https:\/\/annette-ahrens.at\/onlineshop\/#\/schema\/person\/3e19676faae246bba0cb3b7e15f427d8\"},\"potentialAction\":[{\"@type\":\"SearchAction\",\"target\":\"https:\/\/annette-ahrens.at\/onlineshop\/?s={search_term_string}\",\"query-input\":\"required name=search_term_string\"}],\"inLanguage\":\"de\"},{\"@type\":\"ImageObject\",\"@id\":\"https:\/\/annette-ahrens.at\/onlineshop\/produkt\/flaschenkuehler-fuer-drei-flaschen-gebrueder-hepp-pforzheim-um-1920\/#primaryimage\",\"inLanguage\":\"de\",\"url\":\"https:\/\/annette-ahrens.at\/onlineshop\/wp-content\/uploads\/2024\/12\/IMG_4071-scaled.jpeg\",\"width\":2143,\"height\":2560,\"caption\":\"sektk\\u00fchler_hepp_stadthalle\"},{\"@type\":[\"WebPage\",\"ItemPage\"],\"@id\":\"https:\/\/annette-ahrens.at\/onlineshop\/produkt\/flaschenkuehler-fuer-drei-flaschen-gebrueder-hepp-pforzheim-um-1920\/#webpage\",\"url\":\"https:\/\/annette-ahrens.at\/onlineshop\/produkt\/flaschenkuehler-fuer-drei-flaschen-gebrueder-hepp-pforzheim-um-1920\/\",\"name\":\"Gro\\u00dfer Flaschenk\\u00fchler f\\u00fcr drei Flaschen, Gebr\\u00fcder Hepp, Pforzheim, um 1920\",\"isPartOf\":{\"@id\":\"https:\/\/annette-ahrens.at\/onlineshop\/#website\"},\"primaryImageOfPage\":{\"@id\":\"https:\/\/annette-ahrens.at\/onlineshop\/produkt\/flaschenkuehler-fuer-drei-flaschen-gebrueder-hepp-pforzheim-um-1920\/#primaryimage\"},\"datePublished\":\"2024-12-25T05:53:19+00:00\",\"dateModified\":\"2024-12-23T23:23:03+00:00\",\"description\":\"Gro\\u00dfer Flaschenk\\u00fchler f\\u00fcr drei Flaschen, Gebr\\u00fcder Hepp, Pforzheim, um 1920 \\u2665 Antiquit\\u00e4ten Online kaufen \\u2713 Sichere Lieferung \\u2713\",\"breadcrumb\":{\"@id\":\"https:\/\/annette-ahrens.at\/onlineshop\/produkt\/flaschenkuehler-fuer-drei-flaschen-gebrueder-hepp-pforzheim-um-1920\/#breadcrumb\"},\"inLanguage\":\"de\",\"potentialAction\":[{\"@type\":\"ReadAction\",\"target\":[\"https:\/\/annette-ahrens.at\/onlineshop\/produkt\/flaschenkuehler-fuer-drei-flaschen-gebrueder-hepp-pforzheim-um-1920\/\"]}]},{\"@type\":\"BreadcrumbList\",\"@id\":\"https:\/\/annette-ahrens.at\/onlineshop\/produkt\/flaschenkuehler-fuer-drei-flaschen-gebrueder-hepp-pforzheim-um-1920\/#breadcrumb\",\"itemListElement\":[{\"@type\":\"ListItem\",\"position\":1,\"item\":{\"@type\":\"WebPage\",\"@id\":\"https:\/\/annette-ahrens.at\/onlineshop\/\",\"url\":\"https:\/\/annette-ahrens.at\/onlineshop\/\",\"name\":\"Home\"}},{\"@type\":\"ListItem\",\"position\":2,\"item\":{\"@type\":\"WebPage\",\"@id\":\"https:\/\/annette-ahrens.at\/onlineshop\/alle-tafelkultur-objekte\/\",\"url\":\"https:\/\/annette-ahrens.at\/onlineshop\/alle-tafelkultur-objekte\/\",\"name\":\"Alle Tafelkultur Objekte\"}},{\"@type\":\"ListItem\",\"position\":3,\"item\":{\"@type\":\"WebPage\",\"@id\":\"https:\/\/annette-ahrens.at\/onlineshop\/produkt\/flaschenkuehler-fuer-drei-flaschen-gebrueder-hepp-pforzheim-um-1920\/\",\"url\":\"https:\/\/annette-ahrens.at\/onlineshop\/produkt\/flaschenkuehler-fuer-drei-flaschen-gebrueder-hepp-pforzheim-um-1920\/\",\"name\":\"Gro\\u00dfer Flaschenk\\u00fchler f\\u00fcr drei Flaschen, Gebr\\u00fcder Hepp, Pforzheim, um 1920\"}}]}]}<\/script>\n<!-- \/ Yoast SEO Premium plugin. -->","_links":{"self":[{"href":"https:\/\/annette-ahrens.at\/onlineshop\/wp-json\/wp\/v2\/product\/34225","targetHints":{"allow":["GET"]}}],"collection":[{"href":"https:\/\/annette-ahrens.at\/onlineshop\/wp-json\/wp\/v2\/product"}],"about":[{"href":"https:\/\/annette-ahrens.at\/onlineshop\/wp-json\/wp\/v2\/types\/product"}],"replies":[{"embeddable":true,"href":"https:\/\/annette-ahrens.at\/onlineshop\/wp-json\/wp\/v2\/comments?post=34225"}],"wp:featuredmedia":[{"embeddable":true,"href":"https:\/\/annette-ahrens.at\/onlineshop\/wp-json\/wp\/v2\/media\/34227"}],"wp:attachment":[{"href":"https:\/\/annette-ahrens.at\/onlineshop\/wp-json\/wp\/v2\/media?parent=34225"}],"wp:term":[{"taxonomy":"product_brand","embeddable":true,"href":"https:\/\/annette-ahrens.at\/onlineshop\/wp-json\/wp\/v2\/product_brand?post=34225"},{"taxonomy":"product_cat","embeddable":true,"href":"https:\/\/annette-ahrens.at\/onlineshop\/wp-json\/wp\/v2\/product_cat?post=34225"},{"taxonomy":"product_tag","embeddable":true,"href":"https:\/\/annette-ahrens.at\/onlineshop\/wp-json\/wp\/v2\/product_tag?post=34225"}],"curies":[{"name":"wp","href":"https:\/\/api.w.org\/{rel}","templated":true}]}}