{"id":34427,"date":"2025-01-10T06:44:39","date_gmt":"2025-01-10T05:44:39","guid":{"rendered":"https:\/\/annette-ahrens.at\/onlineshop\/?post_type=product&#038;p=34427"},"modified":"2025-01-12T12:32:44","modified_gmt":"2025-01-12T11:32:44","slug":"versilberte-jugendstil-zitronenpresse-fa-hukin-heath-england-um-1900","status":"publish","type":"product","link":"https:\/\/annette-ahrens.at\/onlineshop\/produkt\/versilberte-jugendstil-zitronenpresse-fa-hukin-heath-england-um-1900\/","title":{"rendered":"Versilberte Jugendstil Zitronenpresse, Fa. Hukin &#038; Heath, England, um 1900"},"content":{"rendered":"<p>Versilberte Jugendstil Zitronenpresse<\/p>\n<p>Fa. Hukin &amp; Heath, Birmingham, England, um 1900<\/p>\n<p>Zitruspresse aus Alpacca, versilbert, \u00a0n Form einer naturalistisch dargestellten Zitrone mit einer naturalistischen Oberfl\u00e4che, durch einen Scharnierdeckel zu \u00f6ffnen, innen Pressk\u00f6rper aus Holz, Halterung mit drei eleganten, geschwungenen Streben, flachen Standteller f\u00fcr ein Glas zum Auffangen des Zitronensafts, gemarkt mit englischer Herstellermarke &#8222;Hukin &amp; Heath&#8220; und &#8222;16010&#8220; und &#8222;REG. NO. 203233&#8220;, \u00a0altersbedingter Erhaltungszustand<\/p>\n<p>H 29 x 20 cm<\/p>\n<p>&nbsp;<\/p>\n","protected":false},"excerpt":{"rendered":"<p>Annettes Etikette: Das englische Unternehmen Hukin &amp; Heath aus Birmingham erlangte besondere Bekanntheit durch die Zusammenarbeit mit dem Designer Christopher Dresser, der einige seiner innovativsten Entw\u00fcrfe f\u00fcr sie kreierte. Gleich nach Ankauf ausprobiert bin ich mir sicher, dass diese seltene St\u00fcck h\u00f6chster englischer Tafelkultur schnell einen neuen Liebhaber finden wird.<\/p>\n","protected":false},"featured_media":34434,"comment_status":"open","ping_status":"closed","template":"","meta":[],"product_brand":[],"product_cat":[130,276,219,27,32,31,291,296,239,131,319,233],"product_tag":[],"class_list":{"0":"post-34427","1":"product","2":"type-product","3":"status-publish","4":"has-post-thumbnail","6":"product_cat-abendessen","7":"product_cat-alpacca","8":"product_cat-barutensilien","9":"product_cat-barware","10":"product_cat-festefeiern","11":"product_cat-gastgeschenke","12":"product_cat-hochzeit","13":"product_cat-silvester","14":"product_cat-spezialbestecke","15":"product_cat-tafeldekorationen","16":"product_cat-zitrus-tafelinventar","17":"product_cat-zitruspresse","19":"first","20":"instock","21":"sold-individually","22":"purchasable","23":"product-type-simple"},"yoast_head":"<!-- This site is optimized with the Yoast SEO Premium plugin v15.8.2 - https:\/\/yoast.com\/wordpress\/plugins\/seo\/ -->\n<title>Versilberte Jugendstil Zitronenpresse, Fa. Hukin &amp; Heath, England, um 1900<\/title>\n<meta name=\"description\" content=\"Versilberte Jugendstil Zitronenpresse, Fa. Hukin &amp; Heath, England, um 1900 \u2665 Antiquit\u00e4ten Online kaufen \u2713 Sichere Lieferung \u2713\" \/>\n<meta name=\"robots\" content=\"index, follow, max-snippet:-1, max-image-preview:large, max-video-preview:-1\" \/>\n<link rel=\"canonical\" href=\"https:\/\/annette-ahrens.at\/onlineshop\/produkt\/versilberte-jugendstil-zitronenpresse-fa-hukin-heath-england-um-1900\/\" \/>\n<meta property=\"og:locale\" content=\"de_DE\" \/>\n<meta property=\"og:type\" content=\"article\" \/>\n<meta property=\"og:title\" content=\"Versilberte Jugendstil Zitronenpresse, Fa. Hukin &amp; Heath, England, um 1900\" \/>\n<meta property=\"og:description\" content=\"Versilberte Jugendstil Zitronenpresse, Fa. Hukin &amp; Heath, England, um 1900 \u2665 Antiquit\u00e4ten Online kaufen \u2713 Sichere Lieferung \u2713\" \/>\n<meta property=\"og:url\" content=\"https:\/\/annette-ahrens.at\/onlineshop\/produkt\/versilberte-jugendstil-zitronenpresse-fa-hukin-heath-england-um-1900\/\" \/>\n<meta property=\"og:site_name\" content=\"Tafelkultur Onlineshop\" \/>\n<meta property=\"article:publisher\" content=\"https:\/\/www.facebook.com\/AnnetteAhrensTafelkultur\" \/>\n<meta property=\"article:modified_time\" content=\"2025-01-12T11:32:44+00:00\" \/>\n<meta property=\"og:image\" content=\"https:\/\/annette-ahrens.at\/onlineshop\/wp-content\/uploads\/2025\/01\/Bildschirmfoto-2025-01-01-um-17.57.12-950x1024.png\" \/>\n\t<meta property=\"og:image:width\" content=\"950\" \/>\n\t<meta property=\"og:image:height\" content=\"1024\" \/>\n<meta name=\"twitter:card\" content=\"summary_large_image\" \/>\n<meta name=\"twitter:label1\" content=\"Gesch\u00e4tzte Lesezeit\">\n\t<meta name=\"twitter:data1\" content=\"1\u00a0Minute\">\n<script type=\"application\/ld+json\" class=\"yoast-schema-graph\">{\"@context\":\"https:\/\/schema.org\",\"@graph\":[{\"@type\":[\"Person\",\"Organization\"],\"@id\":\"https:\/\/annette-ahrens.at\/onlineshop\/#\/schema\/person\/3e19676faae246bba0cb3b7e15f427d8\",\"name\":\"Annette Ahrens\",\"image\":{\"@type\":\"ImageObject\",\"@id\":\"https:\/\/annette-ahrens.at\/onlineshop\/#personlogo\",\"inLanguage\":\"de\",\"url\":\"https:\/\/annette-ahrens.at\/onlineshop\/wp-content\/uploads\/2020\/04\/aa_logo_End.png\",\"width\":800,\"height\":164,\"caption\":\"Annette Ahrens\"},\"logo\":{\"@id\":\"https:\/\/annette-ahrens.at\/onlineshop\/#personlogo\"},\"sameAs\":[\"https:\/\/annette-ahrens.at\",\"https:\/\/www.facebook.com\/AnnetteAhrensTafelkultur\",\"https:\/\/www.instagram.com\/tafelkulturistin\/\",\"https:\/\/de.wikipedia.org\/wiki\/Annette_Ahrens\"]},{\"@type\":\"WebSite\",\"@id\":\"https:\/\/annette-ahrens.at\/onlineshop\/#website\",\"url\":\"https:\/\/annette-ahrens.at\/onlineshop\/\",\"name\":\"Tafelkultur Onlineshop\",\"description\":\"Annette Ahrens\",\"publisher\":{\"@id\":\"https:\/\/annette-ahrens.at\/onlineshop\/#\/schema\/person\/3e19676faae246bba0cb3b7e15f427d8\"},\"potentialAction\":[{\"@type\":\"SearchAction\",\"target\":\"https:\/\/annette-ahrens.at\/onlineshop\/?s={search_term_string}\",\"query-input\":\"required name=search_term_string\"}],\"inLanguage\":\"de\"},{\"@type\":\"ImageObject\",\"@id\":\"https:\/\/annette-ahrens.at\/onlineshop\/produkt\/versilberte-jugendstil-zitronenpresse-fa-hukin-heath-england-um-1900\/#primaryimage\",\"inLanguage\":\"de\",\"url\":\"https:\/\/annette-ahrens.at\/onlineshop\/wp-content\/uploads\/2025\/01\/Bildschirmfoto-2025-01-01-um-17.57.12.png\",\"width\":1940,\"height\":2092,\"caption\":\"zitruspresse_hukin_heath\"},{\"@type\":[\"WebPage\",\"ItemPage\"],\"@id\":\"https:\/\/annette-ahrens.at\/onlineshop\/produkt\/versilberte-jugendstil-zitronenpresse-fa-hukin-heath-england-um-1900\/#webpage\",\"url\":\"https:\/\/annette-ahrens.at\/onlineshop\/produkt\/versilberte-jugendstil-zitronenpresse-fa-hukin-heath-england-um-1900\/\",\"name\":\"Versilberte Jugendstil Zitronenpresse, Fa. Hukin & Heath, England, um 1900\",\"isPartOf\":{\"@id\":\"https:\/\/annette-ahrens.at\/onlineshop\/#website\"},\"primaryImageOfPage\":{\"@id\":\"https:\/\/annette-ahrens.at\/onlineshop\/produkt\/versilberte-jugendstil-zitronenpresse-fa-hukin-heath-england-um-1900\/#primaryimage\"},\"datePublished\":\"2025-01-10T05:44:39+00:00\",\"dateModified\":\"2025-01-12T11:32:44+00:00\",\"description\":\"Versilberte Jugendstil Zitronenpresse, Fa. Hukin & Heath, England, um 1900 \\u2665 Antiquit\\u00e4ten Online kaufen \\u2713 Sichere Lieferung \\u2713\",\"breadcrumb\":{\"@id\":\"https:\/\/annette-ahrens.at\/onlineshop\/produkt\/versilberte-jugendstil-zitronenpresse-fa-hukin-heath-england-um-1900\/#breadcrumb\"},\"inLanguage\":\"de\",\"potentialAction\":[{\"@type\":\"ReadAction\",\"target\":[\"https:\/\/annette-ahrens.at\/onlineshop\/produkt\/versilberte-jugendstil-zitronenpresse-fa-hukin-heath-england-um-1900\/\"]}]},{\"@type\":\"BreadcrumbList\",\"@id\":\"https:\/\/annette-ahrens.at\/onlineshop\/produkt\/versilberte-jugendstil-zitronenpresse-fa-hukin-heath-england-um-1900\/#breadcrumb\",\"itemListElement\":[{\"@type\":\"ListItem\",\"position\":1,\"item\":{\"@type\":\"WebPage\",\"@id\":\"https:\/\/annette-ahrens.at\/onlineshop\/\",\"url\":\"https:\/\/annette-ahrens.at\/onlineshop\/\",\"name\":\"Home\"}},{\"@type\":\"ListItem\",\"position\":2,\"item\":{\"@type\":\"WebPage\",\"@id\":\"https:\/\/annette-ahrens.at\/onlineshop\/alle-tafelkultur-objekte\/\",\"url\":\"https:\/\/annette-ahrens.at\/onlineshop\/alle-tafelkultur-objekte\/\",\"name\":\"Alle Tafelkultur Objekte\"}},{\"@type\":\"ListItem\",\"position\":3,\"item\":{\"@type\":\"WebPage\",\"@id\":\"https:\/\/annette-ahrens.at\/onlineshop\/produkt\/versilberte-jugendstil-zitronenpresse-fa-hukin-heath-england-um-1900\/\",\"url\":\"https:\/\/annette-ahrens.at\/onlineshop\/produkt\/versilberte-jugendstil-zitronenpresse-fa-hukin-heath-england-um-1900\/\",\"name\":\"Versilberte Jugendstil Zitronenpresse, Fa. Hukin &#038; Heath, England, um 1900\"}}]}]}<\/script>\n<!-- \/ Yoast SEO Premium plugin. -->","_links":{"self":[{"href":"https:\/\/annette-ahrens.at\/onlineshop\/wp-json\/wp\/v2\/product\/34427","targetHints":{"allow":["GET"]}}],"collection":[{"href":"https:\/\/annette-ahrens.at\/onlineshop\/wp-json\/wp\/v2\/product"}],"about":[{"href":"https:\/\/annette-ahrens.at\/onlineshop\/wp-json\/wp\/v2\/types\/product"}],"replies":[{"embeddable":true,"href":"https:\/\/annette-ahrens.at\/onlineshop\/wp-json\/wp\/v2\/comments?post=34427"}],"wp:featuredmedia":[{"embeddable":true,"href":"https:\/\/annette-ahrens.at\/onlineshop\/wp-json\/wp\/v2\/media\/34434"}],"wp:attachment":[{"href":"https:\/\/annette-ahrens.at\/onlineshop\/wp-json\/wp\/v2\/media?parent=34427"}],"wp:term":[{"taxonomy":"product_brand","embeddable":true,"href":"https:\/\/annette-ahrens.at\/onlineshop\/wp-json\/wp\/v2\/product_brand?post=34427"},{"taxonomy":"product_cat","embeddable":true,"href":"https:\/\/annette-ahrens.at\/onlineshop\/wp-json\/wp\/v2\/product_cat?post=34427"},{"taxonomy":"product_tag","embeddable":true,"href":"https:\/\/annette-ahrens.at\/onlineshop\/wp-json\/wp\/v2\/product_tag?post=34427"}],"curies":[{"name":"wp","href":"https:\/\/api.w.org\/{rel}","templated":true}]}}