{"id":34470,"date":"2025-06-18T19:21:25","date_gmt":"2025-06-18T17:21:25","guid":{"rendered":"https:\/\/annette-ahrens.at\/onlineshop\/?post_type=product&#038;p=34470"},"modified":"2025-06-17T22:49:33","modified_gmt":"2025-06-17T20:49:33","slug":"prachtvolle-louis-xv-jardiniere-fa-christofle-paris-1860-1880","status":"publish","type":"product","link":"https:\/\/annette-ahrens.at\/onlineshop\/produkt\/prachtvolle-louis-xv-jardiniere-fa-christofle-paris-1860-1880\/","title":{"rendered":"Prachtvolle Louis XV. Jardini\u00e8re, Fa. Christofle, Paris, 1860 &#8211; 1880"},"content":{"rendered":"<p>Prachtvolle Louis XV. Jardini\u00e8re<\/p>\n<p>Fa. Christofle, Paris, Frankreich, 1860 &#8211; 1880<\/p>\n<p>Alpacca, versilbert, ovale Form auf vier Volutenf\u00fcsschen, seitlich zwei Putti im Stile von Louis XV., handgeschliffener Kristallglaseinsatz, am Bein gemarkt Christofle<\/p>\n<p>68,5 cm (27 Zoll) lang, 23 cm (9 Zoll) hoch, 37 cm (14,5 Zoll) tief<\/p>\n<p>H XX cm<\/p>\n<p>Vergleiche Katalog Christofle Modellnummer<\/p>\n","protected":false},"excerpt":{"rendered":"<p>Annettes Etikette: Die 1845 gegr\u00fcndete Firma Christofle aus Paris ist quasi der Mercedes der versilberten Tafelkultur. Das Unternehmen produziert bis heute hochwertigste Bestecke und Tafelst\u00fccke. Diese gro\u00dfe Jardini\u00e8re soll auf der Tafelmitte mit Blumen in einem Steckschwamm oder Obst Aufmerksamkeit erregen. Nicht schwierig.<\/p>\n","protected":false},"featured_media":37974,"comment_status":"open","ping_status":"closed","template":"","meta":[],"product_brand":[],"product_cat":[276,299,32,282,281,131,52,53],"product_tag":[],"class_list":{"0":"post-34470","1":"product","2":"type-product","3":"status-publish","4":"has-post-thumbnail","6":"product_cat-alpacca","7":"product_cat-cocktailparty","8":"product_cat-festefeiern","9":"product_cat-jardiniere","10":"product_cat-tafelaufsatz","11":"product_cat-tafeldekorationen","12":"product_cat-thanksgiving","13":"product_cat-weihnachten","15":"first","16":"instock","17":"sold-individually","18":"purchasable","19":"product-type-simple"},"yoast_head":"<!-- This site is optimized with the Yoast SEO Premium plugin v15.8.2 - https:\/\/yoast.com\/wordpress\/plugins\/seo\/ -->\n<title>Prachtvolle Louis XV. Jardini\u00e8re, Fa. Christofle, Paris, 1860 - 1880<\/title>\n<meta name=\"description\" content=\"Prachtvolle Louis XV. Jardini\u00e8re, Fa. Christofle, Paris, 1860 - 1880 \u2665 Antiquit\u00e4ten Online kaufen \u2713 Sichere Lieferung \u2713\" \/>\n<meta name=\"robots\" content=\"index, follow, max-snippet:-1, max-image-preview:large, max-video-preview:-1\" \/>\n<link rel=\"canonical\" href=\"https:\/\/annette-ahrens.at\/onlineshop\/produkt\/prachtvolle-louis-xv-jardiniere-fa-christofle-paris-1860-1880\/\" \/>\n<meta property=\"og:locale\" content=\"de_DE\" \/>\n<meta property=\"og:type\" content=\"article\" \/>\n<meta property=\"og:title\" content=\"Prachtvolle Louis XV. Jardini\u00e8re, Fa. Christofle, Paris, 1860 - 1880\" \/>\n<meta property=\"og:description\" content=\"Prachtvolle Louis XV. Jardini\u00e8re, Fa. Christofle, Paris, 1860 - 1880 \u2665 Antiquit\u00e4ten Online kaufen \u2713 Sichere Lieferung \u2713\" \/>\n<meta property=\"og:url\" content=\"https:\/\/annette-ahrens.at\/onlineshop\/produkt\/prachtvolle-louis-xv-jardiniere-fa-christofle-paris-1860-1880\/\" \/>\n<meta property=\"og:site_name\" content=\"Tafelkultur Onlineshop\" \/>\n<meta property=\"article:publisher\" content=\"https:\/\/www.facebook.com\/AnnetteAhrensTafelkultur\" \/>\n<meta property=\"article:modified_time\" content=\"2025-06-17T20:49:33+00:00\" \/>\n<meta property=\"og:image\" content=\"https:\/\/annette-ahrens.at\/onlineshop\/wp-content\/uploads\/2025\/01\/IMG_5832-scaled.jpeg\" \/>\n\t<meta property=\"og:image:width\" content=\"2048\" \/>\n\t<meta property=\"og:image:height\" content=\"1636\" \/>\n<meta name=\"twitter:card\" content=\"summary_large_image\" \/>\n<meta name=\"twitter:label1\" content=\"Gesch\u00e4tzte Lesezeit\">\n\t<meta name=\"twitter:data1\" content=\"1\u00a0Minute\">\n<script type=\"application\/ld+json\" class=\"yoast-schema-graph\">{\"@context\":\"https:\/\/schema.org\",\"@graph\":[{\"@type\":[\"Person\",\"Organization\"],\"@id\":\"https:\/\/annette-ahrens.at\/onlineshop\/#\/schema\/person\/3e19676faae246bba0cb3b7e15f427d8\",\"name\":\"Annette Ahrens\",\"image\":{\"@type\":\"ImageObject\",\"@id\":\"https:\/\/annette-ahrens.at\/onlineshop\/#personlogo\",\"inLanguage\":\"de\",\"url\":\"https:\/\/annette-ahrens.at\/onlineshop\/wp-content\/uploads\/2020\/04\/aa_logo_End.png\",\"width\":800,\"height\":164,\"caption\":\"Annette Ahrens\"},\"logo\":{\"@id\":\"https:\/\/annette-ahrens.at\/onlineshop\/#personlogo\"},\"sameAs\":[\"https:\/\/annette-ahrens.at\",\"https:\/\/www.facebook.com\/AnnetteAhrensTafelkultur\",\"https:\/\/www.instagram.com\/tafelkulturistin\/\",\"https:\/\/de.wikipedia.org\/wiki\/Annette_Ahrens\"]},{\"@type\":\"WebSite\",\"@id\":\"https:\/\/annette-ahrens.at\/onlineshop\/#website\",\"url\":\"https:\/\/annette-ahrens.at\/onlineshop\/\",\"name\":\"Tafelkultur Onlineshop\",\"description\":\"Annette Ahrens\",\"publisher\":{\"@id\":\"https:\/\/annette-ahrens.at\/onlineshop\/#\/schema\/person\/3e19676faae246bba0cb3b7e15f427d8\"},\"potentialAction\":[{\"@type\":\"SearchAction\",\"target\":\"https:\/\/annette-ahrens.at\/onlineshop\/?s={search_term_string}\",\"query-input\":\"required name=search_term_string\"}],\"inLanguage\":\"de\"},{\"@type\":\"ImageObject\",\"@id\":\"https:\/\/annette-ahrens.at\/onlineshop\/produkt\/prachtvolle-louis-xv-jardiniere-fa-christofle-paris-1860-1880\/#primaryimage\",\"inLanguage\":\"de\",\"url\":\"https:\/\/annette-ahrens.at\/onlineshop\/wp-content\/uploads\/2025\/01\/IMG_5832-scaled.jpeg\",\"width\":2048,\"height\":1636,\"caption\":\"jardiniere_christofle\"},{\"@type\":[\"WebPage\",\"ItemPage\"],\"@id\":\"https:\/\/annette-ahrens.at\/onlineshop\/produkt\/prachtvolle-louis-xv-jardiniere-fa-christofle-paris-1860-1880\/#webpage\",\"url\":\"https:\/\/annette-ahrens.at\/onlineshop\/produkt\/prachtvolle-louis-xv-jardiniere-fa-christofle-paris-1860-1880\/\",\"name\":\"Prachtvolle Louis XV. Jardini\\u00e8re, Fa. Christofle, Paris, 1860 - 1880\",\"isPartOf\":{\"@id\":\"https:\/\/annette-ahrens.at\/onlineshop\/#website\"},\"primaryImageOfPage\":{\"@id\":\"https:\/\/annette-ahrens.at\/onlineshop\/produkt\/prachtvolle-louis-xv-jardiniere-fa-christofle-paris-1860-1880\/#primaryimage\"},\"datePublished\":\"2025-06-18T17:21:25+00:00\",\"dateModified\":\"2025-06-17T20:49:33+00:00\",\"description\":\"Prachtvolle Louis XV. Jardini\\u00e8re, Fa. Christofle, Paris, 1860 - 1880 \\u2665 Antiquit\\u00e4ten Online kaufen \\u2713 Sichere Lieferung \\u2713\",\"breadcrumb\":{\"@id\":\"https:\/\/annette-ahrens.at\/onlineshop\/produkt\/prachtvolle-louis-xv-jardiniere-fa-christofle-paris-1860-1880\/#breadcrumb\"},\"inLanguage\":\"de\",\"potentialAction\":[{\"@type\":\"ReadAction\",\"target\":[\"https:\/\/annette-ahrens.at\/onlineshop\/produkt\/prachtvolle-louis-xv-jardiniere-fa-christofle-paris-1860-1880\/\"]}]},{\"@type\":\"BreadcrumbList\",\"@id\":\"https:\/\/annette-ahrens.at\/onlineshop\/produkt\/prachtvolle-louis-xv-jardiniere-fa-christofle-paris-1860-1880\/#breadcrumb\",\"itemListElement\":[{\"@type\":\"ListItem\",\"position\":1,\"item\":{\"@type\":\"WebPage\",\"@id\":\"https:\/\/annette-ahrens.at\/onlineshop\/\",\"url\":\"https:\/\/annette-ahrens.at\/onlineshop\/\",\"name\":\"Home\"}},{\"@type\":\"ListItem\",\"position\":2,\"item\":{\"@type\":\"WebPage\",\"@id\":\"https:\/\/annette-ahrens.at\/onlineshop\/alle-tafelkultur-objekte\/\",\"url\":\"https:\/\/annette-ahrens.at\/onlineshop\/alle-tafelkultur-objekte\/\",\"name\":\"Alle Tafelkultur Objekte\"}},{\"@type\":\"ListItem\",\"position\":3,\"item\":{\"@type\":\"WebPage\",\"@id\":\"https:\/\/annette-ahrens.at\/onlineshop\/produkt\/prachtvolle-louis-xv-jardiniere-fa-christofle-paris-1860-1880\/\",\"url\":\"https:\/\/annette-ahrens.at\/onlineshop\/produkt\/prachtvolle-louis-xv-jardiniere-fa-christofle-paris-1860-1880\/\",\"name\":\"Prachtvolle Louis XV. Jardini\\u00e8re, Fa. Christofle, Paris, 1860 &#8211; 1880\"}}]}]}<\/script>\n<!-- \/ Yoast SEO Premium plugin. -->","_links":{"self":[{"href":"https:\/\/annette-ahrens.at\/onlineshop\/wp-json\/wp\/v2\/product\/34470","targetHints":{"allow":["GET"]}}],"collection":[{"href":"https:\/\/annette-ahrens.at\/onlineshop\/wp-json\/wp\/v2\/product"}],"about":[{"href":"https:\/\/annette-ahrens.at\/onlineshop\/wp-json\/wp\/v2\/types\/product"}],"replies":[{"embeddable":true,"href":"https:\/\/annette-ahrens.at\/onlineshop\/wp-json\/wp\/v2\/comments?post=34470"}],"wp:featuredmedia":[{"embeddable":true,"href":"https:\/\/annette-ahrens.at\/onlineshop\/wp-json\/wp\/v2\/media\/37974"}],"wp:attachment":[{"href":"https:\/\/annette-ahrens.at\/onlineshop\/wp-json\/wp\/v2\/media?parent=34470"}],"wp:term":[{"taxonomy":"product_brand","embeddable":true,"href":"https:\/\/annette-ahrens.at\/onlineshop\/wp-json\/wp\/v2\/product_brand?post=34470"},{"taxonomy":"product_cat","embeddable":true,"href":"https:\/\/annette-ahrens.at\/onlineshop\/wp-json\/wp\/v2\/product_cat?post=34470"},{"taxonomy":"product_tag","embeddable":true,"href":"https:\/\/annette-ahrens.at\/onlineshop\/wp-json\/wp\/v2\/product_tag?post=34470"}],"curies":[{"name":"wp","href":"https:\/\/api.w.org\/{rel}","templated":true}]}}