{"id":34723,"date":"2025-01-26T23:49:08","date_gmt":"2025-01-26T22:49:08","guid":{"rendered":"https:\/\/annette-ahrens.at\/onlineshop\/?post_type=product&#038;p=34723"},"modified":"2025-01-27T08:36:54","modified_gmt":"2025-01-27T07:36:54","slug":"versilberter-loeffel-als-vorlegezange-fa-august-wellner-deutschland-um-1920","status":"publish","type":"product","link":"https:\/\/annette-ahrens.at\/onlineshop\/produkt\/versilberter-loeffel-als-vorlegezange-fa-august-wellner-deutschland-um-1920\/","title":{"rendered":"Versilberter L\u00f6ffel als Vorlegezange, Fa. August Wellner, Deutschland, um 1920"},"content":{"rendered":"<p>Versilberter L\u00f6ffel als Vorlegezange\/ Salatzange<\/p>\n<p>Fa. August Wellner, Aue, Deutschland, um 1920<\/p>\n<p>Alpacca, versilbert, eingebauchte Mechanik mit Federwirkung, gemarkt WELLNER 100 (Silberauflage) und D.R.P., altersbedingte Gebrauchsspuren<\/p>\n<p>L 24,5 cm<\/p>\n","protected":false},"excerpt":{"rendered":"<p>Annettes Etikette: Die in Wien selten anzutreffenden Erzeugnisse der Firma Wellner haben wohl mit ihrer Herkunft zu tun. Der Produzent von versilberten Hotelgeschirr und Besteck wurde 1854 von Christian Gottlieb Wellner (1795-1857) in Aue, in Sachsen gegr\u00fcndet. Die ausgeschrieben Marke l\u00e4sst uns die Produkte leicht zuordnen. Dar\u00fcber hinaus sind 3 Zwerge als Schutzmarke auf den Besteckteilen und Klingen zu sehen. In weiterer Folge firmierte das Unternehmen nach dem 2. Weltkrieg unter dem Namen Auer Besteck- und Silberwarenwerke (ABS). Mit \u00fcber 122 Modellen konnte Wellner 1930 ein doch sehr weites Besteckssortiment anbieten.Dieser ungew\u00f6hnliche Vorleger wird als Salatzange gef\u00fchrt.<\/p>\n","protected":false},"featured_media":34722,"comment_status":"open","ping_status":"closed","template":"","meta":[],"product_brand":[],"product_cat":[276,30,235,263,239],"product_tag":[],"class_list":{"0":"post-34723","1":"product","2":"type-product","3":"status-publish","4":"has-post-thumbnail","6":"product_cat-alpacca","7":"product_cat-besteck","8":"product_cat-gabeln","9":"product_cat-sardinenheber","10":"product_cat-spezialbestecke","12":"first","13":"instock","14":"purchasable","15":"product-type-simple"},"yoast_head":"<!-- This site is optimized with the Yoast SEO Premium plugin v15.8.2 - https:\/\/yoast.com\/wordpress\/plugins\/seo\/ -->\n<title>Versilberter L\u00f6ffel als Vorlegezange, Fa. August Wellner, Deutschland, um 1920<\/title>\n<meta name=\"description\" content=\"Versilberter L\u00f6ffel als Vorlegezange, Fa. August Wellner, Deutschland, um 1920 \u2665 Antiquit\u00e4ten Online kaufen \u2713 Sichere Lieferung \u2713\" \/>\n<meta name=\"robots\" content=\"index, follow, max-snippet:-1, max-image-preview:large, max-video-preview:-1\" \/>\n<link rel=\"canonical\" href=\"https:\/\/annette-ahrens.at\/onlineshop\/produkt\/versilberter-loeffel-als-vorlegezange-fa-august-wellner-deutschland-um-1920\/\" \/>\n<meta property=\"og:locale\" content=\"de_DE\" \/>\n<meta property=\"og:type\" content=\"article\" \/>\n<meta property=\"og:title\" content=\"Versilberter L\u00f6ffel als Vorlegezange, Fa. August Wellner, Deutschland, um 1920\" \/>\n<meta property=\"og:description\" content=\"Versilberter L\u00f6ffel als Vorlegezange, Fa. August Wellner, Deutschland, um 1920 \u2665 Antiquit\u00e4ten Online kaufen \u2713 Sichere Lieferung \u2713\" \/>\n<meta property=\"og:url\" content=\"https:\/\/annette-ahrens.at\/onlineshop\/produkt\/versilberter-loeffel-als-vorlegezange-fa-august-wellner-deutschland-um-1920\/\" \/>\n<meta property=\"og:site_name\" content=\"Tafelkultur Onlineshop\" \/>\n<meta property=\"article:publisher\" content=\"https:\/\/www.facebook.com\/AnnetteAhrensTafelkultur\" \/>\n<meta property=\"article:modified_time\" content=\"2025-01-27T07:36:54+00:00\" \/>\n<meta property=\"og:image\" content=\"https:\/\/annette-ahrens.at\/onlineshop\/wp-content\/uploads\/2025\/01\/IMG_4461-scaled.jpeg\" \/>\n\t<meta property=\"og:image:width\" content=\"2523\" \/>\n\t<meta property=\"og:image:height\" content=\"2560\" \/>\n<meta name=\"twitter:card\" content=\"summary_large_image\" \/>\n<meta name=\"twitter:label1\" content=\"Gesch\u00e4tzte Lesezeit\">\n\t<meta name=\"twitter:data1\" content=\"1\u00a0Minute\">\n<script type=\"application\/ld+json\" class=\"yoast-schema-graph\">{\"@context\":\"https:\/\/schema.org\",\"@graph\":[{\"@type\":[\"Person\",\"Organization\"],\"@id\":\"https:\/\/annette-ahrens.at\/onlineshop\/#\/schema\/person\/3e19676faae246bba0cb3b7e15f427d8\",\"name\":\"Annette Ahrens\",\"image\":{\"@type\":\"ImageObject\",\"@id\":\"https:\/\/annette-ahrens.at\/onlineshop\/#personlogo\",\"inLanguage\":\"de\",\"url\":\"https:\/\/annette-ahrens.at\/onlineshop\/wp-content\/uploads\/2020\/04\/aa_logo_End.png\",\"width\":800,\"height\":164,\"caption\":\"Annette Ahrens\"},\"logo\":{\"@id\":\"https:\/\/annette-ahrens.at\/onlineshop\/#personlogo\"},\"sameAs\":[\"https:\/\/annette-ahrens.at\",\"https:\/\/www.facebook.com\/AnnetteAhrensTafelkultur\",\"https:\/\/www.instagram.com\/tafelkulturistin\/\",\"https:\/\/de.wikipedia.org\/wiki\/Annette_Ahrens\"]},{\"@type\":\"WebSite\",\"@id\":\"https:\/\/annette-ahrens.at\/onlineshop\/#website\",\"url\":\"https:\/\/annette-ahrens.at\/onlineshop\/\",\"name\":\"Tafelkultur Onlineshop\",\"description\":\"Annette Ahrens\",\"publisher\":{\"@id\":\"https:\/\/annette-ahrens.at\/onlineshop\/#\/schema\/person\/3e19676faae246bba0cb3b7e15f427d8\"},\"potentialAction\":[{\"@type\":\"SearchAction\",\"target\":\"https:\/\/annette-ahrens.at\/onlineshop\/?s={search_term_string}\",\"query-input\":\"required name=search_term_string\"}],\"inLanguage\":\"de\"},{\"@type\":\"ImageObject\",\"@id\":\"https:\/\/annette-ahrens.at\/onlineshop\/produkt\/versilberter-loeffel-als-vorlegezange-fa-august-wellner-deutschland-um-1920\/#primaryimage\",\"inLanguage\":\"de\",\"url\":\"https:\/\/annette-ahrens.at\/onlineshop\/wp-content\/uploads\/2025\/01\/IMG_4461-scaled.jpeg\",\"width\":2523,\"height\":2560,\"caption\":\"salatvorleger_wellner\"},{\"@type\":[\"WebPage\",\"ItemPage\"],\"@id\":\"https:\/\/annette-ahrens.at\/onlineshop\/produkt\/versilberter-loeffel-als-vorlegezange-fa-august-wellner-deutschland-um-1920\/#webpage\",\"url\":\"https:\/\/annette-ahrens.at\/onlineshop\/produkt\/versilberter-loeffel-als-vorlegezange-fa-august-wellner-deutschland-um-1920\/\",\"name\":\"Versilberter L\\u00f6ffel als Vorlegezange, Fa. August Wellner, Deutschland, um 1920\",\"isPartOf\":{\"@id\":\"https:\/\/annette-ahrens.at\/onlineshop\/#website\"},\"primaryImageOfPage\":{\"@id\":\"https:\/\/annette-ahrens.at\/onlineshop\/produkt\/versilberter-loeffel-als-vorlegezange-fa-august-wellner-deutschland-um-1920\/#primaryimage\"},\"datePublished\":\"2025-01-26T22:49:08+00:00\",\"dateModified\":\"2025-01-27T07:36:54+00:00\",\"description\":\"Versilberter L\\u00f6ffel als Vorlegezange, Fa. August Wellner, Deutschland, um 1920 \\u2665 Antiquit\\u00e4ten Online kaufen \\u2713 Sichere Lieferung \\u2713\",\"breadcrumb\":{\"@id\":\"https:\/\/annette-ahrens.at\/onlineshop\/produkt\/versilberter-loeffel-als-vorlegezange-fa-august-wellner-deutschland-um-1920\/#breadcrumb\"},\"inLanguage\":\"de\",\"potentialAction\":[{\"@type\":\"ReadAction\",\"target\":[\"https:\/\/annette-ahrens.at\/onlineshop\/produkt\/versilberter-loeffel-als-vorlegezange-fa-august-wellner-deutschland-um-1920\/\"]}]},{\"@type\":\"BreadcrumbList\",\"@id\":\"https:\/\/annette-ahrens.at\/onlineshop\/produkt\/versilberter-loeffel-als-vorlegezange-fa-august-wellner-deutschland-um-1920\/#breadcrumb\",\"itemListElement\":[{\"@type\":\"ListItem\",\"position\":1,\"item\":{\"@type\":\"WebPage\",\"@id\":\"https:\/\/annette-ahrens.at\/onlineshop\/\",\"url\":\"https:\/\/annette-ahrens.at\/onlineshop\/\",\"name\":\"Home\"}},{\"@type\":\"ListItem\",\"position\":2,\"item\":{\"@type\":\"WebPage\",\"@id\":\"https:\/\/annette-ahrens.at\/onlineshop\/alle-tafelkultur-objekte\/\",\"url\":\"https:\/\/annette-ahrens.at\/onlineshop\/alle-tafelkultur-objekte\/\",\"name\":\"Alle Tafelkultur Objekte\"}},{\"@type\":\"ListItem\",\"position\":3,\"item\":{\"@type\":\"WebPage\",\"@id\":\"https:\/\/annette-ahrens.at\/onlineshop\/produkt\/versilberter-loeffel-als-vorlegezange-fa-august-wellner-deutschland-um-1920\/\",\"url\":\"https:\/\/annette-ahrens.at\/onlineshop\/produkt\/versilberter-loeffel-als-vorlegezange-fa-august-wellner-deutschland-um-1920\/\",\"name\":\"Versilberter L\\u00f6ffel als Vorlegezange, Fa. August Wellner, Deutschland, um 1920\"}}]}]}<\/script>\n<!-- \/ Yoast SEO Premium plugin. -->","_links":{"self":[{"href":"https:\/\/annette-ahrens.at\/onlineshop\/wp-json\/wp\/v2\/product\/34723","targetHints":{"allow":["GET"]}}],"collection":[{"href":"https:\/\/annette-ahrens.at\/onlineshop\/wp-json\/wp\/v2\/product"}],"about":[{"href":"https:\/\/annette-ahrens.at\/onlineshop\/wp-json\/wp\/v2\/types\/product"}],"replies":[{"embeddable":true,"href":"https:\/\/annette-ahrens.at\/onlineshop\/wp-json\/wp\/v2\/comments?post=34723"}],"wp:featuredmedia":[{"embeddable":true,"href":"https:\/\/annette-ahrens.at\/onlineshop\/wp-json\/wp\/v2\/media\/34722"}],"wp:attachment":[{"href":"https:\/\/annette-ahrens.at\/onlineshop\/wp-json\/wp\/v2\/media?parent=34723"}],"wp:term":[{"taxonomy":"product_brand","embeddable":true,"href":"https:\/\/annette-ahrens.at\/onlineshop\/wp-json\/wp\/v2\/product_brand?post=34723"},{"taxonomy":"product_cat","embeddable":true,"href":"https:\/\/annette-ahrens.at\/onlineshop\/wp-json\/wp\/v2\/product_cat?post=34723"},{"taxonomy":"product_tag","embeddable":true,"href":"https:\/\/annette-ahrens.at\/onlineshop\/wp-json\/wp\/v2\/product_tag?post=34723"}],"curies":[{"name":"wp","href":"https:\/\/api.w.org\/{rel}","templated":true}]}}