{"id":34874,"date":"2025-01-29T06:24:05","date_gmt":"2025-01-29T05:24:05","guid":{"rendered":"https:\/\/annette-ahrens.at\/onlineshop\/?post_type=product&#038;p=34874"},"modified":"2025-03-17T18:12:40","modified_gmt":"2025-03-17T17:12:40","slug":"paar-silberne-biedermeier-kerzenleuchter-wien-um-1830","status":"publish","type":"product","link":"https:\/\/annette-ahrens.at\/onlineshop\/produkt\/paar-silberne-biedermeier-kerzenleuchter-wien-um-1830\/","title":{"rendered":"Paar silberne Fr\u00fchbiedermeier Kerzenleuchter, Wien, 1819"},"content":{"rendered":"<p>Paar silberne Fr\u00fchbiedermeier Kerzenleuchter<\/p>\n<p>Josef Hosp, Wien, 1819<\/p>\n<p>Silber, getrieben, runder Fu\u00df, glatter Schaft, Manschette, T\u00fclle mit fixer Tropftasse, am Fuss gemarkt mit Wiener Radpunze 1819, Vorratsstempel, Meisterzeichen ligiertes JH im Achteck f\u00fcr Josef Hosp (Neuwirth 2002, P2612-2616), handpolierter, tadelloser Erhaltungszustand<\/p>\n<p>H 19,8 cm<\/p>\n<p>383 g<\/p>\n","protected":false},"excerpt":{"rendered":"<p>Paar silberne Fr\u00fchbiedermeier Kerzenleuchter Josef Hosp, Wien, 1819 Silber, getrieben, runder Fu\u00df, glatter Schaft, Manschette, T\u00fclle mit fixer Tropftasse, am Fuss gemarkt mit Wiener Radpunze 1819, Vorratsstempel, Meisterzeichen ligiertes JH im Achteck f\u00fcr Josef Hosp (Neuwirth 2002, P2612-2616), handpolierter, tadelloser Erhaltungszustand H 19,8 cm 383 g<\/p>\n","protected":false},"featured_media":34866,"comment_status":"open","ping_status":"closed","template":"","meta":[],"product_brand":[],"product_cat":[25,32,291,48,28,273,131,53,26],"product_tag":[],"class_list":{"0":"post-34874","1":"product","2":"type-product","3":"status-publish","4":"has-post-thumbnail","6":"product_cat-5o-clock-tea","7":"product_cat-festefeiern","8":"product_cat-hochzeit","9":"product_cat-kerzenleuchter","10":"product_cat-licht-rauch","11":"product_cat-silber-fachbuecher","12":"product_cat-tafeldekorationen","13":"product_cat-weihnachten","14":"product_cat-wiener-melange","16":"first","17":"instock","18":"sold-individually","19":"purchasable","20":"product-type-simple"},"yoast_head":"<!-- This site is optimized with the Yoast SEO Premium plugin v15.8.2 - https:\/\/yoast.com\/wordpress\/plugins\/seo\/ -->\n<title>Paar silberne Fr\u00fchbiedermeier Kerzenleuchter, Wien, 1819<\/title>\n<meta name=\"description\" content=\"Paar silberne Fr\u00fchbiedermeier Kerzenleuchter, Wien, 1819 \u2665 Antiquit\u00e4ten Online kaufen \u2713 Sichere Lieferung \u2713\" \/>\n<meta name=\"robots\" content=\"index, follow, max-snippet:-1, max-image-preview:large, max-video-preview:-1\" \/>\n<link rel=\"canonical\" href=\"https:\/\/annette-ahrens.at\/onlineshop\/produkt\/paar-silberne-biedermeier-kerzenleuchter-wien-um-1830\/\" \/>\n<meta property=\"og:locale\" content=\"de_DE\" \/>\n<meta property=\"og:type\" content=\"article\" \/>\n<meta property=\"og:title\" content=\"Paar silberne Fr\u00fchbiedermeier Kerzenleuchter, Wien, 1819\" \/>\n<meta property=\"og:description\" content=\"Paar silberne Fr\u00fchbiedermeier Kerzenleuchter, Wien, 1819 \u2665 Antiquit\u00e4ten Online kaufen \u2713 Sichere Lieferung \u2713\" \/>\n<meta property=\"og:url\" content=\"https:\/\/annette-ahrens.at\/onlineshop\/produkt\/paar-silberne-biedermeier-kerzenleuchter-wien-um-1830\/\" \/>\n<meta property=\"og:site_name\" content=\"Tafelkultur Onlineshop\" \/>\n<meta property=\"article:publisher\" content=\"https:\/\/www.facebook.com\/AnnetteAhrensTafelkultur\" \/>\n<meta property=\"article:modified_time\" content=\"2025-03-17T17:12:40+00:00\" \/>\n<meta property=\"og:image\" content=\"https:\/\/annette-ahrens.at\/onlineshop\/wp-content\/uploads\/2025\/01\/IMG_4547-scaled.jpeg\" \/>\n\t<meta property=\"og:image:width\" content=\"2036\" \/>\n\t<meta property=\"og:image:height\" content=\"2560\" \/>\n<meta name=\"twitter:card\" content=\"summary_large_image\" \/>\n<meta name=\"twitter:label1\" content=\"Gesch\u00e4tzte Lesezeit\">\n\t<meta name=\"twitter:data1\" content=\"1\u00a0Minute\">\n<script type=\"application\/ld+json\" class=\"yoast-schema-graph\">{\"@context\":\"https:\/\/schema.org\",\"@graph\":[{\"@type\":[\"Person\",\"Organization\"],\"@id\":\"https:\/\/annette-ahrens.at\/onlineshop\/#\/schema\/person\/3e19676faae246bba0cb3b7e15f427d8\",\"name\":\"Annette Ahrens\",\"image\":{\"@type\":\"ImageObject\",\"@id\":\"https:\/\/annette-ahrens.at\/onlineshop\/#personlogo\",\"inLanguage\":\"de\",\"url\":\"https:\/\/annette-ahrens.at\/onlineshop\/wp-content\/uploads\/2020\/04\/aa_logo_End.png\",\"width\":800,\"height\":164,\"caption\":\"Annette Ahrens\"},\"logo\":{\"@id\":\"https:\/\/annette-ahrens.at\/onlineshop\/#personlogo\"},\"sameAs\":[\"https:\/\/annette-ahrens.at\",\"https:\/\/www.facebook.com\/AnnetteAhrensTafelkultur\",\"https:\/\/www.instagram.com\/tafelkulturistin\/\",\"https:\/\/de.wikipedia.org\/wiki\/Annette_Ahrens\"]},{\"@type\":\"WebSite\",\"@id\":\"https:\/\/annette-ahrens.at\/onlineshop\/#website\",\"url\":\"https:\/\/annette-ahrens.at\/onlineshop\/\",\"name\":\"Tafelkultur Onlineshop\",\"description\":\"Annette Ahrens\",\"publisher\":{\"@id\":\"https:\/\/annette-ahrens.at\/onlineshop\/#\/schema\/person\/3e19676faae246bba0cb3b7e15f427d8\"},\"potentialAction\":[{\"@type\":\"SearchAction\",\"target\":\"https:\/\/annette-ahrens.at\/onlineshop\/?s={search_term_string}\",\"query-input\":\"required name=search_term_string\"}],\"inLanguage\":\"de\"},{\"@type\":\"ImageObject\",\"@id\":\"https:\/\/annette-ahrens.at\/onlineshop\/produkt\/paar-silberne-biedermeier-kerzenleuchter-wien-um-1830\/#primaryimage\",\"inLanguage\":\"de\",\"url\":\"https:\/\/annette-ahrens.at\/onlineshop\/wp-content\/uploads\/2025\/01\/IMG_4547-scaled.jpeg\",\"width\":2036,\"height\":2560,\"caption\":\"kerzenleuchter_silber_wien_1819\"},{\"@type\":[\"WebPage\",\"ItemPage\"],\"@id\":\"https:\/\/annette-ahrens.at\/onlineshop\/produkt\/paar-silberne-biedermeier-kerzenleuchter-wien-um-1830\/#webpage\",\"url\":\"https:\/\/annette-ahrens.at\/onlineshop\/produkt\/paar-silberne-biedermeier-kerzenleuchter-wien-um-1830\/\",\"name\":\"Paar silberne Fr\\u00fchbiedermeier Kerzenleuchter, Wien, 1819\",\"isPartOf\":{\"@id\":\"https:\/\/annette-ahrens.at\/onlineshop\/#website\"},\"primaryImageOfPage\":{\"@id\":\"https:\/\/annette-ahrens.at\/onlineshop\/produkt\/paar-silberne-biedermeier-kerzenleuchter-wien-um-1830\/#primaryimage\"},\"datePublished\":\"2025-01-29T05:24:05+00:00\",\"dateModified\":\"2025-03-17T17:12:40+00:00\",\"description\":\"Paar silberne Fr\\u00fchbiedermeier Kerzenleuchter, Wien, 1819 \\u2665 Antiquit\\u00e4ten Online kaufen \\u2713 Sichere Lieferung \\u2713\",\"breadcrumb\":{\"@id\":\"https:\/\/annette-ahrens.at\/onlineshop\/produkt\/paar-silberne-biedermeier-kerzenleuchter-wien-um-1830\/#breadcrumb\"},\"inLanguage\":\"de\",\"potentialAction\":[{\"@type\":\"ReadAction\",\"target\":[\"https:\/\/annette-ahrens.at\/onlineshop\/produkt\/paar-silberne-biedermeier-kerzenleuchter-wien-um-1830\/\"]}]},{\"@type\":\"BreadcrumbList\",\"@id\":\"https:\/\/annette-ahrens.at\/onlineshop\/produkt\/paar-silberne-biedermeier-kerzenleuchter-wien-um-1830\/#breadcrumb\",\"itemListElement\":[{\"@type\":\"ListItem\",\"position\":1,\"item\":{\"@type\":\"WebPage\",\"@id\":\"https:\/\/annette-ahrens.at\/onlineshop\/\",\"url\":\"https:\/\/annette-ahrens.at\/onlineshop\/\",\"name\":\"Home\"}},{\"@type\":\"ListItem\",\"position\":2,\"item\":{\"@type\":\"WebPage\",\"@id\":\"https:\/\/annette-ahrens.at\/onlineshop\/alle-tafelkultur-objekte\/\",\"url\":\"https:\/\/annette-ahrens.at\/onlineshop\/alle-tafelkultur-objekte\/\",\"name\":\"Alle Tafelkultur Objekte\"}},{\"@type\":\"ListItem\",\"position\":3,\"item\":{\"@type\":\"WebPage\",\"@id\":\"https:\/\/annette-ahrens.at\/onlineshop\/produkt\/paar-silberne-biedermeier-kerzenleuchter-wien-um-1830\/\",\"url\":\"https:\/\/annette-ahrens.at\/onlineshop\/produkt\/paar-silberne-biedermeier-kerzenleuchter-wien-um-1830\/\",\"name\":\"Paar silberne Fr\\u00fchbiedermeier Kerzenleuchter, Wien, 1819\"}}]}]}<\/script>\n<!-- \/ Yoast SEO Premium plugin. -->","_links":{"self":[{"href":"https:\/\/annette-ahrens.at\/onlineshop\/wp-json\/wp\/v2\/product\/34874","targetHints":{"allow":["GET"]}}],"collection":[{"href":"https:\/\/annette-ahrens.at\/onlineshop\/wp-json\/wp\/v2\/product"}],"about":[{"href":"https:\/\/annette-ahrens.at\/onlineshop\/wp-json\/wp\/v2\/types\/product"}],"replies":[{"embeddable":true,"href":"https:\/\/annette-ahrens.at\/onlineshop\/wp-json\/wp\/v2\/comments?post=34874"}],"wp:featuredmedia":[{"embeddable":true,"href":"https:\/\/annette-ahrens.at\/onlineshop\/wp-json\/wp\/v2\/media\/34866"}],"wp:attachment":[{"href":"https:\/\/annette-ahrens.at\/onlineshop\/wp-json\/wp\/v2\/media?parent=34874"}],"wp:term":[{"taxonomy":"product_brand","embeddable":true,"href":"https:\/\/annette-ahrens.at\/onlineshop\/wp-json\/wp\/v2\/product_brand?post=34874"},{"taxonomy":"product_cat","embeddable":true,"href":"https:\/\/annette-ahrens.at\/onlineshop\/wp-json\/wp\/v2\/product_cat?post=34874"},{"taxonomy":"product_tag","embeddable":true,"href":"https:\/\/annette-ahrens.at\/onlineshop\/wp-json\/wp\/v2\/product_tag?post=34874"}],"curies":[{"name":"wp","href":"https:\/\/api.w.org\/{rel}","templated":true}]}}