{"id":34879,"date":"2025-01-30T08:28:27","date_gmt":"2025-01-30T07:28:27","guid":{"rendered":"https:\/\/annette-ahrens.at\/onlineshop\/?post_type=product&#038;p=34879"},"modified":"2025-01-30T09:08:39","modified_gmt":"2025-01-30T08:08:39","slug":"versilberter-jugendstil-kaviarkuehler-fa-mappin-webb-england-um-1900","status":"publish","type":"product","link":"https:\/\/annette-ahrens.at\/onlineshop\/produkt\/versilberter-jugendstil-kaviarkuehler-fa-mappin-webb-england-um-1900\/","title":{"rendered":"Versilberter Jugendstil Kaviark\u00fchler, Fa. Mappin &#038; Webb, England, um 1900"},"content":{"rendered":"<p>Versilberter Jugendstil Kaviark\u00fchler<\/p>\n<p>Fa. Mappin &amp; Webb, England, um 1900<\/p>\n<p>Alpacca, versilbert, runde Schale mit farblosem Glaseinsatz, zwei Henkel und Deckel mit Haltering, am Boden gemarkt mit Firmenmarke Mappin &amp; Webb, Princesss plate, London &amp; Sheffield<\/p>\n<p>Dm 9,8 cm<\/p>\n<p>H 10 cm<\/p>\n<p>Siehe auch Firmenkatalog der Fa. Berndorf, 1911, Modellnummer 16479<\/p>\n","protected":false},"excerpt":{"rendered":"<p>Annettes Etikette: Die alten Firmenkataloge sind meine &#8222;Schummelzettel&#8220;. Dort kann ich nachschauen, wof\u00fcr die aufgesp\u00fcrten Objekte tats\u00e4chlich konzipiert wurden: Nicht f\u00fcr Butter, sondern tats\u00e4chlich f\u00fcr Kaviar ist dieser Beh\u00e4lter, wo zwecks K\u00fchlung unterhalb des Glaseinsatzes Eis eingef\u00fcllt werden kann.<\/p>\n","protected":false},"featured_media":34889,"comment_status":"open","ping_status":"closed","template":"","meta":[],"product_brand":[],"product_cat":[298,299,19,31,181,47,296,52,53],"product_tag":[],"class_list":{"0":"post-34879","1":"product","2":"type-product","3":"status-publish","4":"has-post-thumbnail","6":"product_cat-buffet","7":"product_cat-cocktailparty","8":"product_cat-gabelfruehstueck","9":"product_cat-gastgeschenke","10":"product_cat-kaviar","11":"product_cat-meerestiere","12":"product_cat-silvester","13":"product_cat-thanksgiving","14":"product_cat-weihnachten","16":"first","17":"instock","18":"sold-individually","19":"purchasable","20":"product-type-simple"},"yoast_head":"<!-- This site is optimized with the Yoast SEO Premium plugin v15.8.2 - https:\/\/yoast.com\/wordpress\/plugins\/seo\/ -->\n<title>Versilberter Jugendstil Kaviark\u00fchler, Fa. Mappin &amp; Webb, England, um 1900<\/title>\n<meta name=\"description\" content=\"Versilberter Jugendstil Kaviark\u00fchler, Fa. Mappin &amp; Webb, England, um 1900 \u2665 Antiquit\u00e4ten Online kaufen \u2713 Sichere Lieferung \u2713\" \/>\n<meta name=\"robots\" content=\"index, follow, max-snippet:-1, max-image-preview:large, max-video-preview:-1\" \/>\n<link rel=\"canonical\" href=\"https:\/\/annette-ahrens.at\/onlineshop\/produkt\/versilberter-jugendstil-kaviarkuehler-fa-mappin-webb-england-um-1900\/\" \/>\n<meta property=\"og:locale\" content=\"de_DE\" \/>\n<meta property=\"og:type\" content=\"article\" \/>\n<meta property=\"og:title\" content=\"Versilberter Jugendstil Kaviark\u00fchler, Fa. Mappin &amp; Webb, England, um 1900\" \/>\n<meta property=\"og:description\" content=\"Versilberter Jugendstil Kaviark\u00fchler, Fa. Mappin &amp; Webb, England, um 1900 \u2665 Antiquit\u00e4ten Online kaufen \u2713 Sichere Lieferung \u2713\" \/>\n<meta property=\"og:url\" content=\"https:\/\/annette-ahrens.at\/onlineshop\/produkt\/versilberter-jugendstil-kaviarkuehler-fa-mappin-webb-england-um-1900\/\" \/>\n<meta property=\"og:site_name\" content=\"Tafelkultur Onlineshop\" \/>\n<meta property=\"article:publisher\" content=\"https:\/\/www.facebook.com\/AnnetteAhrensTafelkultur\" \/>\n<meta property=\"article:modified_time\" content=\"2025-01-30T08:08:39+00:00\" \/>\n<meta property=\"og:image\" content=\"https:\/\/annette-ahrens.at\/onlineshop\/wp-content\/uploads\/2025\/01\/IMG_4613-scaled.jpeg\" \/>\n\t<meta property=\"og:image:width\" content=\"2499\" \/>\n\t<meta property=\"og:image:height\" content=\"2560\" \/>\n<meta name=\"twitter:card\" content=\"summary_large_image\" \/>\n<meta name=\"twitter:label1\" content=\"Gesch\u00e4tzte Lesezeit\">\n\t<meta name=\"twitter:data1\" content=\"1\u00a0Minute\">\n<script type=\"application\/ld+json\" class=\"yoast-schema-graph\">{\"@context\":\"https:\/\/schema.org\",\"@graph\":[{\"@type\":[\"Person\",\"Organization\"],\"@id\":\"https:\/\/annette-ahrens.at\/onlineshop\/#\/schema\/person\/3e19676faae246bba0cb3b7e15f427d8\",\"name\":\"Annette Ahrens\",\"image\":{\"@type\":\"ImageObject\",\"@id\":\"https:\/\/annette-ahrens.at\/onlineshop\/#personlogo\",\"inLanguage\":\"de\",\"url\":\"https:\/\/annette-ahrens.at\/onlineshop\/wp-content\/uploads\/2020\/04\/aa_logo_End.png\",\"width\":800,\"height\":164,\"caption\":\"Annette Ahrens\"},\"logo\":{\"@id\":\"https:\/\/annette-ahrens.at\/onlineshop\/#personlogo\"},\"sameAs\":[\"https:\/\/annette-ahrens.at\",\"https:\/\/www.facebook.com\/AnnetteAhrensTafelkultur\",\"https:\/\/www.instagram.com\/tafelkulturistin\/\",\"https:\/\/de.wikipedia.org\/wiki\/Annette_Ahrens\"]},{\"@type\":\"WebSite\",\"@id\":\"https:\/\/annette-ahrens.at\/onlineshop\/#website\",\"url\":\"https:\/\/annette-ahrens.at\/onlineshop\/\",\"name\":\"Tafelkultur Onlineshop\",\"description\":\"Annette Ahrens\",\"publisher\":{\"@id\":\"https:\/\/annette-ahrens.at\/onlineshop\/#\/schema\/person\/3e19676faae246bba0cb3b7e15f427d8\"},\"potentialAction\":[{\"@type\":\"SearchAction\",\"target\":\"https:\/\/annette-ahrens.at\/onlineshop\/?s={search_term_string}\",\"query-input\":\"required name=search_term_string\"}],\"inLanguage\":\"de\"},{\"@type\":\"ImageObject\",\"@id\":\"https:\/\/annette-ahrens.at\/onlineshop\/produkt\/versilberter-jugendstil-kaviarkuehler-fa-mappin-webb-england-um-1900\/#primaryimage\",\"inLanguage\":\"de\",\"url\":\"https:\/\/annette-ahrens.at\/onlineshop\/wp-content\/uploads\/2025\/01\/IMG_4613-scaled.jpeg\",\"width\":2499,\"height\":2560,\"caption\":\"kaviark\\u00fchler_mappin_wepp\"},{\"@type\":[\"WebPage\",\"ItemPage\"],\"@id\":\"https:\/\/annette-ahrens.at\/onlineshop\/produkt\/versilberter-jugendstil-kaviarkuehler-fa-mappin-webb-england-um-1900\/#webpage\",\"url\":\"https:\/\/annette-ahrens.at\/onlineshop\/produkt\/versilberter-jugendstil-kaviarkuehler-fa-mappin-webb-england-um-1900\/\",\"name\":\"Versilberter Jugendstil Kaviark\\u00fchler, Fa. Mappin & Webb, England, um 1900\",\"isPartOf\":{\"@id\":\"https:\/\/annette-ahrens.at\/onlineshop\/#website\"},\"primaryImageOfPage\":{\"@id\":\"https:\/\/annette-ahrens.at\/onlineshop\/produkt\/versilberter-jugendstil-kaviarkuehler-fa-mappin-webb-england-um-1900\/#primaryimage\"},\"datePublished\":\"2025-01-30T07:28:27+00:00\",\"dateModified\":\"2025-01-30T08:08:39+00:00\",\"description\":\"Versilberter Jugendstil Kaviark\\u00fchler, Fa. Mappin & Webb, England, um 1900 \\u2665 Antiquit\\u00e4ten Online kaufen \\u2713 Sichere Lieferung \\u2713\",\"breadcrumb\":{\"@id\":\"https:\/\/annette-ahrens.at\/onlineshop\/produkt\/versilberter-jugendstil-kaviarkuehler-fa-mappin-webb-england-um-1900\/#breadcrumb\"},\"inLanguage\":\"de\",\"potentialAction\":[{\"@type\":\"ReadAction\",\"target\":[\"https:\/\/annette-ahrens.at\/onlineshop\/produkt\/versilberter-jugendstil-kaviarkuehler-fa-mappin-webb-england-um-1900\/\"]}]},{\"@type\":\"BreadcrumbList\",\"@id\":\"https:\/\/annette-ahrens.at\/onlineshop\/produkt\/versilberter-jugendstil-kaviarkuehler-fa-mappin-webb-england-um-1900\/#breadcrumb\",\"itemListElement\":[{\"@type\":\"ListItem\",\"position\":1,\"item\":{\"@type\":\"WebPage\",\"@id\":\"https:\/\/annette-ahrens.at\/onlineshop\/\",\"url\":\"https:\/\/annette-ahrens.at\/onlineshop\/\",\"name\":\"Home\"}},{\"@type\":\"ListItem\",\"position\":2,\"item\":{\"@type\":\"WebPage\",\"@id\":\"https:\/\/annette-ahrens.at\/onlineshop\/alle-tafelkultur-objekte\/\",\"url\":\"https:\/\/annette-ahrens.at\/onlineshop\/alle-tafelkultur-objekte\/\",\"name\":\"Alle Tafelkultur Objekte\"}},{\"@type\":\"ListItem\",\"position\":3,\"item\":{\"@type\":\"WebPage\",\"@id\":\"https:\/\/annette-ahrens.at\/onlineshop\/produkt\/versilberter-jugendstil-kaviarkuehler-fa-mappin-webb-england-um-1900\/\",\"url\":\"https:\/\/annette-ahrens.at\/onlineshop\/produkt\/versilberter-jugendstil-kaviarkuehler-fa-mappin-webb-england-um-1900\/\",\"name\":\"Versilberter Jugendstil Kaviark\\u00fchler, Fa. Mappin &#038; Webb, England, um 1900\"}}]}]}<\/script>\n<!-- \/ Yoast SEO Premium plugin. -->","_links":{"self":[{"href":"https:\/\/annette-ahrens.at\/onlineshop\/wp-json\/wp\/v2\/product\/34879","targetHints":{"allow":["GET"]}}],"collection":[{"href":"https:\/\/annette-ahrens.at\/onlineshop\/wp-json\/wp\/v2\/product"}],"about":[{"href":"https:\/\/annette-ahrens.at\/onlineshop\/wp-json\/wp\/v2\/types\/product"}],"replies":[{"embeddable":true,"href":"https:\/\/annette-ahrens.at\/onlineshop\/wp-json\/wp\/v2\/comments?post=34879"}],"wp:featuredmedia":[{"embeddable":true,"href":"https:\/\/annette-ahrens.at\/onlineshop\/wp-json\/wp\/v2\/media\/34889"}],"wp:attachment":[{"href":"https:\/\/annette-ahrens.at\/onlineshop\/wp-json\/wp\/v2\/media?parent=34879"}],"wp:term":[{"taxonomy":"product_brand","embeddable":true,"href":"https:\/\/annette-ahrens.at\/onlineshop\/wp-json\/wp\/v2\/product_brand?post=34879"},{"taxonomy":"product_cat","embeddable":true,"href":"https:\/\/annette-ahrens.at\/onlineshop\/wp-json\/wp\/v2\/product_cat?post=34879"},{"taxonomy":"product_tag","embeddable":true,"href":"https:\/\/annette-ahrens.at\/onlineshop\/wp-json\/wp\/v2\/product_tag?post=34879"}],"curies":[{"name":"wp","href":"https:\/\/api.w.org\/{rel}","templated":true}]}}