{"id":34919,"date":"2025-01-31T09:06:24","date_gmt":"2025-01-31T08:06:24","guid":{"rendered":"https:\/\/annette-ahrens.at\/onlineshop\/?post_type=product&#038;p=34919"},"modified":"2025-01-31T09:35:29","modified_gmt":"2025-01-31T08:35:29","slug":"silbernes-art-deco-obstbesteck-fuer-6-personen-tschechoslowakei-um-1930-3","status":"publish","type":"product","link":"https:\/\/annette-ahrens.at\/onlineshop\/produkt\/silbernes-art-deco-obstbesteck-fuer-6-personen-tschechoslowakei-um-1930-3\/","title":{"rendered":"Silbernes Art Deco Obstbesteck f\u00fcr 6 Personen, Alfred Pollak, Prag, um 1920"},"content":{"rendered":"<p>Silbernes Art Deco Obstbesteck f\u00fcr 6 Personen<\/p>\n<p>Alfred Pollak, Prag, B\u00f6hmen, um 1920<\/p>\n<p>Silber, 12 Teile mit Silberhohlhefte, vergoldete Gabelaufs\u00e4tze und Messerklingen mit vegetabiler Gravur, Heft gemarkt mit Hundekopfpunze, Feingehalt 800, Meistermarke AP f\u00fcr Alfred Pollak, tadelloser, handpolierter Zustand in schwarzer Geschenkkassette, innen mit rosa Satin tapeziert<\/p>\n<p>L\u00e4nge 14,4 cm (Messer)<\/p>\n<p>L\u00e4nge 13 cm (Gabel)<\/p>\n<p>206 g (brutto)<\/p>\n","protected":false},"excerpt":{"rendered":"<p>Annettes Etikette: Die S\u00e4ure von Obst h\u00e4tte die silberne Oberfl\u00e4che von Besteck angegriffen, daher sind viele Obstbestecke an der Klinge vergoldet. Dieses h\u00fcbsche und f\u00fcr 6 Personen komplette Obstbesteck zeichnet sich durch die wunderbaren Art Deco Hefte aus. Die in Prag situierte k. und k. Hof-Silberschmiede von Alfred Pollak (Pra\u0161no-Oujezd 1852- 1909 Prag) wurde 1878 gegr\u00fcndet. Um 1900 hatte er ca. 50 Angestellte. Neben einer Filiale in Budapest 1892 unterhielt Pollak ab 1896 ein Lager in der Rotenthurmstrasse 7 in Wien. Das Unternehmen wurde 1922 geschlossen.<\/p>\n","protected":false},"featured_media":34915,"comment_status":"open","ping_status":"closed","template":"","meta":[],"product_brand":[],"product_cat":[30,235,237,160,239],"product_tag":[],"class_list":{"0":"post-34919","1":"product","2":"type-product","3":"status-publish","4":"has-post-thumbnail","6":"product_cat-besteck","7":"product_cat-gabeln","8":"product_cat-messer","9":"product_cat-obst","10":"product_cat-spezialbestecke","12":"first","13":"instock","14":"sold-individually","15":"purchasable","16":"product-type-simple"},"yoast_head":"<!-- This site is optimized with the Yoast SEO Premium plugin v15.8.2 - https:\/\/yoast.com\/wordpress\/plugins\/seo\/ -->\n<title>Silbernes Art Deco Obstbesteck f\u00fcr 6 Personen, Alfred Pollak, Prag, um 1920<\/title>\n<meta name=\"description\" content=\"Silbernes Art Deco Obstbesteck f\u00fcr 6 Personen, Alfred Pollak, Prag, um 1920 \u2665 Antiquit\u00e4ten Online kaufen \u2713 Sichere Lieferung \u2713\" \/>\n<meta name=\"robots\" content=\"index, follow, max-snippet:-1, max-image-preview:large, max-video-preview:-1\" \/>\n<link rel=\"canonical\" href=\"https:\/\/annette-ahrens.at\/onlineshop\/produkt\/silbernes-art-deco-obstbesteck-fuer-6-personen-tschechoslowakei-um-1930-3\/\" \/>\n<meta property=\"og:locale\" content=\"de_DE\" \/>\n<meta property=\"og:type\" content=\"article\" \/>\n<meta property=\"og:title\" content=\"Silbernes Art Deco Obstbesteck f\u00fcr 6 Personen, Alfred Pollak, Prag, um 1920\" \/>\n<meta property=\"og:description\" content=\"Silbernes Art Deco Obstbesteck f\u00fcr 6 Personen, Alfred Pollak, Prag, um 1920 \u2665 Antiquit\u00e4ten Online kaufen \u2713 Sichere Lieferung \u2713\" \/>\n<meta property=\"og:url\" content=\"https:\/\/annette-ahrens.at\/onlineshop\/produkt\/silbernes-art-deco-obstbesteck-fuer-6-personen-tschechoslowakei-um-1930-3\/\" \/>\n<meta property=\"og:site_name\" content=\"Tafelkultur Onlineshop\" \/>\n<meta property=\"article:publisher\" content=\"https:\/\/www.facebook.com\/AnnetteAhrensTafelkultur\" \/>\n<meta property=\"article:modified_time\" content=\"2025-01-31T08:35:29+00:00\" \/>\n<meta property=\"og:image\" content=\"https:\/\/annette-ahrens.at\/onlineshop\/wp-content\/uploads\/2025\/01\/IMG_4649-scaled.jpeg\" \/>\n\t<meta property=\"og:image:width\" content=\"1920\" \/>\n\t<meta property=\"og:image:height\" content=\"2560\" \/>\n<meta name=\"twitter:card\" content=\"summary_large_image\" \/>\n<meta name=\"twitter:label1\" content=\"Gesch\u00e4tzte Lesezeit\">\n\t<meta name=\"twitter:data1\" content=\"1\u00a0Minute\">\n<script type=\"application\/ld+json\" class=\"yoast-schema-graph\">{\"@context\":\"https:\/\/schema.org\",\"@graph\":[{\"@type\":[\"Person\",\"Organization\"],\"@id\":\"https:\/\/annette-ahrens.at\/onlineshop\/#\/schema\/person\/3e19676faae246bba0cb3b7e15f427d8\",\"name\":\"Annette Ahrens\",\"image\":{\"@type\":\"ImageObject\",\"@id\":\"https:\/\/annette-ahrens.at\/onlineshop\/#personlogo\",\"inLanguage\":\"de\",\"url\":\"https:\/\/annette-ahrens.at\/onlineshop\/wp-content\/uploads\/2020\/04\/aa_logo_End.png\",\"width\":800,\"height\":164,\"caption\":\"Annette Ahrens\"},\"logo\":{\"@id\":\"https:\/\/annette-ahrens.at\/onlineshop\/#personlogo\"},\"sameAs\":[\"https:\/\/annette-ahrens.at\",\"https:\/\/www.facebook.com\/AnnetteAhrensTafelkultur\",\"https:\/\/www.instagram.com\/tafelkulturistin\/\",\"https:\/\/de.wikipedia.org\/wiki\/Annette_Ahrens\"]},{\"@type\":\"WebSite\",\"@id\":\"https:\/\/annette-ahrens.at\/onlineshop\/#website\",\"url\":\"https:\/\/annette-ahrens.at\/onlineshop\/\",\"name\":\"Tafelkultur Onlineshop\",\"description\":\"Annette Ahrens\",\"publisher\":{\"@id\":\"https:\/\/annette-ahrens.at\/onlineshop\/#\/schema\/person\/3e19676faae246bba0cb3b7e15f427d8\"},\"potentialAction\":[{\"@type\":\"SearchAction\",\"target\":\"https:\/\/annette-ahrens.at\/onlineshop\/?s={search_term_string}\",\"query-input\":\"required name=search_term_string\"}],\"inLanguage\":\"de\"},{\"@type\":\"ImageObject\",\"@id\":\"https:\/\/annette-ahrens.at\/onlineshop\/produkt\/silbernes-art-deco-obstbesteck-fuer-6-personen-tschechoslowakei-um-1930-3\/#primaryimage\",\"inLanguage\":\"de\",\"url\":\"https:\/\/annette-ahrens.at\/onlineshop\/wp-content\/uploads\/2025\/01\/IMG_4649-scaled.jpeg\",\"width\":1920,\"height\":2560,\"caption\":\"obstbesteck_art_deco_silber\"},{\"@type\":[\"WebPage\",\"ItemPage\"],\"@id\":\"https:\/\/annette-ahrens.at\/onlineshop\/produkt\/silbernes-art-deco-obstbesteck-fuer-6-personen-tschechoslowakei-um-1930-3\/#webpage\",\"url\":\"https:\/\/annette-ahrens.at\/onlineshop\/produkt\/silbernes-art-deco-obstbesteck-fuer-6-personen-tschechoslowakei-um-1930-3\/\",\"name\":\"Silbernes Art Deco Obstbesteck f\\u00fcr 6 Personen, Alfred Pollak, Prag, um 1920\",\"isPartOf\":{\"@id\":\"https:\/\/annette-ahrens.at\/onlineshop\/#website\"},\"primaryImageOfPage\":{\"@id\":\"https:\/\/annette-ahrens.at\/onlineshop\/produkt\/silbernes-art-deco-obstbesteck-fuer-6-personen-tschechoslowakei-um-1930-3\/#primaryimage\"},\"datePublished\":\"2025-01-31T08:06:24+00:00\",\"dateModified\":\"2025-01-31T08:35:29+00:00\",\"description\":\"Silbernes Art Deco Obstbesteck f\\u00fcr 6 Personen, Alfred Pollak, Prag, um 1920 \\u2665 Antiquit\\u00e4ten Online kaufen \\u2713 Sichere Lieferung \\u2713\",\"breadcrumb\":{\"@id\":\"https:\/\/annette-ahrens.at\/onlineshop\/produkt\/silbernes-art-deco-obstbesteck-fuer-6-personen-tschechoslowakei-um-1930-3\/#breadcrumb\"},\"inLanguage\":\"de\",\"potentialAction\":[{\"@type\":\"ReadAction\",\"target\":[\"https:\/\/annette-ahrens.at\/onlineshop\/produkt\/silbernes-art-deco-obstbesteck-fuer-6-personen-tschechoslowakei-um-1930-3\/\"]}]},{\"@type\":\"BreadcrumbList\",\"@id\":\"https:\/\/annette-ahrens.at\/onlineshop\/produkt\/silbernes-art-deco-obstbesteck-fuer-6-personen-tschechoslowakei-um-1930-3\/#breadcrumb\",\"itemListElement\":[{\"@type\":\"ListItem\",\"position\":1,\"item\":{\"@type\":\"WebPage\",\"@id\":\"https:\/\/annette-ahrens.at\/onlineshop\/\",\"url\":\"https:\/\/annette-ahrens.at\/onlineshop\/\",\"name\":\"Home\"}},{\"@type\":\"ListItem\",\"position\":2,\"item\":{\"@type\":\"WebPage\",\"@id\":\"https:\/\/annette-ahrens.at\/onlineshop\/alle-tafelkultur-objekte\/\",\"url\":\"https:\/\/annette-ahrens.at\/onlineshop\/alle-tafelkultur-objekte\/\",\"name\":\"Alle Tafelkultur Objekte\"}},{\"@type\":\"ListItem\",\"position\":3,\"item\":{\"@type\":\"WebPage\",\"@id\":\"https:\/\/annette-ahrens.at\/onlineshop\/produkt\/silbernes-art-deco-obstbesteck-fuer-6-personen-tschechoslowakei-um-1930-3\/\",\"url\":\"https:\/\/annette-ahrens.at\/onlineshop\/produkt\/silbernes-art-deco-obstbesteck-fuer-6-personen-tschechoslowakei-um-1930-3\/\",\"name\":\"Silbernes Art Deco Obstbesteck f\\u00fcr 6 Personen, Alfred Pollak, Prag, um 1920\"}}]}]}<\/script>\n<!-- \/ Yoast SEO Premium plugin. -->","_links":{"self":[{"href":"https:\/\/annette-ahrens.at\/onlineshop\/wp-json\/wp\/v2\/product\/34919","targetHints":{"allow":["GET"]}}],"collection":[{"href":"https:\/\/annette-ahrens.at\/onlineshop\/wp-json\/wp\/v2\/product"}],"about":[{"href":"https:\/\/annette-ahrens.at\/onlineshop\/wp-json\/wp\/v2\/types\/product"}],"replies":[{"embeddable":true,"href":"https:\/\/annette-ahrens.at\/onlineshop\/wp-json\/wp\/v2\/comments?post=34919"}],"wp:featuredmedia":[{"embeddable":true,"href":"https:\/\/annette-ahrens.at\/onlineshop\/wp-json\/wp\/v2\/media\/34915"}],"wp:attachment":[{"href":"https:\/\/annette-ahrens.at\/onlineshop\/wp-json\/wp\/v2\/media?parent=34919"}],"wp:term":[{"taxonomy":"product_brand","embeddable":true,"href":"https:\/\/annette-ahrens.at\/onlineshop\/wp-json\/wp\/v2\/product_brand?post=34919"},{"taxonomy":"product_cat","embeddable":true,"href":"https:\/\/annette-ahrens.at\/onlineshop\/wp-json\/wp\/v2\/product_cat?post=34919"},{"taxonomy":"product_tag","embeddable":true,"href":"https:\/\/annette-ahrens.at\/onlineshop\/wp-json\/wp\/v2\/product_tag?post=34919"}],"curies":[{"name":"wp","href":"https:\/\/api.w.org\/{rel}","templated":true}]}}