{"id":35017,"date":"2025-02-07T06:50:12","date_gmt":"2025-02-07T05:50:12","guid":{"rendered":"https:\/\/annette-ahrens.at\/onlineshop\/?post_type=product&#038;p=35017"},"modified":"2026-04-08T15:56:46","modified_gmt":"2026-04-08T13:56:46","slug":"seltenes-spargelservice-mit-sauciere-fa-berndorf-wien-um-1900","status":"publish","type":"product","link":"https:\/\/annette-ahrens.at\/onlineshop\/produkt\/seltenes-spargelservice-mit-sauciere-fa-berndorf-wien-um-1900\/","title":{"rendered":"Seltenes Spargelservice mit Sauci\u00e8re, Fa. Berndorf, Wien, um 1900"},"content":{"rendered":"<p>Seltene Spargelplatte mit Sauci\u00e8re<\/p>\n<p>Fa. Berndorf oder Fa. Bachmann, Wien, \u00d6sterreich-Ungarische Monarchie, um 1900<\/p>\n<p>Alpacca, versilbert, Muschelf\u00f6rmige Schale auf drei Volutenf\u00fcsschen, undeutlich gemarkt mit runder Marke entweder Fa. Berndorf oder Fa. Bachmann, Sockel f\u00fcr ovale Sauci\u00e8re, abschraubbar, tadelloser Erhaltungszustand bis auf minimalen, altersbedingtem Abrieb im Spiegel (siehe Fotos)<\/p>\n<p>Dm 40 x 33 x 20,5 cm<\/p>\n<p>siehe Verkaufskatalog der Firma Berndorf, 1911, Modellnummer 17781<\/p>\n","protected":false},"excerpt":{"rendered":"<p>Annettes Etikette: Die Kombination von Sauce Hollandaise und Spargel ist nichts Ungew\u00f6hnliches. Doch ein Tafelger\u00e4t, welches beide Zutaten vereint, sorgt f\u00fcr ein Fest bei Tisch. Das Kaisergem\u00fcse wird appetitlich auf der Spargelplatte pr\u00e4sentiert und von der Sauciere bekr\u00f6nt. Guten Appetit! Im Berndorfer Verkaufskatalog von 1911 wird diese seltene Set als &#8222;Spargelservice&#8220; bezeichnet.<\/p>\n","protected":false},"featured_media":35082,"comment_status":"open","ping_status":"closed","template":"","meta":[],"product_brand":[],"product_cat":[15],"product_tag":[],"class_list":{"0":"post-35017","1":"product","2":"type-product","3":"status-publish","4":"has-post-thumbnail","6":"product_cat-unkategorisiert","8":"first","9":"instock","10":"sold-individually","11":"purchasable","12":"product-type-simple"},"yoast_head":"<!-- This site is optimized with the Yoast SEO Premium plugin v15.8.2 - https:\/\/yoast.com\/wordpress\/plugins\/seo\/ -->\n<title>Seltenes Spargelservice mit Sauci\u00e8re, Fa. Berndorf, Wien, um 1900<\/title>\n<meta name=\"description\" content=\"Seltenes Spargelservice mit Sauci\u00e8re, Fa. Berndorf, Wien, um 1900 \u2665 Antiquit\u00e4ten Online kaufen \u2713 Sichere Lieferung \u2713\" \/>\n<meta name=\"robots\" content=\"index, follow, max-snippet:-1, max-image-preview:large, max-video-preview:-1\" \/>\n<link rel=\"canonical\" href=\"https:\/\/annette-ahrens.at\/onlineshop\/produkt\/seltenes-spargelservice-mit-sauciere-fa-berndorf-wien-um-1900\/\" \/>\n<meta property=\"og:locale\" content=\"de_DE\" \/>\n<meta property=\"og:type\" content=\"article\" \/>\n<meta property=\"og:title\" content=\"Seltenes Spargelservice mit Sauci\u00e8re, Fa. Berndorf, Wien, um 1900\" \/>\n<meta property=\"og:description\" content=\"Seltenes Spargelservice mit Sauci\u00e8re, Fa. Berndorf, Wien, um 1900 \u2665 Antiquit\u00e4ten Online kaufen \u2713 Sichere Lieferung \u2713\" \/>\n<meta property=\"og:url\" content=\"https:\/\/annette-ahrens.at\/onlineshop\/produkt\/seltenes-spargelservice-mit-sauciere-fa-berndorf-wien-um-1900\/\" \/>\n<meta property=\"og:site_name\" content=\"Tafelkultur Onlineshop\" \/>\n<meta property=\"article:publisher\" content=\"https:\/\/www.facebook.com\/AnnetteAhrensTafelkultur\" \/>\n<meta property=\"article:modified_time\" content=\"2026-04-08T13:56:46+00:00\" \/>\n<meta property=\"og:image\" content=\"https:\/\/annette-ahrens.at\/onlineshop\/wp-content\/uploads\/2025\/02\/IMG_4827-scaled.jpeg\" \/>\n\t<meta property=\"og:image:width\" content=\"2468\" \/>\n\t<meta property=\"og:image:height\" content=\"2560\" \/>\n<meta name=\"twitter:card\" content=\"summary_large_image\" \/>\n<meta name=\"twitter:label1\" content=\"Gesch\u00e4tzte Lesezeit\">\n\t<meta name=\"twitter:data1\" content=\"1\u00a0Minute\">\n<script type=\"application\/ld+json\" class=\"yoast-schema-graph\">{\"@context\":\"https:\/\/schema.org\",\"@graph\":[{\"@type\":[\"Person\",\"Organization\"],\"@id\":\"https:\/\/annette-ahrens.at\/onlineshop\/#\/schema\/person\/3e19676faae246bba0cb3b7e15f427d8\",\"name\":\"Annette Ahrens\",\"image\":{\"@type\":\"ImageObject\",\"@id\":\"https:\/\/annette-ahrens.at\/onlineshop\/#personlogo\",\"inLanguage\":\"de\",\"url\":\"https:\/\/annette-ahrens.at\/onlineshop\/wp-content\/uploads\/2020\/04\/aa_logo_End.png\",\"width\":800,\"height\":164,\"caption\":\"Annette Ahrens\"},\"logo\":{\"@id\":\"https:\/\/annette-ahrens.at\/onlineshop\/#personlogo\"},\"sameAs\":[\"https:\/\/annette-ahrens.at\",\"https:\/\/www.facebook.com\/AnnetteAhrensTafelkultur\",\"https:\/\/www.instagram.com\/tafelkulturistin\/\",\"https:\/\/de.wikipedia.org\/wiki\/Annette_Ahrens\"]},{\"@type\":\"WebSite\",\"@id\":\"https:\/\/annette-ahrens.at\/onlineshop\/#website\",\"url\":\"https:\/\/annette-ahrens.at\/onlineshop\/\",\"name\":\"Tafelkultur Onlineshop\",\"description\":\"Annette Ahrens\",\"publisher\":{\"@id\":\"https:\/\/annette-ahrens.at\/onlineshop\/#\/schema\/person\/3e19676faae246bba0cb3b7e15f427d8\"},\"potentialAction\":[{\"@type\":\"SearchAction\",\"target\":\"https:\/\/annette-ahrens.at\/onlineshop\/?s={search_term_string}\",\"query-input\":\"required name=search_term_string\"}],\"inLanguage\":\"de\"},{\"@type\":\"ImageObject\",\"@id\":\"https:\/\/annette-ahrens.at\/onlineshop\/produkt\/seltenes-spargelservice-mit-sauciere-fa-berndorf-wien-um-1900\/#primaryimage\",\"inLanguage\":\"de\",\"url\":\"https:\/\/annette-ahrens.at\/onlineshop\/wp-content\/uploads\/2025\/02\/IMG_4827-scaled.jpeg\",\"width\":2468,\"height\":2560,\"caption\":\"spargelservice_berndorf\"},{\"@type\":[\"WebPage\",\"ItemPage\"],\"@id\":\"https:\/\/annette-ahrens.at\/onlineshop\/produkt\/seltenes-spargelservice-mit-sauciere-fa-berndorf-wien-um-1900\/#webpage\",\"url\":\"https:\/\/annette-ahrens.at\/onlineshop\/produkt\/seltenes-spargelservice-mit-sauciere-fa-berndorf-wien-um-1900\/\",\"name\":\"Seltenes Spargelservice mit Sauci\\u00e8re, Fa. Berndorf, Wien, um 1900\",\"isPartOf\":{\"@id\":\"https:\/\/annette-ahrens.at\/onlineshop\/#website\"},\"primaryImageOfPage\":{\"@id\":\"https:\/\/annette-ahrens.at\/onlineshop\/produkt\/seltenes-spargelservice-mit-sauciere-fa-berndorf-wien-um-1900\/#primaryimage\"},\"datePublished\":\"2025-02-07T05:50:12+00:00\",\"dateModified\":\"2026-04-08T13:56:46+00:00\",\"description\":\"Seltenes Spargelservice mit Sauci\\u00e8re, Fa. Berndorf, Wien, um 1900 \\u2665 Antiquit\\u00e4ten Online kaufen \\u2713 Sichere Lieferung \\u2713\",\"breadcrumb\":{\"@id\":\"https:\/\/annette-ahrens.at\/onlineshop\/produkt\/seltenes-spargelservice-mit-sauciere-fa-berndorf-wien-um-1900\/#breadcrumb\"},\"inLanguage\":\"de\",\"potentialAction\":[{\"@type\":\"ReadAction\",\"target\":[\"https:\/\/annette-ahrens.at\/onlineshop\/produkt\/seltenes-spargelservice-mit-sauciere-fa-berndorf-wien-um-1900\/\"]}]},{\"@type\":\"BreadcrumbList\",\"@id\":\"https:\/\/annette-ahrens.at\/onlineshop\/produkt\/seltenes-spargelservice-mit-sauciere-fa-berndorf-wien-um-1900\/#breadcrumb\",\"itemListElement\":[{\"@type\":\"ListItem\",\"position\":1,\"item\":{\"@type\":\"WebPage\",\"@id\":\"https:\/\/annette-ahrens.at\/onlineshop\/\",\"url\":\"https:\/\/annette-ahrens.at\/onlineshop\/\",\"name\":\"Home\"}},{\"@type\":\"ListItem\",\"position\":2,\"item\":{\"@type\":\"WebPage\",\"@id\":\"https:\/\/annette-ahrens.at\/onlineshop\/alle-tafelkultur-objekte\/\",\"url\":\"https:\/\/annette-ahrens.at\/onlineshop\/alle-tafelkultur-objekte\/\",\"name\":\"Alle Tafelkultur Objekte\"}},{\"@type\":\"ListItem\",\"position\":3,\"item\":{\"@type\":\"WebPage\",\"@id\":\"https:\/\/annette-ahrens.at\/onlineshop\/produkt\/seltenes-spargelservice-mit-sauciere-fa-berndorf-wien-um-1900\/\",\"url\":\"https:\/\/annette-ahrens.at\/onlineshop\/produkt\/seltenes-spargelservice-mit-sauciere-fa-berndorf-wien-um-1900\/\",\"name\":\"Seltenes Spargelservice mit Sauci\\u00e8re, Fa. Berndorf, Wien, um 1900\"}}]}]}<\/script>\n<!-- \/ Yoast SEO Premium plugin. -->","_links":{"self":[{"href":"https:\/\/annette-ahrens.at\/onlineshop\/wp-json\/wp\/v2\/product\/35017","targetHints":{"allow":["GET"]}}],"collection":[{"href":"https:\/\/annette-ahrens.at\/onlineshop\/wp-json\/wp\/v2\/product"}],"about":[{"href":"https:\/\/annette-ahrens.at\/onlineshop\/wp-json\/wp\/v2\/types\/product"}],"replies":[{"embeddable":true,"href":"https:\/\/annette-ahrens.at\/onlineshop\/wp-json\/wp\/v2\/comments?post=35017"}],"wp:featuredmedia":[{"embeddable":true,"href":"https:\/\/annette-ahrens.at\/onlineshop\/wp-json\/wp\/v2\/media\/35082"}],"wp:attachment":[{"href":"https:\/\/annette-ahrens.at\/onlineshop\/wp-json\/wp\/v2\/media?parent=35017"}],"wp:term":[{"taxonomy":"product_brand","embeddable":true,"href":"https:\/\/annette-ahrens.at\/onlineshop\/wp-json\/wp\/v2\/product_brand?post=35017"},{"taxonomy":"product_cat","embeddable":true,"href":"https:\/\/annette-ahrens.at\/onlineshop\/wp-json\/wp\/v2\/product_cat?post=35017"},{"taxonomy":"product_tag","embeddable":true,"href":"https:\/\/annette-ahrens.at\/onlineshop\/wp-json\/wp\/v2\/product_tag?post=35017"}],"curies":[{"name":"wp","href":"https:\/\/api.w.org\/{rel}","templated":true}]}}