{"id":351,"date":"2020-04-26T22:42:53","date_gmt":"2020-04-26T20:42:53","guid":{"rendered":"https:\/\/annette-ahrens.at\/silbershop\/?post_type=product&#038;p=351"},"modified":"2023-12-26T12:40:01","modified_gmt":"2023-12-26T11:40:01","slug":"fruchtkorb-fa-wolkenstein-glueckselig-um-1920","status":"publish","type":"product","link":"https:\/\/annette-ahrens.at\/onlineshop\/produkt\/fruchtkorb-fa-wolkenstein-glueckselig-um-1920\/","title":{"rendered":"Versilberter Jugendstil Fruchtkorb, Fa. Wolkenstein &#038; Gl\u00fcckselig, Wien, um 1920"},"content":{"rendered":"<p>Versilberter Jugendstil Fruchtkorb<\/p>\n<p>Fa. Wolkenstein &amp; Gl\u00fcckselig, Wien, um 1920<\/p>\n<p>Alpacca, versilbert, runder, abgetreppter Fuss, runder Korb mit hochgezogenem Henkel, reliefierte Wandung mit Blattmotiv, geschliffener, farbloser \u00a0Glaseinsatz, Alpacca am Boden gemarkt W &amp; G f\u00fcr Wolkenstein &amp; Gl\u00fcckselig<\/p>\n<p>Dm 22 cm<\/p>\n<p>siehe Katalogauszug\u00a0&#8222;Lenkwerk&#8220; vormals Fa. Wolkenstein &amp; Gl\u00fcckselig, Wien 1928, Nr. 4449<\/p>\n","protected":false},"excerpt":{"rendered":"<p>Annettes Etikette: Die Alpacca- Chinasilber- und Silberwarenfabrik von <a href=\"https:\/\/annette-ahrens.at\/wolkenstein-glueckselig\/\">Arnold Wolkenstein &amp; Samuel Gl\u00fcckselig<\/a> erzeugte ihre Waren in der\u00a0Stumpergasse 45, 1060 Wien. N<span lang=\"DE\">amhafte K\u00fcnstler wie Josef Emanuel Margold zeichnen f\u00fcr Entw\u00fcrfe verantwortlich. Der klingende Name ist mir aufgrund seiner Originalit\u00e4t aufgefallen und ich hatte richtig vermutet, dass die Familie leider nach 1938 Wien verlassen musste.<\/span><\/p>\n","protected":false},"featured_media":5669,"comment_status":"open","ping_status":"closed","template":"","meta":[],"product_brand":[],"product_cat":[25,276,34,298,300,291,295,21,51,279,281,131,53],"product_tag":[],"class_list":{"0":"post-351","1":"product","2":"type-product","3":"status-publish","4":"has-post-thumbnail","6":"product_cat-5o-clock-tea","7":"product_cat-alpacca","8":"product_cat-brot","9":"product_cat-buffet","10":"product_cat-gartenfest","11":"product_cat-hochzeit","12":"product_cat-jagdeinladung","13":"product_cat-obst-gemuese","14":"product_cat-ostern","15":"product_cat-schale","16":"product_cat-tafelaufsatz","17":"product_cat-tafeldekorationen","18":"product_cat-weihnachten","20":"first","21":"instock","22":"sold-individually","23":"purchasable","24":"product-type-simple"},"yoast_head":"<!-- This site is optimized with the Yoast SEO Premium plugin v15.8.2 - https:\/\/yoast.com\/wordpress\/plugins\/seo\/ -->\n<title>Versilberter Jugendstil Fruchtkorb, Fa. Wolkenstein &amp; Gl\u00fcckselig, Wien, um 1920<\/title>\n<meta name=\"description\" content=\"Versilberter Jugendstil Fruchtkorb, Fa. Wolkenstein &amp; Gl\u00fcckselig, Wien, um 1920 \u2665 Antiquit\u00e4ten Online kaufen \u2713 Sichere Lieferung \u2713\" \/>\n<meta name=\"robots\" content=\"index, follow, max-snippet:-1, max-image-preview:large, max-video-preview:-1\" \/>\n<link rel=\"canonical\" href=\"https:\/\/annette-ahrens.at\/onlineshop\/produkt\/fruchtkorb-fa-wolkenstein-glueckselig-um-1920\/\" \/>\n<meta property=\"og:locale\" content=\"de_DE\" \/>\n<meta property=\"og:type\" content=\"article\" \/>\n<meta property=\"og:title\" content=\"Versilberter Jugendstil Fruchtkorb, Fa. Wolkenstein &amp; Gl\u00fcckselig, Wien, um 1920\" \/>\n<meta property=\"og:description\" content=\"Versilberter Jugendstil Fruchtkorb, Fa. Wolkenstein &amp; Gl\u00fcckselig, Wien, um 1920 \u2665 Antiquit\u00e4ten Online kaufen \u2713 Sichere Lieferung \u2713\" \/>\n<meta property=\"og:url\" content=\"https:\/\/annette-ahrens.at\/onlineshop\/produkt\/fruchtkorb-fa-wolkenstein-glueckselig-um-1920\/\" \/>\n<meta property=\"og:site_name\" content=\"Tafelkultur Onlineshop\" \/>\n<meta property=\"article:publisher\" content=\"https:\/\/www.facebook.com\/AnnetteAhrensTafelkultur\" \/>\n<meta property=\"article:modified_time\" content=\"2023-12-26T11:40:01+00:00\" \/>\n<meta property=\"og:image\" content=\"https:\/\/annette-ahrens.at\/onlineshop\/wp-content\/uploads\/2020\/04\/IMG_8227-scaled.jpeg\" \/>\n\t<meta property=\"og:image:width\" content=\"2560\" \/>\n\t<meta property=\"og:image:height\" content=\"2560\" \/>\n<meta name=\"twitter:card\" content=\"summary_large_image\" \/>\n<meta name=\"twitter:label1\" content=\"Gesch\u00e4tzte Lesezeit\">\n\t<meta name=\"twitter:data1\" content=\"1\u00a0Minute\">\n<script type=\"application\/ld+json\" class=\"yoast-schema-graph\">{\"@context\":\"https:\/\/schema.org\",\"@graph\":[{\"@type\":[\"Person\",\"Organization\"],\"@id\":\"https:\/\/annette-ahrens.at\/onlineshop\/#\/schema\/person\/3e19676faae246bba0cb3b7e15f427d8\",\"name\":\"Annette Ahrens\",\"image\":{\"@type\":\"ImageObject\",\"@id\":\"https:\/\/annette-ahrens.at\/onlineshop\/#personlogo\",\"inLanguage\":\"de\",\"url\":\"https:\/\/annette-ahrens.at\/onlineshop\/wp-content\/uploads\/2020\/04\/aa_logo_End.png\",\"width\":800,\"height\":164,\"caption\":\"Annette Ahrens\"},\"logo\":{\"@id\":\"https:\/\/annette-ahrens.at\/onlineshop\/#personlogo\"},\"sameAs\":[\"https:\/\/annette-ahrens.at\",\"https:\/\/www.facebook.com\/AnnetteAhrensTafelkultur\",\"https:\/\/www.instagram.com\/tafelkulturistin\/\",\"https:\/\/de.wikipedia.org\/wiki\/Annette_Ahrens\"]},{\"@type\":\"WebSite\",\"@id\":\"https:\/\/annette-ahrens.at\/onlineshop\/#website\",\"url\":\"https:\/\/annette-ahrens.at\/onlineshop\/\",\"name\":\"Tafelkultur Onlineshop\",\"description\":\"Annette Ahrens\",\"publisher\":{\"@id\":\"https:\/\/annette-ahrens.at\/onlineshop\/#\/schema\/person\/3e19676faae246bba0cb3b7e15f427d8\"},\"potentialAction\":[{\"@type\":\"SearchAction\",\"target\":\"https:\/\/annette-ahrens.at\/onlineshop\/?s={search_term_string}\",\"query-input\":\"required name=search_term_string\"}],\"inLanguage\":\"de\"},{\"@type\":\"ImageObject\",\"@id\":\"https:\/\/annette-ahrens.at\/onlineshop\/produkt\/fruchtkorb-fa-wolkenstein-glueckselig-um-1920\/#primaryimage\",\"inLanguage\":\"de\",\"url\":\"https:\/\/annette-ahrens.at\/onlineshop\/wp-content\/uploads\/2020\/04\/IMG_8227-scaled.jpeg\",\"width\":2560,\"height\":2560,\"caption\":\"margold_henkelkorb\"},{\"@type\":[\"WebPage\",\"ItemPage\"],\"@id\":\"https:\/\/annette-ahrens.at\/onlineshop\/produkt\/fruchtkorb-fa-wolkenstein-glueckselig-um-1920\/#webpage\",\"url\":\"https:\/\/annette-ahrens.at\/onlineshop\/produkt\/fruchtkorb-fa-wolkenstein-glueckselig-um-1920\/\",\"name\":\"Versilberter Jugendstil Fruchtkorb, Fa. Wolkenstein & Gl\\u00fcckselig, Wien, um 1920\",\"isPartOf\":{\"@id\":\"https:\/\/annette-ahrens.at\/onlineshop\/#website\"},\"primaryImageOfPage\":{\"@id\":\"https:\/\/annette-ahrens.at\/onlineshop\/produkt\/fruchtkorb-fa-wolkenstein-glueckselig-um-1920\/#primaryimage\"},\"datePublished\":\"2020-04-26T20:42:53+00:00\",\"dateModified\":\"2023-12-26T11:40:01+00:00\",\"description\":\"Versilberter Jugendstil Fruchtkorb, Fa. Wolkenstein & Gl\\u00fcckselig, Wien, um 1920 \\u2665 Antiquit\\u00e4ten Online kaufen \\u2713 Sichere Lieferung \\u2713\",\"breadcrumb\":{\"@id\":\"https:\/\/annette-ahrens.at\/onlineshop\/produkt\/fruchtkorb-fa-wolkenstein-glueckselig-um-1920\/#breadcrumb\"},\"inLanguage\":\"de\",\"potentialAction\":[{\"@type\":\"ReadAction\",\"target\":[\"https:\/\/annette-ahrens.at\/onlineshop\/produkt\/fruchtkorb-fa-wolkenstein-glueckselig-um-1920\/\"]}]},{\"@type\":\"BreadcrumbList\",\"@id\":\"https:\/\/annette-ahrens.at\/onlineshop\/produkt\/fruchtkorb-fa-wolkenstein-glueckselig-um-1920\/#breadcrumb\",\"itemListElement\":[{\"@type\":\"ListItem\",\"position\":1,\"item\":{\"@type\":\"WebPage\",\"@id\":\"https:\/\/annette-ahrens.at\/onlineshop\/\",\"url\":\"https:\/\/annette-ahrens.at\/onlineshop\/\",\"name\":\"Home\"}},{\"@type\":\"ListItem\",\"position\":2,\"item\":{\"@type\":\"WebPage\",\"@id\":\"https:\/\/annette-ahrens.at\/onlineshop\/alle-tafelkultur-objekte\/\",\"url\":\"https:\/\/annette-ahrens.at\/onlineshop\/alle-tafelkultur-objekte\/\",\"name\":\"Alle Tafelkultur Objekte\"}},{\"@type\":\"ListItem\",\"position\":3,\"item\":{\"@type\":\"WebPage\",\"@id\":\"https:\/\/annette-ahrens.at\/onlineshop\/produkt\/fruchtkorb-fa-wolkenstein-glueckselig-um-1920\/\",\"url\":\"https:\/\/annette-ahrens.at\/onlineshop\/produkt\/fruchtkorb-fa-wolkenstein-glueckselig-um-1920\/\",\"name\":\"Versilberter Jugendstil Fruchtkorb, Fa. Wolkenstein &#038; Gl\\u00fcckselig, Wien, um 1920\"}}]}]}<\/script>\n<!-- \/ Yoast SEO Premium plugin. -->","_links":{"self":[{"href":"https:\/\/annette-ahrens.at\/onlineshop\/wp-json\/wp\/v2\/product\/351","targetHints":{"allow":["GET"]}}],"collection":[{"href":"https:\/\/annette-ahrens.at\/onlineshop\/wp-json\/wp\/v2\/product"}],"about":[{"href":"https:\/\/annette-ahrens.at\/onlineshop\/wp-json\/wp\/v2\/types\/product"}],"replies":[{"embeddable":true,"href":"https:\/\/annette-ahrens.at\/onlineshop\/wp-json\/wp\/v2\/comments?post=351"}],"wp:featuredmedia":[{"embeddable":true,"href":"https:\/\/annette-ahrens.at\/onlineshop\/wp-json\/wp\/v2\/media\/5669"}],"wp:attachment":[{"href":"https:\/\/annette-ahrens.at\/onlineshop\/wp-json\/wp\/v2\/media?parent=351"}],"wp:term":[{"taxonomy":"product_brand","embeddable":true,"href":"https:\/\/annette-ahrens.at\/onlineshop\/wp-json\/wp\/v2\/product_brand?post=351"},{"taxonomy":"product_cat","embeddable":true,"href":"https:\/\/annette-ahrens.at\/onlineshop\/wp-json\/wp\/v2\/product_cat?post=351"},{"taxonomy":"product_tag","embeddable":true,"href":"https:\/\/annette-ahrens.at\/onlineshop\/wp-json\/wp\/v2\/product_tag?post=351"}],"curies":[{"name":"wp","href":"https:\/\/api.w.org\/{rel}","templated":true}]}}