{"id":35214,"date":"2025-03-04T07:18:19","date_gmt":"2025-03-04T06:18:19","guid":{"rendered":"https:\/\/annette-ahrens.at\/onlineshop\/?post_type=product&#038;p=35214"},"modified":"2025-03-04T00:57:45","modified_gmt":"2025-03-03T23:57:45","slug":"grosse-versilberte-jugendstil-teekanne-england-um-1910","status":"publish","type":"product","link":"https:\/\/annette-ahrens.at\/onlineshop\/produkt\/grosse-versilberte-jugendstil-teekanne-england-um-1910\/","title":{"rendered":"Gro\u00dfe versilberte Jugendstil Teekanne, England, um 1910"},"content":{"rendered":"<p>Gro\u00dfe versilberte Jugendstil Teekanne<\/p>\n<p>England, um 1910<\/p>\n<p>Alpacca, versilbert, ovaler Gef\u00e4\u00dfk\u00f6rper auf flachem Stand, Wandung mit zackigen Kanneluren, Scharnierdeckel, gemarkt mit englischer Herstellermarke R &amp; B S EP und Nummer 4593; isolierender Holzhenkel und Knauf, tadelloser, handpolierter Erhaltungszustand<\/p>\n<p>H 20 cm<\/p>\n<p>L 31 cm<\/p>\n<p>Fassungsverm\u00f6gen 2.200 ml<\/p>\n","protected":false},"excerpt":{"rendered":"<p>Annettes Etikette: Die Freude eine silberne oder versilberte Teekanne zu verwenden, zeigt sich sp\u00e4testens beim Einschenken: meist tropft sie nicht, denn der Silberschmied hat exakt gearbeitet, um dies zu verhindern. Dar\u00fcber hinaus kann auch die sechste Tasse Tee in dieser gro\u00dfen Teekanne in angenehm heisser Temperatur genossen werden, da das Edelmetall nicht nur antiseptisch sondern auch leitend ist und so das Heisswasser temperiert h\u00e4lt.<\/p>\n","protected":false},"featured_media":35898,"comment_status":"open","ping_status":"closed","template":"","meta":[],"product_brand":[],"product_cat":[25,276,18,268,38,149,271,53],"product_tag":[],"class_list":{"0":"post-35214","1":"product","2":"type-product","3":"status-publish","4":"has-post-thumbnail","6":"product_cat-5o-clock-tea","7":"product_cat-alpacca","8":"product_cat-fruehstueck","9":"product_cat-tee-5o-clock-tea","10":"product_cat-tee","11":"product_cat-teekanne","12":"product_cat-teekessel","13":"product_cat-weihnachten","15":"first","16":"instock","17":"sold-individually","18":"purchasable","19":"product-type-simple"},"yoast_head":"<!-- This site is optimized with the Yoast SEO Premium plugin v15.8.2 - https:\/\/yoast.com\/wordpress\/plugins\/seo\/ -->\n<title>Gro\u00dfe versilberte Jugendstil Teekanne, England, um 1910<\/title>\n<meta name=\"description\" content=\"Gro\u00dfe versilberte Jugendstil Teekanne, England, um 1910 \u2665 Antiquit\u00e4ten Online kaufen \u2713 Sichere Lieferung \u2713\" \/>\n<meta name=\"robots\" content=\"index, follow, max-snippet:-1, max-image-preview:large, max-video-preview:-1\" \/>\n<link rel=\"canonical\" href=\"https:\/\/annette-ahrens.at\/onlineshop\/produkt\/grosse-versilberte-jugendstil-teekanne-england-um-1910\/\" \/>\n<meta property=\"og:locale\" content=\"de_DE\" \/>\n<meta property=\"og:type\" content=\"article\" \/>\n<meta property=\"og:title\" content=\"Gro\u00dfe versilberte Jugendstil Teekanne, England, um 1910\" \/>\n<meta property=\"og:description\" content=\"Gro\u00dfe versilberte Jugendstil Teekanne, England, um 1910 \u2665 Antiquit\u00e4ten Online kaufen \u2713 Sichere Lieferung \u2713\" \/>\n<meta property=\"og:url\" content=\"https:\/\/annette-ahrens.at\/onlineshop\/produkt\/grosse-versilberte-jugendstil-teekanne-england-um-1910\/\" \/>\n<meta property=\"og:site_name\" content=\"Tafelkultur Onlineshop\" \/>\n<meta property=\"article:publisher\" content=\"https:\/\/www.facebook.com\/AnnetteAhrensTafelkultur\" \/>\n<meta property=\"article:modified_time\" content=\"2025-03-03T23:57:45+00:00\" \/>\n<meta property=\"og:image\" content=\"https:\/\/annette-ahrens.at\/onlineshop\/wp-content\/uploads\/2025\/03\/IMG_5668.jpeg\" \/>\n\t<meta property=\"og:image:width\" content=\"2048\" \/>\n\t<meta property=\"og:image:height\" content=\"1859\" \/>\n<meta name=\"twitter:card\" content=\"summary_large_image\" \/>\n<meta name=\"twitter:label1\" content=\"Gesch\u00e4tzte Lesezeit\">\n\t<meta name=\"twitter:data1\" content=\"1\u00a0Minute\">\n<script type=\"application\/ld+json\" class=\"yoast-schema-graph\">{\"@context\":\"https:\/\/schema.org\",\"@graph\":[{\"@type\":[\"Person\",\"Organization\"],\"@id\":\"https:\/\/annette-ahrens.at\/onlineshop\/#\/schema\/person\/3e19676faae246bba0cb3b7e15f427d8\",\"name\":\"Annette Ahrens\",\"image\":{\"@type\":\"ImageObject\",\"@id\":\"https:\/\/annette-ahrens.at\/onlineshop\/#personlogo\",\"inLanguage\":\"de\",\"url\":\"https:\/\/annette-ahrens.at\/onlineshop\/wp-content\/uploads\/2020\/04\/aa_logo_End.png\",\"width\":800,\"height\":164,\"caption\":\"Annette Ahrens\"},\"logo\":{\"@id\":\"https:\/\/annette-ahrens.at\/onlineshop\/#personlogo\"},\"sameAs\":[\"https:\/\/annette-ahrens.at\",\"https:\/\/www.facebook.com\/AnnetteAhrensTafelkultur\",\"https:\/\/www.instagram.com\/tafelkulturistin\/\",\"https:\/\/de.wikipedia.org\/wiki\/Annette_Ahrens\"]},{\"@type\":\"WebSite\",\"@id\":\"https:\/\/annette-ahrens.at\/onlineshop\/#website\",\"url\":\"https:\/\/annette-ahrens.at\/onlineshop\/\",\"name\":\"Tafelkultur Onlineshop\",\"description\":\"Annette Ahrens\",\"publisher\":{\"@id\":\"https:\/\/annette-ahrens.at\/onlineshop\/#\/schema\/person\/3e19676faae246bba0cb3b7e15f427d8\"},\"potentialAction\":[{\"@type\":\"SearchAction\",\"target\":\"https:\/\/annette-ahrens.at\/onlineshop\/?s={search_term_string}\",\"query-input\":\"required name=search_term_string\"}],\"inLanguage\":\"de\"},{\"@type\":\"ImageObject\",\"@id\":\"https:\/\/annette-ahrens.at\/onlineshop\/produkt\/grosse-versilberte-jugendstil-teekanne-england-um-1910\/#primaryimage\",\"inLanguage\":\"de\",\"url\":\"https:\/\/annette-ahrens.at\/onlineshop\/wp-content\/uploads\/2025\/03\/IMG_5668.jpeg\",\"width\":2048,\"height\":1859,\"caption\":\"teekanne_england_versilbert\"},{\"@type\":[\"WebPage\",\"ItemPage\"],\"@id\":\"https:\/\/annette-ahrens.at\/onlineshop\/produkt\/grosse-versilberte-jugendstil-teekanne-england-um-1910\/#webpage\",\"url\":\"https:\/\/annette-ahrens.at\/onlineshop\/produkt\/grosse-versilberte-jugendstil-teekanne-england-um-1910\/\",\"name\":\"Gro\\u00dfe versilberte Jugendstil Teekanne, England, um 1910\",\"isPartOf\":{\"@id\":\"https:\/\/annette-ahrens.at\/onlineshop\/#website\"},\"primaryImageOfPage\":{\"@id\":\"https:\/\/annette-ahrens.at\/onlineshop\/produkt\/grosse-versilberte-jugendstil-teekanne-england-um-1910\/#primaryimage\"},\"datePublished\":\"2025-03-04T06:18:19+00:00\",\"dateModified\":\"2025-03-03T23:57:45+00:00\",\"description\":\"Gro\\u00dfe versilberte Jugendstil Teekanne, England, um 1910 \\u2665 Antiquit\\u00e4ten Online kaufen \\u2713 Sichere Lieferung \\u2713\",\"breadcrumb\":{\"@id\":\"https:\/\/annette-ahrens.at\/onlineshop\/produkt\/grosse-versilberte-jugendstil-teekanne-england-um-1910\/#breadcrumb\"},\"inLanguage\":\"de\",\"potentialAction\":[{\"@type\":\"ReadAction\",\"target\":[\"https:\/\/annette-ahrens.at\/onlineshop\/produkt\/grosse-versilberte-jugendstil-teekanne-england-um-1910\/\"]}]},{\"@type\":\"BreadcrumbList\",\"@id\":\"https:\/\/annette-ahrens.at\/onlineshop\/produkt\/grosse-versilberte-jugendstil-teekanne-england-um-1910\/#breadcrumb\",\"itemListElement\":[{\"@type\":\"ListItem\",\"position\":1,\"item\":{\"@type\":\"WebPage\",\"@id\":\"https:\/\/annette-ahrens.at\/onlineshop\/\",\"url\":\"https:\/\/annette-ahrens.at\/onlineshop\/\",\"name\":\"Home\"}},{\"@type\":\"ListItem\",\"position\":2,\"item\":{\"@type\":\"WebPage\",\"@id\":\"https:\/\/annette-ahrens.at\/onlineshop\/alle-tafelkultur-objekte\/\",\"url\":\"https:\/\/annette-ahrens.at\/onlineshop\/alle-tafelkultur-objekte\/\",\"name\":\"Alle Tafelkultur Objekte\"}},{\"@type\":\"ListItem\",\"position\":3,\"item\":{\"@type\":\"WebPage\",\"@id\":\"https:\/\/annette-ahrens.at\/onlineshop\/produkt\/grosse-versilberte-jugendstil-teekanne-england-um-1910\/\",\"url\":\"https:\/\/annette-ahrens.at\/onlineshop\/produkt\/grosse-versilberte-jugendstil-teekanne-england-um-1910\/\",\"name\":\"Gro\\u00dfe versilberte Jugendstil Teekanne, England, um 1910\"}}]}]}<\/script>\n<!-- \/ Yoast SEO Premium plugin. -->","_links":{"self":[{"href":"https:\/\/annette-ahrens.at\/onlineshop\/wp-json\/wp\/v2\/product\/35214","targetHints":{"allow":["GET"]}}],"collection":[{"href":"https:\/\/annette-ahrens.at\/onlineshop\/wp-json\/wp\/v2\/product"}],"about":[{"href":"https:\/\/annette-ahrens.at\/onlineshop\/wp-json\/wp\/v2\/types\/product"}],"replies":[{"embeddable":true,"href":"https:\/\/annette-ahrens.at\/onlineshop\/wp-json\/wp\/v2\/comments?post=35214"}],"wp:featuredmedia":[{"embeddable":true,"href":"https:\/\/annette-ahrens.at\/onlineshop\/wp-json\/wp\/v2\/media\/35898"}],"wp:attachment":[{"href":"https:\/\/annette-ahrens.at\/onlineshop\/wp-json\/wp\/v2\/media?parent=35214"}],"wp:term":[{"taxonomy":"product_brand","embeddable":true,"href":"https:\/\/annette-ahrens.at\/onlineshop\/wp-json\/wp\/v2\/product_brand?post=35214"},{"taxonomy":"product_cat","embeddable":true,"href":"https:\/\/annette-ahrens.at\/onlineshop\/wp-json\/wp\/v2\/product_cat?post=35214"},{"taxonomy":"product_tag","embeddable":true,"href":"https:\/\/annette-ahrens.at\/onlineshop\/wp-json\/wp\/v2\/product_tag?post=35214"}],"curies":[{"name":"wp","href":"https:\/\/api.w.org\/{rel}","templated":true}]}}