{"id":35233,"date":"2025-02-11T08:08:27","date_gmt":"2025-02-11T07:08:27","guid":{"rendered":"https:\/\/annette-ahrens.at\/onlineshop\/?post_type=product&#038;p=35233"},"modified":"2025-02-10T15:12:13","modified_gmt":"2025-02-10T14:12:13","slug":"paar-versilberte-streuer-auf-blatt-england-um-1900","status":"publish","type":"product","link":"https:\/\/annette-ahrens.at\/onlineshop\/produkt\/paar-versilberte-streuer-auf-blatt-england-um-1900\/","title":{"rendered":"Paar versilberte Streuer auf Blatt, England, um 1900"},"content":{"rendered":"<p>Paar versilberte Streuer auf Blatt<\/p>\n<p>England, um 1900<\/p>\n<p>Alpacca, versilbert, zwei idente, gebauchte Gef\u00e4\u00dfk\u00f6rper, zwei Arretierungsstifte f\u00fcr einen Salz und einen Pfefferstreuer auf geschwungenem Blatt auf drei Kugel-F\u00fcsschen, hochgezogener, gedrehter Henkel, beide Streuer gemarkt E.P.N.S.( Electro Plated Nickel Silver), abnehmbarer Steckdeckel, tadelloser, handpolierter Erhaltungszustand<\/p>\n<p>L 15 x 12,4 cm<\/p>\n<p>H 6 cm<\/p>\n","protected":false},"excerpt":{"rendered":"<p>Annettes Etikette: Diese originellen Streuer auf dem Blatt haben es mir schon beim Kauf angetan. Das Blatt l\u00e4sst sich ausgezeichnet zu allen Besteckformen und Tafelservicen kombinieren und setzt dem Essen das gewisse Etwas auf. Sollte es tats\u00e4chlich nachzuw\u00fcrzen zu sein? Eine individuelle Angelgenheit. Ebenso wie diese Gew\u00fcrzgarnitur.<\/p>\n","protected":false},"featured_media":35237,"comment_status":"open","ping_status":"closed","template":"","meta":[],"product_brand":[],"product_cat":[130,276,298,18,20,320,22,131,311],"product_tag":[],"class_list":{"0":"post-35233","1":"product","2":"type-product","3":"status-publish","4":"has-post-thumbnail","6":"product_cat-abendessen","7":"product_cat-alpacca","8":"product_cat-buffet","9":"product_cat-fruehstueck","10":"product_cat-lunchtime","11":"product_cat-salzstreuer","12":"product_cat-suess-sauer","13":"product_cat-tafeldekorationen","14":"product_cat-tafelinventar","16":"first","17":"instock","18":"sold-individually","19":"purchasable","20":"product-type-simple"},"yoast_head":"<!-- This site is optimized with the Yoast SEO Premium plugin v15.8.2 - https:\/\/yoast.com\/wordpress\/plugins\/seo\/ -->\n<title>Paar versilberte Streuer auf Blatt, England, um 1900<\/title>\n<meta name=\"description\" content=\"Paar versilberte Streuer auf Blatt, England, um 1900 \u2665 Antiquit\u00e4ten Online kaufen \u2713 Sichere Lieferung \u2713\" \/>\n<meta name=\"robots\" content=\"index, follow, max-snippet:-1, max-image-preview:large, max-video-preview:-1\" \/>\n<link rel=\"canonical\" href=\"https:\/\/annette-ahrens.at\/onlineshop\/produkt\/paar-versilberte-streuer-auf-blatt-england-um-1900\/\" \/>\n<meta property=\"og:locale\" content=\"de_DE\" \/>\n<meta property=\"og:type\" content=\"article\" \/>\n<meta property=\"og:title\" content=\"Paar versilberte Streuer auf Blatt, England, um 1900\" \/>\n<meta property=\"og:description\" content=\"Paar versilberte Streuer auf Blatt, England, um 1900 \u2665 Antiquit\u00e4ten Online kaufen \u2713 Sichere Lieferung \u2713\" \/>\n<meta property=\"og:url\" content=\"https:\/\/annette-ahrens.at\/onlineshop\/produkt\/paar-versilberte-streuer-auf-blatt-england-um-1900\/\" \/>\n<meta property=\"og:site_name\" content=\"Tafelkultur Onlineshop\" \/>\n<meta property=\"article:publisher\" content=\"https:\/\/www.facebook.com\/AnnetteAhrensTafelkultur\" \/>\n<meta property=\"article:modified_time\" content=\"2025-02-10T14:12:13+00:00\" \/>\n<meta property=\"og:image\" content=\"https:\/\/annette-ahrens.at\/onlineshop\/wp-content\/uploads\/2025\/02\/IMG_4975-scaled.jpeg\" \/>\n\t<meta property=\"og:image:width\" content=\"2560\" \/>\n\t<meta property=\"og:image:height\" content=\"2557\" \/>\n<meta name=\"twitter:card\" content=\"summary_large_image\" \/>\n<meta name=\"twitter:label1\" content=\"Gesch\u00e4tzte Lesezeit\">\n\t<meta name=\"twitter:data1\" content=\"1\u00a0Minute\">\n<script type=\"application\/ld+json\" class=\"yoast-schema-graph\">{\"@context\":\"https:\/\/schema.org\",\"@graph\":[{\"@type\":[\"Person\",\"Organization\"],\"@id\":\"https:\/\/annette-ahrens.at\/onlineshop\/#\/schema\/person\/3e19676faae246bba0cb3b7e15f427d8\",\"name\":\"Annette Ahrens\",\"image\":{\"@type\":\"ImageObject\",\"@id\":\"https:\/\/annette-ahrens.at\/onlineshop\/#personlogo\",\"inLanguage\":\"de\",\"url\":\"https:\/\/annette-ahrens.at\/onlineshop\/wp-content\/uploads\/2020\/04\/aa_logo_End.png\",\"width\":800,\"height\":164,\"caption\":\"Annette Ahrens\"},\"logo\":{\"@id\":\"https:\/\/annette-ahrens.at\/onlineshop\/#personlogo\"},\"sameAs\":[\"https:\/\/annette-ahrens.at\",\"https:\/\/www.facebook.com\/AnnetteAhrensTafelkultur\",\"https:\/\/www.instagram.com\/tafelkulturistin\/\",\"https:\/\/de.wikipedia.org\/wiki\/Annette_Ahrens\"]},{\"@type\":\"WebSite\",\"@id\":\"https:\/\/annette-ahrens.at\/onlineshop\/#website\",\"url\":\"https:\/\/annette-ahrens.at\/onlineshop\/\",\"name\":\"Tafelkultur Onlineshop\",\"description\":\"Annette Ahrens\",\"publisher\":{\"@id\":\"https:\/\/annette-ahrens.at\/onlineshop\/#\/schema\/person\/3e19676faae246bba0cb3b7e15f427d8\"},\"potentialAction\":[{\"@type\":\"SearchAction\",\"target\":\"https:\/\/annette-ahrens.at\/onlineshop\/?s={search_term_string}\",\"query-input\":\"required name=search_term_string\"}],\"inLanguage\":\"de\"},{\"@type\":\"ImageObject\",\"@id\":\"https:\/\/annette-ahrens.at\/onlineshop\/produkt\/paar-versilberte-streuer-auf-blatt-england-um-1900\/#primaryimage\",\"inLanguage\":\"de\",\"url\":\"https:\/\/annette-ahrens.at\/onlineshop\/wp-content\/uploads\/2025\/02\/IMG_4975-scaled.jpeg\",\"width\":2560,\"height\":2557,\"caption\":\"streuer_england_versilbert\"},{\"@type\":[\"WebPage\",\"ItemPage\"],\"@id\":\"https:\/\/annette-ahrens.at\/onlineshop\/produkt\/paar-versilberte-streuer-auf-blatt-england-um-1900\/#webpage\",\"url\":\"https:\/\/annette-ahrens.at\/onlineshop\/produkt\/paar-versilberte-streuer-auf-blatt-england-um-1900\/\",\"name\":\"Paar versilberte Streuer auf Blatt, England, um 1900\",\"isPartOf\":{\"@id\":\"https:\/\/annette-ahrens.at\/onlineshop\/#website\"},\"primaryImageOfPage\":{\"@id\":\"https:\/\/annette-ahrens.at\/onlineshop\/produkt\/paar-versilberte-streuer-auf-blatt-england-um-1900\/#primaryimage\"},\"datePublished\":\"2025-02-11T07:08:27+00:00\",\"dateModified\":\"2025-02-10T14:12:13+00:00\",\"description\":\"Paar versilberte Streuer auf Blatt, England, um 1900 \\u2665 Antiquit\\u00e4ten Online kaufen \\u2713 Sichere Lieferung \\u2713\",\"breadcrumb\":{\"@id\":\"https:\/\/annette-ahrens.at\/onlineshop\/produkt\/paar-versilberte-streuer-auf-blatt-england-um-1900\/#breadcrumb\"},\"inLanguage\":\"de\",\"potentialAction\":[{\"@type\":\"ReadAction\",\"target\":[\"https:\/\/annette-ahrens.at\/onlineshop\/produkt\/paar-versilberte-streuer-auf-blatt-england-um-1900\/\"]}]},{\"@type\":\"BreadcrumbList\",\"@id\":\"https:\/\/annette-ahrens.at\/onlineshop\/produkt\/paar-versilberte-streuer-auf-blatt-england-um-1900\/#breadcrumb\",\"itemListElement\":[{\"@type\":\"ListItem\",\"position\":1,\"item\":{\"@type\":\"WebPage\",\"@id\":\"https:\/\/annette-ahrens.at\/onlineshop\/\",\"url\":\"https:\/\/annette-ahrens.at\/onlineshop\/\",\"name\":\"Home\"}},{\"@type\":\"ListItem\",\"position\":2,\"item\":{\"@type\":\"WebPage\",\"@id\":\"https:\/\/annette-ahrens.at\/onlineshop\/alle-tafelkultur-objekte\/\",\"url\":\"https:\/\/annette-ahrens.at\/onlineshop\/alle-tafelkultur-objekte\/\",\"name\":\"Alle Tafelkultur Objekte\"}},{\"@type\":\"ListItem\",\"position\":3,\"item\":{\"@type\":\"WebPage\",\"@id\":\"https:\/\/annette-ahrens.at\/onlineshop\/produkt\/paar-versilberte-streuer-auf-blatt-england-um-1900\/\",\"url\":\"https:\/\/annette-ahrens.at\/onlineshop\/produkt\/paar-versilberte-streuer-auf-blatt-england-um-1900\/\",\"name\":\"Paar versilberte Streuer auf Blatt, England, um 1900\"}}]}]}<\/script>\n<!-- \/ Yoast SEO Premium plugin. -->","_links":{"self":[{"href":"https:\/\/annette-ahrens.at\/onlineshop\/wp-json\/wp\/v2\/product\/35233","targetHints":{"allow":["GET"]}}],"collection":[{"href":"https:\/\/annette-ahrens.at\/onlineshop\/wp-json\/wp\/v2\/product"}],"about":[{"href":"https:\/\/annette-ahrens.at\/onlineshop\/wp-json\/wp\/v2\/types\/product"}],"replies":[{"embeddable":true,"href":"https:\/\/annette-ahrens.at\/onlineshop\/wp-json\/wp\/v2\/comments?post=35233"}],"wp:featuredmedia":[{"embeddable":true,"href":"https:\/\/annette-ahrens.at\/onlineshop\/wp-json\/wp\/v2\/media\/35237"}],"wp:attachment":[{"href":"https:\/\/annette-ahrens.at\/onlineshop\/wp-json\/wp\/v2\/media?parent=35233"}],"wp:term":[{"taxonomy":"product_brand","embeddable":true,"href":"https:\/\/annette-ahrens.at\/onlineshop\/wp-json\/wp\/v2\/product_brand?post=35233"},{"taxonomy":"product_cat","embeddable":true,"href":"https:\/\/annette-ahrens.at\/onlineshop\/wp-json\/wp\/v2\/product_cat?post=35233"},{"taxonomy":"product_tag","embeddable":true,"href":"https:\/\/annette-ahrens.at\/onlineshop\/wp-json\/wp\/v2\/product_tag?post=35233"}],"curies":[{"name":"wp","href":"https:\/\/api.w.org\/{rel}","templated":true}]}}