{"id":35251,"date":"2025-02-10T09:24:08","date_gmt":"2025-02-10T08:24:08","guid":{"rendered":"https:\/\/annette-ahrens.at\/onlineshop\/?post_type=product&#038;p=35251"},"modified":"2025-02-18T23:48:30","modified_gmt":"2025-02-18T22:48:30","slug":"vergoldetes-besteck-wien-fuer-12-personen-solingen-um-1960","status":"publish","type":"product","link":"https:\/\/annette-ahrens.at\/onlineshop\/produkt\/vergoldetes-besteck-wien-fuer-12-personen-solingen-um-1960\/","title":{"rendered":"Vergoldetes Besteck &#8222;Wien&#8220; f\u00fcr 12 Personen, Solingen, um 1960"},"content":{"rendered":"<p>Vergoldetes Besteck &#8222;Wien&#8220; f\u00fcr 12 Personen<\/p>\n<p>Solingen, Deutschland, um 1960<\/p>\n<p>Metall 23\/24 Karat hartvergoldet, Modell 25 &#8222;Wien&#8220;, insgesamt 70 Teile, Stiel mit reliefiertem Rocaillen-Motiv, je 12 Menumesser mit rostfreien Klingen, 12 Suppenl\u00f6ffel, 12 Menugabeln, 12 Kaffeel\u00f6ffel, 12 Kuchengabeln, 1 Suppensch\u00f6pfer, 1 Saucensch\u00f6pfer, 2 Gem\u00fcsel\u00f6ffel, 2 Kaltfleischgabeln, 2 unterschiedliche kleine Vorlegel\u00f6ffel, 1 Tortenheber, alle Teile gemarkt mit Firmenzeichen sBs, 23\/24 Karat hartvergoldet; tadelloser, kompletter Erhaltungszustand<\/p>\n","protected":false},"excerpt":{"rendered":"<p>Annettes Etikette: Dieses exklusive hochwertig vergoldete Besteck ist sicherlich ein Blickfang f\u00fcr jede Tafel und einem Dokument des erlesenen Geschmackes des K\u00e4ufers oder Besitzers. Besonders zu Porzellanservicen mit vergoldetem Rand ist dieses Goldbesteck sicherlich eine harmonische Erg\u00e4nzung. Uns \u00d6sterreichern schmeichelt der Name &#8222;Wien&#8220; f\u00fcr ein Besteck mit Rokoko-Dekor.<\/p>\n","protected":false},"featured_media":35614,"comment_status":"open","ping_status":"closed","template":"","meta":[],"product_brand":[],"product_cat":[130,30,235,291,236,237,296,239],"product_tag":[],"class_list":{"0":"post-35251","1":"product","2":"type-product","3":"status-publish","4":"has-post-thumbnail","6":"product_cat-abendessen","7":"product_cat-besteck","8":"product_cat-gabeln","9":"product_cat-hochzeit","10":"product_cat-loeffel","11":"product_cat-messer","12":"product_cat-silvester","13":"product_cat-spezialbestecke","15":"first","16":"instock","17":"sold-individually","18":"purchasable","19":"product-type-simple"},"yoast_head":"<!-- This site is optimized with the Yoast SEO Premium plugin v15.8.2 - https:\/\/yoast.com\/wordpress\/plugins\/seo\/ -->\n<title>Vergoldetes Besteck &quot;Wien&quot; f\u00fcr 12 Personen, Solingen, um 1960<\/title>\n<meta name=\"description\" content=\"Vergoldetes Besteck &quot;Wien&quot; f\u00fcr 12 Personen, Solingen, um 1960 \u2665 Antiquit\u00e4ten Online kaufen \u2713 Sichere Lieferung \u2713\" \/>\n<meta name=\"robots\" content=\"index, follow, max-snippet:-1, max-image-preview:large, max-video-preview:-1\" \/>\n<link rel=\"canonical\" href=\"https:\/\/annette-ahrens.at\/onlineshop\/produkt\/vergoldetes-besteck-wien-fuer-12-personen-solingen-um-1960\/\" \/>\n<meta property=\"og:locale\" content=\"de_DE\" \/>\n<meta property=\"og:type\" content=\"article\" \/>\n<meta property=\"og:title\" content=\"Vergoldetes Besteck &quot;Wien&quot; f\u00fcr 12 Personen, Solingen, um 1960\" \/>\n<meta property=\"og:description\" content=\"Vergoldetes Besteck &quot;Wien&quot; f\u00fcr 12 Personen, Solingen, um 1960 \u2665 Antiquit\u00e4ten Online kaufen \u2713 Sichere Lieferung \u2713\" \/>\n<meta property=\"og:url\" content=\"https:\/\/annette-ahrens.at\/onlineshop\/produkt\/vergoldetes-besteck-wien-fuer-12-personen-solingen-um-1960\/\" \/>\n<meta property=\"og:site_name\" content=\"Tafelkultur Onlineshop\" \/>\n<meta property=\"article:publisher\" content=\"https:\/\/www.facebook.com\/AnnetteAhrensTafelkultur\" \/>\n<meta property=\"article:modified_time\" content=\"2025-02-18T22:48:30+00:00\" \/>\n<meta property=\"og:image\" content=\"https:\/\/annette-ahrens.at\/onlineshop\/wp-content\/uploads\/2025\/02\/IMG_5314-scaled.jpeg\" \/>\n\t<meta property=\"og:image:width\" content=\"2147\" \/>\n\t<meta property=\"og:image:height\" content=\"2560\" \/>\n<meta name=\"twitter:card\" content=\"summary_large_image\" \/>\n<meta name=\"twitter:label1\" content=\"Gesch\u00e4tzte Lesezeit\">\n\t<meta name=\"twitter:data1\" content=\"1\u00a0Minute\">\n<script type=\"application\/ld+json\" class=\"yoast-schema-graph\">{\"@context\":\"https:\/\/schema.org\",\"@graph\":[{\"@type\":[\"Person\",\"Organization\"],\"@id\":\"https:\/\/annette-ahrens.at\/onlineshop\/#\/schema\/person\/3e19676faae246bba0cb3b7e15f427d8\",\"name\":\"Annette Ahrens\",\"image\":{\"@type\":\"ImageObject\",\"@id\":\"https:\/\/annette-ahrens.at\/onlineshop\/#personlogo\",\"inLanguage\":\"de\",\"url\":\"https:\/\/annette-ahrens.at\/onlineshop\/wp-content\/uploads\/2020\/04\/aa_logo_End.png\",\"width\":800,\"height\":164,\"caption\":\"Annette Ahrens\"},\"logo\":{\"@id\":\"https:\/\/annette-ahrens.at\/onlineshop\/#personlogo\"},\"sameAs\":[\"https:\/\/annette-ahrens.at\",\"https:\/\/www.facebook.com\/AnnetteAhrensTafelkultur\",\"https:\/\/www.instagram.com\/tafelkulturistin\/\",\"https:\/\/de.wikipedia.org\/wiki\/Annette_Ahrens\"]},{\"@type\":\"WebSite\",\"@id\":\"https:\/\/annette-ahrens.at\/onlineshop\/#website\",\"url\":\"https:\/\/annette-ahrens.at\/onlineshop\/\",\"name\":\"Tafelkultur Onlineshop\",\"description\":\"Annette Ahrens\",\"publisher\":{\"@id\":\"https:\/\/annette-ahrens.at\/onlineshop\/#\/schema\/person\/3e19676faae246bba0cb3b7e15f427d8\"},\"potentialAction\":[{\"@type\":\"SearchAction\",\"target\":\"https:\/\/annette-ahrens.at\/onlineshop\/?s={search_term_string}\",\"query-input\":\"required name=search_term_string\"}],\"inLanguage\":\"de\"},{\"@type\":\"ImageObject\",\"@id\":\"https:\/\/annette-ahrens.at\/onlineshop\/produkt\/vergoldetes-besteck-wien-fuer-12-personen-solingen-um-1960\/#primaryimage\",\"inLanguage\":\"de\",\"url\":\"https:\/\/annette-ahrens.at\/onlineshop\/wp-content\/uploads\/2025\/02\/IMG_5314-scaled.jpeg\",\"width\":2147,\"height\":2560,\"caption\":\"goldbesteck_vienna\"},{\"@type\":[\"WebPage\",\"ItemPage\"],\"@id\":\"https:\/\/annette-ahrens.at\/onlineshop\/produkt\/vergoldetes-besteck-wien-fuer-12-personen-solingen-um-1960\/#webpage\",\"url\":\"https:\/\/annette-ahrens.at\/onlineshop\/produkt\/vergoldetes-besteck-wien-fuer-12-personen-solingen-um-1960\/\",\"name\":\"Vergoldetes Besteck \\\"Wien\\\" f\\u00fcr 12 Personen, Solingen, um 1960\",\"isPartOf\":{\"@id\":\"https:\/\/annette-ahrens.at\/onlineshop\/#website\"},\"primaryImageOfPage\":{\"@id\":\"https:\/\/annette-ahrens.at\/onlineshop\/produkt\/vergoldetes-besteck-wien-fuer-12-personen-solingen-um-1960\/#primaryimage\"},\"datePublished\":\"2025-02-10T08:24:08+00:00\",\"dateModified\":\"2025-02-18T22:48:30+00:00\",\"description\":\"Vergoldetes Besteck \\\"Wien\\\" f\\u00fcr 12 Personen, Solingen, um 1960 \\u2665 Antiquit\\u00e4ten Online kaufen \\u2713 Sichere Lieferung \\u2713\",\"breadcrumb\":{\"@id\":\"https:\/\/annette-ahrens.at\/onlineshop\/produkt\/vergoldetes-besteck-wien-fuer-12-personen-solingen-um-1960\/#breadcrumb\"},\"inLanguage\":\"de\",\"potentialAction\":[{\"@type\":\"ReadAction\",\"target\":[\"https:\/\/annette-ahrens.at\/onlineshop\/produkt\/vergoldetes-besteck-wien-fuer-12-personen-solingen-um-1960\/\"]}]},{\"@type\":\"BreadcrumbList\",\"@id\":\"https:\/\/annette-ahrens.at\/onlineshop\/produkt\/vergoldetes-besteck-wien-fuer-12-personen-solingen-um-1960\/#breadcrumb\",\"itemListElement\":[{\"@type\":\"ListItem\",\"position\":1,\"item\":{\"@type\":\"WebPage\",\"@id\":\"https:\/\/annette-ahrens.at\/onlineshop\/\",\"url\":\"https:\/\/annette-ahrens.at\/onlineshop\/\",\"name\":\"Home\"}},{\"@type\":\"ListItem\",\"position\":2,\"item\":{\"@type\":\"WebPage\",\"@id\":\"https:\/\/annette-ahrens.at\/onlineshop\/alle-tafelkultur-objekte\/\",\"url\":\"https:\/\/annette-ahrens.at\/onlineshop\/alle-tafelkultur-objekte\/\",\"name\":\"Alle Tafelkultur Objekte\"}},{\"@type\":\"ListItem\",\"position\":3,\"item\":{\"@type\":\"WebPage\",\"@id\":\"https:\/\/annette-ahrens.at\/onlineshop\/produkt\/vergoldetes-besteck-wien-fuer-12-personen-solingen-um-1960\/\",\"url\":\"https:\/\/annette-ahrens.at\/onlineshop\/produkt\/vergoldetes-besteck-wien-fuer-12-personen-solingen-um-1960\/\",\"name\":\"Vergoldetes Besteck &#8220;Wien&#8221; f\\u00fcr 12 Personen, Solingen, um 1960\"}}]}]}<\/script>\n<!-- \/ Yoast SEO Premium plugin. -->","_links":{"self":[{"href":"https:\/\/annette-ahrens.at\/onlineshop\/wp-json\/wp\/v2\/product\/35251","targetHints":{"allow":["GET"]}}],"collection":[{"href":"https:\/\/annette-ahrens.at\/onlineshop\/wp-json\/wp\/v2\/product"}],"about":[{"href":"https:\/\/annette-ahrens.at\/onlineshop\/wp-json\/wp\/v2\/types\/product"}],"replies":[{"embeddable":true,"href":"https:\/\/annette-ahrens.at\/onlineshop\/wp-json\/wp\/v2\/comments?post=35251"}],"wp:featuredmedia":[{"embeddable":true,"href":"https:\/\/annette-ahrens.at\/onlineshop\/wp-json\/wp\/v2\/media\/35614"}],"wp:attachment":[{"href":"https:\/\/annette-ahrens.at\/onlineshop\/wp-json\/wp\/v2\/media?parent=35251"}],"wp:term":[{"taxonomy":"product_brand","embeddable":true,"href":"https:\/\/annette-ahrens.at\/onlineshop\/wp-json\/wp\/v2\/product_brand?post=35251"},{"taxonomy":"product_cat","embeddable":true,"href":"https:\/\/annette-ahrens.at\/onlineshop\/wp-json\/wp\/v2\/product_cat?post=35251"},{"taxonomy":"product_tag","embeddable":true,"href":"https:\/\/annette-ahrens.at\/onlineshop\/wp-json\/wp\/v2\/product_tag?post=35251"}],"curies":[{"name":"wp","href":"https:\/\/api.w.org\/{rel}","templated":true}]}}