{"id":35394,"date":"2025-03-03T07:03:50","date_gmt":"2025-03-03T06:03:50","guid":{"rendered":"https:\/\/annette-ahrens.at\/onlineshop\/?post_type=product&#038;p=35394"},"modified":"2025-03-03T10:39:01","modified_gmt":"2025-03-03T09:39:01","slug":"6-silberne-mokkaloeffel-mit-bunten-kaffeebohnen-birmingham-1939","status":"publish","type":"product","link":"https:\/\/annette-ahrens.at\/onlineshop\/produkt\/6-silberne-mokkaloeffel-mit-bunten-kaffeebohnen-birmingham-1939\/","title":{"rendered":"6 silberne Mokkal\u00f6ffel mit bunten Kaffeebohnen, Birmingham, 1939"},"content":{"rendered":"<p>6 silberne Mokkal\u00f6ffel mit bunten Kaffeebohnen<\/p>\n<p>Birmingham, England, 1939<\/p>\n<p>Silber, Abschluss mit einer Kaffeebohne aus buntem Bakelite, gemarkt mit einem Anker f\u00fcr die Stadt Birmingham, englisches Beschauzeichen schreitender L\u00f6we und Jahresstempel P f\u00fcr 1939, englische Herstellermarke, in originaler Form-Kassette, innen mit schwarzem Samt tapeziert<\/p>\n<p>L\u00e4nge 9,8 cm<\/p>\n<p>39 g<\/p>\n","protected":false},"excerpt":{"rendered":"<p>Annettes Etikette: Eine meiner beliebtesten Geschenksideen: fertig verpackt in einer Kassette und mindestens f\u00fcr sechs Personen, oder f\u00fcr jeweils 2 Mokkatassen f\u00fcr drei Arbeitskollegen oder einen selbst, sechsmal am Tag. Die bunte Kaffeebohne l\u00e4sst den Gast nicht vergessen, welche Tasse ihm geh\u00f6rt.<\/p>\n","protected":false},"featured_media":35444,"comment_status":"open","ping_status":"closed","template":"","meta":[],"product_brand":[],"product_cat":[25,30,18,291,37,236,146,248,273,26],"product_tag":[],"class_list":{"0":"post-35394","1":"product","2":"type-product","3":"status-publish","4":"has-post-thumbnail","6":"product_cat-5o-clock-tea","7":"product_cat-besteck","8":"product_cat-fruehstueck","9":"product_cat-hochzeit","10":"product_cat-kaffee","11":"product_cat-loeffel","12":"product_cat-moccaloeffel","13":"product_cat-mokkakloeffel","14":"product_cat-silber-fachbuecher","15":"product_cat-wiener-melange","17":"first","18":"instock","19":"sold-individually","20":"purchasable","21":"product-type-simple"},"yoast_head":"<!-- This site is optimized with the Yoast SEO Premium plugin v15.8.2 - https:\/\/yoast.com\/wordpress\/plugins\/seo\/ -->\n<title>6 silberne Mokkal\u00f6ffel mit bunten Kaffeebohnen, Birmingham, 1939<\/title>\n<meta name=\"description\" content=\"6 silberne Mokkal\u00f6ffel mit bunten Kaffeebohnen, Birmingham, 1939 \u2665 Antiquit\u00e4ten Online kaufen \u2713 Sichere Lieferung \u2713\" \/>\n<meta name=\"robots\" content=\"index, follow, max-snippet:-1, max-image-preview:large, max-video-preview:-1\" \/>\n<link rel=\"canonical\" href=\"https:\/\/annette-ahrens.at\/onlineshop\/produkt\/6-silberne-mokkaloeffel-mit-bunten-kaffeebohnen-birmingham-1939\/\" \/>\n<meta property=\"og:locale\" content=\"de_DE\" \/>\n<meta property=\"og:type\" content=\"article\" \/>\n<meta property=\"og:title\" content=\"6 silberne Mokkal\u00f6ffel mit bunten Kaffeebohnen, Birmingham, 1939\" \/>\n<meta property=\"og:description\" content=\"6 silberne Mokkal\u00f6ffel mit bunten Kaffeebohnen, Birmingham, 1939 \u2665 Antiquit\u00e4ten Online kaufen \u2713 Sichere Lieferung \u2713\" \/>\n<meta property=\"og:url\" content=\"https:\/\/annette-ahrens.at\/onlineshop\/produkt\/6-silberne-mokkaloeffel-mit-bunten-kaffeebohnen-birmingham-1939\/\" \/>\n<meta property=\"og:site_name\" content=\"Tafelkultur Onlineshop\" \/>\n<meta property=\"article:publisher\" content=\"https:\/\/www.facebook.com\/AnnetteAhrensTafelkultur\" \/>\n<meta property=\"article:modified_time\" content=\"2025-03-03T09:39:01+00:00\" \/>\n<meta property=\"og:image\" content=\"https:\/\/annette-ahrens.at\/onlineshop\/wp-content\/uploads\/2025\/02\/IMG_5131-scaled.jpeg\" \/>\n\t<meta property=\"og:image:width\" content=\"1920\" \/>\n\t<meta property=\"og:image:height\" content=\"2560\" \/>\n<meta name=\"twitter:card\" content=\"summary_large_image\" \/>\n<meta name=\"twitter:label1\" content=\"Gesch\u00e4tzte Lesezeit\">\n\t<meta name=\"twitter:data1\" content=\"1\u00a0Minute\">\n<script type=\"application\/ld+json\" class=\"yoast-schema-graph\">{\"@context\":\"https:\/\/schema.org\",\"@graph\":[{\"@type\":[\"Person\",\"Organization\"],\"@id\":\"https:\/\/annette-ahrens.at\/onlineshop\/#\/schema\/person\/3e19676faae246bba0cb3b7e15f427d8\",\"name\":\"Annette Ahrens\",\"image\":{\"@type\":\"ImageObject\",\"@id\":\"https:\/\/annette-ahrens.at\/onlineshop\/#personlogo\",\"inLanguage\":\"de\",\"url\":\"https:\/\/annette-ahrens.at\/onlineshop\/wp-content\/uploads\/2020\/04\/aa_logo_End.png\",\"width\":800,\"height\":164,\"caption\":\"Annette Ahrens\"},\"logo\":{\"@id\":\"https:\/\/annette-ahrens.at\/onlineshop\/#personlogo\"},\"sameAs\":[\"https:\/\/annette-ahrens.at\",\"https:\/\/www.facebook.com\/AnnetteAhrensTafelkultur\",\"https:\/\/www.instagram.com\/tafelkulturistin\/\",\"https:\/\/de.wikipedia.org\/wiki\/Annette_Ahrens\"]},{\"@type\":\"WebSite\",\"@id\":\"https:\/\/annette-ahrens.at\/onlineshop\/#website\",\"url\":\"https:\/\/annette-ahrens.at\/onlineshop\/\",\"name\":\"Tafelkultur Onlineshop\",\"description\":\"Annette Ahrens\",\"publisher\":{\"@id\":\"https:\/\/annette-ahrens.at\/onlineshop\/#\/schema\/person\/3e19676faae246bba0cb3b7e15f427d8\"},\"potentialAction\":[{\"@type\":\"SearchAction\",\"target\":\"https:\/\/annette-ahrens.at\/onlineshop\/?s={search_term_string}\",\"query-input\":\"required name=search_term_string\"}],\"inLanguage\":\"de\"},{\"@type\":\"ImageObject\",\"@id\":\"https:\/\/annette-ahrens.at\/onlineshop\/produkt\/6-silberne-mokkaloeffel-mit-bunten-kaffeebohnen-birmingham-1939\/#primaryimage\",\"inLanguage\":\"de\",\"url\":\"https:\/\/annette-ahrens.at\/onlineshop\/wp-content\/uploads\/2025\/02\/IMG_5131-scaled.jpeg\",\"width\":1920,\"height\":2560,\"caption\":\"mokkal\\u00f6ffel_silber_1939\"},{\"@type\":[\"WebPage\",\"ItemPage\"],\"@id\":\"https:\/\/annette-ahrens.at\/onlineshop\/produkt\/6-silberne-mokkaloeffel-mit-bunten-kaffeebohnen-birmingham-1939\/#webpage\",\"url\":\"https:\/\/annette-ahrens.at\/onlineshop\/produkt\/6-silberne-mokkaloeffel-mit-bunten-kaffeebohnen-birmingham-1939\/\",\"name\":\"6 silberne Mokkal\\u00f6ffel mit bunten Kaffeebohnen, Birmingham, 1939\",\"isPartOf\":{\"@id\":\"https:\/\/annette-ahrens.at\/onlineshop\/#website\"},\"primaryImageOfPage\":{\"@id\":\"https:\/\/annette-ahrens.at\/onlineshop\/produkt\/6-silberne-mokkaloeffel-mit-bunten-kaffeebohnen-birmingham-1939\/#primaryimage\"},\"datePublished\":\"2025-03-03T06:03:50+00:00\",\"dateModified\":\"2025-03-03T09:39:01+00:00\",\"description\":\"6 silberne Mokkal\\u00f6ffel mit bunten Kaffeebohnen, Birmingham, 1939 \\u2665 Antiquit\\u00e4ten Online kaufen \\u2713 Sichere Lieferung \\u2713\",\"breadcrumb\":{\"@id\":\"https:\/\/annette-ahrens.at\/onlineshop\/produkt\/6-silberne-mokkaloeffel-mit-bunten-kaffeebohnen-birmingham-1939\/#breadcrumb\"},\"inLanguage\":\"de\",\"potentialAction\":[{\"@type\":\"ReadAction\",\"target\":[\"https:\/\/annette-ahrens.at\/onlineshop\/produkt\/6-silberne-mokkaloeffel-mit-bunten-kaffeebohnen-birmingham-1939\/\"]}]},{\"@type\":\"BreadcrumbList\",\"@id\":\"https:\/\/annette-ahrens.at\/onlineshop\/produkt\/6-silberne-mokkaloeffel-mit-bunten-kaffeebohnen-birmingham-1939\/#breadcrumb\",\"itemListElement\":[{\"@type\":\"ListItem\",\"position\":1,\"item\":{\"@type\":\"WebPage\",\"@id\":\"https:\/\/annette-ahrens.at\/onlineshop\/\",\"url\":\"https:\/\/annette-ahrens.at\/onlineshop\/\",\"name\":\"Home\"}},{\"@type\":\"ListItem\",\"position\":2,\"item\":{\"@type\":\"WebPage\",\"@id\":\"https:\/\/annette-ahrens.at\/onlineshop\/alle-tafelkultur-objekte\/\",\"url\":\"https:\/\/annette-ahrens.at\/onlineshop\/alle-tafelkultur-objekte\/\",\"name\":\"Alle Tafelkultur Objekte\"}},{\"@type\":\"ListItem\",\"position\":3,\"item\":{\"@type\":\"WebPage\",\"@id\":\"https:\/\/annette-ahrens.at\/onlineshop\/produkt\/6-silberne-mokkaloeffel-mit-bunten-kaffeebohnen-birmingham-1939\/\",\"url\":\"https:\/\/annette-ahrens.at\/onlineshop\/produkt\/6-silberne-mokkaloeffel-mit-bunten-kaffeebohnen-birmingham-1939\/\",\"name\":\"6 silberne Mokkal\\u00f6ffel mit bunten Kaffeebohnen, Birmingham, 1939\"}}]}]}<\/script>\n<!-- \/ Yoast SEO Premium plugin. -->","_links":{"self":[{"href":"https:\/\/annette-ahrens.at\/onlineshop\/wp-json\/wp\/v2\/product\/35394","targetHints":{"allow":["GET"]}}],"collection":[{"href":"https:\/\/annette-ahrens.at\/onlineshop\/wp-json\/wp\/v2\/product"}],"about":[{"href":"https:\/\/annette-ahrens.at\/onlineshop\/wp-json\/wp\/v2\/types\/product"}],"replies":[{"embeddable":true,"href":"https:\/\/annette-ahrens.at\/onlineshop\/wp-json\/wp\/v2\/comments?post=35394"}],"wp:featuredmedia":[{"embeddable":true,"href":"https:\/\/annette-ahrens.at\/onlineshop\/wp-json\/wp\/v2\/media\/35444"}],"wp:attachment":[{"href":"https:\/\/annette-ahrens.at\/onlineshop\/wp-json\/wp\/v2\/media?parent=35394"}],"wp:term":[{"taxonomy":"product_brand","embeddable":true,"href":"https:\/\/annette-ahrens.at\/onlineshop\/wp-json\/wp\/v2\/product_brand?post=35394"},{"taxonomy":"product_cat","embeddable":true,"href":"https:\/\/annette-ahrens.at\/onlineshop\/wp-json\/wp\/v2\/product_cat?post=35394"},{"taxonomy":"product_tag","embeddable":true,"href":"https:\/\/annette-ahrens.at\/onlineshop\/wp-json\/wp\/v2\/product_tag?post=35394"}],"curies":[{"name":"wp","href":"https:\/\/api.w.org\/{rel}","templated":true}]}}