{"id":35691,"date":"2025-02-23T22:30:37","date_gmt":"2025-02-23T21:30:37","guid":{"rendered":"https:\/\/annette-ahrens.at\/onlineshop\/?post_type=product&#038;p=35691"},"modified":"2025-02-23T23:06:13","modified_gmt":"2025-02-23T22:06:13","slug":"6-bunte-mokkatassen-fa-bing-groendahl-kopenhagen-um-1940","status":"publish","type":"product","link":"https:\/\/annette-ahrens.at\/onlineshop\/produkt\/6-bunte-mokkatassen-fa-bing-groendahl-kopenhagen-um-1940\/","title":{"rendered":"6 bunte Mokkatassen, Fa. Bing &#038; Gr\u00f6ndahl, Kopenhagen, um 1940"},"content":{"rendered":"<p>6 bunte Mokkatassen<\/p>\n<p id=\"firstHeading\" class=\"firstHeading mw-first-heading\"><span style=\"font-size: 12pt;\"><span class=\"mw-page-title-main\">Porzellanfabrik Bing &amp; Gr\u00f6ndahl<\/span>, Kopenhagen, D\u00e4nemark, um 1940<\/span><\/p>\n<p>Porzellan, in sechs verschiedenen Farben bemalt, Goldr\u00e4nder, Henkel glanzvergoldet, runde Untertasse mit Stellring, bestehend aus sechs Tassen mit sechs zugeh\u00f6rigen Untertassen, alle Teile mit gr\u00fcner Manufakturmarke B &amp; G COPENHAGEN DENMARK 600, tadelloser Zustand<\/p>\n<p>Dm 5 cm (Demi-tasse)<\/p>\n<p>H 5,5 cm<\/p>\n<p>Dm 11 cm (Untertasse)<\/p>\n","protected":false},"excerpt":{"rendered":"<p>Annettes Etikette: Die Porzellanfabrik\u00a0<span style=\"font-size: 12pt;\"><span class=\"mw-page-title-main\">Bing &amp; Gr\u00f8ndahl wurde bereits 1853 gegr\u00fcndet. Die drei T\u00fcrme der Marke erinnern an das Stadtwappen von D\u00e4nemarks Hauptstadt. Royal Kopenhagen ist bis heute existent. Das Demitasse-Ma\u00df entspricht genau einer beliebten Espresso-Tasse heute.<\/span><\/span><\/p>\n","protected":false},"featured_media":35692,"comment_status":"open","ping_status":"closed","template":"","meta":[],"product_brand":[],"product_cat":[25,297,18,37,147,54],"product_tag":[],"class_list":{"0":"post-35691","1":"product","2":"type-product","3":"status-publish","4":"has-post-thumbnail","6":"product_cat-5o-clock-tea","7":"product_cat-adventjause","8":"product_cat-fruehstueck","9":"product_cat-kaffee","10":"product_cat-moccatassen","11":"product_cat-porzellan","13":"first","14":"instock","15":"sold-individually","16":"purchasable","17":"product-type-simple"},"yoast_head":"<!-- This site is optimized with the Yoast SEO Premium plugin v15.8.2 - https:\/\/yoast.com\/wordpress\/plugins\/seo\/ -->\n<title>6 bunte Mokkatassen, Fa. Bing &amp; Gr\u00f6ndahl, Kopenhagen, um 1940<\/title>\n<meta name=\"description\" content=\"6 bunte Mokkatassen, Fa. Bing &amp; Gr\u00f6ndahl, Kopenhagen, um 1940 \u2665 Antiquit\u00e4ten Online kaufen \u2713 Sichere Lieferung \u2713\" \/>\n<meta name=\"robots\" content=\"index, follow, max-snippet:-1, max-image-preview:large, max-video-preview:-1\" \/>\n<link rel=\"canonical\" href=\"https:\/\/annette-ahrens.at\/onlineshop\/produkt\/6-bunte-mokkatassen-fa-bing-groendahl-kopenhagen-um-1940\/\" \/>\n<meta property=\"og:locale\" content=\"de_DE\" \/>\n<meta property=\"og:type\" content=\"article\" \/>\n<meta property=\"og:title\" content=\"6 bunte Mokkatassen, Fa. Bing &amp; Gr\u00f6ndahl, Kopenhagen, um 1940\" \/>\n<meta property=\"og:description\" content=\"6 bunte Mokkatassen, Fa. Bing &amp; Gr\u00f6ndahl, Kopenhagen, um 1940 \u2665 Antiquit\u00e4ten Online kaufen \u2713 Sichere Lieferung \u2713\" \/>\n<meta property=\"og:url\" content=\"https:\/\/annette-ahrens.at\/onlineshop\/produkt\/6-bunte-mokkatassen-fa-bing-groendahl-kopenhagen-um-1940\/\" \/>\n<meta property=\"og:site_name\" content=\"Tafelkultur Onlineshop\" \/>\n<meta property=\"article:publisher\" content=\"https:\/\/www.facebook.com\/AnnetteAhrensTafelkultur\" \/>\n<meta property=\"article:modified_time\" content=\"2025-02-23T22:06:13+00:00\" \/>\n<meta property=\"og:image\" content=\"https:\/\/annette-ahrens.at\/onlineshop\/wp-content\/uploads\/2025\/02\/IMG_5390-scaled.jpeg\" \/>\n\t<meta property=\"og:image:width\" content=\"2048\" \/>\n\t<meta property=\"og:image:height\" content=\"1904\" \/>\n<meta name=\"twitter:card\" content=\"summary_large_image\" \/>\n<meta name=\"twitter:label1\" content=\"Gesch\u00e4tzte Lesezeit\">\n\t<meta name=\"twitter:data1\" content=\"1\u00a0Minute\">\n<script type=\"application\/ld+json\" class=\"yoast-schema-graph\">{\"@context\":\"https:\/\/schema.org\",\"@graph\":[{\"@type\":[\"Person\",\"Organization\"],\"@id\":\"https:\/\/annette-ahrens.at\/onlineshop\/#\/schema\/person\/3e19676faae246bba0cb3b7e15f427d8\",\"name\":\"Annette Ahrens\",\"image\":{\"@type\":\"ImageObject\",\"@id\":\"https:\/\/annette-ahrens.at\/onlineshop\/#personlogo\",\"inLanguage\":\"de\",\"url\":\"https:\/\/annette-ahrens.at\/onlineshop\/wp-content\/uploads\/2020\/04\/aa_logo_End.png\",\"width\":800,\"height\":164,\"caption\":\"Annette Ahrens\"},\"logo\":{\"@id\":\"https:\/\/annette-ahrens.at\/onlineshop\/#personlogo\"},\"sameAs\":[\"https:\/\/annette-ahrens.at\",\"https:\/\/www.facebook.com\/AnnetteAhrensTafelkultur\",\"https:\/\/www.instagram.com\/tafelkulturistin\/\",\"https:\/\/de.wikipedia.org\/wiki\/Annette_Ahrens\"]},{\"@type\":\"WebSite\",\"@id\":\"https:\/\/annette-ahrens.at\/onlineshop\/#website\",\"url\":\"https:\/\/annette-ahrens.at\/onlineshop\/\",\"name\":\"Tafelkultur Onlineshop\",\"description\":\"Annette Ahrens\",\"publisher\":{\"@id\":\"https:\/\/annette-ahrens.at\/onlineshop\/#\/schema\/person\/3e19676faae246bba0cb3b7e15f427d8\"},\"potentialAction\":[{\"@type\":\"SearchAction\",\"target\":\"https:\/\/annette-ahrens.at\/onlineshop\/?s={search_term_string}\",\"query-input\":\"required name=search_term_string\"}],\"inLanguage\":\"de\"},{\"@type\":\"ImageObject\",\"@id\":\"https:\/\/annette-ahrens.at\/onlineshop\/produkt\/6-bunte-mokkatassen-fa-bing-groendahl-kopenhagen-um-1940\/#primaryimage\",\"inLanguage\":\"de\",\"url\":\"https:\/\/annette-ahrens.at\/onlineshop\/wp-content\/uploads\/2025\/02\/IMG_5390-scaled.jpeg\",\"width\":2048,\"height\":1904,\"caption\":\"mokaatassen_bing_gr\\u00f6ndahl_denmark\"},{\"@type\":[\"WebPage\",\"ItemPage\"],\"@id\":\"https:\/\/annette-ahrens.at\/onlineshop\/produkt\/6-bunte-mokkatassen-fa-bing-groendahl-kopenhagen-um-1940\/#webpage\",\"url\":\"https:\/\/annette-ahrens.at\/onlineshop\/produkt\/6-bunte-mokkatassen-fa-bing-groendahl-kopenhagen-um-1940\/\",\"name\":\"6 bunte Mokkatassen, Fa. Bing & Gr\\u00f6ndahl, Kopenhagen, um 1940\",\"isPartOf\":{\"@id\":\"https:\/\/annette-ahrens.at\/onlineshop\/#website\"},\"primaryImageOfPage\":{\"@id\":\"https:\/\/annette-ahrens.at\/onlineshop\/produkt\/6-bunte-mokkatassen-fa-bing-groendahl-kopenhagen-um-1940\/#primaryimage\"},\"datePublished\":\"2025-02-23T21:30:37+00:00\",\"dateModified\":\"2025-02-23T22:06:13+00:00\",\"description\":\"6 bunte Mokkatassen, Fa. Bing & Gr\\u00f6ndahl, Kopenhagen, um 1940 \\u2665 Antiquit\\u00e4ten Online kaufen \\u2713 Sichere Lieferung \\u2713\",\"breadcrumb\":{\"@id\":\"https:\/\/annette-ahrens.at\/onlineshop\/produkt\/6-bunte-mokkatassen-fa-bing-groendahl-kopenhagen-um-1940\/#breadcrumb\"},\"inLanguage\":\"de\",\"potentialAction\":[{\"@type\":\"ReadAction\",\"target\":[\"https:\/\/annette-ahrens.at\/onlineshop\/produkt\/6-bunte-mokkatassen-fa-bing-groendahl-kopenhagen-um-1940\/\"]}]},{\"@type\":\"BreadcrumbList\",\"@id\":\"https:\/\/annette-ahrens.at\/onlineshop\/produkt\/6-bunte-mokkatassen-fa-bing-groendahl-kopenhagen-um-1940\/#breadcrumb\",\"itemListElement\":[{\"@type\":\"ListItem\",\"position\":1,\"item\":{\"@type\":\"WebPage\",\"@id\":\"https:\/\/annette-ahrens.at\/onlineshop\/\",\"url\":\"https:\/\/annette-ahrens.at\/onlineshop\/\",\"name\":\"Home\"}},{\"@type\":\"ListItem\",\"position\":2,\"item\":{\"@type\":\"WebPage\",\"@id\":\"https:\/\/annette-ahrens.at\/onlineshop\/alle-tafelkultur-objekte\/\",\"url\":\"https:\/\/annette-ahrens.at\/onlineshop\/alle-tafelkultur-objekte\/\",\"name\":\"Alle Tafelkultur Objekte\"}},{\"@type\":\"ListItem\",\"position\":3,\"item\":{\"@type\":\"WebPage\",\"@id\":\"https:\/\/annette-ahrens.at\/onlineshop\/produkt\/6-bunte-mokkatassen-fa-bing-groendahl-kopenhagen-um-1940\/\",\"url\":\"https:\/\/annette-ahrens.at\/onlineshop\/produkt\/6-bunte-mokkatassen-fa-bing-groendahl-kopenhagen-um-1940\/\",\"name\":\"6 bunte Mokkatassen, Fa. Bing &#038; Gr\\u00f6ndahl, Kopenhagen, um 1940\"}}]}]}<\/script>\n<!-- \/ Yoast SEO Premium plugin. -->","_links":{"self":[{"href":"https:\/\/annette-ahrens.at\/onlineshop\/wp-json\/wp\/v2\/product\/35691","targetHints":{"allow":["GET"]}}],"collection":[{"href":"https:\/\/annette-ahrens.at\/onlineshop\/wp-json\/wp\/v2\/product"}],"about":[{"href":"https:\/\/annette-ahrens.at\/onlineshop\/wp-json\/wp\/v2\/types\/product"}],"replies":[{"embeddable":true,"href":"https:\/\/annette-ahrens.at\/onlineshop\/wp-json\/wp\/v2\/comments?post=35691"}],"wp:featuredmedia":[{"embeddable":true,"href":"https:\/\/annette-ahrens.at\/onlineshop\/wp-json\/wp\/v2\/media\/35692"}],"wp:attachment":[{"href":"https:\/\/annette-ahrens.at\/onlineshop\/wp-json\/wp\/v2\/media?parent=35691"}],"wp:term":[{"taxonomy":"product_brand","embeddable":true,"href":"https:\/\/annette-ahrens.at\/onlineshop\/wp-json\/wp\/v2\/product_brand?post=35691"},{"taxonomy":"product_cat","embeddable":true,"href":"https:\/\/annette-ahrens.at\/onlineshop\/wp-json\/wp\/v2\/product_cat?post=35691"},{"taxonomy":"product_tag","embeddable":true,"href":"https:\/\/annette-ahrens.at\/onlineshop\/wp-json\/wp\/v2\/product_tag?post=35691"}],"curies":[{"name":"wp","href":"https:\/\/api.w.org\/{rel}","templated":true}]}}