{"id":35715,"date":"2025-02-24T16:25:28","date_gmt":"2025-02-24T15:25:28","guid":{"rendered":"https:\/\/annette-ahrens.at\/onlineshop\/?post_type=product&#038;p=35715"},"modified":"2026-03-30T12:09:19","modified_gmt":"2026-03-30T10:09:19","slug":"paar-versilberte-historismus-kerzenleuchter-schweden-19-jahrhundert","status":"publish","type":"product","link":"https:\/\/annette-ahrens.at\/onlineshop\/produkt\/paar-versilberte-historismus-kerzenleuchter-schweden-19-jahrhundert\/","title":{"rendered":"Paar versilberte Historismus Kerzenleuchter, Schweden, 19. Jahrhundert"},"content":{"rendered":"<p>Paar versilberte Historismus Kerzenleuchter<\/p>\n<p>Schweden, 19. Jahrhundert<\/p>\n<p>Alpacca, stark versilbert, quadratischer Sockel mit Faltenz\u00fcgen und vier Volutenf\u00fcsschen, Balusterschaft, abnehmbare T\u00fclle, in der T\u00fclle gemarkt mit schwedischer Herstellermarke, minimale Gebrauchsspuren wie Abrieb<\/p>\n<p>H 18,5 cm<\/p>\n<p>Basis 12 x 12 cm<\/p>\n","protected":false},"excerpt":{"rendered":"<p>Annettes Etikette: Die 1860 gegr\u00fcndete Silberschmiede-Werkstatt Carl Gustav Hallberg z\u00e4hlt zu den renommiertesten Firmen in Stockholm und belieferte als Hoflieferant ab 1889 das Schwedischen K\u00f6nigshaus. 1896 vergr\u00f6\u00dferte sich die Fabrik in Bergsgatan. Um 1930 sind etwa 600 Mitarbeiter belegt, wobei auch das Verkaufspersonal in den 31 Filialen eine Goldschmiedeausbildung vorweisen konnte. Ich vermute dass diese Kerzenleuchter dort gefertigt wurden.<\/p>\n<p>Literatur: Krekel-Aalberse, Annelies, <a class=\"external text\" href=\"https:\/\/books.google.com\/books?id=lHtQAAAAMAAJ\" rel=\"nofollow\"><i>Art Nouveau and Art Deco silver<\/i><\/a>. H.N. Abrams, 1982, S. 224;\u00a0Br\u00f6han Museum (Hrsg.): Metallkunst der Moderne. Bestandskataloge des Br\u00f6han Museums VI. Berlin 2001<\/p>\n","protected":false},"featured_media":35716,"comment_status":"open","ping_status":"closed","template":"","meta":[],"product_brand":[],"product_cat":[25,297,276,291,278,48,28,292,289,296,131,52,53],"product_tag":[],"class_list":{"0":"post-35715","1":"product","2":"type-product","3":"status-publish","4":"has-post-thumbnail","6":"product_cat-5o-clock-tea","7":"product_cat-adventjause","8":"product_cat-alpacca","9":"product_cat-hochzeit","10":"product_cat-kerzenleuchter-tafeldekorationen","11":"product_cat-kerzenleuchter","12":"product_cat-licht-rauch","13":"product_cat-muttertag","14":"product_cat-paar-leuchter","15":"product_cat-silvester","16":"product_cat-tafeldekorationen","17":"product_cat-thanksgiving","18":"product_cat-weihnachten","20":"first","21":"instock","22":"sold-individually","23":"purchasable","24":"product-type-simple"},"yoast_head":"<!-- This site is optimized with the Yoast SEO Premium plugin v15.8.2 - https:\/\/yoast.com\/wordpress\/plugins\/seo\/ -->\n<title>Paar versilberte Historismus Kerzenleuchter, Schweden, 19. Jahrhundert<\/title>\n<meta name=\"description\" content=\"Paar versilberte Historismus Kerzenleuchter, Schweden, 19. Jahrhundert \u2665 Antiquit\u00e4ten Online kaufen \u2713 Sichere Lieferung \u2713\" \/>\n<meta name=\"robots\" content=\"index, follow, max-snippet:-1, max-image-preview:large, max-video-preview:-1\" \/>\n<link rel=\"canonical\" href=\"https:\/\/annette-ahrens.at\/onlineshop\/produkt\/paar-versilberte-historismus-kerzenleuchter-schweden-19-jahrhundert\/\" \/>\n<meta property=\"og:locale\" content=\"de_DE\" \/>\n<meta property=\"og:type\" content=\"article\" \/>\n<meta property=\"og:title\" content=\"Paar versilberte Historismus Kerzenleuchter, Schweden, 19. Jahrhundert\" \/>\n<meta property=\"og:description\" content=\"Paar versilberte Historismus Kerzenleuchter, Schweden, 19. Jahrhundert \u2665 Antiquit\u00e4ten Online kaufen \u2713 Sichere Lieferung \u2713\" \/>\n<meta property=\"og:url\" content=\"https:\/\/annette-ahrens.at\/onlineshop\/produkt\/paar-versilberte-historismus-kerzenleuchter-schweden-19-jahrhundert\/\" \/>\n<meta property=\"og:site_name\" content=\"Tafelkultur Onlineshop\" \/>\n<meta property=\"article:publisher\" content=\"https:\/\/www.facebook.com\/AnnetteAhrensTafelkultur\" \/>\n<meta property=\"article:modified_time\" content=\"2026-03-30T10:09:19+00:00\" \/>\n<meta property=\"og:image\" content=\"https:\/\/annette-ahrens.at\/onlineshop\/wp-content\/uploads\/2025\/02\/IMG_5407-scaled.jpeg\" \/>\n\t<meta property=\"og:image:width\" content=\"2041\" \/>\n\t<meta property=\"og:image:height\" content=\"2560\" \/>\n<meta name=\"twitter:card\" content=\"summary_large_image\" \/>\n<meta name=\"twitter:label1\" content=\"Gesch\u00e4tzte Lesezeit\">\n\t<meta name=\"twitter:data1\" content=\"1\u00a0Minute\">\n<script type=\"application\/ld+json\" class=\"yoast-schema-graph\">{\"@context\":\"https:\/\/schema.org\",\"@graph\":[{\"@type\":[\"Person\",\"Organization\"],\"@id\":\"https:\/\/annette-ahrens.at\/onlineshop\/#\/schema\/person\/3e19676faae246bba0cb3b7e15f427d8\",\"name\":\"Annette Ahrens\",\"image\":{\"@type\":\"ImageObject\",\"@id\":\"https:\/\/annette-ahrens.at\/onlineshop\/#personlogo\",\"inLanguage\":\"de\",\"url\":\"https:\/\/annette-ahrens.at\/onlineshop\/wp-content\/uploads\/2020\/04\/aa_logo_End.png\",\"width\":800,\"height\":164,\"caption\":\"Annette Ahrens\"},\"logo\":{\"@id\":\"https:\/\/annette-ahrens.at\/onlineshop\/#personlogo\"},\"sameAs\":[\"https:\/\/annette-ahrens.at\",\"https:\/\/www.facebook.com\/AnnetteAhrensTafelkultur\",\"https:\/\/www.instagram.com\/tafelkulturistin\/\",\"https:\/\/de.wikipedia.org\/wiki\/Annette_Ahrens\"]},{\"@type\":\"WebSite\",\"@id\":\"https:\/\/annette-ahrens.at\/onlineshop\/#website\",\"url\":\"https:\/\/annette-ahrens.at\/onlineshop\/\",\"name\":\"Tafelkultur Onlineshop\",\"description\":\"Annette Ahrens\",\"publisher\":{\"@id\":\"https:\/\/annette-ahrens.at\/onlineshop\/#\/schema\/person\/3e19676faae246bba0cb3b7e15f427d8\"},\"potentialAction\":[{\"@type\":\"SearchAction\",\"target\":\"https:\/\/annette-ahrens.at\/onlineshop\/?s={search_term_string}\",\"query-input\":\"required name=search_term_string\"}],\"inLanguage\":\"de\"},{\"@type\":\"ImageObject\",\"@id\":\"https:\/\/annette-ahrens.at\/onlineshop\/produkt\/paar-versilberte-historismus-kerzenleuchter-schweden-19-jahrhundert\/#primaryimage\",\"inLanguage\":\"de\",\"url\":\"https:\/\/annette-ahrens.at\/onlineshop\/wp-content\/uploads\/2025\/02\/IMG_5407-scaled.jpeg\",\"width\":2041,\"height\":2560,\"caption\":\"kerzenleuchter_schweden\"},{\"@type\":[\"WebPage\",\"ItemPage\"],\"@id\":\"https:\/\/annette-ahrens.at\/onlineshop\/produkt\/paar-versilberte-historismus-kerzenleuchter-schweden-19-jahrhundert\/#webpage\",\"url\":\"https:\/\/annette-ahrens.at\/onlineshop\/produkt\/paar-versilberte-historismus-kerzenleuchter-schweden-19-jahrhundert\/\",\"name\":\"Paar versilberte Historismus Kerzenleuchter, Schweden, 19. Jahrhundert\",\"isPartOf\":{\"@id\":\"https:\/\/annette-ahrens.at\/onlineshop\/#website\"},\"primaryImageOfPage\":{\"@id\":\"https:\/\/annette-ahrens.at\/onlineshop\/produkt\/paar-versilberte-historismus-kerzenleuchter-schweden-19-jahrhundert\/#primaryimage\"},\"datePublished\":\"2025-02-24T15:25:28+00:00\",\"dateModified\":\"2026-03-30T10:09:19+00:00\",\"description\":\"Paar versilberte Historismus Kerzenleuchter, Schweden, 19. Jahrhundert \\u2665 Antiquit\\u00e4ten Online kaufen \\u2713 Sichere Lieferung \\u2713\",\"breadcrumb\":{\"@id\":\"https:\/\/annette-ahrens.at\/onlineshop\/produkt\/paar-versilberte-historismus-kerzenleuchter-schweden-19-jahrhundert\/#breadcrumb\"},\"inLanguage\":\"de\",\"potentialAction\":[{\"@type\":\"ReadAction\",\"target\":[\"https:\/\/annette-ahrens.at\/onlineshop\/produkt\/paar-versilberte-historismus-kerzenleuchter-schweden-19-jahrhundert\/\"]}]},{\"@type\":\"BreadcrumbList\",\"@id\":\"https:\/\/annette-ahrens.at\/onlineshop\/produkt\/paar-versilberte-historismus-kerzenleuchter-schweden-19-jahrhundert\/#breadcrumb\",\"itemListElement\":[{\"@type\":\"ListItem\",\"position\":1,\"item\":{\"@type\":\"WebPage\",\"@id\":\"https:\/\/annette-ahrens.at\/onlineshop\/\",\"url\":\"https:\/\/annette-ahrens.at\/onlineshop\/\",\"name\":\"Home\"}},{\"@type\":\"ListItem\",\"position\":2,\"item\":{\"@type\":\"WebPage\",\"@id\":\"https:\/\/annette-ahrens.at\/onlineshop\/alle-tafelkultur-objekte\/\",\"url\":\"https:\/\/annette-ahrens.at\/onlineshop\/alle-tafelkultur-objekte\/\",\"name\":\"Alle Tafelkultur Objekte\"}},{\"@type\":\"ListItem\",\"position\":3,\"item\":{\"@type\":\"WebPage\",\"@id\":\"https:\/\/annette-ahrens.at\/onlineshop\/produkt\/paar-versilberte-historismus-kerzenleuchter-schweden-19-jahrhundert\/\",\"url\":\"https:\/\/annette-ahrens.at\/onlineshop\/produkt\/paar-versilberte-historismus-kerzenleuchter-schweden-19-jahrhundert\/\",\"name\":\"Paar versilberte Historismus Kerzenleuchter, Schweden, 19. Jahrhundert\"}}]}]}<\/script>\n<!-- \/ Yoast SEO Premium plugin. -->","_links":{"self":[{"href":"https:\/\/annette-ahrens.at\/onlineshop\/wp-json\/wp\/v2\/product\/35715","targetHints":{"allow":["GET"]}}],"collection":[{"href":"https:\/\/annette-ahrens.at\/onlineshop\/wp-json\/wp\/v2\/product"}],"about":[{"href":"https:\/\/annette-ahrens.at\/onlineshop\/wp-json\/wp\/v2\/types\/product"}],"replies":[{"embeddable":true,"href":"https:\/\/annette-ahrens.at\/onlineshop\/wp-json\/wp\/v2\/comments?post=35715"}],"wp:featuredmedia":[{"embeddable":true,"href":"https:\/\/annette-ahrens.at\/onlineshop\/wp-json\/wp\/v2\/media\/35716"}],"wp:attachment":[{"href":"https:\/\/annette-ahrens.at\/onlineshop\/wp-json\/wp\/v2\/media?parent=35715"}],"wp:term":[{"taxonomy":"product_brand","embeddable":true,"href":"https:\/\/annette-ahrens.at\/onlineshop\/wp-json\/wp\/v2\/product_brand?post=35715"},{"taxonomy":"product_cat","embeddable":true,"href":"https:\/\/annette-ahrens.at\/onlineshop\/wp-json\/wp\/v2\/product_cat?post=35715"},{"taxonomy":"product_tag","embeddable":true,"href":"https:\/\/annette-ahrens.at\/onlineshop\/wp-json\/wp\/v2\/product_tag?post=35715"}],"curies":[{"name":"wp","href":"https:\/\/api.w.org\/{rel}","templated":true}]}}