{"id":3597,"date":"2020-10-18T15:06:03","date_gmt":"2020-10-18T13:06:03","guid":{"rendered":"https:\/\/annette-ahrens.at\/onlineshop\/?post_type=product&#038;p=3597"},"modified":"2023-01-04T18:59:52","modified_gmt":"2023-01-04T17:59:52","slug":"6-schmale-alexandrit-longdrink-glaeser-fa-moser-karlsbad-um-1950","status":"publish","type":"product","link":"https:\/\/annette-ahrens.at\/onlineshop\/produkt\/6-schmale-alexandrit-longdrink-glaeser-fa-moser-karlsbad-um-1950\/","title":{"rendered":"6 schmale Alexandrit Longdrink Gl\u00e4ser, Fa. Moser Karlsbad, um 1950"},"content":{"rendered":"<p>6 schmale Longdrink Gl\u00e4ser<br \/>\nFa. Moser Karlsbad, um 1950<br \/>\nAlexandritglas,\u00a0ein Glas mit originalem Pickerl der Fa. Moser,\u00a0alle Gl\u00e4ser unbesch\u00e4digt und mit sch\u00f6nem Glasglanz<\/p>\n<p>H 13 cm<\/p>\n<p>Dm 6,4 cm<\/p>\n","protected":false},"excerpt":{"rendered":"<p>Annettes Etikette: Die Firma Moser aus Karlsbad besteht bis heute, eine Reise in die Kurstadt nach Westb\u00f6hmen lohnt, nicht nur wegen eines Rundgangs durch die 1857 von Ludwig Moser gegr\u00fcndete Glasmanufaktur und ihr Museum. Der besondere Glanz der Mosergl\u00e4ser entsteht durch au\u00dfergew\u00f6hnliche Herstellung: Mundgeblasen, Handgeschliffen und Handpoliert.<\/p>\n","protected":false},"featured_media":3600,"comment_status":"open","ping_status":"closed","template":"","meta":[],"product_brand":[],"product_cat":[212,219,27,234,275,232],"product_tag":[],"class_list":{"0":"post-3597","1":"product","2":"type-product","3":"status-publish","4":"has-post-thumbnail","6":"product_cat-apertif","7":"product_cat-barutensilien","8":"product_cat-barware","9":"product_cat-glas-longdrink","10":"product_cat-glas-fachbuecher","11":"product_cat-longdrink","13":"first","14":"instock","15":"sold-individually","16":"purchasable","17":"product-type-simple"},"yoast_head":"<!-- This site is optimized with the Yoast SEO Premium plugin v15.8.2 - https:\/\/yoast.com\/wordpress\/plugins\/seo\/ -->\n<title>6 schmale Alexandrit Longdrink Gl\u00e4ser, Fa. Moser Karlsbad, um 1950<\/title>\n<meta name=\"description\" content=\"6 schmale Alexandrit Longdrink Gl\u00e4ser, Fa. Moser Karlsbad, um 1950 \u2665 Antiquit\u00e4ten Online kaufen \u2713 Sichere Lieferung \u2713\" \/>\n<meta name=\"robots\" content=\"index, follow, max-snippet:-1, max-image-preview:large, max-video-preview:-1\" \/>\n<link rel=\"canonical\" href=\"https:\/\/annette-ahrens.at\/onlineshop\/produkt\/6-schmale-alexandrit-longdrink-glaeser-fa-moser-karlsbad-um-1950\/\" \/>\n<meta property=\"og:locale\" content=\"de_DE\" \/>\n<meta property=\"og:type\" content=\"article\" \/>\n<meta property=\"og:title\" content=\"6 schmale Alexandrit Longdrink Gl\u00e4ser, Fa. Moser Karlsbad, um 1950\" \/>\n<meta property=\"og:description\" content=\"6 schmale Alexandrit Longdrink Gl\u00e4ser, Fa. Moser Karlsbad, um 1950 \u2665 Antiquit\u00e4ten Online kaufen \u2713 Sichere Lieferung \u2713\" \/>\n<meta property=\"og:url\" content=\"https:\/\/annette-ahrens.at\/onlineshop\/produkt\/6-schmale-alexandrit-longdrink-glaeser-fa-moser-karlsbad-um-1950\/\" \/>\n<meta property=\"og:site_name\" content=\"Tafelkultur Onlineshop\" \/>\n<meta property=\"article:publisher\" content=\"https:\/\/www.facebook.com\/AnnetteAhrensTafelkultur\" \/>\n<meta property=\"article:modified_time\" content=\"2023-01-04T17:59:52+00:00\" \/>\n<meta property=\"og:image\" content=\"https:\/\/annette-ahrens.at\/onlineshop\/wp-content\/uploads\/2020\/10\/IMG_1899-scaled.jpeg\" \/>\n\t<meta property=\"og:image:width\" content=\"2560\" \/>\n\t<meta property=\"og:image:height\" content=\"2560\" \/>\n<meta name=\"twitter:card\" content=\"summary_large_image\" \/>\n<script type=\"application\/ld+json\" class=\"yoast-schema-graph\">{\"@context\":\"https:\/\/schema.org\",\"@graph\":[{\"@type\":[\"Person\",\"Organization\"],\"@id\":\"https:\/\/annette-ahrens.at\/onlineshop\/#\/schema\/person\/3e19676faae246bba0cb3b7e15f427d8\",\"name\":\"Annette Ahrens\",\"image\":{\"@type\":\"ImageObject\",\"@id\":\"https:\/\/annette-ahrens.at\/onlineshop\/#personlogo\",\"inLanguage\":\"de\",\"url\":\"https:\/\/annette-ahrens.at\/onlineshop\/wp-content\/uploads\/2020\/04\/aa_logo_End.png\",\"width\":800,\"height\":164,\"caption\":\"Annette Ahrens\"},\"logo\":{\"@id\":\"https:\/\/annette-ahrens.at\/onlineshop\/#personlogo\"},\"sameAs\":[\"https:\/\/annette-ahrens.at\",\"https:\/\/www.facebook.com\/AnnetteAhrensTafelkultur\",\"https:\/\/www.instagram.com\/tafelkulturistin\/\",\"https:\/\/de.wikipedia.org\/wiki\/Annette_Ahrens\"]},{\"@type\":\"WebSite\",\"@id\":\"https:\/\/annette-ahrens.at\/onlineshop\/#website\",\"url\":\"https:\/\/annette-ahrens.at\/onlineshop\/\",\"name\":\"Tafelkultur Onlineshop\",\"description\":\"Annette Ahrens\",\"publisher\":{\"@id\":\"https:\/\/annette-ahrens.at\/onlineshop\/#\/schema\/person\/3e19676faae246bba0cb3b7e15f427d8\"},\"potentialAction\":[{\"@type\":\"SearchAction\",\"target\":\"https:\/\/annette-ahrens.at\/onlineshop\/?s={search_term_string}\",\"query-input\":\"required name=search_term_string\"}],\"inLanguage\":\"de\"},{\"@type\":\"ImageObject\",\"@id\":\"https:\/\/annette-ahrens.at\/onlineshop\/produkt\/6-schmale-alexandrit-longdrink-glaeser-fa-moser-karlsbad-um-1950\/#primaryimage\",\"inLanguage\":\"de\",\"url\":\"https:\/\/annette-ahrens.at\/onlineshop\/wp-content\/uploads\/2020\/10\/IMG_1899-scaled.jpeg\",\"width\":2560,\"height\":2560,\"caption\":\"moser_longdrink_amethyst\"},{\"@type\":[\"WebPage\",\"ItemPage\"],\"@id\":\"https:\/\/annette-ahrens.at\/onlineshop\/produkt\/6-schmale-alexandrit-longdrink-glaeser-fa-moser-karlsbad-um-1950\/#webpage\",\"url\":\"https:\/\/annette-ahrens.at\/onlineshop\/produkt\/6-schmale-alexandrit-longdrink-glaeser-fa-moser-karlsbad-um-1950\/\",\"name\":\"6 schmale Alexandrit Longdrink Gl\\u00e4ser, Fa. Moser Karlsbad, um 1950\",\"isPartOf\":{\"@id\":\"https:\/\/annette-ahrens.at\/onlineshop\/#website\"},\"primaryImageOfPage\":{\"@id\":\"https:\/\/annette-ahrens.at\/onlineshop\/produkt\/6-schmale-alexandrit-longdrink-glaeser-fa-moser-karlsbad-um-1950\/#primaryimage\"},\"datePublished\":\"2020-10-18T13:06:03+00:00\",\"dateModified\":\"2023-01-04T17:59:52+00:00\",\"description\":\"6 schmale Alexandrit Longdrink Gl\\u00e4ser, Fa. Moser Karlsbad, um 1950 \\u2665 Antiquit\\u00e4ten Online kaufen \\u2713 Sichere Lieferung \\u2713\",\"breadcrumb\":{\"@id\":\"https:\/\/annette-ahrens.at\/onlineshop\/produkt\/6-schmale-alexandrit-longdrink-glaeser-fa-moser-karlsbad-um-1950\/#breadcrumb\"},\"inLanguage\":\"de\",\"potentialAction\":[{\"@type\":\"ReadAction\",\"target\":[\"https:\/\/annette-ahrens.at\/onlineshop\/produkt\/6-schmale-alexandrit-longdrink-glaeser-fa-moser-karlsbad-um-1950\/\"]}]},{\"@type\":\"BreadcrumbList\",\"@id\":\"https:\/\/annette-ahrens.at\/onlineshop\/produkt\/6-schmale-alexandrit-longdrink-glaeser-fa-moser-karlsbad-um-1950\/#breadcrumb\",\"itemListElement\":[{\"@type\":\"ListItem\",\"position\":1,\"item\":{\"@type\":\"WebPage\",\"@id\":\"https:\/\/annette-ahrens.at\/onlineshop\/\",\"url\":\"https:\/\/annette-ahrens.at\/onlineshop\/\",\"name\":\"Home\"}},{\"@type\":\"ListItem\",\"position\":2,\"item\":{\"@type\":\"WebPage\",\"@id\":\"https:\/\/annette-ahrens.at\/onlineshop\/alle-tafelkultur-objekte\/\",\"url\":\"https:\/\/annette-ahrens.at\/onlineshop\/alle-tafelkultur-objekte\/\",\"name\":\"Alle Tafelkultur Objekte\"}},{\"@type\":\"ListItem\",\"position\":3,\"item\":{\"@type\":\"WebPage\",\"@id\":\"https:\/\/annette-ahrens.at\/onlineshop\/produkt\/6-schmale-alexandrit-longdrink-glaeser-fa-moser-karlsbad-um-1950\/\",\"url\":\"https:\/\/annette-ahrens.at\/onlineshop\/produkt\/6-schmale-alexandrit-longdrink-glaeser-fa-moser-karlsbad-um-1950\/\",\"name\":\"6 schmale Alexandrit Longdrink Gl\\u00e4ser, Fa. Moser Karlsbad, um 1950\"}}]}]}<\/script>\n<!-- \/ Yoast SEO Premium plugin. -->","_links":{"self":[{"href":"https:\/\/annette-ahrens.at\/onlineshop\/wp-json\/wp\/v2\/product\/3597","targetHints":{"allow":["GET"]}}],"collection":[{"href":"https:\/\/annette-ahrens.at\/onlineshop\/wp-json\/wp\/v2\/product"}],"about":[{"href":"https:\/\/annette-ahrens.at\/onlineshop\/wp-json\/wp\/v2\/types\/product"}],"replies":[{"embeddable":true,"href":"https:\/\/annette-ahrens.at\/onlineshop\/wp-json\/wp\/v2\/comments?post=3597"}],"wp:featuredmedia":[{"embeddable":true,"href":"https:\/\/annette-ahrens.at\/onlineshop\/wp-json\/wp\/v2\/media\/3600"}],"wp:attachment":[{"href":"https:\/\/annette-ahrens.at\/onlineshop\/wp-json\/wp\/v2\/media?parent=3597"}],"wp:term":[{"taxonomy":"product_brand","embeddable":true,"href":"https:\/\/annette-ahrens.at\/onlineshop\/wp-json\/wp\/v2\/product_brand?post=3597"},{"taxonomy":"product_cat","embeddable":true,"href":"https:\/\/annette-ahrens.at\/onlineshop\/wp-json\/wp\/v2\/product_cat?post=3597"},{"taxonomy":"product_tag","embeddable":true,"href":"https:\/\/annette-ahrens.at\/onlineshop\/wp-json\/wp\/v2\/product_tag?post=3597"}],"curies":[{"name":"wp","href":"https:\/\/api.w.org\/{rel}","templated":true}]}}