{"id":36149,"date":"2025-03-14T06:26:23","date_gmt":"2025-03-14T05:26:23","guid":{"rendered":"https:\/\/annette-ahrens.at\/onlineshop\/?post_type=product&#038;p=36149"},"modified":"2025-06-10T12:53:57","modified_gmt":"2025-06-10T10:53:57","slug":"silberner-art-deco-champagnerkuehler-deutschland-um-1930","status":"publish","type":"product","link":"https:\/\/annette-ahrens.at\/onlineshop\/produkt\/silberner-art-deco-champagnerkuehler-deutschland-um-1930\/","title":{"rendered":"Silberner Art Deco Champagnerk\u00fchler, Deutschland, um 1930"},"content":{"rendered":"<p>Silberner Art Deco Champagnerk\u00fchler<\/p>\n<p>Deutschland, um 1930<\/p>\n<p>Silber, gebauchter Gef\u00e4\u00dfk\u00f6rper mit 2 kantigen Henkeln, Wandung mit Kanneluren, auf vier Kugelf\u00fcsschen, gemarkt mit deutschem Beschauzeichen Halbmond und Krone, Feingehalt 800, Firmenmarke, handpolierter Erhaltungszustand<\/p>\n<p>H \u00a020,8 cm<\/p>\n<p>Dm 13 cm<\/p>\n<p>Dm 22,8 cm (\u00fcber Henkel)<\/p>\n<p>708 g<\/p>\n<p>&nbsp;<\/p>\n","protected":false},"excerpt":{"rendered":"<p>Annettes Etikette: Silberne Champagnerk\u00fchler habe ich selten im Angebot. Umso mehr freut es mich, ein so gelungenes Exemplar der deutschen Silberschmiede anbieten zu d\u00fcrfen. Die Eisw\u00fcrfeln halten durch die Leitf\u00e4higkeit des Silbers l\u00e4nger die gew\u00fcnschte K\u00fchltemperatur.<\/p>\n","protected":false},"featured_media":36153,"comment_status":"open","ping_status":"closed","template":"","meta":[],"product_brand":[],"product_cat":[219,27,299,32,231,296,131],"product_tag":[],"class_list":{"0":"post-36149","1":"product","2":"type-product","3":"status-publish","4":"has-post-thumbnail","6":"product_cat-barutensilien","7":"product_cat-barware","8":"product_cat-cocktailparty","9":"product_cat-festefeiern","10":"product_cat-sektkuehler","11":"product_cat-silvester","12":"product_cat-tafeldekorationen","14":"first","15":"instock","16":"sold-individually","17":"purchasable","18":"product-type-simple"},"yoast_head":"<!-- This site is optimized with the Yoast SEO Premium plugin v15.8.2 - https:\/\/yoast.com\/wordpress\/plugins\/seo\/ -->\n<title>Silberner Art Deco Champagnerk\u00fchler, Deutschland, um 1930<\/title>\n<meta name=\"description\" content=\"Silberner Art Deco Champagnerk\u00fchler, Deutschland, um 1930 \u2665 Antiquit\u00e4ten Online kaufen \u2713 Sichere Lieferung \u2713\" \/>\n<meta name=\"robots\" content=\"index, follow, max-snippet:-1, max-image-preview:large, max-video-preview:-1\" \/>\n<link rel=\"canonical\" href=\"https:\/\/annette-ahrens.at\/onlineshop\/produkt\/silberner-art-deco-champagnerkuehler-deutschland-um-1930\/\" \/>\n<meta property=\"og:locale\" content=\"de_DE\" \/>\n<meta property=\"og:type\" content=\"article\" \/>\n<meta property=\"og:title\" content=\"Silberner Art Deco Champagnerk\u00fchler, Deutschland, um 1930\" \/>\n<meta property=\"og:description\" content=\"Silberner Art Deco Champagnerk\u00fchler, Deutschland, um 1930 \u2665 Antiquit\u00e4ten Online kaufen \u2713 Sichere Lieferung \u2713\" \/>\n<meta property=\"og:url\" content=\"https:\/\/annette-ahrens.at\/onlineshop\/produkt\/silberner-art-deco-champagnerkuehler-deutschland-um-1930\/\" \/>\n<meta property=\"og:site_name\" content=\"Tafelkultur Onlineshop\" \/>\n<meta property=\"article:publisher\" content=\"https:\/\/www.facebook.com\/AnnetteAhrensTafelkultur\" \/>\n<meta property=\"article:modified_time\" content=\"2025-06-10T10:53:57+00:00\" \/>\n<meta property=\"og:image\" content=\"https:\/\/annette-ahrens.at\/onlineshop\/wp-content\/uploads\/2025\/03\/IMG_5845-scaled.jpeg\" \/>\n\t<meta property=\"og:image:width\" content=\"1661\" \/>\n\t<meta property=\"og:image:height\" content=\"2048\" \/>\n<meta name=\"twitter:card\" content=\"summary_large_image\" \/>\n<meta name=\"twitter:label1\" content=\"Gesch\u00e4tzte Lesezeit\">\n\t<meta name=\"twitter:data1\" content=\"1\u00a0Minute\">\n<script type=\"application\/ld+json\" class=\"yoast-schema-graph\">{\"@context\":\"https:\/\/schema.org\",\"@graph\":[{\"@type\":[\"Person\",\"Organization\"],\"@id\":\"https:\/\/annette-ahrens.at\/onlineshop\/#\/schema\/person\/3e19676faae246bba0cb3b7e15f427d8\",\"name\":\"Annette Ahrens\",\"image\":{\"@type\":\"ImageObject\",\"@id\":\"https:\/\/annette-ahrens.at\/onlineshop\/#personlogo\",\"inLanguage\":\"de\",\"url\":\"https:\/\/annette-ahrens.at\/onlineshop\/wp-content\/uploads\/2020\/04\/aa_logo_End.png\",\"width\":800,\"height\":164,\"caption\":\"Annette Ahrens\"},\"logo\":{\"@id\":\"https:\/\/annette-ahrens.at\/onlineshop\/#personlogo\"},\"sameAs\":[\"https:\/\/annette-ahrens.at\",\"https:\/\/www.facebook.com\/AnnetteAhrensTafelkultur\",\"https:\/\/www.instagram.com\/tafelkulturistin\/\",\"https:\/\/de.wikipedia.org\/wiki\/Annette_Ahrens\"]},{\"@type\":\"WebSite\",\"@id\":\"https:\/\/annette-ahrens.at\/onlineshop\/#website\",\"url\":\"https:\/\/annette-ahrens.at\/onlineshop\/\",\"name\":\"Tafelkultur Onlineshop\",\"description\":\"Annette Ahrens\",\"publisher\":{\"@id\":\"https:\/\/annette-ahrens.at\/onlineshop\/#\/schema\/person\/3e19676faae246bba0cb3b7e15f427d8\"},\"potentialAction\":[{\"@type\":\"SearchAction\",\"target\":\"https:\/\/annette-ahrens.at\/onlineshop\/?s={search_term_string}\",\"query-input\":\"required name=search_term_string\"}],\"inLanguage\":\"de\"},{\"@type\":\"ImageObject\",\"@id\":\"https:\/\/annette-ahrens.at\/onlineshop\/produkt\/silberner-art-deco-champagnerkuehler-deutschland-um-1930\/#primaryimage\",\"inLanguage\":\"de\",\"url\":\"https:\/\/annette-ahrens.at\/onlineshop\/wp-content\/uploads\/2025\/03\/IMG_5845-scaled.jpeg\",\"width\":1661,\"height\":2048,\"caption\":\"sektk\\u00fchler_silber\"},{\"@type\":[\"WebPage\",\"ItemPage\"],\"@id\":\"https:\/\/annette-ahrens.at\/onlineshop\/produkt\/silberner-art-deco-champagnerkuehler-deutschland-um-1930\/#webpage\",\"url\":\"https:\/\/annette-ahrens.at\/onlineshop\/produkt\/silberner-art-deco-champagnerkuehler-deutschland-um-1930\/\",\"name\":\"Silberner Art Deco Champagnerk\\u00fchler, Deutschland, um 1930\",\"isPartOf\":{\"@id\":\"https:\/\/annette-ahrens.at\/onlineshop\/#website\"},\"primaryImageOfPage\":{\"@id\":\"https:\/\/annette-ahrens.at\/onlineshop\/produkt\/silberner-art-deco-champagnerkuehler-deutschland-um-1930\/#primaryimage\"},\"datePublished\":\"2025-03-14T05:26:23+00:00\",\"dateModified\":\"2025-06-10T10:53:57+00:00\",\"description\":\"Silberner Art Deco Champagnerk\\u00fchler, Deutschland, um 1930 \\u2665 Antiquit\\u00e4ten Online kaufen \\u2713 Sichere Lieferung \\u2713\",\"breadcrumb\":{\"@id\":\"https:\/\/annette-ahrens.at\/onlineshop\/produkt\/silberner-art-deco-champagnerkuehler-deutschland-um-1930\/#breadcrumb\"},\"inLanguage\":\"de\",\"potentialAction\":[{\"@type\":\"ReadAction\",\"target\":[\"https:\/\/annette-ahrens.at\/onlineshop\/produkt\/silberner-art-deco-champagnerkuehler-deutschland-um-1930\/\"]}]},{\"@type\":\"BreadcrumbList\",\"@id\":\"https:\/\/annette-ahrens.at\/onlineshop\/produkt\/silberner-art-deco-champagnerkuehler-deutschland-um-1930\/#breadcrumb\",\"itemListElement\":[{\"@type\":\"ListItem\",\"position\":1,\"item\":{\"@type\":\"WebPage\",\"@id\":\"https:\/\/annette-ahrens.at\/onlineshop\/\",\"url\":\"https:\/\/annette-ahrens.at\/onlineshop\/\",\"name\":\"Home\"}},{\"@type\":\"ListItem\",\"position\":2,\"item\":{\"@type\":\"WebPage\",\"@id\":\"https:\/\/annette-ahrens.at\/onlineshop\/alle-tafelkultur-objekte\/\",\"url\":\"https:\/\/annette-ahrens.at\/onlineshop\/alle-tafelkultur-objekte\/\",\"name\":\"Alle Tafelkultur Objekte\"}},{\"@type\":\"ListItem\",\"position\":3,\"item\":{\"@type\":\"WebPage\",\"@id\":\"https:\/\/annette-ahrens.at\/onlineshop\/produkt\/silberner-art-deco-champagnerkuehler-deutschland-um-1930\/\",\"url\":\"https:\/\/annette-ahrens.at\/onlineshop\/produkt\/silberner-art-deco-champagnerkuehler-deutschland-um-1930\/\",\"name\":\"Silberner Art Deco Champagnerk\\u00fchler, Deutschland, um 1930\"}}]}]}<\/script>\n<!-- \/ Yoast SEO Premium plugin. -->","_links":{"self":[{"href":"https:\/\/annette-ahrens.at\/onlineshop\/wp-json\/wp\/v2\/product\/36149","targetHints":{"allow":["GET"]}}],"collection":[{"href":"https:\/\/annette-ahrens.at\/onlineshop\/wp-json\/wp\/v2\/product"}],"about":[{"href":"https:\/\/annette-ahrens.at\/onlineshop\/wp-json\/wp\/v2\/types\/product"}],"replies":[{"embeddable":true,"href":"https:\/\/annette-ahrens.at\/onlineshop\/wp-json\/wp\/v2\/comments?post=36149"}],"wp:featuredmedia":[{"embeddable":true,"href":"https:\/\/annette-ahrens.at\/onlineshop\/wp-json\/wp\/v2\/media\/36153"}],"wp:attachment":[{"href":"https:\/\/annette-ahrens.at\/onlineshop\/wp-json\/wp\/v2\/media?parent=36149"}],"wp:term":[{"taxonomy":"product_brand","embeddable":true,"href":"https:\/\/annette-ahrens.at\/onlineshop\/wp-json\/wp\/v2\/product_brand?post=36149"},{"taxonomy":"product_cat","embeddable":true,"href":"https:\/\/annette-ahrens.at\/onlineshop\/wp-json\/wp\/v2\/product_cat?post=36149"},{"taxonomy":"product_tag","embeddable":true,"href":"https:\/\/annette-ahrens.at\/onlineshop\/wp-json\/wp\/v2\/product_tag?post=36149"}],"curies":[{"name":"wp","href":"https:\/\/api.w.org\/{rel}","templated":true}]}}