{"id":36154,"date":"2025-03-13T11:04:15","date_gmt":"2025-03-13T10:04:15","guid":{"rendered":"https:\/\/annette-ahrens.at\/onlineshop\/?post_type=product&#038;p=36154"},"modified":"2026-04-10T19:46:31","modified_gmt":"2026-04-10T17:46:31","slug":"eierbecher-blaue-olga-fa-villeroy-boch-dresden-um-1900","status":"publish","type":"product","link":"https:\/\/annette-ahrens.at\/onlineshop\/produkt\/eierbecher-blaue-olga-fa-villeroy-boch-dresden-um-1900\/","title":{"rendered":"Eierbecher &#8222;Blaue Olga&#8220;, Fa. Villeroy &#038; Boch, Dresden, um 1900"},"content":{"rendered":"<p>Eierbecher &#8222;Blaue Olga&#8220;<\/p>\n<p>Fa. Villeroy &amp; Boch, Dresden, Deutschland, um 1900<\/p>\n<p>Steingut, farblos glasiert, kobaltblaue Jugendstil-Bemalung mit reliefiertem Banddekor, minimale, altersbedingte Craquel\u00e9ebildung, ungemarkt<\/p>\n<p>H 5 cm<\/p>\n","protected":false},"excerpt":{"rendered":"<p>Annettes Etikette: Das Steingutservice \u201eOlga\u201c aus dem Hause Villeroy &amp; Boch, gef\u00fchrt unter dem Modellnamen \u201ePommern\u201c und der Dekornummer 2069, stellt ein bemerkenswertes Beispiel f\u00fcr die Verbindung von funktionaler Keramik und dekorativer Gestaltungskunst dar. In der Tradition der europ\u00e4ischen Steingutproduktion des sp\u00e4ten 19. und fr\u00fchen 20. Jahrhunderts stehend, vereint dieses Service handwerkliche Pr\u00e4zision mit einem ausgepr\u00e4gten Gesp\u00fcr f\u00fcr zeittypische Ornamentik. Der Eierbecher geh\u00f6rt zu den seltensten Ausformungen.<\/p>\n","protected":false},"featured_media":36155,"comment_status":"open","ping_status":"closed","template":"","meta":[],"product_brand":[],"product_cat":[32,166,204,20,296,190,53],"product_tag":[],"class_list":{"0":"post-36154","1":"product","2":"type-product","3":"status-publish","4":"has-post-thumbnail","6":"product_cat-festefeiern","7":"product_cat-fleisch","8":"product_cat-fleisch-speisen","9":"product_cat-lunchtime","10":"product_cat-silvester","11":"product_cat-suppe","12":"product_cat-weihnachten","14":"first","15":"instock","16":"sold-individually","17":"purchasable","18":"product-type-simple"},"yoast_head":"<!-- This site is optimized with the Yoast SEO Premium plugin v15.8.2 - https:\/\/yoast.com\/wordpress\/plugins\/seo\/ -->\n<title>Eierbecher &quot;Blaue Olga&quot;, Fa. Villeroy &amp; Boch, Dresden, um 1900<\/title>\n<meta name=\"description\" content=\"Eierbecher &quot;Blaue Olga&quot;, Fa. Villeroy &amp; Boch, Dresden, um 1900 \u2665 Antiquit\u00e4ten Online kaufen \u2713 Sichere Lieferung \u2713\" \/>\n<meta name=\"robots\" content=\"index, follow, max-snippet:-1, max-image-preview:large, max-video-preview:-1\" \/>\n<link rel=\"canonical\" href=\"https:\/\/annette-ahrens.at\/onlineshop\/produkt\/eierbecher-blaue-olga-fa-villeroy-boch-dresden-um-1900\/\" \/>\n<meta property=\"og:locale\" content=\"de_DE\" \/>\n<meta property=\"og:type\" content=\"article\" \/>\n<meta property=\"og:title\" content=\"Eierbecher &quot;Blaue Olga&quot;, Fa. Villeroy &amp; Boch, Dresden, um 1900\" \/>\n<meta property=\"og:description\" content=\"Eierbecher &quot;Blaue Olga&quot;, Fa. Villeroy &amp; Boch, Dresden, um 1900 \u2665 Antiquit\u00e4ten Online kaufen \u2713 Sichere Lieferung \u2713\" \/>\n<meta property=\"og:url\" content=\"https:\/\/annette-ahrens.at\/onlineshop\/produkt\/eierbecher-blaue-olga-fa-villeroy-boch-dresden-um-1900\/\" \/>\n<meta property=\"og:site_name\" content=\"Tafelkultur Onlineshop\" \/>\n<meta property=\"article:publisher\" content=\"https:\/\/www.facebook.com\/AnnetteAhrensTafelkultur\" \/>\n<meta property=\"article:modified_time\" content=\"2026-04-10T17:46:31+00:00\" \/>\n<meta property=\"og:image\" content=\"https:\/\/annette-ahrens.at\/onlineshop\/wp-content\/uploads\/2025\/03\/IMG_5439-scaled.jpeg\" \/>\n\t<meta property=\"og:image:width\" content=\"1669\" \/>\n\t<meta property=\"og:image:height\" content=\"2048\" \/>\n<meta name=\"twitter:card\" content=\"summary_large_image\" \/>\n<meta name=\"twitter:label1\" content=\"Gesch\u00e4tzte Lesezeit\">\n\t<meta name=\"twitter:data1\" content=\"1\u00a0Minute\">\n<script type=\"application\/ld+json\" class=\"yoast-schema-graph\">{\"@context\":\"https:\/\/schema.org\",\"@graph\":[{\"@type\":[\"Person\",\"Organization\"],\"@id\":\"https:\/\/annette-ahrens.at\/onlineshop\/#\/schema\/person\/3e19676faae246bba0cb3b7e15f427d8\",\"name\":\"Annette Ahrens\",\"image\":{\"@type\":\"ImageObject\",\"@id\":\"https:\/\/annette-ahrens.at\/onlineshop\/#personlogo\",\"inLanguage\":\"de\",\"url\":\"https:\/\/annette-ahrens.at\/onlineshop\/wp-content\/uploads\/2020\/04\/aa_logo_End.png\",\"width\":800,\"height\":164,\"caption\":\"Annette Ahrens\"},\"logo\":{\"@id\":\"https:\/\/annette-ahrens.at\/onlineshop\/#personlogo\"},\"sameAs\":[\"https:\/\/annette-ahrens.at\",\"https:\/\/www.facebook.com\/AnnetteAhrensTafelkultur\",\"https:\/\/www.instagram.com\/tafelkulturistin\/\",\"https:\/\/de.wikipedia.org\/wiki\/Annette_Ahrens\"]},{\"@type\":\"WebSite\",\"@id\":\"https:\/\/annette-ahrens.at\/onlineshop\/#website\",\"url\":\"https:\/\/annette-ahrens.at\/onlineshop\/\",\"name\":\"Tafelkultur Onlineshop\",\"description\":\"Annette Ahrens\",\"publisher\":{\"@id\":\"https:\/\/annette-ahrens.at\/onlineshop\/#\/schema\/person\/3e19676faae246bba0cb3b7e15f427d8\"},\"potentialAction\":[{\"@type\":\"SearchAction\",\"target\":\"https:\/\/annette-ahrens.at\/onlineshop\/?s={search_term_string}\",\"query-input\":\"required name=search_term_string\"}],\"inLanguage\":\"de\"},{\"@type\":\"ImageObject\",\"@id\":\"https:\/\/annette-ahrens.at\/onlineshop\/produkt\/eierbecher-blaue-olga-fa-villeroy-boch-dresden-um-1900\/#primaryimage\",\"inLanguage\":\"de\",\"url\":\"https:\/\/annette-ahrens.at\/onlineshop\/wp-content\/uploads\/2025\/03\/IMG_5439-scaled.jpeg\",\"width\":1669,\"height\":2048,\"caption\":\"eierbecher_olga\"},{\"@type\":[\"WebPage\",\"ItemPage\"],\"@id\":\"https:\/\/annette-ahrens.at\/onlineshop\/produkt\/eierbecher-blaue-olga-fa-villeroy-boch-dresden-um-1900\/#webpage\",\"url\":\"https:\/\/annette-ahrens.at\/onlineshop\/produkt\/eierbecher-blaue-olga-fa-villeroy-boch-dresden-um-1900\/\",\"name\":\"Eierbecher \\\"Blaue Olga\\\", Fa. Villeroy & Boch, Dresden, um 1900\",\"isPartOf\":{\"@id\":\"https:\/\/annette-ahrens.at\/onlineshop\/#website\"},\"primaryImageOfPage\":{\"@id\":\"https:\/\/annette-ahrens.at\/onlineshop\/produkt\/eierbecher-blaue-olga-fa-villeroy-boch-dresden-um-1900\/#primaryimage\"},\"datePublished\":\"2025-03-13T10:04:15+00:00\",\"dateModified\":\"2026-04-10T17:46:31+00:00\",\"description\":\"Eierbecher \\\"Blaue Olga\\\", Fa. Villeroy & Boch, Dresden, um 1900 \\u2665 Antiquit\\u00e4ten Online kaufen \\u2713 Sichere Lieferung \\u2713\",\"breadcrumb\":{\"@id\":\"https:\/\/annette-ahrens.at\/onlineshop\/produkt\/eierbecher-blaue-olga-fa-villeroy-boch-dresden-um-1900\/#breadcrumb\"},\"inLanguage\":\"de\",\"potentialAction\":[{\"@type\":\"ReadAction\",\"target\":[\"https:\/\/annette-ahrens.at\/onlineshop\/produkt\/eierbecher-blaue-olga-fa-villeroy-boch-dresden-um-1900\/\"]}]},{\"@type\":\"BreadcrumbList\",\"@id\":\"https:\/\/annette-ahrens.at\/onlineshop\/produkt\/eierbecher-blaue-olga-fa-villeroy-boch-dresden-um-1900\/#breadcrumb\",\"itemListElement\":[{\"@type\":\"ListItem\",\"position\":1,\"item\":{\"@type\":\"WebPage\",\"@id\":\"https:\/\/annette-ahrens.at\/onlineshop\/\",\"url\":\"https:\/\/annette-ahrens.at\/onlineshop\/\",\"name\":\"Home\"}},{\"@type\":\"ListItem\",\"position\":2,\"item\":{\"@type\":\"WebPage\",\"@id\":\"https:\/\/annette-ahrens.at\/onlineshop\/alle-tafelkultur-objekte\/\",\"url\":\"https:\/\/annette-ahrens.at\/onlineshop\/alle-tafelkultur-objekte\/\",\"name\":\"Alle Tafelkultur Objekte\"}},{\"@type\":\"ListItem\",\"position\":3,\"item\":{\"@type\":\"WebPage\",\"@id\":\"https:\/\/annette-ahrens.at\/onlineshop\/produkt\/eierbecher-blaue-olga-fa-villeroy-boch-dresden-um-1900\/\",\"url\":\"https:\/\/annette-ahrens.at\/onlineshop\/produkt\/eierbecher-blaue-olga-fa-villeroy-boch-dresden-um-1900\/\",\"name\":\"Eierbecher &#8222;Blaue Olga&#8220;, Fa. Villeroy &#038; Boch, Dresden, um 1900\"}}]}]}<\/script>\n<!-- \/ Yoast SEO Premium plugin. -->","_links":{"self":[{"href":"https:\/\/annette-ahrens.at\/onlineshop\/wp-json\/wp\/v2\/product\/36154","targetHints":{"allow":["GET"]}}],"collection":[{"href":"https:\/\/annette-ahrens.at\/onlineshop\/wp-json\/wp\/v2\/product"}],"about":[{"href":"https:\/\/annette-ahrens.at\/onlineshop\/wp-json\/wp\/v2\/types\/product"}],"replies":[{"embeddable":true,"href":"https:\/\/annette-ahrens.at\/onlineshop\/wp-json\/wp\/v2\/comments?post=36154"}],"wp:featuredmedia":[{"embeddable":true,"href":"https:\/\/annette-ahrens.at\/onlineshop\/wp-json\/wp\/v2\/media\/36155"}],"wp:attachment":[{"href":"https:\/\/annette-ahrens.at\/onlineshop\/wp-json\/wp\/v2\/media?parent=36154"}],"wp:term":[{"taxonomy":"product_brand","embeddable":true,"href":"https:\/\/annette-ahrens.at\/onlineshop\/wp-json\/wp\/v2\/product_brand?post=36154"},{"taxonomy":"product_cat","embeddable":true,"href":"https:\/\/annette-ahrens.at\/onlineshop\/wp-json\/wp\/v2\/product_cat?post=36154"},{"taxonomy":"product_tag","embeddable":true,"href":"https:\/\/annette-ahrens.at\/onlineshop\/wp-json\/wp\/v2\/product_tag?post=36154"}],"curies":[{"name":"wp","href":"https:\/\/api.w.org\/{rel}","templated":true}]}}