{"id":36239,"date":"2025-03-17T06:16:31","date_gmt":"2025-03-17T05:16:31","guid":{"rendered":"https:\/\/annette-ahrens.at\/onlineshop\/?post_type=product&#038;p=36239"},"modified":"2025-07-04T11:55:48","modified_gmt":"2025-07-04T09:55:48","slug":"irisierende-midcentury-vase-panelak-jiri-zejmon-1969","status":"publish","type":"product","link":"https:\/\/annette-ahrens.at\/onlineshop\/produkt\/irisierende-midcentury-vase-panelak-jiri-zejmon-1969\/","title":{"rendered":"Irisierende Midcentury Vase \u201ePanelak\u201c, Ji\u0159\u00ed Zejmon, 1969"},"content":{"rendered":"<p style=\"font-weight: 400;\">Midcentury Vase \u201ePanelak\u201c<\/p>\n<p style=\"font-weight: 400;\">Entwurf: Ji\u0159\u00ed Zejmon (1925 &#8211; 1987) f\u00fcr Sklo Union, Rudolfova Hu\u0165, Tschechoslowakei, 1969<\/p>\n<p><span style=\"font-weight: 400;\">irisierendes Pressglas, mit Wabenstruktur, quadratischer Grundriss, unsigniert<\/span><\/p>\n<p><span style=\"font-weight: 400;\">H 19 cm<\/span><\/p>\n<p>siehe GLASREVUE, Zeitschrift f\u00fcr Glas und Keramik, 1970, Seite 19<\/p>\n","protected":false},"excerpt":{"rendered":"<p>Annettes Etikette: Ji\u0159\u00ed Zejmon (1925-1987) war Sch\u00fcler von Professor Karel \u0160tipl an der Akademie f\u00fcr Kunst, Architektur und Design in Prag. Er trat in die Glash\u00fctte Inwald ein, wo eine Zentralstelle f\u00fcr Pressglas eingerichtet wurde und arbeitete gemeinsam mit Rudolf Schr\u00f6tter und seinem Klassenkameraden Vaclav Hanu\u0161. Zu dieser Zeit begannen junge K\u00fcnstler neue Designs aus Pressglas anzuwenden und erfolgreich zu f\u00f6rdern. Diese Vase wurde unter der Produktnummer 13261 im Werksdesignbuch von 1969 eingetragen.<\/p>\n","protected":false},"featured_media":36248,"comment_status":"open","ping_status":"closed","template":"","meta":[],"product_brand":[],"product_cat":[31,275,131,280],"product_tag":[],"class_list":{"0":"post-36239","1":"product","2":"type-product","3":"status-publish","4":"has-post-thumbnail","6":"product_cat-gastgeschenke","7":"product_cat-glas-fachbuecher","8":"product_cat-tafeldekorationen","9":"product_cat-vase","11":"first","12":"instock","13":"sold-individually","14":"purchasable","15":"product-type-simple"},"yoast_head":"<!-- This site is optimized with the Yoast SEO Premium plugin v15.8.2 - https:\/\/yoast.com\/wordpress\/plugins\/seo\/ -->\n<title>Irisierende Midcentury Vase \u201ePanelak\u201c, Ji\u0159\u00ed Zejmon, 1969<\/title>\n<meta name=\"description\" content=\"Irisierende Midcentury Vase \u201ePanelak\u201c, Ji\u0159\u00ed Zejmon, 1969 \u2665 Antiquit\u00e4ten Online kaufen \u2713 Sichere Lieferung \u2713\" \/>\n<meta name=\"robots\" content=\"index, follow, max-snippet:-1, max-image-preview:large, max-video-preview:-1\" \/>\n<link rel=\"canonical\" href=\"https:\/\/annette-ahrens.at\/onlineshop\/produkt\/irisierende-midcentury-vase-panelak-jiri-zejmon-1969\/\" \/>\n<meta property=\"og:locale\" content=\"de_DE\" \/>\n<meta property=\"og:type\" content=\"article\" \/>\n<meta property=\"og:title\" content=\"Irisierende Midcentury Vase \u201ePanelak\u201c, Ji\u0159\u00ed Zejmon, 1969\" \/>\n<meta property=\"og:description\" content=\"Irisierende Midcentury Vase \u201ePanelak\u201c, Ji\u0159\u00ed Zejmon, 1969 \u2665 Antiquit\u00e4ten Online kaufen \u2713 Sichere Lieferung \u2713\" \/>\n<meta property=\"og:url\" content=\"https:\/\/annette-ahrens.at\/onlineshop\/produkt\/irisierende-midcentury-vase-panelak-jiri-zejmon-1969\/\" \/>\n<meta property=\"og:site_name\" content=\"Tafelkultur Onlineshop\" \/>\n<meta property=\"article:publisher\" content=\"https:\/\/www.facebook.com\/AnnetteAhrensTafelkultur\" \/>\n<meta property=\"article:modified_time\" content=\"2025-07-04T09:55:48+00:00\" \/>\n<meta property=\"og:image\" content=\"https:\/\/annette-ahrens.at\/onlineshop\/wp-content\/uploads\/2025\/03\/IMG_6028-scaled.jpeg\" \/>\n\t<meta property=\"og:image:width\" content=\"1659\" \/>\n\t<meta property=\"og:image:height\" content=\"2048\" \/>\n<meta name=\"twitter:card\" content=\"summary_large_image\" \/>\n<meta name=\"twitter:label1\" content=\"Gesch\u00e4tzte Lesezeit\">\n\t<meta name=\"twitter:data1\" content=\"1\u00a0Minute\">\n<script type=\"application\/ld+json\" class=\"yoast-schema-graph\">{\"@context\":\"https:\/\/schema.org\",\"@graph\":[{\"@type\":[\"Person\",\"Organization\"],\"@id\":\"https:\/\/annette-ahrens.at\/onlineshop\/#\/schema\/person\/3e19676faae246bba0cb3b7e15f427d8\",\"name\":\"Annette Ahrens\",\"image\":{\"@type\":\"ImageObject\",\"@id\":\"https:\/\/annette-ahrens.at\/onlineshop\/#personlogo\",\"inLanguage\":\"de\",\"url\":\"https:\/\/annette-ahrens.at\/onlineshop\/wp-content\/uploads\/2020\/04\/aa_logo_End.png\",\"width\":800,\"height\":164,\"caption\":\"Annette Ahrens\"},\"logo\":{\"@id\":\"https:\/\/annette-ahrens.at\/onlineshop\/#personlogo\"},\"sameAs\":[\"https:\/\/annette-ahrens.at\",\"https:\/\/www.facebook.com\/AnnetteAhrensTafelkultur\",\"https:\/\/www.instagram.com\/tafelkulturistin\/\",\"https:\/\/de.wikipedia.org\/wiki\/Annette_Ahrens\"]},{\"@type\":\"WebSite\",\"@id\":\"https:\/\/annette-ahrens.at\/onlineshop\/#website\",\"url\":\"https:\/\/annette-ahrens.at\/onlineshop\/\",\"name\":\"Tafelkultur Onlineshop\",\"description\":\"Annette Ahrens\",\"publisher\":{\"@id\":\"https:\/\/annette-ahrens.at\/onlineshop\/#\/schema\/person\/3e19676faae246bba0cb3b7e15f427d8\"},\"potentialAction\":[{\"@type\":\"SearchAction\",\"target\":\"https:\/\/annette-ahrens.at\/onlineshop\/?s={search_term_string}\",\"query-input\":\"required name=search_term_string\"}],\"inLanguage\":\"de\"},{\"@type\":\"ImageObject\",\"@id\":\"https:\/\/annette-ahrens.at\/onlineshop\/produkt\/irisierende-midcentury-vase-panelak-jiri-zejmon-1969\/#primaryimage\",\"inLanguage\":\"de\",\"url\":\"https:\/\/annette-ahrens.at\/onlineshop\/wp-content\/uploads\/2025\/03\/IMG_6028-scaled.jpeg\",\"width\":1659,\"height\":2048,\"caption\":\"vase_panelak\"},{\"@type\":[\"WebPage\",\"ItemPage\"],\"@id\":\"https:\/\/annette-ahrens.at\/onlineshop\/produkt\/irisierende-midcentury-vase-panelak-jiri-zejmon-1969\/#webpage\",\"url\":\"https:\/\/annette-ahrens.at\/onlineshop\/produkt\/irisierende-midcentury-vase-panelak-jiri-zejmon-1969\/\",\"name\":\"Irisierende Midcentury Vase \\u201ePanelak\\u201c, Ji\\u0159\\u00ed Zejmon, 1969\",\"isPartOf\":{\"@id\":\"https:\/\/annette-ahrens.at\/onlineshop\/#website\"},\"primaryImageOfPage\":{\"@id\":\"https:\/\/annette-ahrens.at\/onlineshop\/produkt\/irisierende-midcentury-vase-panelak-jiri-zejmon-1969\/#primaryimage\"},\"datePublished\":\"2025-03-17T05:16:31+00:00\",\"dateModified\":\"2025-07-04T09:55:48+00:00\",\"description\":\"Irisierende Midcentury Vase \\u201ePanelak\\u201c, Ji\\u0159\\u00ed Zejmon, 1969 \\u2665 Antiquit\\u00e4ten Online kaufen \\u2713 Sichere Lieferung \\u2713\",\"breadcrumb\":{\"@id\":\"https:\/\/annette-ahrens.at\/onlineshop\/produkt\/irisierende-midcentury-vase-panelak-jiri-zejmon-1969\/#breadcrumb\"},\"inLanguage\":\"de\",\"potentialAction\":[{\"@type\":\"ReadAction\",\"target\":[\"https:\/\/annette-ahrens.at\/onlineshop\/produkt\/irisierende-midcentury-vase-panelak-jiri-zejmon-1969\/\"]}]},{\"@type\":\"BreadcrumbList\",\"@id\":\"https:\/\/annette-ahrens.at\/onlineshop\/produkt\/irisierende-midcentury-vase-panelak-jiri-zejmon-1969\/#breadcrumb\",\"itemListElement\":[{\"@type\":\"ListItem\",\"position\":1,\"item\":{\"@type\":\"WebPage\",\"@id\":\"https:\/\/annette-ahrens.at\/onlineshop\/\",\"url\":\"https:\/\/annette-ahrens.at\/onlineshop\/\",\"name\":\"Home\"}},{\"@type\":\"ListItem\",\"position\":2,\"item\":{\"@type\":\"WebPage\",\"@id\":\"https:\/\/annette-ahrens.at\/onlineshop\/alle-tafelkultur-objekte\/\",\"url\":\"https:\/\/annette-ahrens.at\/onlineshop\/alle-tafelkultur-objekte\/\",\"name\":\"Alle Tafelkultur Objekte\"}},{\"@type\":\"ListItem\",\"position\":3,\"item\":{\"@type\":\"WebPage\",\"@id\":\"https:\/\/annette-ahrens.at\/onlineshop\/produkt\/irisierende-midcentury-vase-panelak-jiri-zejmon-1969\/\",\"url\":\"https:\/\/annette-ahrens.at\/onlineshop\/produkt\/irisierende-midcentury-vase-panelak-jiri-zejmon-1969\/\",\"name\":\"Irisierende Midcentury Vase \\u201ePanelak\\u201c, Ji\\u0159\\u00ed Zejmon, 1969\"}}]}]}<\/script>\n<!-- \/ Yoast SEO Premium plugin. -->","_links":{"self":[{"href":"https:\/\/annette-ahrens.at\/onlineshop\/wp-json\/wp\/v2\/product\/36239","targetHints":{"allow":["GET"]}}],"collection":[{"href":"https:\/\/annette-ahrens.at\/onlineshop\/wp-json\/wp\/v2\/product"}],"about":[{"href":"https:\/\/annette-ahrens.at\/onlineshop\/wp-json\/wp\/v2\/types\/product"}],"replies":[{"embeddable":true,"href":"https:\/\/annette-ahrens.at\/onlineshop\/wp-json\/wp\/v2\/comments?post=36239"}],"wp:featuredmedia":[{"embeddable":true,"href":"https:\/\/annette-ahrens.at\/onlineshop\/wp-json\/wp\/v2\/media\/36248"}],"wp:attachment":[{"href":"https:\/\/annette-ahrens.at\/onlineshop\/wp-json\/wp\/v2\/media?parent=36239"}],"wp:term":[{"taxonomy":"product_brand","embeddable":true,"href":"https:\/\/annette-ahrens.at\/onlineshop\/wp-json\/wp\/v2\/product_brand?post=36239"},{"taxonomy":"product_cat","embeddable":true,"href":"https:\/\/annette-ahrens.at\/onlineshop\/wp-json\/wp\/v2\/product_cat?post=36239"},{"taxonomy":"product_tag","embeddable":true,"href":"https:\/\/annette-ahrens.at\/onlineshop\/wp-json\/wp\/v2\/product_tag?post=36239"}],"curies":[{"name":"wp","href":"https:\/\/api.w.org\/{rel}","templated":true}]}}