{"id":36341,"date":"2025-03-18T14:56:00","date_gmt":"2025-03-18T13:56:00","guid":{"rendered":"https:\/\/annette-ahrens.at\/onlineshop\/?post_type=product&#038;p=36341"},"modified":"2025-03-17T14:57:28","modified_gmt":"2025-03-17T13:57:28","slug":"marianne-denzel-midcentury-pfeffer-und-salzgestell-fa-berndorf-um-1960-4","status":"publish","type":"product","link":"https:\/\/annette-ahrens.at\/onlineshop\/produkt\/marianne-denzel-midcentury-pfeffer-und-salzgestell-fa-berndorf-um-1960-4\/","title":{"rendered":"Marianne Denzel, Midcentury Pfeffer- und Salzgestell, Fa. Berndorf, um 1960"},"content":{"rendered":"<p>Midcentury Pfeffer- und Salzgestell<\/p>\n<p>Entwurf: Marianne Denzel (1932 &#8211; 1975) f\u00fcr die Fa. Berndorf, um 1960<\/p>\n<p>Alpacca, stark versilbert, poliert, St\u00e4nder gemarkt &#8222;Berndorf&#8220; in Schreibschrift, zwei Streuer aus Glas mit Glasgewinde und versilberten Kappen, eine Kappe mit leichten Korrisionsflecken<\/p>\n<p>H 10 cm<\/p>\n<p>H 7,5 cm (Streuer)<\/p>\n<p>Literatur:\u00a0Tulga Beyerle, Karin Hirschberger: Designlandschaft \u00d6sterreich, 1900-2005, Basel 2006, Seite 146, Firmenkatalog Berndorf, Modellnummer 20 55 21<\/p>\n","protected":false},"excerpt":{"rendered":"<p>Annettes Etikette: Die deutsche K\u00fcnstlerin Marianne Denzel zeichnet f\u00fcr moderne Entw\u00fcrfe der Berndorfer Metallwarenfabrik verantwortlich. Neben diesem Streuerhalterung kann man ihr ein Essig-\u00d6lset, Platten und Besteckentw\u00fcrfe, die unter dem Namen &#8222;MADAME&#8220; und &#8222;SIR&#8220; angeboten wurden, zuordnen. Ihr vernickelter Besteckentwurf wurde sogar f\u00fcr die 1. Klasse der Austrian Airlines ausgef\u00fchrt.<\/p>\n","protected":false},"featured_media":36312,"comment_status":"open","ping_status":"closed","template":"","meta":[],"product_brand":[],"product_cat":[130,276,321,320,316,22],"product_tag":[],"class_list":{"0":"post-36341","1":"product","2":"type-product","3":"status-publish","4":"has-post-thumbnail","6":"product_cat-abendessen","7":"product_cat-alpacca","8":"product_cat-pfefferstreuer","9":"product_cat-salzstreuer","10":"product_cat-streuer","11":"product_cat-suess-sauer","13":"first","14":"instock","15":"sold-individually","16":"purchasable","17":"product-type-simple"},"yoast_head":"<!-- This site is optimized with the Yoast SEO Premium plugin v15.8.2 - https:\/\/yoast.com\/wordpress\/plugins\/seo\/ -->\n<title>Marianne Denzel, Midcentury Pfeffer- und Salzgestell, Fa. Berndorf, um 1960<\/title>\n<meta name=\"description\" content=\"Marianne Denzel, Midcentury Pfeffer- und Salzgestell, Fa. Berndorf, um 1960 \u2665 Antiquit\u00e4ten Online kaufen \u2713 Sichere Lieferung \u2713\" \/>\n<meta name=\"robots\" content=\"index, follow, max-snippet:-1, max-image-preview:large, max-video-preview:-1\" \/>\n<link rel=\"canonical\" href=\"https:\/\/annette-ahrens.at\/onlineshop\/produkt\/marianne-denzel-midcentury-pfeffer-und-salzgestell-fa-berndorf-um-1960-4\/\" \/>\n<meta property=\"og:locale\" content=\"de_DE\" \/>\n<meta property=\"og:type\" content=\"article\" \/>\n<meta property=\"og:title\" content=\"Marianne Denzel, Midcentury Pfeffer- und Salzgestell, Fa. Berndorf, um 1960\" \/>\n<meta property=\"og:description\" content=\"Marianne Denzel, Midcentury Pfeffer- und Salzgestell, Fa. Berndorf, um 1960 \u2665 Antiquit\u00e4ten Online kaufen \u2713 Sichere Lieferung \u2713\" \/>\n<meta property=\"og:url\" content=\"https:\/\/annette-ahrens.at\/onlineshop\/produkt\/marianne-denzel-midcentury-pfeffer-und-salzgestell-fa-berndorf-um-1960-4\/\" \/>\n<meta property=\"og:site_name\" content=\"Tafelkultur Onlineshop\" \/>\n<meta property=\"article:publisher\" content=\"https:\/\/www.facebook.com\/AnnetteAhrensTafelkultur\" \/>\n<meta property=\"article:modified_time\" content=\"2025-03-17T13:57:28+00:00\" \/>\n<meta property=\"og:image\" content=\"https:\/\/annette-ahrens.at\/onlineshop\/wp-content\/uploads\/2025\/03\/IMG_6067-scaled.jpeg\" \/>\n\t<meta property=\"og:image:width\" content=\"1742\" \/>\n\t<meta property=\"og:image:height\" content=\"2048\" \/>\n<meta name=\"twitter:card\" content=\"summary_large_image\" \/>\n<meta name=\"twitter:label1\" content=\"Gesch\u00e4tzte Lesezeit\">\n\t<meta name=\"twitter:data1\" content=\"1\u00a0Minute\">\n<script type=\"application\/ld+json\" class=\"yoast-schema-graph\">{\"@context\":\"https:\/\/schema.org\",\"@graph\":[{\"@type\":[\"Person\",\"Organization\"],\"@id\":\"https:\/\/annette-ahrens.at\/onlineshop\/#\/schema\/person\/3e19676faae246bba0cb3b7e15f427d8\",\"name\":\"Annette Ahrens\",\"image\":{\"@type\":\"ImageObject\",\"@id\":\"https:\/\/annette-ahrens.at\/onlineshop\/#personlogo\",\"inLanguage\":\"de\",\"url\":\"https:\/\/annette-ahrens.at\/onlineshop\/wp-content\/uploads\/2020\/04\/aa_logo_End.png\",\"width\":800,\"height\":164,\"caption\":\"Annette Ahrens\"},\"logo\":{\"@id\":\"https:\/\/annette-ahrens.at\/onlineshop\/#personlogo\"},\"sameAs\":[\"https:\/\/annette-ahrens.at\",\"https:\/\/www.facebook.com\/AnnetteAhrensTafelkultur\",\"https:\/\/www.instagram.com\/tafelkulturistin\/\",\"https:\/\/de.wikipedia.org\/wiki\/Annette_Ahrens\"]},{\"@type\":\"WebSite\",\"@id\":\"https:\/\/annette-ahrens.at\/onlineshop\/#website\",\"url\":\"https:\/\/annette-ahrens.at\/onlineshop\/\",\"name\":\"Tafelkultur Onlineshop\",\"description\":\"Annette Ahrens\",\"publisher\":{\"@id\":\"https:\/\/annette-ahrens.at\/onlineshop\/#\/schema\/person\/3e19676faae246bba0cb3b7e15f427d8\"},\"potentialAction\":[{\"@type\":\"SearchAction\",\"target\":\"https:\/\/annette-ahrens.at\/onlineshop\/?s={search_term_string}\",\"query-input\":\"required name=search_term_string\"}],\"inLanguage\":\"de\"},{\"@type\":\"ImageObject\",\"@id\":\"https:\/\/annette-ahrens.at\/onlineshop\/produkt\/marianne-denzel-midcentury-pfeffer-und-salzgestell-fa-berndorf-um-1960-4\/#primaryimage\",\"inLanguage\":\"de\",\"url\":\"https:\/\/annette-ahrens.at\/onlineshop\/wp-content\/uploads\/2025\/03\/IMG_6067-scaled.jpeg\",\"width\":1742,\"height\":2048,\"caption\":\"salzstreuer_berndorf_denzel\"},{\"@type\":[\"WebPage\",\"ItemPage\"],\"@id\":\"https:\/\/annette-ahrens.at\/onlineshop\/produkt\/marianne-denzel-midcentury-pfeffer-und-salzgestell-fa-berndorf-um-1960-4\/#webpage\",\"url\":\"https:\/\/annette-ahrens.at\/onlineshop\/produkt\/marianne-denzel-midcentury-pfeffer-und-salzgestell-fa-berndorf-um-1960-4\/\",\"name\":\"Marianne Denzel, Midcentury Pfeffer- und Salzgestell, Fa. Berndorf, um 1960\",\"isPartOf\":{\"@id\":\"https:\/\/annette-ahrens.at\/onlineshop\/#website\"},\"primaryImageOfPage\":{\"@id\":\"https:\/\/annette-ahrens.at\/onlineshop\/produkt\/marianne-denzel-midcentury-pfeffer-und-salzgestell-fa-berndorf-um-1960-4\/#primaryimage\"},\"datePublished\":\"2025-03-18T13:56:00+00:00\",\"dateModified\":\"2025-03-17T13:57:28+00:00\",\"description\":\"Marianne Denzel, Midcentury Pfeffer- und Salzgestell, Fa. Berndorf, um 1960 \\u2665 Antiquit\\u00e4ten Online kaufen \\u2713 Sichere Lieferung \\u2713\",\"breadcrumb\":{\"@id\":\"https:\/\/annette-ahrens.at\/onlineshop\/produkt\/marianne-denzel-midcentury-pfeffer-und-salzgestell-fa-berndorf-um-1960-4\/#breadcrumb\"},\"inLanguage\":\"de\",\"potentialAction\":[{\"@type\":\"ReadAction\",\"target\":[\"https:\/\/annette-ahrens.at\/onlineshop\/produkt\/marianne-denzel-midcentury-pfeffer-und-salzgestell-fa-berndorf-um-1960-4\/\"]}]},{\"@type\":\"BreadcrumbList\",\"@id\":\"https:\/\/annette-ahrens.at\/onlineshop\/produkt\/marianne-denzel-midcentury-pfeffer-und-salzgestell-fa-berndorf-um-1960-4\/#breadcrumb\",\"itemListElement\":[{\"@type\":\"ListItem\",\"position\":1,\"item\":{\"@type\":\"WebPage\",\"@id\":\"https:\/\/annette-ahrens.at\/onlineshop\/\",\"url\":\"https:\/\/annette-ahrens.at\/onlineshop\/\",\"name\":\"Home\"}},{\"@type\":\"ListItem\",\"position\":2,\"item\":{\"@type\":\"WebPage\",\"@id\":\"https:\/\/annette-ahrens.at\/onlineshop\/alle-tafelkultur-objekte\/\",\"url\":\"https:\/\/annette-ahrens.at\/onlineshop\/alle-tafelkultur-objekte\/\",\"name\":\"Alle Tafelkultur Objekte\"}},{\"@type\":\"ListItem\",\"position\":3,\"item\":{\"@type\":\"WebPage\",\"@id\":\"https:\/\/annette-ahrens.at\/onlineshop\/produkt\/marianne-denzel-midcentury-pfeffer-und-salzgestell-fa-berndorf-um-1960-4\/\",\"url\":\"https:\/\/annette-ahrens.at\/onlineshop\/produkt\/marianne-denzel-midcentury-pfeffer-und-salzgestell-fa-berndorf-um-1960-4\/\",\"name\":\"Marianne Denzel, Midcentury Pfeffer- und Salzgestell, Fa. Berndorf, um 1960\"}}]}]}<\/script>\n<!-- \/ Yoast SEO Premium plugin. -->","_links":{"self":[{"href":"https:\/\/annette-ahrens.at\/onlineshop\/wp-json\/wp\/v2\/product\/36341","targetHints":{"allow":["GET"]}}],"collection":[{"href":"https:\/\/annette-ahrens.at\/onlineshop\/wp-json\/wp\/v2\/product"}],"about":[{"href":"https:\/\/annette-ahrens.at\/onlineshop\/wp-json\/wp\/v2\/types\/product"}],"replies":[{"embeddable":true,"href":"https:\/\/annette-ahrens.at\/onlineshop\/wp-json\/wp\/v2\/comments?post=36341"}],"wp:featuredmedia":[{"embeddable":true,"href":"https:\/\/annette-ahrens.at\/onlineshop\/wp-json\/wp\/v2\/media\/36312"}],"wp:attachment":[{"href":"https:\/\/annette-ahrens.at\/onlineshop\/wp-json\/wp\/v2\/media?parent=36341"}],"wp:term":[{"taxonomy":"product_brand","embeddable":true,"href":"https:\/\/annette-ahrens.at\/onlineshop\/wp-json\/wp\/v2\/product_brand?post=36341"},{"taxonomy":"product_cat","embeddable":true,"href":"https:\/\/annette-ahrens.at\/onlineshop\/wp-json\/wp\/v2\/product_cat?post=36341"},{"taxonomy":"product_tag","embeddable":true,"href":"https:\/\/annette-ahrens.at\/onlineshop\/wp-json\/wp\/v2\/product_tag?post=36341"}],"curies":[{"name":"wp","href":"https:\/\/api.w.org\/{rel}","templated":true}]}}