{"id":36426,"date":"2025-03-20T07:11:55","date_gmt":"2025-03-20T06:11:55","guid":{"rendered":"https:\/\/annette-ahrens.at\/onlineshop\/?post_type=product&#038;p=36426"},"modified":"2025-03-21T21:55:58","modified_gmt":"2025-03-21T20:55:58","slug":"121-teiliges-besteck-stjerne-fuer-12-personen-daenemark-um-1940","status":"publish","type":"product","link":"https:\/\/annette-ahrens.at\/onlineshop\/produkt\/121-teiliges-besteck-stjerne-fuer-12-personen-daenemark-um-1940\/","title":{"rendered":"121 teiliges Besteck &#8222;Stjerne&#8220; f\u00fcr 12 Personen, D\u00e4nemark, um 1940"},"content":{"rendered":"<p>121 teiliges Besteck &#8222;Stjerne&#8220; f\u00fcr 12 Personen<\/p>\n<p>Entwurf: Jens Harald Quistgaard (1919 &#8211; 2008), f\u00fcr Finn Christensen, D\u00e4nemark, um 1940<\/p>\n<p>Alpacca, stark versilbert, Heft mit Sternenmotiv, insgesamt 121 Teile, alle gemarkt mit Firmenmarke Finn Christensen und IHQ f\u00fcr Jens Harald Quistgaard, Messer mit rostfreien Klingen, kompletter, handpolierter Zustand (4 St\u00fcck mit altersbedingtem Abrieb)<\/p>\n<p>Bestehend aus:<\/p>\n<p>12 Suppenl\u00f6ffel L 19,4 cm<\/p>\n<p>12 Dessertl\u00f6ffel L 17,4 cm<\/p>\n<p>12 Kaffeel\u00f6ffel L 12 cm<\/p>\n<p>12 Menugabeln L 19,2 cm<\/p>\n<p>12 Menumesser L 22,3 cm<\/p>\n<p>12 Vorspeisgabeln<\/p>\n<p>12 Vorspeismesser<\/p>\n<p>12 Mokkal\u00f6ffel<\/p>\n<p>12 Kuchengabeln<\/p>\n<p>sowie 13 Vorlegern (siehe Fotos)<\/p>\n","protected":false},"excerpt":{"rendered":"<p>121 teiliges Besteck &#8222;Stjerne&#8220; f\u00fcr 12 Personen Entwurf: Jens Harald Quistgaard (1919 &#8211; 2008), f\u00fcr Finn Christensen, D\u00e4nemark, um 1940 Alpacca, stark versilbert, Heft mit Sternenmotiv, insgesamt 121 Teile, alle gemarkt mit Firmenmarke Finn Christensen und IHQ f\u00fcr Jens Harald Quistgaard, Messer mit rostfreien Klingen, kompletter, handpolierter Zustand (4 St\u00fcck mit altersbedingtem Abrieb) Bestehend aus: [&hellip;]<\/p>\n","protected":false},"featured_media":36432,"comment_status":"open","ping_status":"closed","template":"","meta":[],"product_brand":[],"product_cat":[276,30,249,235,236,237,160,239],"product_tag":[],"class_list":{"0":"post-36426","1":"product","2":"type-product","3":"status-publish","4":"has-post-thumbnail","6":"product_cat-alpacca","7":"product_cat-besteck","8":"product_cat-bouillonloeffel","9":"product_cat-gabeln","10":"product_cat-loeffel","11":"product_cat-messer","12":"product_cat-obst","13":"product_cat-spezialbestecke","15":"first","16":"instock","17":"sold-individually","18":"purchasable","19":"product-type-simple"},"yoast_head":"<!-- This site is optimized with the Yoast SEO Premium plugin v15.8.2 - https:\/\/yoast.com\/wordpress\/plugins\/seo\/ -->\n<title>121 teiliges Besteck &quot;Stjerne&quot; f\u00fcr 12 Personen, D\u00e4nemark, um 1940<\/title>\n<meta name=\"description\" content=\"121 teiliges Besteck &quot;Stjerne&quot; f\u00fcr 12 Personen, D\u00e4nemark, um 1940 \u2665 Antiquit\u00e4ten Online kaufen \u2713 Sichere Lieferung \u2713\" \/>\n<meta name=\"robots\" content=\"index, follow, max-snippet:-1, max-image-preview:large, max-video-preview:-1\" \/>\n<link rel=\"canonical\" href=\"https:\/\/annette-ahrens.at\/onlineshop\/produkt\/121-teiliges-besteck-stjerne-fuer-12-personen-daenemark-um-1940\/\" \/>\n<meta property=\"og:locale\" content=\"de_DE\" \/>\n<meta property=\"og:type\" content=\"article\" \/>\n<meta property=\"og:title\" content=\"121 teiliges Besteck &quot;Stjerne&quot; f\u00fcr 12 Personen, D\u00e4nemark, um 1940\" \/>\n<meta property=\"og:description\" content=\"121 teiliges Besteck &quot;Stjerne&quot; f\u00fcr 12 Personen, D\u00e4nemark, um 1940 \u2665 Antiquit\u00e4ten Online kaufen \u2713 Sichere Lieferung \u2713\" \/>\n<meta property=\"og:url\" content=\"https:\/\/annette-ahrens.at\/onlineshop\/produkt\/121-teiliges-besteck-stjerne-fuer-12-personen-daenemark-um-1940\/\" \/>\n<meta property=\"og:site_name\" content=\"Tafelkultur Onlineshop\" \/>\n<meta property=\"article:publisher\" content=\"https:\/\/www.facebook.com\/AnnetteAhrensTafelkultur\" \/>\n<meta property=\"article:modified_time\" content=\"2025-03-21T20:55:58+00:00\" \/>\n<meta property=\"og:image\" content=\"https:\/\/annette-ahrens.at\/onlineshop\/wp-content\/uploads\/2025\/03\/IMG_6152-scaled.jpeg\" \/>\n\t<meta property=\"og:image:width\" content=\"2038\" \/>\n\t<meta property=\"og:image:height\" content=\"2048\" \/>\n<meta name=\"twitter:card\" content=\"summary_large_image\" \/>\n<meta name=\"twitter:label1\" content=\"Gesch\u00e4tzte Lesezeit\">\n\t<meta name=\"twitter:data1\" content=\"1\u00a0Minute\">\n<script type=\"application\/ld+json\" class=\"yoast-schema-graph\">{\"@context\":\"https:\/\/schema.org\",\"@graph\":[{\"@type\":[\"Person\",\"Organization\"],\"@id\":\"https:\/\/annette-ahrens.at\/onlineshop\/#\/schema\/person\/3e19676faae246bba0cb3b7e15f427d8\",\"name\":\"Annette Ahrens\",\"image\":{\"@type\":\"ImageObject\",\"@id\":\"https:\/\/annette-ahrens.at\/onlineshop\/#personlogo\",\"inLanguage\":\"de\",\"url\":\"https:\/\/annette-ahrens.at\/onlineshop\/wp-content\/uploads\/2020\/04\/aa_logo_End.png\",\"width\":800,\"height\":164,\"caption\":\"Annette Ahrens\"},\"logo\":{\"@id\":\"https:\/\/annette-ahrens.at\/onlineshop\/#personlogo\"},\"sameAs\":[\"https:\/\/annette-ahrens.at\",\"https:\/\/www.facebook.com\/AnnetteAhrensTafelkultur\",\"https:\/\/www.instagram.com\/tafelkulturistin\/\",\"https:\/\/de.wikipedia.org\/wiki\/Annette_Ahrens\"]},{\"@type\":\"WebSite\",\"@id\":\"https:\/\/annette-ahrens.at\/onlineshop\/#website\",\"url\":\"https:\/\/annette-ahrens.at\/onlineshop\/\",\"name\":\"Tafelkultur Onlineshop\",\"description\":\"Annette Ahrens\",\"publisher\":{\"@id\":\"https:\/\/annette-ahrens.at\/onlineshop\/#\/schema\/person\/3e19676faae246bba0cb3b7e15f427d8\"},\"potentialAction\":[{\"@type\":\"SearchAction\",\"target\":\"https:\/\/annette-ahrens.at\/onlineshop\/?s={search_term_string}\",\"query-input\":\"required name=search_term_string\"}],\"inLanguage\":\"de\"},{\"@type\":\"ImageObject\",\"@id\":\"https:\/\/annette-ahrens.at\/onlineshop\/produkt\/121-teiliges-besteck-stjerne-fuer-12-personen-daenemark-um-1940\/#primaryimage\",\"inLanguage\":\"de\",\"url\":\"https:\/\/annette-ahrens.at\/onlineshop\/wp-content\/uploads\/2025\/03\/IMG_6152-scaled.jpeg\",\"width\":2038,\"height\":2048,\"caption\":\"besteck_sternje\"},{\"@type\":[\"WebPage\",\"ItemPage\"],\"@id\":\"https:\/\/annette-ahrens.at\/onlineshop\/produkt\/121-teiliges-besteck-stjerne-fuer-12-personen-daenemark-um-1940\/#webpage\",\"url\":\"https:\/\/annette-ahrens.at\/onlineshop\/produkt\/121-teiliges-besteck-stjerne-fuer-12-personen-daenemark-um-1940\/\",\"name\":\"121 teiliges Besteck \\\"Stjerne\\\" f\\u00fcr 12 Personen, D\\u00e4nemark, um 1940\",\"isPartOf\":{\"@id\":\"https:\/\/annette-ahrens.at\/onlineshop\/#website\"},\"primaryImageOfPage\":{\"@id\":\"https:\/\/annette-ahrens.at\/onlineshop\/produkt\/121-teiliges-besteck-stjerne-fuer-12-personen-daenemark-um-1940\/#primaryimage\"},\"datePublished\":\"2025-03-20T06:11:55+00:00\",\"dateModified\":\"2025-03-21T20:55:58+00:00\",\"description\":\"121 teiliges Besteck \\\"Stjerne\\\" f\\u00fcr 12 Personen, D\\u00e4nemark, um 1940 \\u2665 Antiquit\\u00e4ten Online kaufen \\u2713 Sichere Lieferung \\u2713\",\"breadcrumb\":{\"@id\":\"https:\/\/annette-ahrens.at\/onlineshop\/produkt\/121-teiliges-besteck-stjerne-fuer-12-personen-daenemark-um-1940\/#breadcrumb\"},\"inLanguage\":\"de\",\"potentialAction\":[{\"@type\":\"ReadAction\",\"target\":[\"https:\/\/annette-ahrens.at\/onlineshop\/produkt\/121-teiliges-besteck-stjerne-fuer-12-personen-daenemark-um-1940\/\"]}]},{\"@type\":\"BreadcrumbList\",\"@id\":\"https:\/\/annette-ahrens.at\/onlineshop\/produkt\/121-teiliges-besteck-stjerne-fuer-12-personen-daenemark-um-1940\/#breadcrumb\",\"itemListElement\":[{\"@type\":\"ListItem\",\"position\":1,\"item\":{\"@type\":\"WebPage\",\"@id\":\"https:\/\/annette-ahrens.at\/onlineshop\/\",\"url\":\"https:\/\/annette-ahrens.at\/onlineshop\/\",\"name\":\"Home\"}},{\"@type\":\"ListItem\",\"position\":2,\"item\":{\"@type\":\"WebPage\",\"@id\":\"https:\/\/annette-ahrens.at\/onlineshop\/alle-tafelkultur-objekte\/\",\"url\":\"https:\/\/annette-ahrens.at\/onlineshop\/alle-tafelkultur-objekte\/\",\"name\":\"Alle Tafelkultur Objekte\"}},{\"@type\":\"ListItem\",\"position\":3,\"item\":{\"@type\":\"WebPage\",\"@id\":\"https:\/\/annette-ahrens.at\/onlineshop\/produkt\/121-teiliges-besteck-stjerne-fuer-12-personen-daenemark-um-1940\/\",\"url\":\"https:\/\/annette-ahrens.at\/onlineshop\/produkt\/121-teiliges-besteck-stjerne-fuer-12-personen-daenemark-um-1940\/\",\"name\":\"121 teiliges Besteck &#8220;Stjerne&#8221; f\\u00fcr 12 Personen, D\\u00e4nemark, um 1940\"}}]}]}<\/script>\n<!-- \/ Yoast SEO Premium plugin. -->","_links":{"self":[{"href":"https:\/\/annette-ahrens.at\/onlineshop\/wp-json\/wp\/v2\/product\/36426","targetHints":{"allow":["GET"]}}],"collection":[{"href":"https:\/\/annette-ahrens.at\/onlineshop\/wp-json\/wp\/v2\/product"}],"about":[{"href":"https:\/\/annette-ahrens.at\/onlineshop\/wp-json\/wp\/v2\/types\/product"}],"replies":[{"embeddable":true,"href":"https:\/\/annette-ahrens.at\/onlineshop\/wp-json\/wp\/v2\/comments?post=36426"}],"wp:featuredmedia":[{"embeddable":true,"href":"https:\/\/annette-ahrens.at\/onlineshop\/wp-json\/wp\/v2\/media\/36432"}],"wp:attachment":[{"href":"https:\/\/annette-ahrens.at\/onlineshop\/wp-json\/wp\/v2\/media?parent=36426"}],"wp:term":[{"taxonomy":"product_brand","embeddable":true,"href":"https:\/\/annette-ahrens.at\/onlineshop\/wp-json\/wp\/v2\/product_brand?post=36426"},{"taxonomy":"product_cat","embeddable":true,"href":"https:\/\/annette-ahrens.at\/onlineshop\/wp-json\/wp\/v2\/product_cat?post=36426"},{"taxonomy":"product_tag","embeddable":true,"href":"https:\/\/annette-ahrens.at\/onlineshop\/wp-json\/wp\/v2\/product_tag?post=36426"}],"curies":[{"name":"wp","href":"https:\/\/api.w.org\/{rel}","templated":true}]}}