{"id":36428,"date":"2025-03-18T20:23:04","date_gmt":"2025-03-18T19:23:04","guid":{"rendered":"https:\/\/annette-ahrens.at\/onlineshop\/?post_type=product&#038;p=36428"},"modified":"2025-03-18T22:33:29","modified_gmt":"2025-03-18T21:33:29","slug":"120-teiliges-besteck-regent-fuer-12-personen-fa-victoria-daenemark-um-1950","status":"publish","type":"product","link":"https:\/\/annette-ahrens.at\/onlineshop\/produkt\/120-teiliges-besteck-regent-fuer-12-personen-fa-victoria-daenemark-um-1950\/","title":{"rendered":"106 teiliges Besteck &#8222;Regent&#8220; f\u00fcr 12 Personen, Fa. Victoria, D\u00e4nemark, um 1950"},"content":{"rendered":"<p>106 teiliges Besteck &#8222;Regent&#8220; f\u00fcr 12 Personen<\/p>\n<p>Fa. Victoria Silverware, D\u00e4nemark, um 1950<\/p>\n<p>Alpacca, stark versilbert, insgesamt 106 Teile, alle Teile gemarkt mit Firmenmarke VICTORIA und 30, Hohlhefte, Messer mit rostfreien Klingen, tadelloser Erhaltungszustand<\/p>\n<p>Bestehend aus 96 Teilen:<\/p>\n<p>12 Suppenl\u00f6ffel L 19,5 cm<\/p>\n<p>12 Dessertl\u00f6ffel L 17,2 cm<\/p>\n<p>12 Kaffeel\u00f6ffel L 11,2 cm<\/p>\n<p>12 Menugabeln L 19,5 cm<\/p>\n<p>12 Menumesser L 20,5 cm<\/p>\n<p>12 Vorspeisgabeln L 17 cm<\/p>\n<p>12 Vorspeismesser (fehlen)<\/p>\n<p>12 Kuchengabeln L 13,8 cm<\/p>\n<p>12 Aufschnittgabeln L 14 cm<\/p>\n<p>sowie 10 Vorlegern (siehe Foto)<\/p>\n","protected":false},"excerpt":{"rendered":"<p>106 teiliges Besteck &#8222;Regent&#8220; f\u00fcr 12 Personen Fa. Victoria Silverware, D\u00e4nemark, um 1950 Alpacca, stark versilbert, insgesamt 106 Teile, alle Teile gemarkt mit Firmenmarke VICTORIA und 30, Hohlhefte, Messer mit rostfreien Klingen, tadelloser Erhaltungszustand Bestehend aus 96 Teilen: 12 Suppenl\u00f6ffel L 19,5 cm 12 Dessertl\u00f6ffel L 17,2 cm 12 Kaffeel\u00f6ffel L 11,2 cm 12 Menugabeln [&hellip;]<\/p>\n","protected":false},"featured_media":36429,"comment_status":"open","ping_status":"closed","template":"","meta":[],"product_brand":[],"product_cat":[276,30,249,235,236,237,160,239],"product_tag":[],"class_list":{"0":"post-36428","1":"product","2":"type-product","3":"status-publish","4":"has-post-thumbnail","6":"product_cat-alpacca","7":"product_cat-besteck","8":"product_cat-bouillonloeffel","9":"product_cat-gabeln","10":"product_cat-loeffel","11":"product_cat-messer","12":"product_cat-obst","13":"product_cat-spezialbestecke","15":"first","16":"instock","17":"sold-individually","18":"purchasable","19":"product-type-simple"},"yoast_head":"<!-- This site is optimized with the Yoast SEO Premium plugin v15.8.2 - https:\/\/yoast.com\/wordpress\/plugins\/seo\/ -->\n<title>106 teiliges Besteck &quot;Regent&quot; f\u00fcr 12 Personen, Fa. Victoria, D\u00e4nemark, um 1950<\/title>\n<meta name=\"description\" content=\"106 teiliges Besteck &quot;Regent&quot; f\u00fcr 12 Personen, Fa. Victoria, D\u00e4nemark, um 1950 \u2665 Antiquit\u00e4ten Online kaufen \u2713 Sichere Lieferung \u2713\" \/>\n<meta name=\"robots\" content=\"index, follow, max-snippet:-1, max-image-preview:large, max-video-preview:-1\" \/>\n<link rel=\"canonical\" href=\"https:\/\/annette-ahrens.at\/onlineshop\/produkt\/120-teiliges-besteck-regent-fuer-12-personen-fa-victoria-daenemark-um-1950\/\" \/>\n<meta property=\"og:locale\" content=\"de_DE\" \/>\n<meta property=\"og:type\" content=\"article\" \/>\n<meta property=\"og:title\" content=\"106 teiliges Besteck &quot;Regent&quot; f\u00fcr 12 Personen, Fa. Victoria, D\u00e4nemark, um 1950\" \/>\n<meta property=\"og:description\" content=\"106 teiliges Besteck &quot;Regent&quot; f\u00fcr 12 Personen, Fa. Victoria, D\u00e4nemark, um 1950 \u2665 Antiquit\u00e4ten Online kaufen \u2713 Sichere Lieferung \u2713\" \/>\n<meta property=\"og:url\" content=\"https:\/\/annette-ahrens.at\/onlineshop\/produkt\/120-teiliges-besteck-regent-fuer-12-personen-fa-victoria-daenemark-um-1950\/\" \/>\n<meta property=\"og:site_name\" content=\"Tafelkultur Onlineshop\" \/>\n<meta property=\"article:publisher\" content=\"https:\/\/www.facebook.com\/AnnetteAhrensTafelkultur\" \/>\n<meta property=\"article:modified_time\" content=\"2025-03-18T21:33:29+00:00\" \/>\n<meta property=\"og:image\" content=\"https:\/\/annette-ahrens.at\/onlineshop\/wp-content\/uploads\/2025\/03\/IMG_6148-scaled.jpeg\" \/>\n\t<meta property=\"og:image:width\" content=\"1536\" \/>\n\t<meta property=\"og:image:height\" content=\"2048\" \/>\n<meta name=\"twitter:card\" content=\"summary_large_image\" \/>\n<meta name=\"twitter:label1\" content=\"Gesch\u00e4tzte Lesezeit\">\n\t<meta name=\"twitter:data1\" content=\"1\u00a0Minute\">\n<script type=\"application\/ld+json\" class=\"yoast-schema-graph\">{\"@context\":\"https:\/\/schema.org\",\"@graph\":[{\"@type\":[\"Person\",\"Organization\"],\"@id\":\"https:\/\/annette-ahrens.at\/onlineshop\/#\/schema\/person\/3e19676faae246bba0cb3b7e15f427d8\",\"name\":\"Annette Ahrens\",\"image\":{\"@type\":\"ImageObject\",\"@id\":\"https:\/\/annette-ahrens.at\/onlineshop\/#personlogo\",\"inLanguage\":\"de\",\"url\":\"https:\/\/annette-ahrens.at\/onlineshop\/wp-content\/uploads\/2020\/04\/aa_logo_End.png\",\"width\":800,\"height\":164,\"caption\":\"Annette Ahrens\"},\"logo\":{\"@id\":\"https:\/\/annette-ahrens.at\/onlineshop\/#personlogo\"},\"sameAs\":[\"https:\/\/annette-ahrens.at\",\"https:\/\/www.facebook.com\/AnnetteAhrensTafelkultur\",\"https:\/\/www.instagram.com\/tafelkulturistin\/\",\"https:\/\/de.wikipedia.org\/wiki\/Annette_Ahrens\"]},{\"@type\":\"WebSite\",\"@id\":\"https:\/\/annette-ahrens.at\/onlineshop\/#website\",\"url\":\"https:\/\/annette-ahrens.at\/onlineshop\/\",\"name\":\"Tafelkultur Onlineshop\",\"description\":\"Annette Ahrens\",\"publisher\":{\"@id\":\"https:\/\/annette-ahrens.at\/onlineshop\/#\/schema\/person\/3e19676faae246bba0cb3b7e15f427d8\"},\"potentialAction\":[{\"@type\":\"SearchAction\",\"target\":\"https:\/\/annette-ahrens.at\/onlineshop\/?s={search_term_string}\",\"query-input\":\"required name=search_term_string\"}],\"inLanguage\":\"de\"},{\"@type\":\"ImageObject\",\"@id\":\"https:\/\/annette-ahrens.at\/onlineshop\/produkt\/120-teiliges-besteck-regent-fuer-12-personen-fa-victoria-daenemark-um-1950\/#primaryimage\",\"inLanguage\":\"de\",\"url\":\"https:\/\/annette-ahrens.at\/onlineshop\/wp-content\/uploads\/2025\/03\/IMG_6148-scaled.jpeg\",\"width\":1536,\"height\":2048,\"caption\":\"besteck_victoria_regent\"},{\"@type\":[\"WebPage\",\"ItemPage\"],\"@id\":\"https:\/\/annette-ahrens.at\/onlineshop\/produkt\/120-teiliges-besteck-regent-fuer-12-personen-fa-victoria-daenemark-um-1950\/#webpage\",\"url\":\"https:\/\/annette-ahrens.at\/onlineshop\/produkt\/120-teiliges-besteck-regent-fuer-12-personen-fa-victoria-daenemark-um-1950\/\",\"name\":\"106 teiliges Besteck \\\"Regent\\\" f\\u00fcr 12 Personen, Fa. Victoria, D\\u00e4nemark, um 1950\",\"isPartOf\":{\"@id\":\"https:\/\/annette-ahrens.at\/onlineshop\/#website\"},\"primaryImageOfPage\":{\"@id\":\"https:\/\/annette-ahrens.at\/onlineshop\/produkt\/120-teiliges-besteck-regent-fuer-12-personen-fa-victoria-daenemark-um-1950\/#primaryimage\"},\"datePublished\":\"2025-03-18T19:23:04+00:00\",\"dateModified\":\"2025-03-18T21:33:29+00:00\",\"description\":\"106 teiliges Besteck \\\"Regent\\\" f\\u00fcr 12 Personen, Fa. Victoria, D\\u00e4nemark, um 1950 \\u2665 Antiquit\\u00e4ten Online kaufen \\u2713 Sichere Lieferung \\u2713\",\"breadcrumb\":{\"@id\":\"https:\/\/annette-ahrens.at\/onlineshop\/produkt\/120-teiliges-besteck-regent-fuer-12-personen-fa-victoria-daenemark-um-1950\/#breadcrumb\"},\"inLanguage\":\"de\",\"potentialAction\":[{\"@type\":\"ReadAction\",\"target\":[\"https:\/\/annette-ahrens.at\/onlineshop\/produkt\/120-teiliges-besteck-regent-fuer-12-personen-fa-victoria-daenemark-um-1950\/\"]}]},{\"@type\":\"BreadcrumbList\",\"@id\":\"https:\/\/annette-ahrens.at\/onlineshop\/produkt\/120-teiliges-besteck-regent-fuer-12-personen-fa-victoria-daenemark-um-1950\/#breadcrumb\",\"itemListElement\":[{\"@type\":\"ListItem\",\"position\":1,\"item\":{\"@type\":\"WebPage\",\"@id\":\"https:\/\/annette-ahrens.at\/onlineshop\/\",\"url\":\"https:\/\/annette-ahrens.at\/onlineshop\/\",\"name\":\"Home\"}},{\"@type\":\"ListItem\",\"position\":2,\"item\":{\"@type\":\"WebPage\",\"@id\":\"https:\/\/annette-ahrens.at\/onlineshop\/alle-tafelkultur-objekte\/\",\"url\":\"https:\/\/annette-ahrens.at\/onlineshop\/alle-tafelkultur-objekte\/\",\"name\":\"Alle Tafelkultur Objekte\"}},{\"@type\":\"ListItem\",\"position\":3,\"item\":{\"@type\":\"WebPage\",\"@id\":\"https:\/\/annette-ahrens.at\/onlineshop\/produkt\/120-teiliges-besteck-regent-fuer-12-personen-fa-victoria-daenemark-um-1950\/\",\"url\":\"https:\/\/annette-ahrens.at\/onlineshop\/produkt\/120-teiliges-besteck-regent-fuer-12-personen-fa-victoria-daenemark-um-1950\/\",\"name\":\"106 teiliges Besteck &#8220;Regent&#8221; f\\u00fcr 12 Personen, Fa. Victoria, D\\u00e4nemark, um 1950\"}}]}]}<\/script>\n<!-- \/ Yoast SEO Premium plugin. -->","_links":{"self":[{"href":"https:\/\/annette-ahrens.at\/onlineshop\/wp-json\/wp\/v2\/product\/36428","targetHints":{"allow":["GET"]}}],"collection":[{"href":"https:\/\/annette-ahrens.at\/onlineshop\/wp-json\/wp\/v2\/product"}],"about":[{"href":"https:\/\/annette-ahrens.at\/onlineshop\/wp-json\/wp\/v2\/types\/product"}],"replies":[{"embeddable":true,"href":"https:\/\/annette-ahrens.at\/onlineshop\/wp-json\/wp\/v2\/comments?post=36428"}],"wp:featuredmedia":[{"embeddable":true,"href":"https:\/\/annette-ahrens.at\/onlineshop\/wp-json\/wp\/v2\/media\/36429"}],"wp:attachment":[{"href":"https:\/\/annette-ahrens.at\/onlineshop\/wp-json\/wp\/v2\/media?parent=36428"}],"wp:term":[{"taxonomy":"product_brand","embeddable":true,"href":"https:\/\/annette-ahrens.at\/onlineshop\/wp-json\/wp\/v2\/product_brand?post=36428"},{"taxonomy":"product_cat","embeddable":true,"href":"https:\/\/annette-ahrens.at\/onlineshop\/wp-json\/wp\/v2\/product_cat?post=36428"},{"taxonomy":"product_tag","embeddable":true,"href":"https:\/\/annette-ahrens.at\/onlineshop\/wp-json\/wp\/v2\/product_tag?post=36428"}],"curies":[{"name":"wp","href":"https:\/\/api.w.org\/{rel}","templated":true}]}}