{"id":36440,"date":"2025-03-20T06:58:01","date_gmt":"2025-03-20T05:58:01","guid":{"rendered":"https:\/\/annette-ahrens.at\/onlineshop\/?post_type=product&#038;p=36440"},"modified":"2025-03-19T23:40:39","modified_gmt":"2025-03-19T22:40:39","slug":"biedermeier-tasse-mit-stephansdom-kaiserliche-porzellanmanufaktur-wien-um-1830","status":"publish","type":"product","link":"https:\/\/annette-ahrens.at\/onlineshop\/produkt\/biedermeier-tasse-mit-stephansdom-kaiserliche-porzellanmanufaktur-wien-um-1830\/","title":{"rendered":"Biedermeier Tasse mit Stephansdom, Kaiserliche Porzellanmanufaktur, Wien, um 1830"},"content":{"rendered":"<p>Prachtvolle Biedermeier Tasse und Untertasse mit Stephansdom<\/p>\n<p>Kaiserliche Porzellanmanufaktur, Wien, um 1830<\/p>\n<p>Porzellan, glasiert, vergoldeter Fond, frontseitige Vedute des Stephansdoms, hochgezogener, vergoldeter Schneckenhenkel mit Palmettenansatz, Tasse auf der Unterseite in schwarzer Schreibschrift bezeichnet: &#8222;La cath\u00e9drale de St. Etienne, \u00e0 Vienne&#8220;, zugeh\u00f6rige Untertasse mit korrespondierendem Dekor, beide Teile mit eingepresstem Bindenschild, Tasse: Jahreszahl (1)830, Weissdrehernummer 12, Malernummer, Goldmalernummer 61. in Gold; Untertasse: Jahreszahl (1)830, Weissdreher, Malernummer<\/p>\n<p>H 9 cm<\/p>\n<p>Dm 15,5 cm (Unterteller)<\/p>\n<p>Vergleiche: Waltraud Neuwirth: Wiener Porzellan, Formen und Dekore des Biedermeier, Tafel-, Kaffee- und Teegeschirre, Wien 2012<\/p>\n","protected":false},"excerpt":{"rendered":"<p>Prachtvolle Biedermeier Tasse und Untertasse mit Stephansdom Kaiserliche Porzellanmanufaktur, Wien, um 1830 Porzellan, glasiert, vergoldeter Fond, frontseitige Vedute des Stephansdoms, hochgezogener, vergoldeter Schneckenhenkel mit Palmettenansatz, Tasse auf der Unterseite in schwarzer Schreibschrift bezeichnet: &#8222;La cath\u00e9drale de St. Etienne, \u00e0 Vienne&#8220;, zugeh\u00f6rige Untertasse mit korrespondierendem Dekor, beide Teile mit eingepresstem Bindenschild, Tasse: Jahreszahl (1)830, Weissdrehernummer 12, [&hellip;]<\/p>\n","protected":false},"featured_media":35824,"comment_status":"open","ping_status":"closed","template":"","meta":[],"product_brand":[],"product_cat":[25,18,37,274,26],"product_tag":[],"class_list":{"0":"post-36440","1":"product","2":"type-product","3":"status-publish","4":"has-post-thumbnail","6":"product_cat-5o-clock-tea","7":"product_cat-fruehstueck","8":"product_cat-kaffee","9":"product_cat-porzellan-fachbuecher","10":"product_cat-wiener-melange","12":"first","13":"instock","14":"sold-individually","15":"purchasable","16":"product-type-simple"},"yoast_head":"<!-- This site is optimized with the Yoast SEO Premium plugin v15.8.2 - https:\/\/yoast.com\/wordpress\/plugins\/seo\/ -->\n<title>Biedermeier Tasse mit Stephansdom, Kaiserliche Porzellanmanufaktur, Wien, um 1830<\/title>\n<meta name=\"description\" content=\"Biedermeier Tasse mit Stephansdom, Kaiserliche Porzellanmanufaktur, Wien, um 1830 \u2665 Antiquit\u00e4ten Online kaufen \u2713 Sichere Lieferung \u2713\" \/>\n<meta name=\"robots\" content=\"index, follow, max-snippet:-1, max-image-preview:large, max-video-preview:-1\" \/>\n<link rel=\"canonical\" href=\"https:\/\/annette-ahrens.at\/onlineshop\/produkt\/biedermeier-tasse-mit-stephansdom-kaiserliche-porzellanmanufaktur-wien-um-1830\/\" \/>\n<meta property=\"og:locale\" content=\"de_DE\" \/>\n<meta property=\"og:type\" content=\"article\" \/>\n<meta property=\"og:title\" content=\"Biedermeier Tasse mit Stephansdom, Kaiserliche Porzellanmanufaktur, Wien, um 1830\" \/>\n<meta property=\"og:description\" content=\"Biedermeier Tasse mit Stephansdom, Kaiserliche Porzellanmanufaktur, Wien, um 1830 \u2665 Antiquit\u00e4ten Online kaufen \u2713 Sichere Lieferung \u2713\" \/>\n<meta property=\"og:url\" content=\"https:\/\/annette-ahrens.at\/onlineshop\/produkt\/biedermeier-tasse-mit-stephansdom-kaiserliche-porzellanmanufaktur-wien-um-1830\/\" \/>\n<meta property=\"og:site_name\" content=\"Tafelkultur Onlineshop\" \/>\n<meta property=\"article:publisher\" content=\"https:\/\/www.facebook.com\/AnnetteAhrensTafelkultur\" \/>\n<meta property=\"article:modified_time\" content=\"2025-03-19T22:40:39+00:00\" \/>\n<meta property=\"og:image\" content=\"https:\/\/annette-ahrens.at\/onlineshop\/wp-content\/uploads\/2025\/03\/IMG_5523-scaled.jpeg\" \/>\n\t<meta property=\"og:image:width\" content=\"1920\" \/>\n\t<meta property=\"og:image:height\" content=\"2560\" \/>\n<meta name=\"twitter:card\" content=\"summary_large_image\" \/>\n<meta name=\"twitter:label1\" content=\"Gesch\u00e4tzte Lesezeit\">\n\t<meta name=\"twitter:data1\" content=\"1\u00a0Minute\">\n<script type=\"application\/ld+json\" class=\"yoast-schema-graph\">{\"@context\":\"https:\/\/schema.org\",\"@graph\":[{\"@type\":[\"Person\",\"Organization\"],\"@id\":\"https:\/\/annette-ahrens.at\/onlineshop\/#\/schema\/person\/3e19676faae246bba0cb3b7e15f427d8\",\"name\":\"Annette Ahrens\",\"image\":{\"@type\":\"ImageObject\",\"@id\":\"https:\/\/annette-ahrens.at\/onlineshop\/#personlogo\",\"inLanguage\":\"de\",\"url\":\"https:\/\/annette-ahrens.at\/onlineshop\/wp-content\/uploads\/2020\/04\/aa_logo_End.png\",\"width\":800,\"height\":164,\"caption\":\"Annette Ahrens\"},\"logo\":{\"@id\":\"https:\/\/annette-ahrens.at\/onlineshop\/#personlogo\"},\"sameAs\":[\"https:\/\/annette-ahrens.at\",\"https:\/\/www.facebook.com\/AnnetteAhrensTafelkultur\",\"https:\/\/www.instagram.com\/tafelkulturistin\/\",\"https:\/\/de.wikipedia.org\/wiki\/Annette_Ahrens\"]},{\"@type\":\"WebSite\",\"@id\":\"https:\/\/annette-ahrens.at\/onlineshop\/#website\",\"url\":\"https:\/\/annette-ahrens.at\/onlineshop\/\",\"name\":\"Tafelkultur Onlineshop\",\"description\":\"Annette Ahrens\",\"publisher\":{\"@id\":\"https:\/\/annette-ahrens.at\/onlineshop\/#\/schema\/person\/3e19676faae246bba0cb3b7e15f427d8\"},\"potentialAction\":[{\"@type\":\"SearchAction\",\"target\":\"https:\/\/annette-ahrens.at\/onlineshop\/?s={search_term_string}\",\"query-input\":\"required name=search_term_string\"}],\"inLanguage\":\"de\"},{\"@type\":\"ImageObject\",\"@id\":\"https:\/\/annette-ahrens.at\/onlineshop\/produkt\/biedermeier-tasse-mit-stephansdom-kaiserliche-porzellanmanufaktur-wien-um-1830\/#primaryimage\",\"inLanguage\":\"de\",\"url\":\"https:\/\/annette-ahrens.at\/onlineshop\/wp-content\/uploads\/2025\/03\/IMG_5523-scaled.jpeg\",\"width\":1920,\"height\":2560},{\"@type\":[\"WebPage\",\"ItemPage\"],\"@id\":\"https:\/\/annette-ahrens.at\/onlineshop\/produkt\/biedermeier-tasse-mit-stephansdom-kaiserliche-porzellanmanufaktur-wien-um-1830\/#webpage\",\"url\":\"https:\/\/annette-ahrens.at\/onlineshop\/produkt\/biedermeier-tasse-mit-stephansdom-kaiserliche-porzellanmanufaktur-wien-um-1830\/\",\"name\":\"Biedermeier Tasse mit Stephansdom, Kaiserliche Porzellanmanufaktur, Wien, um 1830\",\"isPartOf\":{\"@id\":\"https:\/\/annette-ahrens.at\/onlineshop\/#website\"},\"primaryImageOfPage\":{\"@id\":\"https:\/\/annette-ahrens.at\/onlineshop\/produkt\/biedermeier-tasse-mit-stephansdom-kaiserliche-porzellanmanufaktur-wien-um-1830\/#primaryimage\"},\"datePublished\":\"2025-03-20T05:58:01+00:00\",\"dateModified\":\"2025-03-19T22:40:39+00:00\",\"description\":\"Biedermeier Tasse mit Stephansdom, Kaiserliche Porzellanmanufaktur, Wien, um 1830 \\u2665 Antiquit\\u00e4ten Online kaufen \\u2713 Sichere Lieferung \\u2713\",\"breadcrumb\":{\"@id\":\"https:\/\/annette-ahrens.at\/onlineshop\/produkt\/biedermeier-tasse-mit-stephansdom-kaiserliche-porzellanmanufaktur-wien-um-1830\/#breadcrumb\"},\"inLanguage\":\"de\",\"potentialAction\":[{\"@type\":\"ReadAction\",\"target\":[\"https:\/\/annette-ahrens.at\/onlineshop\/produkt\/biedermeier-tasse-mit-stephansdom-kaiserliche-porzellanmanufaktur-wien-um-1830\/\"]}]},{\"@type\":\"BreadcrumbList\",\"@id\":\"https:\/\/annette-ahrens.at\/onlineshop\/produkt\/biedermeier-tasse-mit-stephansdom-kaiserliche-porzellanmanufaktur-wien-um-1830\/#breadcrumb\",\"itemListElement\":[{\"@type\":\"ListItem\",\"position\":1,\"item\":{\"@type\":\"WebPage\",\"@id\":\"https:\/\/annette-ahrens.at\/onlineshop\/\",\"url\":\"https:\/\/annette-ahrens.at\/onlineshop\/\",\"name\":\"Home\"}},{\"@type\":\"ListItem\",\"position\":2,\"item\":{\"@type\":\"WebPage\",\"@id\":\"https:\/\/annette-ahrens.at\/onlineshop\/alle-tafelkultur-objekte\/\",\"url\":\"https:\/\/annette-ahrens.at\/onlineshop\/alle-tafelkultur-objekte\/\",\"name\":\"Alle Tafelkultur Objekte\"}},{\"@type\":\"ListItem\",\"position\":3,\"item\":{\"@type\":\"WebPage\",\"@id\":\"https:\/\/annette-ahrens.at\/onlineshop\/produkt\/biedermeier-tasse-mit-stephansdom-kaiserliche-porzellanmanufaktur-wien-um-1830\/\",\"url\":\"https:\/\/annette-ahrens.at\/onlineshop\/produkt\/biedermeier-tasse-mit-stephansdom-kaiserliche-porzellanmanufaktur-wien-um-1830\/\",\"name\":\"Biedermeier Tasse mit Stephansdom, Kaiserliche Porzellanmanufaktur, Wien, um 1830\"}}]}]}<\/script>\n<!-- \/ Yoast SEO Premium plugin. -->","_links":{"self":[{"href":"https:\/\/annette-ahrens.at\/onlineshop\/wp-json\/wp\/v2\/product\/36440","targetHints":{"allow":["GET"]}}],"collection":[{"href":"https:\/\/annette-ahrens.at\/onlineshop\/wp-json\/wp\/v2\/product"}],"about":[{"href":"https:\/\/annette-ahrens.at\/onlineshop\/wp-json\/wp\/v2\/types\/product"}],"replies":[{"embeddable":true,"href":"https:\/\/annette-ahrens.at\/onlineshop\/wp-json\/wp\/v2\/comments?post=36440"}],"wp:featuredmedia":[{"embeddable":true,"href":"https:\/\/annette-ahrens.at\/onlineshop\/wp-json\/wp\/v2\/media\/35824"}],"wp:attachment":[{"href":"https:\/\/annette-ahrens.at\/onlineshop\/wp-json\/wp\/v2\/media?parent=36440"}],"wp:term":[{"taxonomy":"product_brand","embeddable":true,"href":"https:\/\/annette-ahrens.at\/onlineshop\/wp-json\/wp\/v2\/product_brand?post=36440"},{"taxonomy":"product_cat","embeddable":true,"href":"https:\/\/annette-ahrens.at\/onlineshop\/wp-json\/wp\/v2\/product_cat?post=36440"},{"taxonomy":"product_tag","embeddable":true,"href":"https:\/\/annette-ahrens.at\/onlineshop\/wp-json\/wp\/v2\/product_tag?post=36440"}],"curies":[{"name":"wp","href":"https:\/\/api.w.org\/{rel}","templated":true}]}}