{"id":36441,"date":"2025-06-17T23:34:47","date_gmt":"2025-06-17T21:34:47","guid":{"rendered":"https:\/\/annette-ahrens.at\/onlineshop\/?post_type=product&#038;p=36441"},"modified":"2025-12-15T18:24:12","modified_gmt":"2025-12-15T17:24:12","slug":"kobaltblaue-sorgenthal-tasse-kaiserliche-porzellanmanufaktur-wien-1802","status":"publish","type":"product","link":"https:\/\/annette-ahrens.at\/onlineshop\/produkt\/kobaltblaue-sorgenthal-tasse-kaiserliche-porzellanmanufaktur-wien-1802\/","title":{"rendered":"Kobaltblaue Sorgenthal-Tasse, Kaiserliche Porzellanmanufaktur Wien, 1803"},"content":{"rendered":"<p>Kobaltblaue Sorgenthal-Tasse mit Untertasse<\/p>\n<p>Kaiserliche Porzellanmanufaktur Wien, 1803<\/p>\n<p>Porzellan, kobaltblauer Fond mit strahlenf\u00f6rmig angeordneten Golddekor, zentrale Rosette, \u00a0Tasse mit korrespondierendem Dekor, vergoldeter Mundrand und kantiger Henkel, beide Teile mit unterglasurblauem Bindenschild, Jahreszahl (1)802 und (1)803, Weissdrehernummer 39, tadelloser Erhaltungszustand<\/p>\n<p>H 5,8 cm, Dm 5,8 cm (Tasse)<\/p>\n<p>Dm 13,5 cm (Unterteller)<\/p>\n","protected":false},"excerpt":{"rendered":"<p>Annettes Etikette: Im Preiskurrant der Wiener Porzellanmanufaktur von 1827 &#8211; 1829 werden diese konischen Tassen im Unterschied zur ordin\u00e4ren Form als &#8222;gleichweit&#8220; bezeichnet. Wiener Porzellane mit dem kr\u00e4ftigen Leitner-Blau sind in der Sorgenthal-\u00c4ra gerne hergestellt worden.<\/p>\n","protected":false},"featured_media":35810,"comment_status":"open","ping_status":"closed","template":"","meta":[],"product_brand":[],"product_cat":[25,27,18,37,274,26],"product_tag":[],"class_list":{"0":"post-36441","1":"product","2":"type-product","3":"status-publish","4":"has-post-thumbnail","6":"product_cat-5o-clock-tea","7":"product_cat-barware","8":"product_cat-fruehstueck","9":"product_cat-kaffee","10":"product_cat-porzellan-fachbuecher","11":"product_cat-wiener-melange","13":"first","14":"instock","15":"sold-individually","16":"purchasable","17":"product-type-simple"},"yoast_head":"<!-- This site is optimized with the Yoast SEO Premium plugin v15.8.2 - https:\/\/yoast.com\/wordpress\/plugins\/seo\/ -->\n<title>Kobaltblaue Sorgenthal-Tasse, Kaiserliche Porzellanmanufaktur Wien, 1803<\/title>\n<meta name=\"description\" content=\"Kobaltblaue Sorgenthal-Tasse, Kaiserliche Porzellanmanufaktur Wien, 1803 \u2665 Antiquit\u00e4ten Online kaufen \u2713 Sichere Lieferung \u2713\" \/>\n<meta name=\"robots\" content=\"index, follow, max-snippet:-1, max-image-preview:large, max-video-preview:-1\" \/>\n<link rel=\"canonical\" href=\"https:\/\/annette-ahrens.at\/onlineshop\/produkt\/kobaltblaue-sorgenthal-tasse-kaiserliche-porzellanmanufaktur-wien-1802\/\" \/>\n<meta property=\"og:locale\" content=\"de_DE\" \/>\n<meta property=\"og:type\" content=\"article\" \/>\n<meta property=\"og:title\" content=\"Kobaltblaue Sorgenthal-Tasse, Kaiserliche Porzellanmanufaktur Wien, 1803\" \/>\n<meta property=\"og:description\" content=\"Kobaltblaue Sorgenthal-Tasse, Kaiserliche Porzellanmanufaktur Wien, 1803 \u2665 Antiquit\u00e4ten Online kaufen \u2713 Sichere Lieferung \u2713\" \/>\n<meta property=\"og:url\" content=\"https:\/\/annette-ahrens.at\/onlineshop\/produkt\/kobaltblaue-sorgenthal-tasse-kaiserliche-porzellanmanufaktur-wien-1802\/\" \/>\n<meta property=\"og:site_name\" content=\"Tafelkultur Onlineshop\" \/>\n<meta property=\"article:publisher\" content=\"https:\/\/www.facebook.com\/AnnetteAhrensTafelkultur\" \/>\n<meta property=\"article:modified_time\" content=\"2025-12-15T17:24:12+00:00\" \/>\n<meta property=\"og:image\" content=\"https:\/\/annette-ahrens.at\/onlineshop\/wp-content\/uploads\/2025\/03\/IMG_5509-scaled.jpeg\" \/>\n\t<meta property=\"og:image:width\" content=\"2048\" \/>\n\t<meta property=\"og:image:height\" content=\"1971\" \/>\n<meta name=\"twitter:card\" content=\"summary_large_image\" \/>\n<meta name=\"twitter:label1\" content=\"Gesch\u00e4tzte Lesezeit\">\n\t<meta name=\"twitter:data1\" content=\"1\u00a0Minute\">\n<script type=\"application\/ld+json\" class=\"yoast-schema-graph\">{\"@context\":\"https:\/\/schema.org\",\"@graph\":[{\"@type\":[\"Person\",\"Organization\"],\"@id\":\"https:\/\/annette-ahrens.at\/onlineshop\/#\/schema\/person\/3e19676faae246bba0cb3b7e15f427d8\",\"name\":\"Annette Ahrens\",\"image\":{\"@type\":\"ImageObject\",\"@id\":\"https:\/\/annette-ahrens.at\/onlineshop\/#personlogo\",\"inLanguage\":\"de\",\"url\":\"https:\/\/annette-ahrens.at\/onlineshop\/wp-content\/uploads\/2020\/04\/aa_logo_End.png\",\"width\":800,\"height\":164,\"caption\":\"Annette Ahrens\"},\"logo\":{\"@id\":\"https:\/\/annette-ahrens.at\/onlineshop\/#personlogo\"},\"sameAs\":[\"https:\/\/annette-ahrens.at\",\"https:\/\/www.facebook.com\/AnnetteAhrensTafelkultur\",\"https:\/\/www.instagram.com\/tafelkulturistin\/\",\"https:\/\/de.wikipedia.org\/wiki\/Annette_Ahrens\"]},{\"@type\":\"WebSite\",\"@id\":\"https:\/\/annette-ahrens.at\/onlineshop\/#website\",\"url\":\"https:\/\/annette-ahrens.at\/onlineshop\/\",\"name\":\"Tafelkultur Onlineshop\",\"description\":\"Annette Ahrens\",\"publisher\":{\"@id\":\"https:\/\/annette-ahrens.at\/onlineshop\/#\/schema\/person\/3e19676faae246bba0cb3b7e15f427d8\"},\"potentialAction\":[{\"@type\":\"SearchAction\",\"target\":\"https:\/\/annette-ahrens.at\/onlineshop\/?s={search_term_string}\",\"query-input\":\"required name=search_term_string\"}],\"inLanguage\":\"de\"},{\"@type\":\"ImageObject\",\"@id\":\"https:\/\/annette-ahrens.at\/onlineshop\/produkt\/kobaltblaue-sorgenthal-tasse-kaiserliche-porzellanmanufaktur-wien-1802\/#primaryimage\",\"inLanguage\":\"de\",\"url\":\"https:\/\/annette-ahrens.at\/onlineshop\/wp-content\/uploads\/2025\/03\/IMG_5509-scaled.jpeg\",\"width\":2048,\"height\":1971},{\"@type\":[\"WebPage\",\"ItemPage\"],\"@id\":\"https:\/\/annette-ahrens.at\/onlineshop\/produkt\/kobaltblaue-sorgenthal-tasse-kaiserliche-porzellanmanufaktur-wien-1802\/#webpage\",\"url\":\"https:\/\/annette-ahrens.at\/onlineshop\/produkt\/kobaltblaue-sorgenthal-tasse-kaiserliche-porzellanmanufaktur-wien-1802\/\",\"name\":\"Kobaltblaue Sorgenthal-Tasse, Kaiserliche Porzellanmanufaktur Wien, 1803\",\"isPartOf\":{\"@id\":\"https:\/\/annette-ahrens.at\/onlineshop\/#website\"},\"primaryImageOfPage\":{\"@id\":\"https:\/\/annette-ahrens.at\/onlineshop\/produkt\/kobaltblaue-sorgenthal-tasse-kaiserliche-porzellanmanufaktur-wien-1802\/#primaryimage\"},\"datePublished\":\"2025-06-17T21:34:47+00:00\",\"dateModified\":\"2025-12-15T17:24:12+00:00\",\"description\":\"Kobaltblaue Sorgenthal-Tasse, Kaiserliche Porzellanmanufaktur Wien, 1803 \\u2665 Antiquit\\u00e4ten Online kaufen \\u2713 Sichere Lieferung \\u2713\",\"breadcrumb\":{\"@id\":\"https:\/\/annette-ahrens.at\/onlineshop\/produkt\/kobaltblaue-sorgenthal-tasse-kaiserliche-porzellanmanufaktur-wien-1802\/#breadcrumb\"},\"inLanguage\":\"de\",\"potentialAction\":[{\"@type\":\"ReadAction\",\"target\":[\"https:\/\/annette-ahrens.at\/onlineshop\/produkt\/kobaltblaue-sorgenthal-tasse-kaiserliche-porzellanmanufaktur-wien-1802\/\"]}]},{\"@type\":\"BreadcrumbList\",\"@id\":\"https:\/\/annette-ahrens.at\/onlineshop\/produkt\/kobaltblaue-sorgenthal-tasse-kaiserliche-porzellanmanufaktur-wien-1802\/#breadcrumb\",\"itemListElement\":[{\"@type\":\"ListItem\",\"position\":1,\"item\":{\"@type\":\"WebPage\",\"@id\":\"https:\/\/annette-ahrens.at\/onlineshop\/\",\"url\":\"https:\/\/annette-ahrens.at\/onlineshop\/\",\"name\":\"Home\"}},{\"@type\":\"ListItem\",\"position\":2,\"item\":{\"@type\":\"WebPage\",\"@id\":\"https:\/\/annette-ahrens.at\/onlineshop\/alle-tafelkultur-objekte\/\",\"url\":\"https:\/\/annette-ahrens.at\/onlineshop\/alle-tafelkultur-objekte\/\",\"name\":\"Alle Tafelkultur Objekte\"}},{\"@type\":\"ListItem\",\"position\":3,\"item\":{\"@type\":\"WebPage\",\"@id\":\"https:\/\/annette-ahrens.at\/onlineshop\/produkt\/kobaltblaue-sorgenthal-tasse-kaiserliche-porzellanmanufaktur-wien-1802\/\",\"url\":\"https:\/\/annette-ahrens.at\/onlineshop\/produkt\/kobaltblaue-sorgenthal-tasse-kaiserliche-porzellanmanufaktur-wien-1802\/\",\"name\":\"Kobaltblaue Sorgenthal-Tasse, Kaiserliche Porzellanmanufaktur Wien, 1803\"}}]}]}<\/script>\n<!-- \/ Yoast SEO Premium plugin. -->","_links":{"self":[{"href":"https:\/\/annette-ahrens.at\/onlineshop\/wp-json\/wp\/v2\/product\/36441","targetHints":{"allow":["GET"]}}],"collection":[{"href":"https:\/\/annette-ahrens.at\/onlineshop\/wp-json\/wp\/v2\/product"}],"about":[{"href":"https:\/\/annette-ahrens.at\/onlineshop\/wp-json\/wp\/v2\/types\/product"}],"replies":[{"embeddable":true,"href":"https:\/\/annette-ahrens.at\/onlineshop\/wp-json\/wp\/v2\/comments?post=36441"}],"wp:featuredmedia":[{"embeddable":true,"href":"https:\/\/annette-ahrens.at\/onlineshop\/wp-json\/wp\/v2\/media\/35810"}],"wp:attachment":[{"href":"https:\/\/annette-ahrens.at\/onlineshop\/wp-json\/wp\/v2\/media?parent=36441"}],"wp:term":[{"taxonomy":"product_brand","embeddable":true,"href":"https:\/\/annette-ahrens.at\/onlineshop\/wp-json\/wp\/v2\/product_brand?post=36441"},{"taxonomy":"product_cat","embeddable":true,"href":"https:\/\/annette-ahrens.at\/onlineshop\/wp-json\/wp\/v2\/product_cat?post=36441"},{"taxonomy":"product_tag","embeddable":true,"href":"https:\/\/annette-ahrens.at\/onlineshop\/wp-json\/wp\/v2\/product_tag?post=36441"}],"curies":[{"name":"wp","href":"https:\/\/api.w.org\/{rel}","templated":true}]}}