{"id":36487,"date":"2025-03-23T21:32:29","date_gmt":"2025-03-23T20:32:29","guid":{"rendered":"https:\/\/annette-ahrens.at\/onlineshop\/?post_type=product&#038;p=36487"},"modified":"2025-03-24T10:21:20","modified_gmt":"2025-03-24T09:21:20","slug":"marianne-denzel-versilbertes-butter-und-kaesemesser-sir-fa-berndorf-1966","status":"publish","type":"product","link":"https:\/\/annette-ahrens.at\/onlineshop\/produkt\/marianne-denzel-versilbertes-butter-und-kaesemesser-sir-fa-berndorf-1966\/","title":{"rendered":"Marianne Denzel, Versilbertes Butter- und K\u00e4semesser, &#8222;Sir&#8220;, Fa. Berndorf, 1966"},"content":{"rendered":"<p>Versilbertes Butter- und K\u00e4semesser &#8222;Sir&#8220;<\/p>\n<p>Entwurf: Marianne Denzel (Bad Schussenried 1932 &#8211; 1975 K\u00f6ln) f\u00fcr die Fa. Berndorf, \u00d6sterreich, 1966<\/p>\n<p>Alpacca, stark versilbert, mattiert, Modell 8000 genannt &#8222;SIR&#8220;, 90er Auflage, tadellose Messer mit kantigem Hohlheft und rostfreien Klingen, gemarkt runde Berndorfmarke BERNDORF AUSTRIA, \u00a012\/90, minimale Gebrauchsspuren<\/p>\n<p>L 17 cm<\/p>\n<p>Literatur: Tulga Beyerle, Karin Hirschberger: Designlandschaft \u00d6sterreich, 1900-2005, Basel 2006, Seite 146<\/p>\n","protected":false},"excerpt":{"rendered":"<p>Annettes Etikette: Die deutsche K\u00fcnstlerin Marianne Denzel zeichnet f\u00fcr moderne Entw\u00fcrfe der Berndorfer Metallwarenfabrik verantwortlich. Neben Tafelger\u00e4ten und Besteckentw\u00fcrfen, die unter dem Namen &#8222;MADAME&#8220; und wie hier &#8222;SIR&#8220; angeboten wurden, wurde ihr vernickelter Besteckentwurf sogar f\u00fcr die 1. Klasse der Austrian Airlines ausgef\u00fchrt.<\/p>\n","protected":false},"featured_media":36496,"comment_status":"open","ping_status":"closed","template":"","meta":[],"product_brand":[],"product_cat":[276,30,247,235,236,20,237,146,252,250],"product_tag":[],"class_list":{"0":"post-36487","1":"product","2":"type-product","3":"status-publish","4":"has-post-thumbnail","6":"product_cat-alpacca","7":"product_cat-besteck","8":"product_cat-fleischgabel-gabeln","9":"product_cat-gabeln","10":"product_cat-loeffel","11":"product_cat-lunchtime","12":"product_cat-messer","13":"product_cat-moccaloeffel","14":"product_cat-suppenloeffel","15":"product_cat-teeloeffel-loeffeln","17":"first","18":"instock","19":"sold-individually","20":"purchasable","21":"product-type-simple"},"yoast_head":"<!-- This site is optimized with the Yoast SEO Premium plugin v15.8.2 - https:\/\/yoast.com\/wordpress\/plugins\/seo\/ -->\n<title>Marianne Denzel, Versilbertes Butter- und K\u00e4semesser, &quot;Sir&quot;, Fa. Berndorf, 1966<\/title>\n<meta name=\"description\" content=\"Marianne Denzel, Versilbertes Butter- und K\u00e4semesser, &quot;Sir&quot;, Fa. Berndorf, 1966 \u2665 Antiquit\u00e4ten Online kaufen \u2713 Sichere Lieferung \u2713\" \/>\n<meta name=\"robots\" content=\"index, follow, max-snippet:-1, max-image-preview:large, max-video-preview:-1\" \/>\n<link rel=\"canonical\" href=\"https:\/\/annette-ahrens.at\/onlineshop\/produkt\/marianne-denzel-versilbertes-butter-und-kaesemesser-sir-fa-berndorf-1966\/\" \/>\n<meta property=\"og:locale\" content=\"de_DE\" \/>\n<meta property=\"og:type\" content=\"article\" \/>\n<meta property=\"og:title\" content=\"Marianne Denzel, Versilbertes Butter- und K\u00e4semesser, &quot;Sir&quot;, Fa. Berndorf, 1966\" \/>\n<meta property=\"og:description\" content=\"Marianne Denzel, Versilbertes Butter- und K\u00e4semesser, &quot;Sir&quot;, Fa. Berndorf, 1966 \u2665 Antiquit\u00e4ten Online kaufen \u2713 Sichere Lieferung \u2713\" \/>\n<meta property=\"og:url\" content=\"https:\/\/annette-ahrens.at\/onlineshop\/produkt\/marianne-denzel-versilbertes-butter-und-kaesemesser-sir-fa-berndorf-1966\/\" \/>\n<meta property=\"og:site_name\" content=\"Tafelkultur Onlineshop\" \/>\n<meta property=\"article:publisher\" content=\"https:\/\/www.facebook.com\/AnnetteAhrensTafelkultur\" \/>\n<meta property=\"article:modified_time\" content=\"2025-03-24T09:21:20+00:00\" \/>\n<meta property=\"og:image\" content=\"https:\/\/annette-ahrens.at\/onlineshop\/wp-content\/uploads\/2025\/03\/IMG_6232-scaled.jpeg\" \/>\n\t<meta property=\"og:image:width\" content=\"1945\" \/>\n\t<meta property=\"og:image:height\" content=\"2048\" \/>\n<meta name=\"twitter:card\" content=\"summary_large_image\" \/>\n<meta name=\"twitter:label1\" content=\"Gesch\u00e4tzte Lesezeit\">\n\t<meta name=\"twitter:data1\" content=\"1\u00a0Minute\">\n<script type=\"application\/ld+json\" class=\"yoast-schema-graph\">{\"@context\":\"https:\/\/schema.org\",\"@graph\":[{\"@type\":[\"Person\",\"Organization\"],\"@id\":\"https:\/\/annette-ahrens.at\/onlineshop\/#\/schema\/person\/3e19676faae246bba0cb3b7e15f427d8\",\"name\":\"Annette Ahrens\",\"image\":{\"@type\":\"ImageObject\",\"@id\":\"https:\/\/annette-ahrens.at\/onlineshop\/#personlogo\",\"inLanguage\":\"de\",\"url\":\"https:\/\/annette-ahrens.at\/onlineshop\/wp-content\/uploads\/2020\/04\/aa_logo_End.png\",\"width\":800,\"height\":164,\"caption\":\"Annette Ahrens\"},\"logo\":{\"@id\":\"https:\/\/annette-ahrens.at\/onlineshop\/#personlogo\"},\"sameAs\":[\"https:\/\/annette-ahrens.at\",\"https:\/\/www.facebook.com\/AnnetteAhrensTafelkultur\",\"https:\/\/www.instagram.com\/tafelkulturistin\/\",\"https:\/\/de.wikipedia.org\/wiki\/Annette_Ahrens\"]},{\"@type\":\"WebSite\",\"@id\":\"https:\/\/annette-ahrens.at\/onlineshop\/#website\",\"url\":\"https:\/\/annette-ahrens.at\/onlineshop\/\",\"name\":\"Tafelkultur Onlineshop\",\"description\":\"Annette Ahrens\",\"publisher\":{\"@id\":\"https:\/\/annette-ahrens.at\/onlineshop\/#\/schema\/person\/3e19676faae246bba0cb3b7e15f427d8\"},\"potentialAction\":[{\"@type\":\"SearchAction\",\"target\":\"https:\/\/annette-ahrens.at\/onlineshop\/?s={search_term_string}\",\"query-input\":\"required name=search_term_string\"}],\"inLanguage\":\"de\"},{\"@type\":\"ImageObject\",\"@id\":\"https:\/\/annette-ahrens.at\/onlineshop\/produkt\/marianne-denzel-versilbertes-butter-und-kaesemesser-sir-fa-berndorf-1966\/#primaryimage\",\"inLanguage\":\"de\",\"url\":\"https:\/\/annette-ahrens.at\/onlineshop\/wp-content\/uploads\/2025\/03\/IMG_6232-scaled.jpeg\",\"width\":1945,\"height\":2048,\"caption\":\"butter_k\\u00e4semesser_denzel_sir\"},{\"@type\":[\"WebPage\",\"ItemPage\"],\"@id\":\"https:\/\/annette-ahrens.at\/onlineshop\/produkt\/marianne-denzel-versilbertes-butter-und-kaesemesser-sir-fa-berndorf-1966\/#webpage\",\"url\":\"https:\/\/annette-ahrens.at\/onlineshop\/produkt\/marianne-denzel-versilbertes-butter-und-kaesemesser-sir-fa-berndorf-1966\/\",\"name\":\"Marianne Denzel, Versilbertes Butter- und K\\u00e4semesser, \\\"Sir\\\", Fa. Berndorf, 1966\",\"isPartOf\":{\"@id\":\"https:\/\/annette-ahrens.at\/onlineshop\/#website\"},\"primaryImageOfPage\":{\"@id\":\"https:\/\/annette-ahrens.at\/onlineshop\/produkt\/marianne-denzel-versilbertes-butter-und-kaesemesser-sir-fa-berndorf-1966\/#primaryimage\"},\"datePublished\":\"2025-03-23T20:32:29+00:00\",\"dateModified\":\"2025-03-24T09:21:20+00:00\",\"description\":\"Marianne Denzel, Versilbertes Butter- und K\\u00e4semesser, \\\"Sir\\\", Fa. Berndorf, 1966 \\u2665 Antiquit\\u00e4ten Online kaufen \\u2713 Sichere Lieferung \\u2713\",\"breadcrumb\":{\"@id\":\"https:\/\/annette-ahrens.at\/onlineshop\/produkt\/marianne-denzel-versilbertes-butter-und-kaesemesser-sir-fa-berndorf-1966\/#breadcrumb\"},\"inLanguage\":\"de\",\"potentialAction\":[{\"@type\":\"ReadAction\",\"target\":[\"https:\/\/annette-ahrens.at\/onlineshop\/produkt\/marianne-denzel-versilbertes-butter-und-kaesemesser-sir-fa-berndorf-1966\/\"]}]},{\"@type\":\"BreadcrumbList\",\"@id\":\"https:\/\/annette-ahrens.at\/onlineshop\/produkt\/marianne-denzel-versilbertes-butter-und-kaesemesser-sir-fa-berndorf-1966\/#breadcrumb\",\"itemListElement\":[{\"@type\":\"ListItem\",\"position\":1,\"item\":{\"@type\":\"WebPage\",\"@id\":\"https:\/\/annette-ahrens.at\/onlineshop\/\",\"url\":\"https:\/\/annette-ahrens.at\/onlineshop\/\",\"name\":\"Home\"}},{\"@type\":\"ListItem\",\"position\":2,\"item\":{\"@type\":\"WebPage\",\"@id\":\"https:\/\/annette-ahrens.at\/onlineshop\/alle-tafelkultur-objekte\/\",\"url\":\"https:\/\/annette-ahrens.at\/onlineshop\/alle-tafelkultur-objekte\/\",\"name\":\"Alle Tafelkultur Objekte\"}},{\"@type\":\"ListItem\",\"position\":3,\"item\":{\"@type\":\"WebPage\",\"@id\":\"https:\/\/annette-ahrens.at\/onlineshop\/produkt\/marianne-denzel-versilbertes-butter-und-kaesemesser-sir-fa-berndorf-1966\/\",\"url\":\"https:\/\/annette-ahrens.at\/onlineshop\/produkt\/marianne-denzel-versilbertes-butter-und-kaesemesser-sir-fa-berndorf-1966\/\",\"name\":\"Marianne Denzel, Versilbertes Butter- und K\\u00e4semesser, &#8220;Sir&#8221;, Fa. Berndorf, 1966\"}}]}]}<\/script>\n<!-- \/ Yoast SEO Premium plugin. -->","_links":{"self":[{"href":"https:\/\/annette-ahrens.at\/onlineshop\/wp-json\/wp\/v2\/product\/36487","targetHints":{"allow":["GET"]}}],"collection":[{"href":"https:\/\/annette-ahrens.at\/onlineshop\/wp-json\/wp\/v2\/product"}],"about":[{"href":"https:\/\/annette-ahrens.at\/onlineshop\/wp-json\/wp\/v2\/types\/product"}],"replies":[{"embeddable":true,"href":"https:\/\/annette-ahrens.at\/onlineshop\/wp-json\/wp\/v2\/comments?post=36487"}],"wp:featuredmedia":[{"embeddable":true,"href":"https:\/\/annette-ahrens.at\/onlineshop\/wp-json\/wp\/v2\/media\/36496"}],"wp:attachment":[{"href":"https:\/\/annette-ahrens.at\/onlineshop\/wp-json\/wp\/v2\/media?parent=36487"}],"wp:term":[{"taxonomy":"product_brand","embeddable":true,"href":"https:\/\/annette-ahrens.at\/onlineshop\/wp-json\/wp\/v2\/product_brand?post=36487"},{"taxonomy":"product_cat","embeddable":true,"href":"https:\/\/annette-ahrens.at\/onlineshop\/wp-json\/wp\/v2\/product_cat?post=36487"},{"taxonomy":"product_tag","embeddable":true,"href":"https:\/\/annette-ahrens.at\/onlineshop\/wp-json\/wp\/v2\/product_tag?post=36487"}],"curies":[{"name":"wp","href":"https:\/\/api.w.org\/{rel}","templated":true}]}}